{"id":172,"date":"2016-09-20T10:43:59","date_gmt":"2016-09-20T10:43:59","guid":{"rendered":"https:\/\/sociaisaplicadas.ufpr.br\/economia\/?page_id=172"},"modified":"2026-01-14T16:13:54","modified_gmt":"2026-01-14T16:13:54","slug":"contato_ccad","status":"publish","type":"page","link":"https:\/\/sociaisaplicadas.ufpr.br\/administracao\/contato_ccad\/","title":{"rendered":"Contato CCAD"},"content":{"rendered":"<p><img loading=\"lazy\" decoding=\"async\" class=\"alignnone size-full wp-image-5356\" src=\"https:\/\/sociaisaplicadas.ufpr.br\/administracao\/wp-content\/uploads\/sites\/4\/2021\/02\/contato.png\" alt=\"\" width=\"400\" height=\"100\" \/><img loading=\"lazy\" decoding=\"async\" class=\"alignnone size-full wp-image-5358\" src=\"https:\/\/sociaisaplicadas.ufpr.br\/administracao\/wp-content\/uploads\/sites\/4\/2021\/02\/front_contato.png\" alt=\"\" width=\"400\" height=\"100\" \/><\/p>\n<p><span style=\"font-family: arial, helvetica, sans-serif\"><span style=\"font-size: 16px\">COORDENADORA DO CURSO: <strong>PROF.\u00aa DR.\u00aa IOMARA SCANDELARI LEMOS &gt;\u00a0 E-mail: <\/strong>iomara.lemos@ufpr.br<br \/><\/span><span style=\"font-size: 16px\">VICE COORDENADOR DO CURSO: <strong>PROF. DR. JOS\u00c9 ROBERTO FREGA &gt;\u00a0 E-mail: <\/strong>jose.frega@ufpr.br<\/span><\/span><\/p>\n<p><strong><span style=\"font-family: arial, helvetica, sans-serif\">Secretaria da Coordena\u00e7\u00e3o da Gradua\u00e7\u00e3o em Administra\u00e7\u00e3o<\/span><br \/><\/strong><span style=\"font-family: arial, helvetica, sans-serif\">A secretaria da Coordena\u00e7\u00e3o \u00e9 respons\u00e1vel pelo atendimento dos estudantes do curso de gradua\u00e7\u00e3o presencial em Administra\u00e7\u00e3o.<br \/><\/span><span style=\"font-family: arial, helvetica, sans-serif\">O hor\u00e1rio de funcionamento \u00e9 de segunda a sexta das 07:30 at\u00e9 21:00h.<\/span><\/p>\n<p><span style=\"font-family: arial, helvetica, sans-serif\"><strong>Endere\u00e7o da Coordena\u00e7\u00e3o do curso<br \/><\/strong><\/span><span style=\"font-family: arial, helvetica, sans-serif\">Av. Pref. Lothario Meissner, 632 2\u00ba andar<br \/><\/span><span style=\"font-family: arial, helvetica, sans-serif\">Jardim Bot\u00e2nico<br \/><\/span><span style=\"font-family: arial, helvetica, sans-serif\">CEP: 80210-170 Curitiba PR<br \/><\/span><span style=\"font-family: arial, helvetica, sans-serif\">Fone\/FAX: +55 41 3360-4366<br \/><\/span><span style=\"font-family: arial, helvetica, sans-serif\">E-mail:\u00a0<a href=\"cursoadm@ufpr.br\">cursoadm@ufpr.br<\/a><\/span><\/p>\n<p><span style=\"font-family: arial, helvetica, sans-serif\"><strong>Servidores t\u00e9cnicos administrativos lotados na secretaria da coordena\u00e7\u00e3o da gradua\u00e7\u00e3o presencial:<\/strong><\/span><\/p>\n<ul>\n<li><span style=\"color: #000000;font-family: arial, helvetica, sans-serif\">M\u00f4nica C. Budni \u2013 hor\u00e1rio 07:30h &#8211; 13:30h<\/span><\/li>\n<li><span style=\"color: #000000;font-family: arial, helvetica, sans-serif\">Carla C. Ferreira \u2013 hor\u00e1rio 13:30h \u2013 19:30h<\/span><\/li>\n<li><span style=\"color: #000000;font-family: arial, helvetica, sans-serif\">Carlos Magno Rocha de Oliveira \u2013 hor\u00e1rio 15:00h &#8211; 21:00h<\/span><\/li>\n<\/ul>\n<p>\u00a0<\/p>\n\n\n<p><\/p>\n","protected":false},"excerpt":{"rendered":"<p>COORDENADORA DO CURSO: PROF.\u00aa DR.\u00aa IOMARA SCANDELARI LEMOS &gt;\u00a0 E-mail: iomara.lemos@ufpr.brVICE COORDENADOR DO CURSO: PROF. DR. JOS\u00c9 ROBERTO FREGA &gt;\u00a0 E-mail: jose.frega@ufpr.br Secretaria da Coordena\u00e7\u00e3o da Gradua\u00e7\u00e3o em Administra\u00e7\u00e3oA secretaria da Coordena\u00e7\u00e3o \u00e9 respons\u00e1vel pelo atendimento dos estudantes do curso de gradua\u00e7\u00e3o presencial em Administra\u00e7\u00e3o.O hor\u00e1rio de funcionamento \u00e9 de segunda a sexta das 07:30 [&hellip;]<\/p>\n","protected":false},"author":2783,"featured_media":0,"parent":0,"menu_order":0,"comment_status":"closed","ping_status":"closed","template":"","meta":{"_acf_changed":false,"footnotes":""},"class_list":["post-172","page","type-page","status-publish","hentry"],"acf":[],"_links":{"self":[{"href":"https:\/\/sociaisaplicadas.ufpr.br\/administracao\/wp-json\/wp\/v2\/pages\/172","targetHints":{"allow":["GET"]}}],"collection":[{"href":"https:\/\/sociaisaplicadas.ufpr.br\/administracao\/wp-json\/wp\/v2\/pages"}],"about":[{"href":"https:\/\/sociaisaplicadas.ufpr.br\/administracao\/wp-json\/wp\/v2\/types\/page"}],"author":[{"embeddable":true,"href":"https:\/\/sociaisaplicadas.ufpr.br\/administracao\/wp-json\/wp\/v2\/users\/2783"}],"replies":[{"embeddable":true,"href":"https:\/\/sociaisaplicadas.ufpr.br\/administracao\/wp-json\/wp\/v2\/comments?post=172"}],"version-history":[{"count":42,"href":"https:\/\/sociaisaplicadas.ufpr.br\/administracao\/wp-json\/wp\/v2\/pages\/172\/revisions"}],"predecessor-version":[{"id":12143,"href":"https:\/\/sociaisaplicadas.ufpr.br\/administracao\/wp-json\/wp\/v2\/pages\/172\/revisions\/12143"}],"wp:attachment":[{"href":"https:\/\/sociaisaplicadas.ufpr.br\/administracao\/wp-json\/wp\/v2\/media?parent=172"}],"curies":[{"name":"wp","href":"https:\/\/api.w.org\/{rel}","templated":true}]}}