{"id":2870,"date":"2017-04-03T18:51:54","date_gmt":"2017-04-03T21:51:54","guid":{"rendered":"http:\/\/daga.provisorio.ws\/?page_id=2870"},"modified":"2024-06-23T14:34:39","modified_gmt":"2024-06-23T14:34:39","slug":"estrutura","status":"publish","type":"page","link":"https:\/\/sociaisaplicadas.ufpr.br\/administracao\/estrutura\/","title":{"rendered":"Estrutura"},"content":{"rendered":"<p><span style=\"color: #000000\">Localizado na Rua Prefeito Loth\u00e1rio Meissner, 632 \u2013 2\u00ba andar, o curso de gradua\u00e7\u00e3o Administra\u00e7\u00e3o da UFPR oferece aos seus estudantes todos os elementos necess\u00e1rios para completar sua forma\u00e7\u00e3o e inclui, entre outros:<\/span><\/p>\n<ul>\n<li><span style=\"color: #000000\">55 salas de aulas <\/span><\/li>\n<li><span style=\"color: #000000\">2 Laborat\u00f3rio de inform\u00e1tica <\/span><\/li>\n<\/ul>\n<p><span style=\"color: #000000\">Contando cada um com 45 computadores, um projetor\/tel\u00e3o, sistema de som (microfone sem fio) e ar-condicionado<\/span><\/p>\n<ul>\n<li><span style=\"color: #000000\">4 salas de pesquisa <\/span><\/li>\n<li><span style=\"color: #000000\">Salas de confer\u00eancia <\/span><\/li>\n<\/ul>\n<p><span style=\"color: #000000\">Capacidade para 90 pessoas, contendo sistema de som, tel\u00e3o e projetor. Para reservas, procurar a secretaria do Setor de Ci\u00eancias Sociais Aplicadas.<\/span><\/p>\n<ul>\n<li><span style=\"color: #000000\">Biblioteca com acervo espec\u00edfico <\/span><\/li>\n<\/ul>\n<p><span style=\"color: #000000\">Hor\u00e1rio de Atendimento De segunda \u00e0s sextas-feiras, das 08h30 \u00e0s 21h45. S\u00e1bados das 09h30 \u00e0s 13h30, durante o ano letivo da p\u00f3s-gradua\u00e7\u00e3o.<\/span><\/p>\n<ul>\n<li><span style=\"color: #000000\">Audit\u00f3rio com 338 lugares <\/span><\/li>\n<li><span style=\"color: #000000\">Estacionamento gratuito <\/span><\/li>\n<li><span style=\"color: #000000\">Restaurante universit\u00e1rio (RU) servindo tr\u00eas refei\u00e7\u00f5es ao dia.<\/span><\/li>\n<\/ul>\n<p><span style=\"color: #000000\"> Aos finais de semana os estudantes tamb\u00e9m podem se servir do RU Central localizado na esquina das ruas Amintas de Barros e General Carneiro. Consulte card\u00e1pio e hor\u00e1rio em: http:\/\/www.pra.ufpr.br\/ru\/<\/span><\/p>\n<h3 style=\"text-align: center\"><span style=\"color: #000000\">Servi\u00e7os e Benef\u00edcios <\/span><\/h3>\n<p><span style=\"color: #000000\"><strong>CEU<\/strong> (Casa do Estudante Universit\u00e1rio) \u2013 o estudante do curso de Administra\u00e7\u00e3o da UFPR que vem de forma de Curitiba pode candidatar-se a moradia no CEU. Veja como fazer isso no link: <\/span><\/p>\n<p><span style=\"color: #000000\"><strong>PROBEM<\/strong> \u2013 O programa buscar auxiliar estudantes com fragilidade financeira. Veja os benef\u00edcios oferecidos pelo programa e inscreva-se na PRAE link: <\/span><\/p>\n<ul>\n<li><span style=\"color: #000000\">Aux\u00edlio Perman\u00eancia \u2013 aux\u00edlio financeiro no valor de R$ 400,00 mensais, visa subsidiar gastos inerentes \u00e0 forma\u00e7\u00e3o acad\u00eamica como fotoc\u00f3pias, compra de livros, materiais para aulas pr\u00e1ticas, etc.;<\/span><\/li>\n<li><span style=\"color: #000000\"> Aux\u00edlio Refei\u00e7\u00e3o, fornece isen\u00e7\u00e3o das taxas nas refei\u00e7\u00f5es feitas nos restaurantes universit\u00e1rios da universidade, 3 refei\u00e7\u00f5es por dia, 7 dias por semana; <\/span><\/li>\n<li><span style=\"color: #000000\">Aux\u00edlio Moradia, aux\u00edlio financeiro no valor de R$ 275,00 mensais, para a manuten\u00e7\u00e3o do estudante oriundo de outras cidades, nos locais em que residam durante o per\u00edodo do curso; <\/span><\/li>\n<li><span style=\"color: #000000\">Aux\u00edlio Creche,aux\u00edlio financeiro no valor de R$ 200,00 mensais, destinado aos estudantes vinculados ao PROBEM que possuem filhos na faixa et\u00e1ria de 0 a 6 anos incompletos, devidamente matriculados em Centros de Educa\u00e7\u00e3o Infantil particulares ou conveniados. <\/span><\/li>\n<\/ul>\n<p><span style=\"color: #000000\">Atendimento pedag\u00f3gico \u2013 A UFPR oferece aos seus estudantes escuta e acolhida ao estudante, especialmente aqueles beneficiados peloProbem <\/span><\/p>\n<p><span style=\"color: #000000\">Atendimento psicol\u00f3gico \u2013 plant\u00e3o de apoio, grupos, oficinas, acompanhamento psicol\u00f3gico individual <\/span><\/p>\n<p><span style=\"color: #000000\">Apoio financeiro a apresenta\u00e7\u00e3o de trabalhos aprovados em congressos<\/span><\/p>\n<p><span style=\"color: #000000\"> Apoio para participa\u00e7\u00e3o em eventos estudantis Assist\u00eancia \u00e0 sa\u00fade do estudante \u2013 Casa 3 e 4 \u2013 ligar \u2013 3361-3066 <\/span><\/p>\n<p><span style=\"color: #000000\">Atendimento de cl\u00ednica m\u00e9dica, odonto, gineco, pediatria, psicologia e psiquiatria <\/span><\/p>\n<p><span style=\"color: #000000\">Transporte intercampi <\/span><\/p>\n<p><span style=\"color: #000000\">Celim \u2013Centro de L\u00ednguas da UFPR que oferece v\u00e1rios cursos, tendo oportunidade para bolsistas. Consultehttp:\/\/www.celin.ufpr.br\/index.php\/home<\/span><\/p>\n<h4><span style=\"color: #000000\">Transporte coletivo<\/span><\/h4>\n<ul>\n<li><span style=\"color: #000000\">Linhas de \u00f4nibus: <\/span><\/li>\n<li><span style=\"color: #000000\">Ligeirinho Centro Polit\u00e9cnico <\/span><\/li>\n<li><span style=\"color: #000000\">Santa B\u00e1rbara <\/span><\/li>\n<li><span style=\"color: #000000\">Petr\u00f3polis <\/span><\/li>\n<li><span style=\"color: #000000\">Solitude <\/span><\/li>\n<\/ul>\n<p><span style=\"color: #000000\">Consulte os itiner\u00e1rios e hor\u00e1rios pelo 156 ou visite o site da URBS: http:\/\/www.urbs.curitiba.pr.gov.br\/noticia\/categoria\/1\/transporte-coletivo<\/span><\/p>\n<h4><span style=\"color: #000000\">Onde morar<\/span><\/h4>\n<p><span style=\"color: #000000\">O campus da Escola de Administra\u00e7\u00e3o da UFPR se encontra localizada no bairro Jardim Bot\u00e2nico. Para aqueles alunos que tem interesse de morar nas proximidades e facilidade de acesso ao Campus da Universidade h\u00e1 os bairros Jardim Bot\u00e2nico, Cristo Rei e Jardim das Am\u00e9ricas. Nesta regi\u00e3o fica localizado tamb\u00e9m o Jardim Bot\u00e2nico, um dos principais parques da cidade; o Hospital Cajuru para emerg\u00eancias m\u00e9dicas, supermercados, shoppings, etc.<\/span><\/p>\n<p><span style=\"color: #000000\">Al\u00e9m disso, Curitiba \u00e9 uma cidade de vasta programa\u00e7\u00e3o cultural, fa\u00e7a o download gratuito do Guia Curitiba Apresenta ou se quiser ligue para o Disque Turismo 3352-8000 para mais informa\u00e7\u00f5es.<\/span><\/p>\n<p>No <a href=\"http:\/\/www.prograd.ufpr.br\/portal\/manual-do-estudante\/\">Manual para Estudantes UFPR<\/a> da PROGRAD est\u00e3o dispon\u00edveis informa\u00e7\u00f5es essenciais ao discente, dentre essas: estrutura geral da UFPR, papel da coordena\u00e7\u00e3o de curso e principais procedimentos e regras acad\u00eamicas.<\/p>\n","protected":false},"excerpt":{"rendered":"<p>Localizado na Rua Prefeito Loth\u00e1rio Meissner, 632 \u2013 2\u00ba andar, o curso de gradua\u00e7\u00e3o Administra\u00e7\u00e3o da UFPR oferece aos seus estudantes todos os elementos necess\u00e1rios para completar sua forma\u00e7\u00e3o e inclui, entre outros: 55 salas de aulas 2 Laborat\u00f3rio de inform\u00e1tica Contando cada um com 45 computadores, um projetor\/tel\u00e3o, sistema de som (microfone sem fio) [&hellip;]<\/p>\n","protected":false},"author":2783,"featured_media":0,"parent":0,"menu_order":0,"comment_status":"closed","ping_status":"closed","template":"","meta":{"_acf_changed":false,"footnotes":""},"class_list":["post-2870","page","type-page","status-publish","hentry"],"acf":[],"_links":{"self":[{"href":"https:\/\/sociaisaplicadas.ufpr.br\/administracao\/wp-json\/wp\/v2\/pages\/2870","targetHints":{"allow":["GET"]}}],"collection":[{"href":"https:\/\/sociaisaplicadas.ufpr.br\/administracao\/wp-json\/wp\/v2\/pages"}],"about":[{"href":"https:\/\/sociaisaplicadas.ufpr.br\/administracao\/wp-json\/wp\/v2\/types\/page"}],"author":[{"embeddable":true,"href":"https:\/\/sociaisaplicadas.ufpr.br\/administracao\/wp-json\/wp\/v2\/users\/2783"}],"replies":[{"embeddable":true,"href":"https:\/\/sociaisaplicadas.ufpr.br\/administracao\/wp-json\/wp\/v2\/comments?post=2870"}],"version-history":[{"count":4,"href":"https:\/\/sociaisaplicadas.ufpr.br\/administracao\/wp-json\/wp\/v2\/pages\/2870\/revisions"}],"predecessor-version":[{"id":10395,"href":"https:\/\/sociaisaplicadas.ufpr.br\/administracao\/wp-json\/wp\/v2\/pages\/2870\/revisions\/10395"}],"wp:attachment":[{"href":"https:\/\/sociaisaplicadas.ufpr.br\/administracao\/wp-json\/wp\/v2\/media?parent=2870"}],"curies":[{"name":"wp","href":"https:\/\/api.w.org\/{rel}","templated":true}]}}