{"id":2878,"date":"2017-04-03T18:54:55","date_gmt":"2017-04-03T21:54:55","guid":{"rendered":"http:\/\/daga.provisorio.ws\/?page_id=2878"},"modified":"2024-06-23T14:46:47","modified_gmt":"2024-06-23T14:46:47","slug":"historico","status":"publish","type":"page","link":"https:\/\/sociaisaplicadas.ufpr.br\/administracao\/historico\/","title":{"rendered":"Hist\u00f3ria"},"content":{"rendered":"<p><img loading=\"lazy\" decoding=\"async\" class=\"alignnone size-full wp-image-8751\" src=\"https:\/\/sociaisaplicadas.ufpr.br\/administracao\/wp-content\/uploads\/sites\/4\/2023\/04\/historia.png\" alt=\"\" width=\"400\" height=\"100\" \/><img loading=\"lazy\" decoding=\"async\" class=\"alignnone size-full wp-image-8752\" src=\"https:\/\/sociaisaplicadas.ufpr.br\/administracao\/wp-content\/uploads\/sites\/4\/2023\/04\/historia_2.png\" alt=\"\" width=\"400\" height=\"100\" \/><\/p>\n<p><span style=\"font-family: arial, helvetica, sans-serif\">A histo\u0301ria do SCSA \u2013 Setor de Ci\u00eancias Sociais Aplicadas da UFPR inicia-se em 22 de setembro de 1945, dia exato da instalac\u0327a\u0303o da ainda Faculdade de Administrac\u0327a\u0303o e Financ\u0327as do Parana\u0301 no pre\u0301dio histo\u0301rico da UFPR, localizado na Prac\u0327a Santos Andrade. O curso era subordinado financeiramente \u00e0 Faculdade de Direito do Paran\u00e1 e foi criado por meio do Decreto Federal 17.552 de 09 de janeiro.<\/span><br \/>\n<span style=\"font-family: arial, helvetica, sans-serif\"> A regulamenta\u00e7\u00e3o da Lei 4.769\/1965, a qual instituiu a profiss\u00e3o liberal de Administrador, foi o evento que marcou a necessidade de cria\u00e7\u00e3o do Curso de Administra\u00e7\u00e3o da UFPR como \u00e9 conhecido hoje. O curso foi iniciado em 15 de fevereiro de 1967. A primeira turma, admitida em 1968, contava com 50 alunos.<\/span><br \/>\n<span style=\"font-family: arial, helvetica, sans-serif\"> As reformas do ensino superior no Brasil, nas d\u00e9cadas de 1960 e 1970, fizeram com que a UFPR reorganizasse seu modelo administrativo e passasse a oferecer os cursos organizados em setores e departamentos. Assim, em 1973, era criado o Setor de Ci\u00eancias Sociais Aplicadas da Universidade Federal do Parana\u0301, contando com os cursos de Administrac\u0327a\u0303o, Cie\u0302ncias Conta\u0301beis e Cie\u0302ncias Econo\u0302micas e Direito.<\/span><br \/>\n<span style=\"font-family: arial, helvetica, sans-serif\"> A formatura dos pioneiros em Administra\u00e7\u00e3o da UFPR foi um marco na vida acad\u00eamica do Estado. A solenidade contou tamb\u00e9m com a participa\u00e7\u00e3o dos estudantes de Ci\u00eancias Cont\u00e1beis e Ci\u00eancias Econ\u00f4micas do ent\u00e3o rec\u00e9m criado Setor de Ci\u00eancias Sociais Aplicadas, dirigido pelo professor Alceu Ribeiro de Macedo. O evento mobilizou titulares de todos os poderes do Estado: estavam presentes o presidente do Tribunal de Justi\u00e7a, representantes do presidente da Assembleia Legislativa, do Comandante da Regi\u00e3o Militar, do Arcebispo Metropolitano e das principais entidades de classe regionais.<\/span><br \/>\n<span style=\"font-family: arial, helvetica, sans-serif\"> O primeiro aluno da turma, classificado por desempenho acad\u00eamico, foi Herbert Ant\u00f4nio Age Jos\u00e9 que recebeu pr\u00eamios da entidade profissional \u2013 o CRTA \u2013 9\u00aa Regi\u00e3o -, atual CRA-PR e do Banco Bamerindus do Brasil. O professor Age, mais tarde, veio a se tornar professor do curso, aposentando-se em 2017. A primeira turma teve como patrono e principal homenageado o professor Pedro Viriato Parigot de Souza, presidente da Companhia Paranaense de Energia, naquele momento j\u00e1 indicado para vice-governador no mandato que se iniciava e vindo a tornar-se, mais tarde, o governador do Estado do Paran\u00e1.<\/span><\/p>\n<p><img loading=\"lazy\" decoding=\"async\" class=\"alignnone size-medium wp-image-9097\" src=\"https:\/\/sociaisaplicadas.ufpr.br\/administracao\/wp-content\/uploads\/sites\/4\/2023\/05\/historia_1.png\" alt=\"\" width=\"400\" height=\"240\" \/> <img loading=\"lazy\" decoding=\"async\" class=\"alignnone size-medium wp-image-9098\" src=\"https:\/\/sociaisaplicadas.ufpr.br\/administracao\/wp-content\/uploads\/sites\/4\/2023\/05\/historia_2.png\" alt=\"\" width=\"400\" height=\"240\" \/><br \/>\n<strong><span style=\"font-family: arial, helvetica, sans-serif;font-size: 12px\">Imagens: Formatura curso de Administra\u00e7\u00e3o da UFPR (1970).\u00a0<\/span><\/strong><strong><span style=\"font-family: arial, helvetica, sans-serif;font-size: 12px\">Fonte: Acervo pessoal do professor Herbert Ant\u00f4nio Age Jos\u00e9.<\/span><\/strong><\/p>\n<p><span style=\"font-family: arial, helvetica, sans-serif;font-size: 16px\">A partir de 2002 e at\u00e9 o presente momento o SCSA e os cursos do setor passaram a funcionar no Campus Bot\u00e2nico da UFPR. A nova sede foi fundamental para a melhoria da qualidade do ensino, pesquisa e extens\u00e3o. A estrutura do edif\u00edcio conta com salas de aulas amplas, audit\u00f3rios para grandes e pequenos eventos, ampla \u00e1rea de intera\u00e7\u00e3o com mesas de trabalho para alunos, salas para pesquisas, sala de confer\u00eancias, al\u00e9m de laborat\u00f3rios de inform\u00e1tica, biblioteca com acervo espec\u00edfico, estacionamento gratuito, restaurante universit\u00e1rio e cantina.<\/span><\/p>\n<p><img loading=\"lazy\" decoding=\"async\" class=\"alignnone wp-image-9099\" src=\"https:\/\/sociaisaplicadas.ufpr.br\/administracao\/wp-content\/uploads\/sites\/4\/2023\/05\/historia_3.png\" alt=\"\" width=\"350\" height=\"210\" \/> <img loading=\"lazy\" decoding=\"async\" class=\"alignnone wp-image-9100\" src=\"https:\/\/sociaisaplicadas.ufpr.br\/administracao\/wp-content\/uploads\/sites\/4\/2023\/05\/historia_4.png\" alt=\"\" width=\"350\" height=\"210\" \/> <img loading=\"lazy\" decoding=\"async\" class=\"alignnone wp-image-9101\" src=\"https:\/\/sociaisaplicadas.ufpr.br\/administracao\/wp-content\/uploads\/sites\/4\/2023\/05\/historia_5.png\" alt=\"\" width=\"350\" height=\"210\" \/><br \/>\n<strong><span style=\"font-family: arial, helvetica, sans-serif;font-size: 12px\">Imagens: Fachada externa do SCSA UFPR Campus Bot\u00e2nico (2022).\u00a0<\/span><\/strong><strong><span style=\"font-family: arial, helvetica, sans-serif;font-size: 12px\">Fonte: redes sociais do SCSA UFPR.<\/span><\/strong><\/p>\n<h3>\u00a0<img loading=\"lazy\" decoding=\"async\" class=\"alignnone wp-image-9110\" src=\"https:\/\/sociaisaplicadas.ufpr.br\/administracao\/wp-content\/uploads\/sites\/4\/2023\/05\/historia_nova_6.jpg\" alt=\"\" width=\"350\" height=\"210\" \/>\u00a0<img loading=\"lazy\" decoding=\"async\" class=\"alignnone wp-image-9105\" src=\"https:\/\/sociaisaplicadas.ufpr.br\/administracao\/wp-content\/uploads\/sites\/4\/2023\/05\/historia_7.png\" alt=\"\" width=\"350\" height=\"210\" \/> <img loading=\"lazy\" decoding=\"async\" class=\"alignnone wp-image-9106\" src=\"https:\/\/sociaisaplicadas.ufpr.br\/administracao\/wp-content\/uploads\/sites\/4\/2023\/05\/historia_8.png\" alt=\"\" width=\"350\" height=\"210\" \/><br \/>\n<strong><span style=\"font-family: arial, helvetica, sans-serif;font-size: 12px\">Imagens: Audit\u00f3rio e sagu\u00e3o do SCSA UFPR Campus Bot\u00e2nico (2022).\u00a0<\/span><\/strong><strong><span style=\"font-family: arial, helvetica, sans-serif;font-size: 12px\">Fonte: CCAD (Co redes sociais do SCSA UFPR.<\/span><\/strong><\/h3>\n<h3><img loading=\"lazy\" decoding=\"async\" class=\"alignnone size-full wp-image-9108\" src=\"https:\/\/sociaisaplicadas.ufpr.br\/administracao\/wp-content\/uploads\/sites\/4\/2023\/05\/historia_9.png\" alt=\"\" width=\"400\" height=\"240\" \/>\u00a0<img loading=\"lazy\" decoding=\"async\" class=\"alignnone size-medium wp-image-8662\" src=\"https:\/\/sociaisaplicadas.ufpr.br\/administracao\/wp-content\/uploads\/sites\/4\/2023\/03\/SCSA_interna_5.png\" alt=\"\" width=\"289\" height=\"218\" \/> <img loading=\"lazy\" decoding=\"async\" class=\"alignnone size-medium wp-image-8663\" src=\"https:\/\/sociaisaplicadas.ufpr.br\/administracao\/wp-content\/uploads\/sites\/4\/2023\/03\/SCSA_interna_6.png\" alt=\"\" width=\"272\" height=\"218\" \/><br \/>\n<strong><span style=\"font-family: arial, helvetica, sans-serif;font-size: 12px\">Imagens: Biblioteca, sala de confer\u00eancias e laborat\u00f3rio de inform\u00e1tica do SCSA UFPR Campus Bot\u00e2nico (2022).\u00a0<\/span><\/strong><strong><span style=\"font-family: arial, helvetica, sans-serif;font-size: 12px\">Fonte: redes sociais do SCSA UFPR.<\/span><\/strong><\/h3>\n<p><span style=\"font-family: arial, helvetica, sans-serif;font-size: 16px;color: #000000\">Atualmente, o curso de gradua\u00e7\u00e3o em Administra\u00e7\u00e3o integra o Departamento de Administra\u00e7\u00e3o Geral e Aplicada (DAGA) do Setor de Ci\u00eancias Sociais Aplicadas (SCSA) da Universidade Federal do Paran\u00e1. O DAGA \u00e9 respons\u00e1vel pela distribui\u00e7\u00e3o de encargos did\u00e1ticos, execu\u00e7\u00e3o or\u00e7ament\u00e1ria, elabora\u00e7\u00e3o e aprova\u00e7\u00e3o de planos de ensino, entre outras atividades did\u00e1ticas e administrativas ligadas aos professores. A Coordena\u00e7\u00e3o do Curso de gradua\u00e7\u00e3o, por sua vez, \u00e9 respons\u00e1vel pela gest\u00e3o de quest\u00f5es relacionadas \u00e0 vida estudantil tais como matr\u00edculas, ajustes e demais assuntos relacionados ao percurso acad\u00eamico dos estudantes: equival\u00eancias, atividades formativas, est\u00e1gio, cola\u00e7\u00e3o de grau, dentre outros.<\/span><\/p>\n<ul>\n<li><span style=\"font-family: arial, helvetica, sans-serif;font-size: 16px;color: #000000\">Curso de gradua\u00e7\u00e3o em Administra\u00e7\u00e3o na modalidade presencial;<\/span><\/li>\n<li><span style=\"font-family: arial, helvetica, sans-serif;font-size: 16px;color: #000000\">Curso de gradua\u00e7\u00e3o em Administra\u00e7\u00e3o P\u00fablica na modalidade EAD;<\/span><\/li>\n<li><span style=\"font-family: arial, helvetica, sans-serif;font-size: 16px;color: #000000\">Cursos de especializa\u00e7\u00e3o lato sensu coordenados pelo CEPPAD &#8211; Centro de Pesquisa e P\u00f3s-Gradua\u00e7\u00e3o em Administra\u00e7\u00e3o: MBA Gest\u00e3o de Talentos e Comportamento Humano, MBA Gest\u00e3o em Estrat\u00e9gica, MBA em Finan\u00e7as, MBA em Banking para Cooperativas de Cr\u00e9dito, MBA em Gest\u00e3o de Opera\u00e7\u00f5es, MBA em Marketing.<\/span><\/li>\n<li><span style=\"font-family: arial, helvetica, sans-serif;font-size: 16px;color: #000000\">Programas de p\u00f3s-gradua\u00e7\u00e3o stricto sensu: PPGADM (Programa de P\u00f3s-Gradua\u00e7\u00e3o em Administra\u00e7\u00e3o) e PPGOLD (Programa de P\u00f3s-Gradua\u00e7\u00e3o em Gest\u00e3o de Organiza\u00e7\u00f5es, Lideran\u00e7a e Decis\u00e3o).<\/span><\/li>\n<\/ul>\n<p><span style=\"font-family: verdana, geneva, sans-serif\"><span style=\"font-family: arial, helvetica, sans-serif\"><span style=\"color: #000000\"><strong>Endere\u00e7o<\/strong><br \/>\n<\/span><span style=\"color: #000000\">Departamento de Administra\u00e7\u00e3o Geral e Aplicada \u2013 DAGA<br \/>\n<\/span><span style=\"color: #000000\">Av. Pref. Lothario Meissner, 632 2\u00ba andar<br \/>\n<\/span><span style=\"color: #000000\">Jardim Bot\u00e2nico<br \/>\n<\/span><span style=\"color: #000000\">CEP: 80210-170 &#8211;\u00a0<\/span><span style=\"color: #000000\">Curitiba PR<br \/>\n<\/span><span style=\"color: #000000\">Fone\/FAX: +55 41 3360-4360<br \/>\n<\/span><\/span><br \/>\n<\/span><\/p>\n<p><strong>No <a href=\"http:\/\/www.prograd.ufpr.br\/portal\/manual-do-estudante\/\">Manual para Estudantes UFPR<\/a> da PROGRAD est\u00e3o dispon\u00edveis informa\u00e7\u00f5es essenciais ao discente, dentre essas: estrutura geral da UFPR, papel da coordena\u00e7\u00e3o de curso e principais procedimentos e regras acad\u00eamicas.<\/strong><\/p>\n","protected":false},"excerpt":{"rendered":"<p>A histo\u0301ria do SCSA \u2013 Setor de Ci\u00eancias Sociais Aplicadas da UFPR inicia-se em 22 de setembro de 1945, dia exato da instalac\u0327a\u0303o da ainda Faculdade de Administrac\u0327a\u0303o e Financ\u0327as do Parana\u0301 no pre\u0301dio histo\u0301rico da UFPR, localizado na Prac\u0327a Santos Andrade. O curso era subordinado financeiramente \u00e0 Faculdade de Direito do Paran\u00e1 e foi [&hellip;]<\/p>\n","protected":false},"author":2783,"featured_media":0,"parent":0,"menu_order":0,"comment_status":"closed","ping_status":"closed","template":"","meta":{"_acf_changed":false,"footnotes":""},"class_list":["post-2878","page","type-page","status-publish","hentry"],"acf":[],"_links":{"self":[{"href":"https:\/\/sociaisaplicadas.ufpr.br\/administracao\/wp-json\/wp\/v2\/pages\/2878","targetHints":{"allow":["GET"]}}],"collection":[{"href":"https:\/\/sociaisaplicadas.ufpr.br\/administracao\/wp-json\/wp\/v2\/pages"}],"about":[{"href":"https:\/\/sociaisaplicadas.ufpr.br\/administracao\/wp-json\/wp\/v2\/types\/page"}],"author":[{"embeddable":true,"href":"https:\/\/sociaisaplicadas.ufpr.br\/administracao\/wp-json\/wp\/v2\/users\/2783"}],"replies":[{"embeddable":true,"href":"https:\/\/sociaisaplicadas.ufpr.br\/administracao\/wp-json\/wp\/v2\/comments?post=2878"}],"version-history":[{"count":62,"href":"https:\/\/sociaisaplicadas.ufpr.br\/administracao\/wp-json\/wp\/v2\/pages\/2878\/revisions"}],"predecessor-version":[{"id":10399,"href":"https:\/\/sociaisaplicadas.ufpr.br\/administracao\/wp-json\/wp\/v2\/pages\/2878\/revisions\/10399"}],"wp:attachment":[{"href":"https:\/\/sociaisaplicadas.ufpr.br\/administracao\/wp-json\/wp\/v2\/media?parent=2878"}],"curies":[{"name":"wp","href":"https:\/\/api.w.org\/{rel}","templated":true}]}}