{"id":2883,"date":"2017-04-03T18:56:18","date_gmt":"2017-04-03T21:56:18","guid":{"rendered":"http:\/\/daga.provisorio.ws\/?page_id=2883"},"modified":"2025-02-10T14:09:31","modified_gmt":"2025-02-10T14:09:31","slug":"projeto-pedagogico","status":"publish","type":"page","link":"https:\/\/sociaisaplicadas.ufpr.br\/administracao\/projeto-pedagogico\/","title":{"rendered":"Projeto Pedag\u00f3gico"},"content":{"rendered":"<p style=\"text-align: left\"><span style=\"color: #000000\">O projeto pedag\u00f3gico de um curso superior fornece diretrizes para a condu\u00e7\u00e3o e gest\u00e3o do curso, propiciando elementos relevantes para a forma\u00e7\u00e3o do estudante e tamb\u00e9m funciona como um instrumento de promo\u00e7\u00e3o de justi\u00e7a social ao auxiliar na entrega de uma educa\u00e7\u00e3o de n\u00edvel superior de qualidade. As diretrizes, por sua vez, s\u00e3o formadas a partir das demandas da sociedade. Desta forma, enquanto planejamento, o projeto pedag\u00f3gico deve abarcar tanto os desejos e necessidades da comunidade local e da sociedade como um todo em rela\u00e7\u00e3o ao tipo de sujeito que ser\u00e1 formado, quanto as a\u00e7\u00f5es concretas a serem realizadas no decorrer do curso, tendo como pano de fundo os valores da institui\u00e7\u00e3o de ensino superior do qual faz parte. Tudo isso sem perder de vista que a educa\u00e7\u00e3o \u00e9 empreendida em condi\u00e7\u00f5es hist\u00f3ricas e sociais concretas.<\/span><\/p>\n<p><img loading=\"lazy\" decoding=\"async\" class=\"alignnone wp-image-8012 size-full\" src=\"https:\/\/sociaisaplicadas.ufpr.br\/administracao\/wp-content\/uploads\/sites\/4\/2023\/02\/ppc_2023.png\" alt=\"\" width=\"400\" height=\"100\" \/><a href=\"https:\/\/sociaisaplicadas.ufpr.br\/administracao\/wp-content\/uploads\/sites\/4\/2023\/02\/PPC_ADM_2023_V1.pdf\"><img loading=\"lazy\" decoding=\"async\" class=\"alignnone size-full wp-image-8893\" src=\"https:\/\/sociaisaplicadas.ufpr.br\/administracao\/wp-content\/uploads\/sites\/4\/2023\/04\/ppc.png\" alt=\"\" width=\"400\" height=\"100\" \/><\/a><\/p>\n<p>Documento completo: Projeto Pedag\u00f3gico 2023 em edi\u00e7\u00e3o<br \/>\nS\u00edntese gr\u00e1fica da matriz e condi\u00e7\u00f5es de integraliza\u00e7\u00e3o:\u00a0<a href=\"https:\/\/sociaisaplicadas.ufpr.br\/administracao\/wp-content\/uploads\/sites\/4\/2023\/04\/matriz_2023.pdf\">Matriz Curricular 2023<\/a><\/p>\n<p><strong>No <a href=\"http:\/\/www.prograd.ufpr.br\/portal\/manual-do-estudante\/\">Manual para Estudantes UFPR<\/a> da PROGRAD est\u00e3o dispon\u00edveis informa\u00e7\u00f5es essenciais ao discente, dentre essas: estrutura geral da UFPR, papel da coordena\u00e7\u00e3o de curso e principais procedimentos e regras acad\u00eamicas.<\/strong><\/p>\n<p><img loading=\"lazy\" decoding=\"async\" class=\"alignnone wp-image-8011 size-full\" src=\"https:\/\/sociaisaplicadas.ufpr.br\/administracao\/wp-content\/uploads\/sites\/4\/2023\/02\/ppc_2007.png\" alt=\"\" width=\"400\" height=\"100\" \/><a href=\"https:\/\/sociaisaplicadas.ufpr.br\/administracao\/wp-content\/uploads\/sites\/4\/2023\/02\/PPC_ADM_2023_V1.pdf\"><img loading=\"lazy\" decoding=\"async\" class=\"alignnone size-full wp-image-8893\" src=\"https:\/\/sociaisaplicadas.ufpr.br\/administracao\/wp-content\/uploads\/sites\/4\/2023\/04\/ppc.png\" alt=\"\" width=\"400\" height=\"100\" \/><\/a><\/p>\n<p>Documento completo:\u00a0<a href=\"https:\/\/sociaisaplicadas.ufpr.br\/administracao\/wp-content\/uploads\/sites\/4\/2023\/02\/Projeto_Pedagogico_2007.pdf\">Projeto_Pedagogico_2007<\/a><\/p>\n<p style=\"text-align: left\">\n","protected":false},"excerpt":{"rendered":"<p>O projeto pedag\u00f3gico de um curso superior fornece diretrizes para a condu\u00e7\u00e3o e gest\u00e3o do curso, propiciando elementos relevantes para a forma\u00e7\u00e3o do estudante e tamb\u00e9m funciona como um instrumento de promo\u00e7\u00e3o de justi\u00e7a social ao auxiliar na entrega de uma educa\u00e7\u00e3o de n\u00edvel superior de qualidade. As diretrizes, por sua vez, s\u00e3o formadas a [&hellip;]<\/p>\n","protected":false},"author":2783,"featured_media":0,"parent":0,"menu_order":0,"comment_status":"closed","ping_status":"closed","template":"","meta":{"_acf_changed":false,"footnotes":""},"class_list":["post-2883","page","type-page","status-publish","hentry"],"acf":[],"_links":{"self":[{"href":"https:\/\/sociaisaplicadas.ufpr.br\/administracao\/wp-json\/wp\/v2\/pages\/2883","targetHints":{"allow":["GET"]}}],"collection":[{"href":"https:\/\/sociaisaplicadas.ufpr.br\/administracao\/wp-json\/wp\/v2\/pages"}],"about":[{"href":"https:\/\/sociaisaplicadas.ufpr.br\/administracao\/wp-json\/wp\/v2\/types\/page"}],"author":[{"embeddable":true,"href":"https:\/\/sociaisaplicadas.ufpr.br\/administracao\/wp-json\/wp\/v2\/users\/2783"}],"replies":[{"embeddable":true,"href":"https:\/\/sociaisaplicadas.ufpr.br\/administracao\/wp-json\/wp\/v2\/comments?post=2883"}],"version-history":[{"count":28,"href":"https:\/\/sociaisaplicadas.ufpr.br\/administracao\/wp-json\/wp\/v2\/pages\/2883\/revisions"}],"predecessor-version":[{"id":11180,"href":"https:\/\/sociaisaplicadas.ufpr.br\/administracao\/wp-json\/wp\/v2\/pages\/2883\/revisions\/11180"}],"wp:attachment":[{"href":"https:\/\/sociaisaplicadas.ufpr.br\/administracao\/wp-json\/wp\/v2\/media?parent=2883"}],"curies":[{"name":"wp","href":"https:\/\/api.w.org\/{rel}","templated":true}]}}