{"id":4157,"date":"2019-06-05T17:02:14","date_gmt":"2019-06-05T17:02:14","guid":{"rendered":"https:\/\/sociaisaplicadas.ufpr.br\/administracao\/?page_id=4157"},"modified":"2026-03-06T16:51:39","modified_gmt":"2026-03-06T16:51:39","slug":"oferta_semestral","status":"publish","type":"page","link":"https:\/\/sociaisaplicadas.ufpr.br\/administracao\/oferta_semestral\/","title":{"rendered":"Oferta semestral"},"content":{"rendered":"\n\n\n\n<p><img loading=\"lazy\" decoding=\"async\" class=\"alignnone size-full wp-image-8829\" src=\"https:\/\/sociaisaplicadas.ufpr.br\/administracao\/wp-content\/uploads\/sites\/4\/2023\/04\/oferta_semestral.png\" alt=\"\" width=\"400\" height=\"100\" \/><img loading=\"lazy\" decoding=\"async\" class=\"alignnone size-full wp-image-8830\" src=\"https:\/\/sociaisaplicadas.ufpr.br\/administracao\/wp-content\/uploads\/sites\/4\/2023\/04\/oferta_semestral_2.png\" alt=\"\" width=\"400\" height=\"100\" \/><\/p>\n<h2>AJUSTE DE MATR\u00cdCULAS &#8211; FASE 2 &#8211; VAGAS REMANESCENTES<\/h2>\n<p>Destina-se exclusivamente \u00e0 solicita\u00e7\u00e3o de matr\u00edculas em vagas dispon\u00edveis.<\/p>\n<div>\n<div><span style=\"color: #000000\">Na hip\u00f3tese de solicita\u00e7\u00e3o de mais de uma disciplina, orienta-se que os pedidos sejam registrados em ordem de prioridade, da maior para a menor necessidade.<\/span><\/div>\n<div>\u00a0<\/div>\n<div><span style=\"color: #000000\">N\u00e3o ser\u00e3o analisadas disciplinas que envolvam conflito de hor\u00e1rio ou que demandem remanejamento de matr\u00edculas j\u00e1 efetivadas.<\/span><\/div>\n<\/div>\n<p><a href=\"https:\/\/sociaisaplicadas.ufpr.br\/administracao\/wp-content\/uploads\/sites\/4\/2026\/02\/VAGAS-DISIPON-AJUSTE-2-2026-1.pdf\"><strong>VAGAS DISPON\u00cdVEIS &#8211; CLIQUE AQUI<\/strong><\/a><\/p>\n<p><a href=\"https:\/\/forms.gle\/JmE5Bp63eXCQmWmm6\"><strong>FORMUL\u00c1RIO PARA SOLICITA\u00c7\u00c3O DISPON\u00cdVEL AT\u00c9<\/strong>\u00a0 <span style=\"color: #ff0000\"><strong>01\/03\/26- CLIQUE AQUI\u00a0<\/strong><\/span><\/a><\/p>\n<h2><strong>OFERTA 1\u00ba semestre de 2026 &#8211; VETERANOS<\/strong><\/h2>\n<p>Os calouros ser\u00e3o matriculados automaticamente no 1\u00aa per\u00edodo<\/p>\n<p>Datas Importantes:<\/p>\n<p><strong>09\/02\/26<\/strong> &#8211; Processamento de Matr\u00edculas pelo SIGA\u00a0<\/p>\n<p><strong>09 e 10\/02\/26\u00a0<\/strong> <a href=\"https:\/\/forms.gle\/n3mtWA7wz86qeCPN9\">&#8211; Solicita\u00e7\u00e3o de <strong>agendamento de hor\u00e1rio para atendimento presencial de<\/strong> <strong>AJUSTE DE MATR\u00cdCULA PELA COORDENA\u00c7\u00c3O<\/strong>\u00a0 -&gt;<\/a> <a href=\"https:\/\/forms.gle\/n3mtWA7wz86qeCPN9\">link dispon\u00edvel AQUI<\/a>\u00a0<\/p>\n<p><strong>ATEN\u00c7\u00c3O:<\/strong> O atendimento das solicita\u00e7\u00f5es de ajuste seguir\u00e1 o disposto na <span style=\"background-color: #ffffff\"><a style=\"background-color: #ffffff\" href=\"https:\/\/sociaisaplicadas.ufpr.br\/administracao\/wp-content\/uploads\/sites\/4\/2026\/01\/SEI_8519815_Portaria_001.pdf\">Portaria 001\/2026 &#8211; CCAD &#8211; procedimentos de matr\u00edcula e de ajustes de matr\u00edculas para o primeiro semestre letivo de 2026.<\/a><\/span><\/p>\n<p><strong>23\/02\/2026<\/strong> &#8211; In\u00edcio das Aulas\u00a0<\/p>\n<p><span style=\"font-size: 24px\"><strong><span style=\"font-family: arial, helvetica, sans-serif\"><span style=\"color: #ff0000\">Orienta\u00e7\u00f5es para matr\u00edcula:<\/span><\/span><\/strong><\/span><\/p>\n<p><b>Prezados(as) Discentes,<\/b><\/p>\n<p>Na <a href=\"https:\/\/sociaisaplicadas.ufpr.br\/administracao\/wp-content\/uploads\/sites\/4\/2026\/01\/grade-oferta-2026-1-1.pdf\"><strong>GRADE DE OFERTA<\/strong><\/a>\u00a0de disciplinas constam as ofertas para os dois curr\u00edculos vigentes. <strong>Verifiquem a disciplinas correspondentes ao seu curr\u00edculo.<\/strong><\/p>\n<p><span style=\"color: #ff0000\"><b>As solicita\u00e7\u00f5es de matr\u00edcula no SIGA dever\u00e3o ser feitas exclusivamente para as disciplinas\u00a0 correspondentes ao seu curr\u00edculo<\/b>.<\/span><\/p>\n<p><span style=\"color: #ff0000\"><b>Ainda que o SIGA apresente outras disciplinas n\u00e3o listadas na sua grade curricular,<\/b><b>\u00a0<\/b><b>estas n\u00e3o devem ser solicitadas, sob pena de n\u00e3o serem a integralizadas.<\/b><\/span><\/p>\n<p>Esse procedimento visa\u00a0<b><u>evitar que discentes cursem disciplinas n\u00e3o pertencentes ao seu curr\u00edculo, garantindo a integraliza\u00e7\u00e3o correta da carga hor\u00e1ria.<\/u><\/b><\/p>\n<p>Caso um discente n\u00e3o siga essa orienta\u00e7\u00e3o e se matricule em disciplinas n\u00e3o previstas em sua grade curricular ser\u00e1 de responsabilidade exclusiva desse discente o n\u00e3o cumprimento da carga hor\u00e1ria exigida. <b>A Coordena\u00e7\u00e3o do curso n\u00e3o poder\u00e1 intervir nessas situa\u00e7\u00f5es.<\/b><\/p>\n<p>Verifique a tabela de correspond\u00eancias de acordo com o seu curr\u00edculo de matr\u00edcula.<\/p>\n<p><a href=\"https:\/\/sociaisaplicadas.ufpr.br\/administracao\/wp-content\/uploads\/sites\/4\/2026\/01\/Correspondencia-2007-final.pdf\"><strong>Correspond\u00eancias &#8211; discentes curr\u00edculo 2007<\/strong><\/a><\/p>\n<p><strong><a href=\"https:\/\/sociaisaplicadas.ufpr.br\/administracao\/wp-content\/uploads\/sites\/4\/2026\/01\/Correspondencia-2023-final-1.pdf\">Correspond\u00eancias &#8211; discentes curr\u00edculo 2023\u00a0<\/a><\/strong><\/p>\n<p><span style=\"font-size: 24px\"><strong><span style=\"font-family: arial, helvetica, sans-serif\">Demais orienta\u00e7\u00f5es:\u00a0<br \/><\/span><\/strong><\/span><span style=\"font-family: arial, helvetica, sans-serif\">O aluno deve selecionar as turmas nas quais quer solicitar matr\u00edcula e &#8211; somente ap\u00f3s atingir a carga hor\u00e1ria semestral m\u00ednima (240 horas para alunos da matriz 2007 ou 300 horas para alunos da matriz 2023) clicar em \u2018Solicitar matr\u00edcula\u2019.<br \/>O sistema <strong>n\u00e3o permitir\u00e1<\/strong> solicita\u00e7\u00e3o de matr\u00edcula com carga hor\u00e1ria menor que a m\u00ednima.<br \/>O sistema <strong>permitir\u00e1<\/strong> a solicita\u00e7\u00e3o de matr\u00edculas com carga hor\u00e1ria total abaixo da m\u00ednima <strong>exclusivamente<\/strong> na situa\u00e7\u00e3o de discente em etapa de integraliza\u00e7\u00e3o e com baixa carga a vencer.<br \/><\/span><span style=\"font-family: arial, helvetica, sans-serif\">O SIGA\u00a0<strong>n\u00e3o<\/strong>\u00a0leva em considera\u00e7\u00e3o hor\u00e1rio\/data de solicita\u00e7\u00e3o para organiza\u00e7\u00e3o da fila de prioridades.<\/span><\/p>\n<p><u><a id=\"OWA56015708-2e97-333b-3371-e1f64c6682c8\" class=\"x_OWAAutoLink\" title=\"https:\/\/ufpraberta.ufpr.br\/course\/view.php?id=9\" href=\"https:\/\/ufpraberta.ufpr.br\/course\/view.php?id=9\" target=\"_blank\" rel=\"noopener noreferrer\" data-auth=\"NotApplicable\" data-linkindex=\"2\" data-olk-copy-source=\"MessageBody\">Clique aqui para o tutorial de &#8220;Como solicitar matr\u00edcula pelo SIGA&#8221;<\/a><\/u><\/p>\n<div><img loading=\"lazy\" decoding=\"async\" class=\"alignnone size-full wp-image-7775\" src=\"https:\/\/sociaisaplicadas.ufpr.br\/administracao\/wp-content\/uploads\/sites\/4\/2022\/10\/SIGA_UFPR.png\" alt=\"\" width=\"204\" height=\"54\" \/><span style=\"font-family: arial, helvetica, sans-serif;font-size: 14px\"><br \/><\/span><span style=\"font-family: arial, helvetica, sans-serif;font-size: 14px\">1) Digite\u00a0<a href=\"https:\/\/www.prppg.ufpr.br\/siga\">https:\/\/www.prppg.ufpr.br\/siga<\/a><\/span><br \/><span style=\"font-family: arial, helvetica, sans-serif;font-size: 14px\"> 2) Digite o seu CPF ou Passaporte<\/span><br \/><span style=\"font-family: arial, helvetica, sans-serif;font-size: 14px\"> 3) Digite sua senha<\/span><br \/><span style=\"font-family: arial, helvetica, sans-serif;font-size: 14px\"> 4) Caso ainda n\u00e3o possua senha, clique no link Esqueceu\/N\u00e3o sabe sua senha.<\/span><br \/><span style=\"font-family: arial, helvetica, sans-serif;font-size: 14px\"> 5) Verifique na sua caixa de e-mail se recebeu um e-mail com instru\u00e7\u00f5es para redefini\u00e7\u00e3o da senha.<\/span><br \/><span style=\"font-family: arial, helvetica, sans-serif;font-size: 14px\"> 6) Caso n\u00e3o receba o e-mail, solicite corre\u00e7\u00e3o do e-mail cadastrado no SIGA na sua coordena\u00e7\u00e3o de curso.<\/span><\/div>\n<div>\u00a0<\/div>\n<div><a href=\"https:\/\/sociaisaplicadas.ufpr.br\/administracao\/wp-content\/uploads\/sites\/4\/2026\/01\/grade-oferta-2026-1-1.pdf\"><img loading=\"lazy\" decoding=\"async\" class=\"alignnone  wp-image-8829\" src=\"https:\/\/sociaisaplicadas.ufpr.br\/administracao\/wp-content\/uploads\/sites\/4\/2023\/04\/oferta_semestral.png\" alt=\"\" width=\"420\" height=\"105\" \/><\/a> Atualizada em 29\/01\/26<\/div>\n<p><a href=\"https:\/\/sociaisaplicadas.ufpr.br\/administracao\/wp-content\/uploads\/sites\/4\/2026\/02\/Res.-no-22-25-CEPE-2.pdf\"><img loading=\"lazy\" decoding=\"async\" class=\"alignnone wp-image-7765\" src=\"https:\/\/sociaisaplicadas.ufpr.br\/administracao\/wp-content\/uploads\/sites\/4\/2022\/10\/Captura-de-Tela-2022-10-20-a\u0300s-20.19.45-500x120.png\" alt=\"\" width=\"421\" height=\"101\" srcset=\"https:\/\/sociaisaplicadas.ufpr.br\/administracao\/wp-content\/uploads\/sites\/4\/2022\/10\/Captura-de-Tela-2022-10-20-a\u0300s-20.19.45-500x120.png 500w, https:\/\/sociaisaplicadas.ufpr.br\/administracao\/wp-content\/uploads\/sites\/4\/2022\/10\/Captura-de-Tela-2022-10-20-a\u0300s-20.19.45-768x185.png 768w, https:\/\/sociaisaplicadas.ufpr.br\/administracao\/wp-content\/uploads\/sites\/4\/2022\/10\/Captura-de-Tela-2022-10-20-a\u0300s-20.19.45-1024x246.png 1024w, https:\/\/sociaisaplicadas.ufpr.br\/administracao\/wp-content\/uploads\/sites\/4\/2022\/10\/Captura-de-Tela-2022-10-20-a\u0300s-20.19.45.png 1355w\" sizes=\"auto, (max-width: 421px) 100vw, 421px\" \/><\/a><\/p>\n<p><a href=\"https:\/\/sociaisaplicadas.ufpr.br\/administracao\/wp-content\/uploads\/sites\/4\/2026\/02\/MINUTA-DE-ENSALAMENTO-2026.1-1.pdf\"><img loading=\"lazy\" decoding=\"async\" class=\"alignnone wp-image-7769\" src=\"https:\/\/sociaisaplicadas.ufpr.br\/administracao\/wp-content\/uploads\/sites\/4\/2022\/10\/Captura-de-Tela-2022-10-20-a\u0300s-20.22.08-500x121.png\" alt=\"\" width=\"421\" height=\"102\" srcset=\"https:\/\/sociaisaplicadas.ufpr.br\/administracao\/wp-content\/uploads\/sites\/4\/2022\/10\/Captura-de-Tela-2022-10-20-a\u0300s-20.22.08-500x121.png 500w, https:\/\/sociaisaplicadas.ufpr.br\/administracao\/wp-content\/uploads\/sites\/4\/2022\/10\/Captura-de-Tela-2022-10-20-a\u0300s-20.22.08-768x186.png 768w, https:\/\/sociaisaplicadas.ufpr.br\/administracao\/wp-content\/uploads\/sites\/4\/2022\/10\/Captura-de-Tela-2022-10-20-a\u0300s-20.22.08-1024x248.png 1024w, https:\/\/sociaisaplicadas.ufpr.br\/administracao\/wp-content\/uploads\/sites\/4\/2022\/10\/Captura-de-Tela-2022-10-20-a\u0300s-20.22.08.png 1352w\" sizes=\"auto, (max-width: 421px) 100vw, 421px\" \/><\/a><\/p>\n<div><strong><span style=\"font-family: arial, helvetica, sans-serif\">Outras informa\u00e7\u00f5es importantes:<\/span><\/strong><\/div>\n<div><span style=\"color: #ffffff\">00<\/span><\/div>\n<div><a href=\"https:\/\/www.agtic.ufpr.br\/wp-content\/uploads\/2020\/03\/guia-teams-1-1.pdf\"><img loading=\"lazy\" decoding=\"async\" class=\"alignnone wp-image-7771\" src=\"https:\/\/sociaisaplicadas.ufpr.br\/administracao\/wp-content\/uploads\/sites\/4\/2022\/10\/Captura-de-Tela-2022-10-20-a\u0300s-20.27.52-500x121.png\" alt=\"\" width=\"422\" height=\"102\" srcset=\"https:\/\/sociaisaplicadas.ufpr.br\/administracao\/wp-content\/uploads\/sites\/4\/2022\/10\/Captura-de-Tela-2022-10-20-a\u0300s-20.27.52-500x121.png 500w, https:\/\/sociaisaplicadas.ufpr.br\/administracao\/wp-content\/uploads\/sites\/4\/2022\/10\/Captura-de-Tela-2022-10-20-a\u0300s-20.27.52-768x186.png 768w, https:\/\/sociaisaplicadas.ufpr.br\/administracao\/wp-content\/uploads\/sites\/4\/2022\/10\/Captura-de-Tela-2022-10-20-a\u0300s-20.27.52-1024x248.png 1024w, https:\/\/sociaisaplicadas.ufpr.br\/administracao\/wp-content\/uploads\/sites\/4\/2022\/10\/Captura-de-Tela-2022-10-20-a\u0300s-20.27.52.png 1344w\" sizes=\"auto, (max-width: 422px) 100vw, 422px\" \/><\/a><\/div>\n<div><span style=\"color: #ffffff\">00<\/span><\/div>\n<div><a href=\"https:\/\/ufprvirtual.ufpr.br\/\"><img loading=\"lazy\" decoding=\"async\" class=\"alignnone wp-image-7772\" src=\"https:\/\/sociaisaplicadas.ufpr.br\/administracao\/wp-content\/uploads\/sites\/4\/2022\/10\/Captura-de-Tela-2022-10-20-a\u0300s-20.29.52-500x120.png\" alt=\"\" width=\"421\" height=\"101\" srcset=\"https:\/\/sociaisaplicadas.ufpr.br\/administracao\/wp-content\/uploads\/sites\/4\/2022\/10\/Captura-de-Tela-2022-10-20-a\u0300s-20.29.52-500x120.png 500w, https:\/\/sociaisaplicadas.ufpr.br\/administracao\/wp-content\/uploads\/sites\/4\/2022\/10\/Captura-de-Tela-2022-10-20-a\u0300s-20.29.52-768x185.png 768w, https:\/\/sociaisaplicadas.ufpr.br\/administracao\/wp-content\/uploads\/sites\/4\/2022\/10\/Captura-de-Tela-2022-10-20-a\u0300s-20.29.52-1024x246.png 1024w, https:\/\/sociaisaplicadas.ufpr.br\/administracao\/wp-content\/uploads\/sites\/4\/2022\/10\/Captura-de-Tela-2022-10-20-a\u0300s-20.29.52.png 1352w\" sizes=\"auto, (max-width: 421px) 100vw, 421px\" \/><\/a><\/div>\n<div>\u00a0<span style=\"color: #ffffff\">00<\/span><\/div>\n<div><a href=\"https:\/\/ufprvirtual.ufpr.br\/course\/view.php?id=8742\"><img loading=\"lazy\" decoding=\"async\" class=\"alignnone wp-image-7773\" src=\"https:\/\/sociaisaplicadas.ufpr.br\/administracao\/wp-content\/uploads\/sites\/4\/2022\/10\/Captura-de-Tela-2022-10-20-a\u0300s-20.31.26-500x124.png\" alt=\"\" width=\"419\" height=\"104\" srcset=\"https:\/\/sociaisaplicadas.ufpr.br\/administracao\/wp-content\/uploads\/sites\/4\/2022\/10\/Captura-de-Tela-2022-10-20-a\u0300s-20.31.26-500x124.png 500w, https:\/\/sociaisaplicadas.ufpr.br\/administracao\/wp-content\/uploads\/sites\/4\/2022\/10\/Captura-de-Tela-2022-10-20-a\u0300s-20.31.26-768x191.png 768w, https:\/\/sociaisaplicadas.ufpr.br\/administracao\/wp-content\/uploads\/sites\/4\/2022\/10\/Captura-de-Tela-2022-10-20-a\u0300s-20.31.26-1024x254.png 1024w, https:\/\/sociaisaplicadas.ufpr.br\/administracao\/wp-content\/uploads\/sites\/4\/2022\/10\/Captura-de-Tela-2022-10-20-a\u0300s-20.31.26.png 1354w\" sizes=\"auto, (max-width: 419px) 100vw, 419px\" \/><\/a><\/div>\n<div>\u00a0<span style=\"color: #ffffff\">00<\/span><\/div>\n<div><a href=\"https:\/\/intranet.ufpr.br\/intranet\/public\/principal.action\"><img loading=\"lazy\" decoding=\"async\" class=\"alignnone wp-image-7774\" src=\"https:\/\/sociaisaplicadas.ufpr.br\/administracao\/wp-content\/uploads\/sites\/4\/2022\/10\/Captura-de-Tela-2022-10-20-a\u0300s-20.32.35-500x122.png\" alt=\"\" width=\"418\" height=\"102\" srcset=\"https:\/\/sociaisaplicadas.ufpr.br\/administracao\/wp-content\/uploads\/sites\/4\/2022\/10\/Captura-de-Tela-2022-10-20-a\u0300s-20.32.35-500x122.png 500w, https:\/\/sociaisaplicadas.ufpr.br\/administracao\/wp-content\/uploads\/sites\/4\/2022\/10\/Captura-de-Tela-2022-10-20-a\u0300s-20.32.35-768x187.png 768w, https:\/\/sociaisaplicadas.ufpr.br\/administracao\/wp-content\/uploads\/sites\/4\/2022\/10\/Captura-de-Tela-2022-10-20-a\u0300s-20.32.35-1024x249.png 1024w, https:\/\/sociaisaplicadas.ufpr.br\/administracao\/wp-content\/uploads\/sites\/4\/2022\/10\/Captura-de-Tela-2022-10-20-a\u0300s-20.32.35.png 1357w\" sizes=\"auto, (max-width: 418px) 100vw, 418px\" \/><\/a><\/div>\n<div>\u00a0<span style=\"color: #ffffff\">00<\/span><\/div>\n<div>\u00a0<\/div>\n<div>\n<p><a href=\"https:\/\/sociaisaplicadas.ufpr.br\/administracao\/wp-content\/uploads\/sites\/4\/2026\/03\/SEI_23075.070803_2025_10-7.pdf\"><strong>FICHAS 2 &#8211; <\/strong><\/a><strong><a href=\"https:\/\/sociaisaplicadas.ufpr.br\/administracao\/wp-content\/uploads\/sites\/4\/2026\/03\/SEI_23075.070803_2025_10-7.pdf\">CLIQUE AQUI PARA ACESSO AO ARQUIVO PDF<\/a> &#8211; <span style=\"color: #ff0000\">atualizado em 06\/03\/2026<\/span><\/strong><\/p>\n<p>&gt; TODAS AS FICHAS DISPONIBILIZADAS PELOS DOCENTES EST\u00c3O NESTE ARQUIVO.<\/p>\n<p>&gt; PARA LOCALIZAR A DISCIPLINA\/TURMA DESEJADA FA\u00c7A BUSCA UTILIZANDO O COMANDO &#8220;<strong>Ctrl F<\/strong>&#8221;\u00a0 PREENCHA A JANELA DE BUSCA COM O C\u00d3DIGO OU NOME DA DISCIPLINA.<\/p>\n<p>&gt; AS DISCIPLINAS QUE N\u00c3O CONSTAM AGUARDAM ENVIO PELO DOCENTE.\u00a0<\/p>\n<\/div>\n<div>\u00a0<\/div>\n<div>\u00a0<\/div>\n\n","protected":false},"excerpt":{"rendered":"<p>AJUSTE DE MATR\u00cdCULAS &#8211; FASE 2 &#8211; VAGAS REMANESCENTES Destina-se exclusivamente \u00e0 solicita\u00e7\u00e3o de matr\u00edculas em vagas dispon\u00edveis. Na hip\u00f3tese de solicita\u00e7\u00e3o de mais de uma disciplina, orienta-se que os pedidos sejam registrados em ordem de prioridade, da maior para a menor necessidade. \u00a0 N\u00e3o ser\u00e3o analisadas disciplinas que envolvam conflito de hor\u00e1rio ou que [&hellip;]<\/p>\n","protected":false},"author":2783,"featured_media":0,"parent":0,"menu_order":0,"comment_status":"closed","ping_status":"closed","template":"","meta":{"_acf_changed":false,"footnotes":""},"class_list":["post-4157","page","type-page","status-publish","hentry"],"acf":[],"_links":{"self":[{"href":"https:\/\/sociaisaplicadas.ufpr.br\/administracao\/wp-json\/wp\/v2\/pages\/4157","targetHints":{"allow":["GET"]}}],"collection":[{"href":"https:\/\/sociaisaplicadas.ufpr.br\/administracao\/wp-json\/wp\/v2\/pages"}],"about":[{"href":"https:\/\/sociaisaplicadas.ufpr.br\/administracao\/wp-json\/wp\/v2\/types\/page"}],"author":[{"embeddable":true,"href":"https:\/\/sociaisaplicadas.ufpr.br\/administracao\/wp-json\/wp\/v2\/users\/2783"}],"replies":[{"embeddable":true,"href":"https:\/\/sociaisaplicadas.ufpr.br\/administracao\/wp-json\/wp\/v2\/comments?post=4157"}],"version-history":[{"count":574,"href":"https:\/\/sociaisaplicadas.ufpr.br\/administracao\/wp-json\/wp\/v2\/pages\/4157\/revisions"}],"predecessor-version":[{"id":12318,"href":"https:\/\/sociaisaplicadas.ufpr.br\/administracao\/wp-json\/wp\/v2\/pages\/4157\/revisions\/12318"}],"wp:attachment":[{"href":"https:\/\/sociaisaplicadas.ufpr.br\/administracao\/wp-json\/wp\/v2\/media?parent=4157"}],"curies":[{"name":"wp","href":"https:\/\/api.w.org\/{rel}","templated":true}]}}