{"id":5085,"date":"2021-02-04T22:06:27","date_gmt":"2021-02-04T22:06:27","guid":{"rendered":"https:\/\/sociaisaplicadas.ufpr.br\/administracao\/?page_id=5085"},"modified":"2021-02-16T00:35:26","modified_gmt":"2021-02-16T00:35:26","slug":"setores_e_empresas","status":"publish","type":"page","link":"https:\/\/sociaisaplicadas.ufpr.br\/administracao\/setores_e_empresas\/","title":{"rendered":"Hist\u00f3rico: setores e empresas"},"content":{"rendered":"<p><img loading=\"lazy\" decoding=\"async\" class=\"alignnone size-full wp-image-5309\" src=\"https:\/\/sociaisaplicadas.ufpr.br\/administracao\/wp-content\/uploads\/sites\/4\/2021\/02\/historico_ESTAGIO.png\" alt=\"\" width=\"400\" height=\"100\" \/><img loading=\"lazy\" decoding=\"async\" class=\"alignnone size-full wp-image-5319\" src=\"https:\/\/sociaisaplicadas.ufpr.br\/administracao\/wp-content\/uploads\/sites\/4\/2021\/02\/imagem_ESTAGIO_3.png\" alt=\"\" width=\"400\" height=\"100\" \/><\/p>\n<p style=\"text-align: left\"><span style=\"font-family: helvetica, arial, sans-serif;font-size: 24px\"><strong>A atua\u00e7\u00e3o de nossos alunos em est\u00e1gio obrigat\u00f3rio e n\u00e3o-obrigat\u00f3rio \u00e9 multisetorial<br \/>\n<\/strong><\/span><span style=\"font-family: arial, helvetica, sans-serif;font-size: 16px\">Nossos alunos fazem est\u00e1gio obrigat\u00f3rio e n\u00e3o obrigat\u00f3rio em empresas p\u00fablicas, privadas, funda\u00e7\u00f5es e associa\u00e7\u00f5es de diversos setores, dentre esses: turismo, sa\u00fade, alimenta\u00e7\u00e3o, log\u00edstica, pesquisa de mercado, agropecu\u00e1ria, microcr\u00e9dito, constru\u00e7\u00e3o, engenharia, importa\u00e7\u00e3o e exporta\u00e7\u00e3o, medicamentos, seguros, advocacia, varejo, consultoria e assessoria, inclus\u00e3o social, educa\u00e7\u00e3o, moda, financeiro, automa\u00e7\u00e3o e tecnologia de informa\u00e7\u00e3o, ind\u00fastria, energia, gest\u00e3o p\u00fablica, arquitetura, opera\u00e7\u00f5es militares, comunica\u00e7\u00e3o social, saneamento, transportes, contabilidade, cooperativismo, telecomunica\u00e7\u00f5es, esportes, gest\u00e3o de recursos humanos, design, produ\u00e7\u00e3o editorial, autom\u00f3veis, previd\u00eancia e assist\u00eancia social, inform\u00e1tica, com\u00e9rcio, publicidade e propaganda, automa\u00e7\u00e3o, inform\u00e1tica, gest\u00e3o ambiental, empreendimentos imobili\u00e1rios, auditoria, com\u00e9rcio eletr\u00f4nico, cosm\u00e9ticos, cultura, marketing, urbaniza\u00e7\u00e3o.<br \/>\n<\/span><\/p>\n<p style=\"text-align: left\"><strong><span style=\"font-family: helvetica, arial, sans-serif;font-size: 20px\">Algumas organiza\u00e7\u00f5es de destaque internacional, nacional e regional nas quais nossos alunos realizam est\u00e1gio:<\/span><\/strong><\/p>\n<p><img loading=\"lazy\" decoding=\"async\" class=\"alignleft wp-image-5180\" src=\"https:\/\/sociaisaplicadas.ufpr.br\/administracao\/wp-content\/uploads\/sites\/4\/2021\/02\/logos_estagio_2015_2020_PORTRAIT2.jpg\" alt=\"\" width=\"600\" height=\"1363\" srcset=\"https:\/\/sociaisaplicadas.ufpr.br\/administracao\/wp-content\/uploads\/sites\/4\/2021\/02\/logos_estagio_2015_2020_PORTRAIT2.jpg 1165w, https:\/\/sociaisaplicadas.ufpr.br\/administracao\/wp-content\/uploads\/sites\/4\/2021\/02\/logos_estagio_2015_2020_PORTRAIT2-220x500.jpg 220w, https:\/\/sociaisaplicadas.ufpr.br\/administracao\/wp-content\/uploads\/sites\/4\/2021\/02\/logos_estagio_2015_2020_PORTRAIT2-768x1744.jpg 768w, https:\/\/sociaisaplicadas.ufpr.br\/administracao\/wp-content\/uploads\/sites\/4\/2021\/02\/logos_estagio_2015_2020_PORTRAIT2-451x1024.jpg 451w\" sizes=\"auto, (max-width: 600px) 100vw, 600px\" \/><\/p>\n<p><span style=\"font-family: helvetica, arial, sans-serif\"><em><span style=\"font-size: 12px\">Fonte dos dados: COE, Relat\u00f3rios de est\u00e1gio de 2015 a 2020.\u00a0<\/span><\/em><\/span><\/p>\n<p>&nbsp;<\/p>\n<p>&nbsp;<\/p>\n<p>&nbsp;<\/p>\n<p>&nbsp;<\/p>\n","protected":false},"excerpt":{"rendered":"<p>A atua\u00e7\u00e3o de nossos alunos em est\u00e1gio obrigat\u00f3rio e n\u00e3o-obrigat\u00f3rio \u00e9 multisetorial Nossos alunos fazem est\u00e1gio obrigat\u00f3rio e n\u00e3o obrigat\u00f3rio em empresas p\u00fablicas, privadas, funda\u00e7\u00f5es e associa\u00e7\u00f5es de diversos setores, dentre esses: turismo, sa\u00fade, alimenta\u00e7\u00e3o, log\u00edstica, pesquisa de mercado, agropecu\u00e1ria, microcr\u00e9dito, constru\u00e7\u00e3o, engenharia, importa\u00e7\u00e3o e exporta\u00e7\u00e3o, medicamentos, seguros, advocacia, varejo, consultoria e assessoria, inclus\u00e3o social, [&hellip;]<\/p>\n","protected":false},"author":2805,"featured_media":0,"parent":0,"menu_order":0,"comment_status":"closed","ping_status":"closed","template":"","meta":{"_acf_changed":false,"footnotes":""},"class_list":["post-5085","page","type-page","status-publish","hentry"],"acf":[],"_links":{"self":[{"href":"https:\/\/sociaisaplicadas.ufpr.br\/administracao\/wp-json\/wp\/v2\/pages\/5085","targetHints":{"allow":["GET"]}}],"collection":[{"href":"https:\/\/sociaisaplicadas.ufpr.br\/administracao\/wp-json\/wp\/v2\/pages"}],"about":[{"href":"https:\/\/sociaisaplicadas.ufpr.br\/administracao\/wp-json\/wp\/v2\/types\/page"}],"author":[{"embeddable":true,"href":"https:\/\/sociaisaplicadas.ufpr.br\/administracao\/wp-json\/wp\/v2\/users\/2805"}],"replies":[{"embeddable":true,"href":"https:\/\/sociaisaplicadas.ufpr.br\/administracao\/wp-json\/wp\/v2\/comments?post=5085"}],"version-history":[{"count":36,"href":"https:\/\/sociaisaplicadas.ufpr.br\/administracao\/wp-json\/wp\/v2\/pages\/5085\/revisions"}],"predecessor-version":[{"id":5338,"href":"https:\/\/sociaisaplicadas.ufpr.br\/administracao\/wp-json\/wp\/v2\/pages\/5085\/revisions\/5338"}],"wp:attachment":[{"href":"https:\/\/sociaisaplicadas.ufpr.br\/administracao\/wp-json\/wp\/v2\/media?parent=5085"}],"curies":[{"name":"wp","href":"https:\/\/api.w.org\/{rel}","templated":true}]}}