{"id":5149,"date":"2021-02-05T12:56:51","date_gmt":"2021-02-05T12:56:51","guid":{"rendered":"https:\/\/sociaisaplicadas.ufpr.br\/administracao\/?page_id=5149"},"modified":"2021-02-16T00:20:25","modified_gmt":"2021-02-16T00:20:25","slug":"perguntas-frequentes","status":"publish","type":"page","link":"https:\/\/sociaisaplicadas.ufpr.br\/administracao\/perguntas-frequentes\/","title":{"rendered":"Perguntas frequentes"},"content":{"rendered":"<p><img loading=\"lazy\" decoding=\"async\" class=\"alignnone size-full wp-image-5276\" src=\"https:\/\/sociaisaplicadas.ufpr.br\/administracao\/wp-content\/uploads\/sites\/4\/2021\/02\/perguntas_frequentes-1.png\" alt=\"\" width=\"400\" height=\"100\" \/><img loading=\"lazy\" decoding=\"async\" class=\"alignnone size-full wp-image-5321\" src=\"https:\/\/sociaisaplicadas.ufpr.br\/administracao\/wp-content\/uploads\/sites\/4\/2021\/02\/imagem_ESTAGIO_4.png\" alt=\"\" width=\"400\" height=\"100\" \/><\/p>\n<p><span style=\"font-family: helvetica, arial, sans-serif;font-size: 24px\"><strong>1.O que \u00e9 o est\u00e1gio curricular obrigat\u00f3rio? Para que serve?<\/strong><\/span><\/p>\n<p><span style=\"font-family: helvetica, arial, sans-serif\">O est\u00e1gio curricular obrigat\u00f3rio \u00e9 uma disciplina do curso de Administra\u00e7\u00e3o da UFPR. Est\u00e1 previsto no projeto pedag\u00f3gico do curso e \u00e9 uma exig\u00eancia da Lei. Portanto, o estudante do curso dever\u00e1 cursar tal disciplina independentemente se j\u00e1 exerce atividade profissional correlata. A disciplina de est\u00e1gio obrigat\u00f3rio serve para promover maior aprendizado e compet\u00eancia profissional, por meio da aplica\u00e7\u00e3o dos conhecimentos adquiridos em um Projeto de Desenvolvimento Organizacional.<\/span><\/p>\n<p><span style=\"font-family: helvetica, arial, sans-serif;font-size: 24px\"><strong>2.Quando posso fazer o est\u00e1gio curricular obrigat\u00f3rio?<\/strong><\/span><\/p>\n<p><span style=\"font-family: helvetica, arial, sans-serif\">O est\u00e1gio curricular obrigat\u00f3rio pode ser realizado pelo estudante a partir do da integraliza\u00e7\u00e3o de todas as disciplinas do primeiro per\u00edodo mais a disciplina SA047 Fundamentos de Gest\u00e3o Organizacional. A COE fortemente recomenda que o est\u00e1gio seja realizado at\u00e9 o <strong>s\u00e9timo per\u00edodo<\/strong> para evitar que qualquer perda de prazo ou imprevisto impe\u00e7a o aluno de terminar o curso.<\/span><\/p>\n<p><span style=\"font-family: helvetica, arial, sans-serif;font-size: 24px\"><strong>3.Em quais condi\u00e7\u00f5es posso fazer o Est\u00e1gio Obrigat\u00f3rio? Preciso ser estagi\u00e1rio?<\/strong><\/span><\/p>\n<p><span style=\"font-family: helvetica, arial, sans-serif\">Voc\u00ea pode desenvolver o projeto associado ao est\u00e1gio obrigat\u00f3rio em seis condi\u00e7\u00f5es poss\u00edveis:<\/span><\/p>\n<ul>\n<li><span style=\"font-family: helvetica, arial, sans-serif\">Estagi\u00e1rio<\/span><\/li>\n<li><span style=\"font-family: helvetica, arial, sans-serif\">Empregado em Empresa Privada<\/span><\/li>\n<li><span style=\"font-family: helvetica, arial, sans-serif\">Funcion\u00e1rio em Organiza\u00e7\u00e3o P\u00fablica<\/span><\/li>\n<li><span style=\"font-family: helvetica, arial, sans-serif\">Propriet\u00e1rio ou s\u00f3cio de uma empresa<\/span><\/li>\n<li><span style=\"font-family: helvetica, arial, sans-serif\">Microempreendedor Individual<\/span><\/li>\n<li><span style=\"font-family: helvetica, arial, sans-serif\">Volunt\u00e1rio em Organiza\u00e7\u00e3o do Terceiro Setor<\/span><\/li>\n<\/ul>\n<p><span style=\"font-family: helvetica, arial, sans-serif;font-size: 24px\"><strong>4.Qual o procedimento para fazer a matr\u00edcula na disciplina de est\u00e1gio obrigat\u00f3rio?<\/strong><\/span><\/p>\n<p><span style=\"font-family: helvetica, arial, sans-serif\">A matr\u00edcula na disciplina Est\u00e1gio Obrigat\u00f3rio n\u00e3o \u00e9 feita pelo portal, mas solicitada para a COE, que vai conferir a documenta\u00e7\u00e3o, solicitar a matr\u00edcula do estudante junto a coordena\u00e7\u00e3o e atribuir a ele ou ela um professor orientador. Pedidos de matr\u00edcula com documenta\u00e7\u00e3o errada ou incompleta levar\u00e3o ao indeferimento do pedido do estudante. O procedimento detalhado de como pedir junto a COE e a documenta\u00e7\u00e3o atinente est\u00e1 descrito no edital de est\u00e1gio obrigat\u00f3rio v\u00e1lido para o semestre em que o aluno quer fazer o est\u00e1gio. O edital pode ser consultado no site do curso\/est\u00e1gio.<\/span><\/p>\n<p><span style=\"font-family: helvetica, arial, sans-serif;font-size: 24px\"><strong>5.Qual a fun\u00e7\u00e3o da COE?<\/strong><\/span><\/p>\n<p><span style=\"font-family: helvetica, arial, sans-serif\">A Comiss\u00e3o Orientadora de Est\u00e1gios \u00e9 um \u00f3rg\u00e3o do colegiado do curso de Administra\u00e7\u00e3o e \u00e9 respons\u00e1vel pela verifica\u00e7\u00e3o da adequa\u00e7\u00e3o da documenta\u00e7\u00e3o apresentada pelos estudantes. A descri\u00e7\u00e3o da documenta\u00e7\u00e3o necess\u00e1ria para disciplina de est\u00e1gio obrigat\u00f3rio est\u00e1 contida no regulamento do est\u00e1gio.<\/span><\/p>\n<p><span style=\"font-family: helvetica, arial, sans-serif;font-size: 24px\"><strong>6.Eu j\u00e1 fiz v\u00e1rios est\u00e1gios n\u00e3o obrigat\u00f3rios. Ainda assim preciso fazer o est\u00e1gio curricular obrigat\u00f3rio?<\/strong><\/span><\/p>\n<p><span style=\"font-family: helvetica, arial, sans-serif\">Sim, o est\u00e1gio curricular obrigat\u00f3rio \u00e9 uma disciplina do curso enquanto os est\u00e1gios n\u00e3o obrigat\u00f3rios s\u00e3o atividades realizadas pelo estudante por sua pr\u00f3pria iniciativa. Eles, embora sejam relacionados, possuem naturezas diferentes. Um deles (est\u00e1gio obrigat\u00f3rio) consta do projeto pedag\u00f3gico do curso e \u00e9 obrigat\u00f3rio por lei. O outro (n\u00e3o obrigat\u00f3rio) n\u00e3o est\u00e1 previsto no projeto pedag\u00f3gico e trata-se de atividade complementar, desde que devidamente comprovado e aprovado pela Coordena\u00e7\u00e3o Geral de Est\u00e1gios.<\/span><\/p>\n<p><span style=\"font-family: helvetica, arial, sans-serif;font-size: 24px\"><strong>7.O est\u00e1gio obrigat\u00f3rio reprova?<\/strong><\/span><\/p>\n<p><span style=\"font-family: helvetica, arial, sans-serif\">Sim. A reprova\u00e7\u00e3o pode acontecer em diversos casos. Entre os mais comuns podem ser citados: i) julgamento do professor orientador em caso de considerar que a proposta apresentada esteja diferente da orienta\u00e7\u00e3o fornecida; ii) n\u00e3o comparecimento do estudante \u00e0s orienta\u00e7\u00f5es, mesmo em caso de apresenta\u00e7\u00e3o de uma proposta ou projeto pronto; iii) estudante n\u00e3o desenvolve ou n\u00e3o entrega os relat\u00f3rios pedidos no Edital de Est\u00e1gio Obrigat\u00f3rio; iv) aluno n\u00e3o consegue cumprir as 300 horas do projeto em uma mesma organiza\u00e7\u00e3o.<\/span><\/p>\n","protected":false},"excerpt":{"rendered":"<p>1.O que \u00e9 o est\u00e1gio curricular obrigat\u00f3rio? Para que serve? O est\u00e1gio curricular obrigat\u00f3rio \u00e9 uma disciplina do curso de Administra\u00e7\u00e3o da UFPR. Est\u00e1 previsto no projeto pedag\u00f3gico do curso e \u00e9 uma exig\u00eancia da Lei. Portanto, o estudante do curso dever\u00e1 cursar tal disciplina independentemente se j\u00e1 exerce atividade profissional correlata. A disciplina de [&hellip;]<\/p>\n","protected":false},"author":2805,"featured_media":0,"parent":0,"menu_order":0,"comment_status":"closed","ping_status":"closed","template":"","meta":{"_acf_changed":false,"footnotes":""},"class_list":["post-5149","page","type-page","status-publish","hentry"],"acf":[],"_links":{"self":[{"href":"https:\/\/sociaisaplicadas.ufpr.br\/administracao\/wp-json\/wp\/v2\/pages\/5149","targetHints":{"allow":["GET"]}}],"collection":[{"href":"https:\/\/sociaisaplicadas.ufpr.br\/administracao\/wp-json\/wp\/v2\/pages"}],"about":[{"href":"https:\/\/sociaisaplicadas.ufpr.br\/administracao\/wp-json\/wp\/v2\/types\/page"}],"author":[{"embeddable":true,"href":"https:\/\/sociaisaplicadas.ufpr.br\/administracao\/wp-json\/wp\/v2\/users\/2805"}],"replies":[{"embeddable":true,"href":"https:\/\/sociaisaplicadas.ufpr.br\/administracao\/wp-json\/wp\/v2\/comments?post=5149"}],"version-history":[{"count":7,"href":"https:\/\/sociaisaplicadas.ufpr.br\/administracao\/wp-json\/wp\/v2\/pages\/5149\/revisions"}],"predecessor-version":[{"id":5323,"href":"https:\/\/sociaisaplicadas.ufpr.br\/administracao\/wp-json\/wp\/v2\/pages\/5149\/revisions\/5323"}],"wp:attachment":[{"href":"https:\/\/sociaisaplicadas.ufpr.br\/administracao\/wp-json\/wp\/v2\/media?parent=5149"}],"curies":[{"name":"wp","href":"https:\/\/api.w.org\/{rel}","templated":true}]}}