{"id":5194,"date":"2021-02-15T13:34:58","date_gmt":"2021-02-15T13:34:58","guid":{"rendered":"https:\/\/sociaisaplicadas.ufpr.br\/administracao\/?page_id=5194"},"modified":"2025-03-31T10:50:45","modified_gmt":"2025-03-31T10:50:45","slug":"estagio-nao-obrigatorio","status":"publish","type":"page","link":"https:\/\/sociaisaplicadas.ufpr.br\/administracao\/estagio-nao-obrigatorio\/","title":{"rendered":"Est\u00e1gio n\u00e3o-obrigat\u00f3rio"},"content":{"rendered":"<p><img loading=\"lazy\" decoding=\"async\" class=\"alignnone size-full wp-image-5306\" src=\"https:\/\/sociaisaplicadas.ufpr.br\/administracao\/wp-content\/uploads\/sites\/4\/2021\/02\/estagio_nao_obrigatorio-2.png\" alt=\"\" width=\"400\" height=\"100\" \/><img loading=\"lazy\" decoding=\"async\" class=\"alignnone size-full wp-image-5314\" src=\"https:\/\/sociaisaplicadas.ufpr.br\/administracao\/wp-content\/uploads\/sites\/4\/2021\/02\/imagem_ESTAGIO_2.png\" alt=\"\" width=\"400\" height=\"100\" \/><\/p>\n<ol>\n<li><span style=\"color: #000000;font-family: arial, helvetica, sans-serif\">Para se inscrever no Est\u00e1gio N\u00e3o Obrigat\u00f3rio, <strong>acesse<\/strong> o link abaixo correspondente \u00e0 \u00e1rea do est\u00e1gio e <strong>preencha <\/strong>o formul\u00e1rio.\u00a0<\/span><span style=\"font-family: arial, helvetica, sans-serif\"><span style=\"color: #000000\">Em caso de d\u00favidas sobre a \u00e1rea do est\u00e1gio, consulte o artigo 16 do<\/span>\u00a0<strong><a href=\"https:\/\/sociaisaplicadas.ufpr.br\/administracao\/wp-content\/uploads\/sites\/4\/2019\/02\/REGULAMENTO-DOS-EST%C3%81GIOS.pdf\">Regulamento dos Est\u00e1gios<\/a><\/strong><\/span><\/li>\n<li><span style=\"color: #000000;font-family: arial, helvetica, sans-serif\">Ser\u00e1 enviado um e-mail para voc\u00ea com o formul\u00e1rio preenchido,\u00a0<b>contendo o nome do professor(a) orientador(a). <\/b>Voc\u00ea dever\u00e1 salv\u00e1-lo em\u00a0<b>PDF<\/b>\u00a0e encaminhar para o e-mail da secretaria (cursoadm@ufpr.br) com os demais documentos do seu est\u00e1gio.\u00a0<\/span><\/li>\n<li><span style=\"color: #000000;font-family: arial, helvetica, sans-serif\"> A lota\u00e7\u00e3o do professor(a) orientador(a) \u00e9 <strong>Departamento de Administra\u00e7\u00e3o Geral e Aplicada da UFPR<\/strong> e telefone para contato \u00e9 o <strong>3360-4360 <\/strong>e o e-mail de contato \u00e9 o<strong> daga@ufpr.br<\/strong>.<\/span><\/li>\n<li>\n<div><span style=\"color: #333333\">O formul\u00e1rio deve ser encaminhamento juntamente com o Termo\/Contrato de Est\u00e1gio (vide orienta\u00e7\u00f5es abaixo)<\/span><\/div>\n<\/li>\n<\/ol>\n<div><b style=\"font-family: arial, helvetica, sans-serif\"><\/b><b style=\"font-family: arial, helvetica, sans-serif\">OBS<\/b><span style=\"font-family: arial, helvetica, sans-serif\">.:\u00a0<\/span><span style=\"color: #ff0000\"><b>N\u00e3o ser\u00e3o aceitos termos\/contratos em que o hor\u00e1rio de est\u00e1gio coincide com o turno do curso.<\/b><\/span><\/div>\n<ul>\n<li><span style=\"font-family: arial, helvetica, sans-serif\"><strong><a href=\"https:\/\/goo.gl\/forms\/v4hlIdjEGZGbpsCt1\" target=\"_blank\" rel=\"noopener\">ADMINISTRA\u00c7\u00c3O GERAL<\/a><\/strong><\/span><\/li>\n<li><span style=\"font-family: arial, helvetica, sans-serif\"><strong><a href=\"https:\/\/goo.gl\/forms\/m1EhtsLlu2QmVmcH2\" target=\"_blank\" rel=\"noopener\">MARKETING<\/a><\/strong><\/span><\/li>\n<li><span style=\"font-family: arial, helvetica, sans-serif\"><strong><a href=\"https:\/\/goo.gl\/forms\/DPZWkDaMYij5YnOj1\" target=\"_blank\" rel=\"noopener\">GEST\u00c3O DE PESSOAS<\/a><\/strong><\/span><\/li>\n<li><span style=\"font-family: arial, helvetica, sans-serif\"><strong><a href=\"https:\/\/goo.gl\/forms\/NfWOgpNku2bu7Cw52\" target=\"_blank\" rel=\"noopener\">FINAN\u00c7AS<\/a><\/strong><\/span><\/li>\n<li><span style=\"font-family: arial, helvetica, sans-serif\"><strong><a href=\"https:\/\/goo.gl\/forms\/X8Fang9IBWe8RusC2\" target=\"_blank\" rel=\"noopener\">OPERA\u00c7\u00d5ES E LOG\u00cdSTICA<\/a><\/strong><\/span><\/li>\n<\/ul>\n<p><span style=\"font-family: arial, helvetica, sans-serif;color: #800080\"><strong>\u00a0TERMO\/CONTRATO DE EST\u00c1GIO:<\/strong><\/span><\/p>\n<p><span style=\"font-family: arial, helvetica, sans-serif\"><span style=\"color: #000000\">\u00c9 o principal documento que rege a rela\u00e7\u00e3o de est\u00e1gio entre o estudante, a unidade concedente e a institui\u00e7\u00e3o de ensino. O preenchimento e a assinatura do TCE s\u00e3o obrigat\u00f3rios para qualquer tipo\u00a0<\/span><span style=\"color: #000000\">de est\u00e1gio (Lei Federal 11.788\/08).<\/span><\/span><\/p>\n<p><span style=\"color: #000000;font-family: arial, helvetica, sans-serif\"><strong>Para proceder o encaminhamento voc\u00ea deve nos enviar:<\/strong><\/span><\/p>\n<ol>\n<li><span style=\"color: #000000;font-family: arial, helvetica, sans-serif\">Formul\u00e1rio Google preenchido cadastrando o seu est\u00e1gio, conforme descrito acima.\u00a0\u00a0<\/span><\/li>\n<li><span style=\"color: #000000;font-family: arial, helvetica, sans-serif\">O Termo de Est\u00e1gio (Contrato), com data de in\u00edcio em tempo h\u00e1bil, assinado por voc\u00ea e pela empresa &#8211; em\u00a0<b>arquivo PDF;\u00a0<\/b>ser\u00e3o aceitas assinaturas eletr\u00f4nicas. Se necessitar de um modelo de formul\u00e1rio acesse este<span style=\"color: #333399\"><strong> <a style=\"color: #333399\" href=\"http:\/\/www.prograd.ufpr.br\/estagio\/formularios\/respostas\/resp_1.php\">link<\/a><\/strong><\/span> para o formul\u00e1rio da PROGRAD.\u00a0<\/span><\/li>\n<li><span style=\"color: #000000;font-family: arial, helvetica, sans-serif\">O envio deve ser feito para o e-mail\u00a0<strong><a style=\"color: #000000\" href=\"mailto:cursoadm@ufpr.br\" target=\"_blank\" rel=\"noopener noreferrer\">cursoadm@ufpr.br<\/a><\/strong><\/span><\/li>\n<li><span style=\"color: #000000\">\u00a0<\/span><span style=\"font-family: arial, helvetica, sans-serif\"><span style=\"color: #000000\">O Aluno deve protocolar as vias do contrato de est\u00e1gio para assinaturas com no m\u00ednimo<\/span> <span style=\"color: #ff0000\"><strong>7 (sete) dias \u00fateis de anteced\u00eancia a data de in\u00edcio<\/strong><\/span> <span style=\"color: #000000\">do est\u00e1gio para que haja tempo h\u00e1bil para coleta de assinaturas. (art.34 do Regulamento de Est\u00e1gio)<\/span><\/span><\/li>\n<\/ol>\n<p><span style=\"color: #800080;font-family: arial, helvetica, sans-serif\"><strong>RELAT\u00d3RIO DE EST\u00c1GIO\u00a0<\/strong><\/span><\/p>\n<p class=\"Texto_Justificado\"><span style=\"color: #000000;font-family: arial, helvetica, sans-serif\">A Lei Federal 11.799\/08, que regulamenta a realiza\u00e7\u00e3o de est\u00e1gios, a apresenta\u00e7\u00e3o de\u00a0Relat\u00f3rio de Est\u00e1gio\u00a0<strong>\u00e9 uma a\u00e7\u00e3o indispens\u00e1vel por parte do estudante<\/strong>\u00a0para a comprova\u00e7\u00e3o das\u00a0atividades realizadas e deve ser encaminhada\u00a0<b>a cada 6 meses<\/b>\u00a0<b>e no encerramento<\/b>\u00a0das atividades de est\u00e1gio.<\/span><\/p>\n<p><span style=\"font-family: arial, helvetica, sans-serif\"><b>ATEN\u00c7\u00c3O:<\/b><i><b><span style=\"color: #ff0000\"> Os alunos que n\u00e3o entregarem seus relat\u00f3rios n\u00e3o poder\u00e3o prorrogar seus seus\u00a0est\u00e1gios<\/span><\/b><span style=\"color: #ff0000\">,<strong> tampouco tramitarem novo termo de\u00a0est\u00e1gio enquanto n\u00e3o regularizarem suas pend\u00eancias<\/strong><\/span><\/i><span style=\"color: #ff0000\"><strong>.<\/strong><\/span><\/span><\/p>\n<p><span style=\"color: #000000;font-family: arial, helvetica, sans-serif\"><strong>Para proceder o encaminhamento voc\u00ea deve nos enviar<\/strong><\/span><\/p>\n<ol>\n<li><span style=\"color: #000000;font-family: arial, helvetica, sans-serif\">O\u00a0<b>N\u00famero do processo SEI, <\/b>o qual\u00a0pode ser encontrado no e-mail da devolutiva da Secretaria da Coordena\u00e7\u00e3o do Curso de Administra\u00e7\u00e3o do termo\/contrato inicial ou\u00a0<b>despacho de deferimento<\/b>\u00a0do seu est\u00e1gio.<\/span><\/li>\n<li><span style=\"font-family: arial, helvetica, sans-serif\"><span style=\"color: #000000\">Relat\u00f3rio de Est\u00e1gio<span style=\"color: #000000;font-family: arial, helvetica, sans-serif\"><b>\u00a0<\/b>assinado por voc\u00ea e pelo supervisor da empresa contratante<\/span> &#8211; em\u00a0<b>arquivo PDF.\u00a0<\/b>Ser\u00e3o aceitas assinaturas eletr\u00f4nicas. Acesse este <\/span><span style=\"color: #333399\"><strong><a href=\"http:\/\/www.prograd.ufpr.br\/estagio\/formularios\/form\/relatorio_estagio.php\">link<\/a> <\/strong><\/span><span style=\"color: #000000\">\u00a0para acesso ao formul\u00e1rio da PROGRAD, caso necessite.\u00a0<\/span><\/span><\/li>\n<\/ol>\n<p><strong style=\"color: #ff0000;font-family: arial, helvetica, sans-serif\"><em>Obs.:\u00a0<\/em><\/strong><strong style=\"color: #ff0000;font-family: arial, helvetica, sans-serif\"><em>1) O per\u00edodo a que se refere o relat\u00f3rio deve ser preenchido com as datas SEMESTRAIS do est\u00e1gio, n\u00e3o com o per\u00edodo integral do est\u00e1gio. Por exemplo, est\u00e1gio com\u00a0 vig\u00eancia de 01\/01\/23 \u00e0 12\/012\/23 &#8211; relat\u00f3rio de 1\u00ba semestre de est\u00e1gio &gt; 01\/01\/23 \u00e0 01\/06\/23.\u00a0<\/em><\/strong><\/p>\n<p><strong style=\"color: #ff0000;font-family: arial, helvetica, sans-serif\"><em>2) O supervisor que assina o relat\u00f3rio de est\u00e1gio deve ser o mesmo que assina o contrato inicial de est\u00e1gio. Em caso de troca de supervisor, deve ser enviado documento oficial \u00e0 secretaria do curso, o qual ser\u00e1 anexado ao processo.<\/em><\/strong><\/p>\n<p><span style=\"color: #800080;font-family: arial, helvetica, sans-serif\"><strong>TERMO ADITIVO\u00a0<\/strong><\/span><\/p>\n<p><span style=\"font-family: arial, helvetica, sans-serif\"><span style=\"color: #000000\">\u00c9 um instrumento que altera as condi\u00e7\u00f5es do est\u00e1gio previstas originalmente no TCE. Com este documento \u00e9 poss\u00edvel solicitar prorroga\u00e7\u00e3o do prazo de est\u00e1gio (at\u00e9 o limite total de 2 anos), altera\u00e7\u00e3o de modalidade de est\u00e1gio, altera\u00e7\u00e3o de valores pagos pela concedente em caso de est\u00e1gios remunerados, etc.\u00a0<\/span><span style=\"color: #000000\">A solicita\u00e7\u00e3o de prorroga\u00e7\u00e3o de est\u00e1gio deve ser apresentada<span style=\"color: #ff0000\"> <strong>ANTES<\/strong><\/span> da data de t\u00e9rmino que consta originalmente no Termo de Compromisso de Est\u00e1gio, mediante Termo Aditivo, acompanhado do Relat\u00f3rio de Est\u00e1gio.<\/span><\/span><\/p>\n<p><span style=\"color: #000000;font-family: arial, helvetica, sans-serif\"><strong>Para proceder o encaminhamento voc\u00ea deve nos enviar:<\/strong><\/span><\/p>\n<ol>\n<li><span style=\"color: #000000;font-family: arial, helvetica, sans-serif\">O\u00a0<b>N\u00famero do processo SEI,<\/b>\u00a0o qual pode ser encontrado no e-mail da devolutiva da Secretaria da Coordena\u00e7\u00e3o do Curso de Administra\u00e7\u00e3o do termo\/contrato inicial ou\u00a0<b>despacho de deferimento<\/b>\u00a0do seu est\u00e1gio.<\/span><\/li>\n<li><span style=\"color: #000000;font-family: arial, helvetica, sans-serif\">O Termo Aditivo de Est\u00e1gio, com data de in\u00edcio em tempo h\u00e1bil, assinado por voc\u00ea e pela empresa &#8211; em\u00a0<b>arquivo PDF<\/b>, ser\u00e3o aceitas assinaturas eletr\u00f4nicas. Acesse este <a href=\"http:\/\/www.prograd.ufpr.br\/estagio\/formularios\/form\/termo_aditivo.php\"><strong><span style=\"color: #333399\">link<\/span><\/strong><\/a> \u00a0para acesso ao formul\u00e1rio da PROGRAD, caso necessite<\/span><\/li>\n<li><span style=\"color: #000000;font-family: arial, helvetica, sans-serif\">\u00c9<strong> obrigat\u00f3rio<\/strong> a anexa\u00e7\u00e3o do\u00a0<b>Relat\u00f3rio de Est\u00e1gio,<\/b>\u00a0preenchido e<b>\u00a0<\/b>assinado por voc\u00ea e pelo supervisor da empresa contratante<b>.\u00a0<\/b>Acesse este<strong><span style=\"color: #333399\">\u00a0<a href=\"http:\/\/www.prograd.ufpr.br\/estagio\/formularios\/form\/relatorio_estagio.php\">link<\/a><\/span><\/strong> para o formul\u00e1rio da PROGRAD, caso necessite.\u00a0<\/span>\n<div><span style=\"font-family: arial, helvetica, sans-serif\">\u00a0<\/span><\/div>\n<\/li>\n<\/ol>\n<p><span style=\"color: #800080;font-family: arial, helvetica, sans-serif\"><strong>RESCIS\u00c3O\u00a0\u00a0<\/strong><\/span><\/p>\n<p><span style=\"color: #000000;font-family: arial, helvetica, sans-serif\">Este documento \u00e9 utilizado quando o est\u00e1gio \u00e9 encerrado antes do prazo previsto originalmente no TCE, findando a rela\u00e7\u00e3o estudante\/concedente previamente acordada. A apresenta\u00e7\u00e3o do Termo de Rescis\u00e3o \u00e9 obrigat\u00f3ria no caso de encerramento antecipado das atividades, sob pena de incorrer em fraude a est\u00e1gio<\/span><\/p>\n<p><span style=\"color: #000000;font-family: arial, helvetica, sans-serif\"><strong>Para proceder o encaminhamento voc\u00ea deve nos enviar:<\/strong><\/span><\/p>\n<ol>\n<li><span style=\"color: #000000;font-family: arial, helvetica, sans-serif\">\u00a0<b>N\u00famero do processo SEI<\/b>, o qual pode ser encontrado no e-mail da devolutiva da Secretaria da Coordena\u00e7\u00e3o do Curso de Administra\u00e7\u00e3o do termo\/contrato inicial ou\u00a0<b>despacho de deferimento<\/b>\u00a0do seu est\u00e1gio.<\/span><\/li>\n<li><span style=\"color: #000000;font-family: arial, helvetica, sans-serif\">O Termo de Rescis\u00e3o preenchido e\u00a0assinado por voc\u00ea e pela empresa &#8211; em\u00a0<b>arquivo PDF<\/b>, ser\u00e3o aceitas assinaturas eletr\u00f4nicas. As rescis\u00f5es de est\u00e1gios via \u00f3rg\u00e3os integradores devem ser encaminhados com o Termo de Rescis\u00e3o do respectivo \u00f3rg\u00e3o.\u00a0Acesse este<strong><span style=\"color: #333399\">\u00a0<a href=\"http:\/\/www.prograd.ufpr.br\/estagio\/formularios\/form\/termo_rescisao.php\">link<\/a><\/span><\/strong>\u00a0para o formul\u00e1rio da PROGRAD, caso necessite.\u00a0 <\/span><\/li>\n<li><span style=\"font-family: arial, helvetica, sans-serif\"><span style=\"color: #000000\">\u00c9 obrigat\u00f3rio anexar o\u00a0<b>Relat\u00f3rio de Est\u00e1gio,<\/b>\u00a0preenchido e<b>\u00a0<\/b>assinado por voc\u00ea e pelo supervisor da empresa contratante<b>.\u00a0<\/b><\/span><span style=\"color: #000000\">Segue\u00a0<a href=\"http:\/\/www.prograd.ufpr.br\/estagio\/formularios\/form\/relatorio_estagio.php\"><strong><span style=\"color: #333399\">link <\/span><\/strong><\/a>para acesso do formul\u00e1rio da PROGRAD, caso necessite.<\/span><\/span><\/li>\n<li>\n<div><span style=\"color: #000000;font-family: arial, helvetica, sans-serif\">Tamb\u00e9m no\u00a0<b>encerramento do est\u00e1gio<\/b>, para fins de certifica\u00e7\u00e3o,\u00a0dever\u00e1\u00a0ser anexada\u00a0a\u00a0<b>Ficha de Avalia\u00e7\u00e3o<\/b>\u00a0preenchida e assinada pelo supervisor e aprovada pela COE, conforme modelo dispon\u00edvel neste <a href=\"http:\/\/www.prograd.ufpr.br\/estagio\/formularios\/form\/avaliacao_estagio.php\"><span style=\"color: #333399\"><strong>link<\/strong><\/span><\/a>, ap\u00f3s o encerramento do est\u00e1gio.<\/span><\/div>\n<\/li>\n<\/ol>\n<p><span style=\"color: #800080;font-family: arial, helvetica, sans-serif\"><strong>OBS<\/strong>:\u00a0<\/span><\/p>\n<ul>\n<li><span style=\"font-family: arial, helvetica, sans-serif;color: #000000\"> Em caso de d\u00favidas sobre a \u00e1rea do est\u00e1gio, consulte o artigo 16 do <span style=\"color: #333399\"><strong><a style=\"color: #333399\" href=\"https:\/\/sociaisaplicadas.ufpr.br\/administracao\/wp-content\/uploads\/sites\/4\/2019\/02\/REGULAMENTO-DOS-EST%C3%81GIOS.pdf\">Regulamento dos Est\u00e1gios<\/a><\/strong><\/span><\/span><\/li>\n<li><span style=\"font-family: arial, helvetica, sans-serif;color: #000000\">Mais informa\u00e7\u00f5es sobre o Est\u00e1gio consulte o <strong><span style=\"color: #333399\"><a style=\"color: #333399\" href=\"\/\/www.prograd.ufpr.br\/coafe\/wp-content\/uploads\/sites\/15\/2019\/08\/Manual-de-Est%C3%A1gios-Vers%C3%A3o-Final.pdf\">Manual de Est\u00e1gio<\/a><\/span><\/strong><\/span><\/li>\n<li><a href=\"http:\/\/www.prograd.ufpr.br\/estagio\/formularios\/\"><span style=\"font-family: arial, helvetica, sans-serif;color: #000000\"><span style=\"color: #333399\"><strong>Formul\u00e1rios de Est\u00e1gio<\/strong><\/span><span style=\"color: #333399\"><strong>\u00a0<\/strong><\/span><\/span><\/a><\/li>\n<li><span style=\"color: #333399;font-family: arial, helvetica, sans-serif\"><strong><a style=\"color: #333399\" href=\"http:\/\/www.prograd.ufpr.br\/coafe\/ue\/\">Site\u00a0COAFE &#8211; Unidade de Est\u00e1gios &#8211; PROGRAD\/UFPR\u00a0<\/a><\/strong><\/span><\/li>\n<li><span style=\"color: #000080;font-family: arial, helvetica, sans-serif\"><strong><a style=\"color: #000080\" href=\"http:\/\/www.planalto.gov.br\/ccivil_03\/_ato2007-2010\/2008\/lei\/l11788.htm\">Lei Federal 11.799\/08 <\/a><\/strong><\/span><\/li>\n<\/ul>\n","protected":false},"excerpt":{"rendered":"<p>Para se inscrever no Est\u00e1gio N\u00e3o Obrigat\u00f3rio, acesse o link abaixo correspondente \u00e0 \u00e1rea do est\u00e1gio e preencha o formul\u00e1rio.\u00a0Em caso de d\u00favidas sobre a \u00e1rea do est\u00e1gio, consulte o artigo 16 do\u00a0Regulamento dos Est\u00e1gios Ser\u00e1 enviado um e-mail para voc\u00ea com o formul\u00e1rio preenchido,\u00a0contendo o nome do professor(a) orientador(a). Voc\u00ea dever\u00e1 salv\u00e1-lo em\u00a0PDF\u00a0e encaminhar [&hellip;]<\/p>\n","protected":false},"author":2805,"featured_media":0,"parent":0,"menu_order":0,"comment_status":"closed","ping_status":"closed","template":"","meta":{"_acf_changed":false,"footnotes":""},"class_list":["post-5194","page","type-page","status-publish","hentry"],"acf":[],"_links":{"self":[{"href":"https:\/\/sociaisaplicadas.ufpr.br\/administracao\/wp-json\/wp\/v2\/pages\/5194","targetHints":{"allow":["GET"]}}],"collection":[{"href":"https:\/\/sociaisaplicadas.ufpr.br\/administracao\/wp-json\/wp\/v2\/pages"}],"about":[{"href":"https:\/\/sociaisaplicadas.ufpr.br\/administracao\/wp-json\/wp\/v2\/types\/page"}],"author":[{"embeddable":true,"href":"https:\/\/sociaisaplicadas.ufpr.br\/administracao\/wp-json\/wp\/v2\/users\/2805"}],"replies":[{"embeddable":true,"href":"https:\/\/sociaisaplicadas.ufpr.br\/administracao\/wp-json\/wp\/v2\/comments?post=5194"}],"version-history":[{"count":43,"href":"https:\/\/sociaisaplicadas.ufpr.br\/administracao\/wp-json\/wp\/v2\/pages\/5194\/revisions"}],"predecessor-version":[{"id":11498,"href":"https:\/\/sociaisaplicadas.ufpr.br\/administracao\/wp-json\/wp\/v2\/pages\/5194\/revisions\/11498"}],"wp:attachment":[{"href":"https:\/\/sociaisaplicadas.ufpr.br\/administracao\/wp-json\/wp\/v2\/media?parent=5194"}],"curies":[{"name":"wp","href":"https:\/\/api.w.org\/{rel}","templated":true}]}}