{"id":5200,"date":"2021-02-15T13:30:30","date_gmt":"2021-02-15T13:30:30","guid":{"rendered":"https:\/\/sociaisaplicadas.ufpr.br\/administracao\/?page_id=5200"},"modified":"2026-03-03T14:32:16","modified_gmt":"2026-03-03T14:32:16","slug":"estagio-obrigatorio-2","status":"publish","type":"page","link":"https:\/\/sociaisaplicadas.ufpr.br\/administracao\/estagio-obrigatorio-2\/","title":{"rendered":"Est\u00e1gio obrigat\u00f3rio"},"content":{"rendered":"<p><span style=\"color: #008000\"><img loading=\"lazy\" decoding=\"async\" class=\"alignnone size-full wp-image-5307\" src=\"https:\/\/sociaisaplicadas.ufpr.br\/administracao\/wp-content\/uploads\/sites\/4\/2021\/02\/estagio_obrigatorio.png\" alt=\"\" width=\"400\" height=\"100\" \/><img loading=\"lazy\" decoding=\"async\" class=\"alignnone size-full wp-image-5314\" src=\"https:\/\/sociaisaplicadas.ufpr.br\/administracao\/wp-content\/uploads\/sites\/4\/2021\/02\/imagem_ESTAGIO_2.png\" alt=\"\" width=\"400\" height=\"100\" \/><\/span><\/p>\n<p><span style=\"color: #800000\"><span style=\"color: #ff0000\"><span style=\"font-size: 24px;font-family: arial, helvetica, sans-serif\"><strong><span style=\"color: #ff0000\"><a style=\"color: #ff0000\" href=\"https:\/\/sociaisaplicadas.ufpr.br\/administracao\/wp-content\/uploads\/sites\/4\/2026\/03\/estagio-obrigatorio-2026_1-apos-recursos-1.pdf\">EDITAL COM INDICA\u00c7\u00c3O DE ORIENTADORES 2026.1 &#8211; P\u00d3S AN\u00c1LISE DE RECURSSO &#8211; 03\/03\/26 &#8211; CLIQUE AQUI<\/a><\/span><\/strong><\/span><\/span><br \/>\n<\/span><\/p>\n<p style=\"text-align: left\"><span style=\"color: #000000;font-size: 24px;font-family: arial, helvetica, sans-serif\"><strong>EDITAL DE EST\u00c1GIO OBRIGAT\u00d3RIO 2026.1<\/strong><\/span><\/p>\n<p><span style=\"font-family: arial, helvetica, sans-serif\"><strong><span style=\"color: #000000\"><span style=\"font-size: 20px\">\u00a0<\/span><span style=\"font-size: 20px\">1.\u00a0\u00a0\u00a0 REQUISITOS M\u00cdNIMOS\u00a0<\/span><\/span><\/strong><\/span><\/p>\n<ol style=\"list-style-type: lower-alpha\">\n<li><span style=\"color: #000000;font-family: arial, helvetica, sans-serif\">Ser aluno regularmente matriculado no Curso de Administra\u00e7\u00e3o da Universidade Federal do Paran\u00e1.<\/span><\/li>\n<li><span style=\"color: #000000\"><span style=\"font-family: arial, helvetica, sans-serif\"><span style=\"color: #800000\">Aprova\u00e7\u00e3o em 10% da integraliza\u00e7\u00e3o curricular das disciplinas, que corresponde a 300 para alunos pertencentes ao curr\u00edculo 2023 e 306 para alunos pertencentes ao curr\u00edculo 2007<\/span> (modificado conforme reuni\u00e3o 270\u00aa do Colegiado do Curso de Administra\u00e7\u00e3o realizada em 23\/09\/2024)<\/span><\/span><\/li>\n<li><span style=\"font-family: arial, helvetica, sans-serif\"><span style=\"color: #000000\">Se enquadrar em uma das seguintes situa\u00e7\u00f5es: i) ser estagi\u00e1rio; ii) ser empregado de organiza\u00e7\u00e3o privada, iii) ser funcion\u00e1rio p\u00fablico, iv) ser propriet\u00e1rio ou s\u00f3cio de empresa;\u00a0<\/span><span style=\"color: #000000\">v) ser microempreendedor individual; ou vi) ser volunt\u00e1rio em organiza\u00e7\u00e3o do terceiro setor.<\/span><\/span><\/li>\n<\/ol>\n<h1><span style=\"font-family: arial, helvetica, sans-serif\"><strong><span style=\"font-size: 20px;color: #000000\">2.\u00a0\u00a0\u00a0 PROCEDIMENTOS PARA INSCRI\u00c7\u00c3O\u00a0<\/span><\/strong><\/span><\/h1>\n<ul>\n<li><span style=\"font-size: 16px;color: #000000;font-family: arial, helvetica, sans-serif\"><strong>PER\u00cdODO DE INSCRI\u00c7\u00c3O<\/strong>: <\/span><span style=\"font-size: 16px;color: #000000;font-family: arial, helvetica, sans-serif\"><span style=\"color: #ff0000\"><b>19\/01 a 06\/02\/2026<\/b><\/span><\/span><\/li>\n<\/ul>\n<ul>\n<li><span style=\"font-family: arial, helvetica, sans-serif;color: #000000\"><strong>Documentos necess\u00e1rios para anexar ao formul\u00e1rio de inscri\u00e7\u00e3o:<\/strong><\/span><\/li>\n<\/ul>\n<p><strong>\u00a0 \u00a0 \u00a0 \u00a0 ATEN\u00c7\u00c3O<\/strong>: Todos os documentos devem ser anexados num \u00fanico arquivo em PDF.<\/p>\n<p><strong>\u00a0 \u00a0 \u00a0 \u00a0Para realizar a jun\u00e7\u00e3o de dois ou mais arquivos PDF, sugerimos a utiliza\u00e7\u00e3o de plataformas online, a exemplo de PDFYeah ou IlovePDF &#8211; tamanho m\u00e1ximo do arquivo 1 MB.<\/strong><\/p>\n<ul>\n<li><span style=\"color: #000000\"><strong><span style=\"font-family: arial, helvetica, sans-serif\">(i) <\/span><\/strong><\/span><span style=\"color: #800000\"><strong><span style=\"font-family: arial, helvetica, sans-serif\">Relat\u00f3rio de Integraliza\u00e7\u00e3o<\/span><\/strong><\/span><span style=\"color: #000000\"><strong><span style=\"font-family: arial, helvetica, sans-serif\"> atualizado para comprova\u00e7\u00e3o de <span style=\"color: #800000\">aprova\u00e7\u00e3o em 10% da integraliza\u00e7\u00e3o curricular das disciplinas, que corresponde a 300 horas para alunos pertencentes ao curr\u00edculo 2023 e 306 horas para alunos pertencentes ao curr\u00edculo 2007<\/span>\u00a0(modificado conforme reuni\u00e3o 270\u00aa do Colegiado do Curso de Administra\u00e7\u00e3o realizada em 23\/09\/2024);<\/span><\/strong><\/span><\/li>\n<li><span style=\"color: #000000\"><span style=\"color: #000000\"><strong style=\"font-family: arial, helvetica, sans-serif\">(ii) Demais documentos de acordo com a situa\u00e7\u00e3o profissional:<\/strong><\/span><\/span><\/li>\n<li>\n<table>\n<tbody>\n<tr>\n<td style=\"background-color: #ededed\">\n<ul>\n<li><span style=\"font-size: 14px\"><em><span style=\"font-family: arial, helvetica, sans-serif\"><span style=\"color: #000000\"><strong>Para aluno estagi\u00e1rio: <\/strong><span style=\"color: #800000\">n\u00e3o ser\u00e1 necess\u00e1rio o envio da documenta\u00e7\u00e3o de est\u00e1gio. Contudo \u00e9 obrigat\u00f3rio informar, no formul\u00e1rio, o <strong>n\u00famero do processo SEI<\/strong> por meio do qual a documenta\u00e7\u00e3o referente ao est\u00e1gio foi encaminhada. Esse n\u00famero foi informado no e-mail de devolutiva da Secretaria da Coordena\u00e7\u00e3o do Curso e tamb\u00e9m pode ser localizado nos despachos de deferimento do est\u00e1gio (parte superior do documento). Possui o seguinte formato<\/span> <strong>23075.xxxxxx\/20XX-XX.<\/strong><\/span><\/span><\/em><\/span><\/li>\n<\/ul>\n<ul>\n<li><span style=\"font-size: 14px\"><em><span style=\"color: #000000;font-family: arial, helvetica, sans-serif\"><strong>Para aluno empregado de organiza\u00e7\u00e3o privada: <\/strong>Fotoc\u00f3pia da carteira de trabalho com identifica\u00e7\u00e3o do aluno e do contratante, e; carta de autoriza\u00e7\u00e3o da chefia imediata, devidamente assinada e carimbada, concordando com a realiza\u00e7\u00e3o do est\u00e1gio e indicando supervisor na organiza\u00e7\u00e3o<\/span><\/em><\/span><\/li>\n<li><span style=\"font-size: 14px\"><em><span style=\"font-family: arial, helvetica, sans-serif\"><span style=\"color: #000000\"><strong>Para aluno funcion\u00e1rio p\u00fablico<\/strong><\/span><span style=\"color: #000000\">: fotoc\u00f3pia de documento que comprove a condi\u00e7\u00e3o de funcion\u00e1rio p\u00fablico, e; carta de autoriza\u00e7\u00e3o da chefia imediata, devidamente assinada e carimbada, concordando com a realiza\u00e7\u00e3o do est\u00e1gio e indicando supervisor na organiza\u00e7<\/span><\/span><span style=\"color: #000000;font-family: arial, helvetica, sans-serif\">\u00e3o.<\/span><\/em><\/span><\/li>\n<li><span style=\"font-size: 14px\"><em><span style=\"color: #000000;font-family: arial, helvetica, sans-serif\"><strong>Para aluno propriet\u00e1rio ou s\u00f3cio de empresa: <\/strong>fotoc\u00f3pia da via do contrato social da empresa indicando sua condi\u00e7\u00e3o.<\/span><\/em><\/span><\/li>\n<li><span style=\"font-size: 14px\"><em><span style=\"color: #000000;font-family: arial, helvetica, sans-serif\"><strong>Para aluno microempreendedor individual<\/strong>: fotoc\u00f3pia de documento que comprove sua condi\u00e7\u00e3o.<\/span><\/em><\/span><\/li>\n<li><span style=\"font-size: 14px\"><em><span style=\"color: #000000;font-family: arial, helvetica, sans-serif\"><strong>Para aluno em trabalho volunt\u00e1rio em uma organiza\u00e7\u00e3o n\u00e3o governamental: <\/strong>carta da organiza\u00e7\u00e3o autorizando a realiza\u00e7\u00e3o do est\u00e1gio e indicando supervisor na organiza\u00e7\u00e3o.<\/span><\/em><\/span><\/li>\n<\/ul>\n<\/td>\n<\/tr>\n<\/tbody>\n<\/table>\n<\/li>\n<\/ul>\n<h1><span style=\"font-family: arial, helvetica, sans-serif\"><strong><span style=\"font-size: 20px;color: #000000\">3.\u00a0\u00a0\u00a0 OBSERVA\u00c7\u00d5ES IMPORTANTES<\/span><\/strong><\/span><\/h1>\n<ul>\n<li><span style=\"color: #000000;font-family: arial, helvetica, sans-serif\">Pedidos com documenta\u00e7\u00e3o e informa\u00e7\u00f5es incompletas, inadequadas ou inexistentes <strong>SER\u00c3O INDEFERIDOS.<\/strong><\/span><\/li>\n<li><span style=\"font-family: arial, helvetica, sans-serif;color: #000000\"><strong>N\u00c3O SER\u00c3O ACEITAS DOCUMENTA\u00c7\u00d5ES AP\u00d3S O PER\u00cdODO DE INSCRI\u00c7\u00c3O. <\/strong>Como existem prazos institucionais para a coleta de assinaturas, o aluno que precisar assinar um novo contrato de est\u00e1gio ou termo aditivo dever\u00e1 encaminhar documenta\u00e7\u00e3o para assinatura na secretaria da Coordena\u00e7\u00e3o, pelo menos dez dias antes do final do prazo de inscri\u00e7\u00e3o;<\/span><\/li>\n<li><span style=\"font-family: arial, helvetica, sans-serif;color: #000000\">\u00c9 de responsabilidade do aluno escolher adequadamente a \u00e1rea de conhecimento do est\u00e1gio, conforme descri\u00e7\u00e3o abaixo:<\/span><\/li>\n<\/ul>\n<table>\n<tbody>\n<tr>\n<td style=\"background-color: #ededed\"><span style=\"color: #000000\"><em><span style=\"font-family: arial, helvetica, sans-serif;font-size: 14px\"><strong>Administra\u00e7\u00e3o Geral e Estrat\u00e9gia:<\/strong> abrange os estudos nas \u00e1reas de estrat\u00e9gias, empreendedorismo, teorias das organiza\u00e7\u00f5es, internacionaliza\u00e7\u00e3o de empresas, gest\u00e3o de organiza\u00e7\u00f5es do terceiro setor, gest\u00e3o p\u00fablica e sustentabilidade organizacional.<br \/>\n<\/span><\/em><em><span style=\"font-family: arial, helvetica, sans-serif;font-size: 14px\"><strong>Marketing:<\/strong> abrange atividades desenvolvidas na \u00e1rea de marketing, vendas, comunica\u00e7\u00e3o e pesquisa de mercado.<br \/>\n<\/span><\/em><em><span style=\"font-family: arial, helvetica, sans-serif;font-size: 14px\"><strong>Pessoas:<\/strong> abrange atividades associadas \u00e0 gest\u00e3o do capital humano tais como: recrutamento e sele\u00e7\u00e3o; treinamento e desenvolvimento; avalia\u00e7\u00e3o de desempenho; sa\u00fade e seguran\u00e7a no trabalho; remunera\u00e7\u00e3o; qualidade de vida no trabalho.<br \/>\n<\/span><\/em><em><span style=\"font-family: arial, helvetica, sans-serif;font-size: 14px\"><strong>Finan\u00e7as:<\/strong> abrange o desenvolvimento e avalia\u00e7\u00e3o de projetos, an\u00e1lise de investimentos, capta\u00e7\u00e3o de recursos e gest\u00e3o de capital de giro, an\u00e1lise de cr\u00e9dito e cobran\u00e7a, forma\u00e7\u00e3o de pre\u00e7o e custos, controladoria, auditoria, contabilidade, projetos de remunera\u00e7\u00e3o vari\u00e1vel, Valuation e precifica\u00e7\u00e3o.<br \/>\n<\/span><\/em><em><span style=\"font-family: arial, helvetica, sans-serif;font-size: 14px\"><strong>Opera\u00e7\u00f5es:<\/strong> abrange atividades relacionadas a gest\u00e3o e tomada de decis\u00e3o sobre qualquer aspecto do processo produtivo e cadeia de suprimentos.<\/span><\/em><\/span><\/td>\n<\/tr>\n<\/tbody>\n<\/table>\n<p><strong style=\"font-family: arial, helvetica, sans-serif\"><span style=\"font-size: 20px;color: #000000\">4.\u00a0\u00a0\u00a0 PROCEDIMENTOS DA DISCIPLINA<\/span><\/strong><\/p>\n<ol style=\"list-style-type: lower-alpha\">\n<li><span style=\"color: #000000;font-family: arial, helvetica, sans-serif\">Ap\u00f3s o per\u00edodo de matr\u00edcula, os professores orientadores criar\u00e3o as respectivas salas de suas turmas no TEAMS.<\/span><\/li>\n<li><span style=\"color: #000000;font-family: arial, helvetica, sans-serif\">Os modelos do projeto, relat\u00f3rios e avalia\u00e7\u00f5es est\u00e3o dispon\u00edveis em links abaixo e devem ser entregues na plataforma de acordo com o cronograma da disciplina.<\/span><\/li>\n<li><span style=\"color: #000000;font-family: arial, helvetica, sans-serif\">O relat\u00f3rio final deve incluir avalia\u00e7\u00e3o de desempenho assinada por respons\u00e1vel conforme sua condi\u00e7\u00e3o de est\u00e1gio\/trabalho:<\/span><\/li>\n<\/ol>\n<ol style=\"list-style-type: upper-roman\">\n<li><em><span style=\"color: #000000;font-family: arial, helvetica, sans-serif\"><strong>Para aluno em condi\u00e7\u00e3o de est\u00e1gio:<\/strong> Supervisor do local de est\u00e1gio.<\/span><\/em><\/li>\n<li><em><span style=\"color: #000000;font-family: arial, helvetica, sans-serif\"><strong>Para aluno-funcion\u00e1rio de organiza\u00e7\u00e3o privada:<\/strong> Supervisor do local de trabalho.<\/span><\/em><\/li>\n<li><em><span style=\"color: #000000;font-family: arial, helvetica, sans-serif\"><strong>Para aluno funcion\u00e1rio p\u00fablico:<\/strong> Supervisor do local de trabalho.<\/span><\/em><\/li>\n<li><em><span style=\"color: #000000;font-family: arial, helvetica, sans-serif\"><strong>Para aluno propriet\u00e1rio ou s\u00f3cio de empresa:<\/strong> Autoavalia\u00e7\u00e3o quando \u00fanico propriet\u00e1rio ou avalia\u00e7\u00e3o pelo s\u00f3cio da<\/span><\/em><\/li>\n<li><em><span style=\"color: #000000;font-family: arial, helvetica, sans-serif\"><strong>Para aluno microempreendedor individual:<\/strong> Autoavalia\u00e7\u00e3o.<\/span><\/em><\/li>\n<li><em><span style=\"color: #000000;font-family: arial, helvetica, sans-serif\"><strong>Para aluno em\u00a0 trabalho volunt\u00e1rio em uma organiza\u00e7\u00e3o n\u00e3o governamental:<\/strong> Supervisor do local de trabalho.<\/span><\/em><\/li>\n<\/ol>\n<h1><span style=\"font-family: arial, helvetica, sans-serif\"><strong><span style=\"font-size: 20px;color: #000000\">5.\u00a0\u00a0\u00a0 DATAS IMPORTANTES<\/span><\/strong><\/span><\/h1>\n<p><strong>Inscri\u00e7\u00f5es: <\/strong><span style=\"color: #ff0000\"><strong>19\/01 a 06\/02\/2026<\/strong><\/span><br \/>\n<strong>An\u00e1lise de documentos (COE):<\/strong> 09\/02 at\u00e9 18\/02\/2026<br \/>\n<strong>Publica\u00e7\u00e3o do Edital com indica\u00e7\u00e3o de Orientadores: <\/strong>at\u00e9 23\/02\/2026<br \/>\n<strong>Prazo recursal contra indeferimentos: <\/strong><span style=\"color: #ff0000\"><strong>25\/02\/2026 at\u00e9 19h00<\/strong><\/span> <strong><em>(Recursos devem ser encaminhados para\u00a0<\/em><\/strong><strong><em><a href=\"mailto:coedaga@gmail.com\">coedaga@gmail.com<\/a><\/em><\/strong><strong><em>)\u00a0<\/em><\/strong><strong><em><br \/>\n<\/em><\/strong><strong>Publica\u00e7\u00e3o do Edital definitivo (em caso de mudan\u00e7a ap\u00f3s an\u00e1lise dos recursos de indeferimentos): <\/strong>27\/02\/2026<\/p>\n<p>Efetiva\u00e7\u00e3o de Matr\u00edculas no SIGA pela secretaria da\u00a0 Coordena\u00e7\u00e3o do curso: at\u00e9 04\/03\/2026 &#8211; <em>O(a) discente \u00e9 respons\u00e1vel por verificar, no SIGA (Hist\u00f3rico), se a efetiva\u00e7\u00e3o da matr\u00edcula e a designa\u00e7\u00e3o do(a) professor(a) orientador(a) foram realizadas em conformidade com o Edital publicado. Constatada qualquer diverg\u00eancia, dever\u00e1 comunicar imediatamente a Secretaria do Curso.<\/em><\/p>\n<p><strong>Per\u00edodo da disciplina Est\u00e1gio Obrigat\u00f3rio: <\/strong>23\/02 a 27\/06\/2026.<br \/>\n<strong>Primeiro Encontro com o Orientador: <\/strong>09\/03 a 20\/03\/2026<br \/>\n<strong>Entrega do Projeto (enviar diretamente ao orientador): <\/strong>30\/03 a 04\/04\/26<br \/>\n<strong>Segundo Encontro com o Orientador: <\/strong>27\/04 a 30\/04\/26<br \/>\n<strong>Terceiro Encontro com o Orientador: <\/strong>25\/05 a 29\/05\/2026<br \/>\n<strong>Entrega do Relat\u00f3rio Final (enviar diretamente ao orientador): <\/strong>22\/06 a 27\/06\/26<strong><br \/>\n<\/strong><strong>Prazo para digita\u00e7\u00e3o de notas no SIGA: <\/strong>07\/07\/26<\/p>\n<p><span style=\"color: #000000;font-family: arial, helvetica, sans-serif\"><strong>6. <a href=\"https:\/\/forms.gle\/mGuooBM6SdTYDaqm8\">FORMUL\u00c1RIO DE INSCRI\u00c7\u00c3O E REALIZAR O UPLOAD DOS DOCUMENTOS NO FORMUL\u00c1RIO: CLIQUE AQUI<\/a><\/strong><\/span><\/p>\n<p><span style=\"color: #000000;font-family: arial, helvetica, sans-serif\">Coordena\u00e7\u00e3o do Curso de Administra\u00e7\u00e3o<br \/>\n<\/span><span style=\"color: #000000;font-family: arial, helvetica, sans-serif\">COE \u2013 Comiss\u00e3o Orientadora de Est\u00e1gio<\/span><\/p>\n<p><em><span style=\"color: #000000;font-family: arial, helvetica, sans-serif\"><strong>Obs: <\/strong>Orienta\u00e7\u00f5es adicionais podem ser demandadas pelo professor orientador<strong>.<\/strong><\/span><\/em><\/p>\n<p><span style=\"color: #000000;font-family: arial, helvetica, sans-serif\">Curitiba, 05 de janeiro de 2026.<\/span><\/p>\n<p><span style=\"font-family: arial, helvetica, sans-serif\"><strong>Modelos de documentos durante a realiza\u00e7\u00e3o do est\u00e1gio obrigat\u00f3rio:<\/strong><\/span><\/p>\n<p><span style=\"font-family: arial, helvetica, sans-serif\"><a class=\"btn-lermais\" title=\"Formul\u00e1rio de proposta de est\u00e1gio (projeto)\" href=\"https:\/\/sociaisaplicadas.ufpr.br\/administracao\/wp-content\/uploads\/sites\/4\/2024\/07\/MODELO-DE-CARTA-DE-ACEITACAO-PARA-ESTAGIO-OBRIGATORIO.docx\" target=\"_blank\" rel=\"noopener\"><span style=\"color: #000000\">Carta de autoriza\u00e7\u00e3o da chefia imediata<\/span><\/a><\/span><\/p>\n<p><span style=\"font-family: arial, helvetica, sans-serif\"><a class=\"btn-lermais\" title=\"Formul\u00e1rio de proposta de est\u00e1gio (projeto)\" href=\"https:\/\/sociaisaplicadas.ufpr.br\/administracao\/wp-content\/uploads\/sites\/4\/2019\/08\/projeto_est\u00e1gio.doc\" target=\"_blank\" rel=\"noopener\"><span style=\"color: #000000\">Formul\u00e1rio de proposta de est\u00e1gio (projeto)<\/span><\/a><br \/>\n<\/span><\/p>\n<p><span style=\"font-family: arial, helvetica, sans-serif\"><a class=\"btn-lermais\" title=\"Relat\u00f3rio final do est\u00e1gio obrigat\u00f3rio\" href=\"https:\/\/sociaisaplicadas.ufpr.br\/administracao\/wp-content\/uploads\/sites\/4\/2019\/05\/relat\u00f3rio-final-est\u00e1gio.doc\" target=\"_blank\" rel=\"noopener\"><span style=\"color: #000000\">Relat\u00f3rio final do est\u00e1gio obrigat\u00f3rio<\/span><\/a><\/span><\/p>\n<p><span style=\"font-family: arial, helvetica, sans-serif\"><a class=\"btn-lermais\" title=\"Relat\u00f3rio final do est\u00e1gio obrigat\u00f3rio\" href=\"https:\/\/sociaisaplicadas.ufpr.br\/administracao\/wp-content\/uploads\/sites\/4\/2019\/06\/Formul\u00e1rio-de-Avalia\u00e7\u00e3o-de-Est\u00e1gio-Obrigat\u00f3rio-Organiza\u00e7\u00f5es.pdf\" target=\"_blank\" rel=\"noopener\"><span style=\"color: #000000\">Ficha de avalia\u00e7\u00e3o do est\u00e1gio obrigat\u00f3rio<\/span><\/a><\/span><\/p>\n<p><span style=\"font-family: arial, helvetica, sans-serif\"><a class=\"btn-lermais\" title=\"Relat\u00f3rio final do est\u00e1gio obrigat\u00f3rio\" href=\"https:\/\/sociaisaplicadas.ufpr.br\/administracao\/wp-content\/uploads\/sites\/4\/2019\/06\/Formul\u00e1rio-de-Avalia\u00e7\u00e3o-de-Est\u00e1gio-MEI-e-S\u00f3cios.pdf\" target=\"_blank\" rel=\"noopener\"><span style=\"color: #000000\">Ficha de avalia\u00e7\u00e3o do est\u00e1gio obrigat\u00f3rio (MEI e propriet\u00e1rio)<\/span><\/a><\/span><\/p>\n","protected":false},"excerpt":{"rendered":"<p>EDITAL COM INDICA\u00c7\u00c3O DE ORIENTADORES 2026.1 &#8211; P\u00d3S AN\u00c1LISE DE RECURSSO &#8211; 03\/03\/26 &#8211; CLIQUE AQUI EDITAL DE EST\u00c1GIO OBRIGAT\u00d3RIO 2026.1 \u00a01.\u00a0\u00a0\u00a0 REQUISITOS M\u00cdNIMOS\u00a0 Ser aluno regularmente matriculado no Curso de Administra\u00e7\u00e3o da Universidade Federal do Paran\u00e1. Aprova\u00e7\u00e3o em 10% da integraliza\u00e7\u00e3o curricular das disciplinas, que corresponde a 300 para alunos pertencentes ao curr\u00edculo 2023 [&hellip;]<\/p>\n","protected":false},"author":2805,"featured_media":0,"parent":0,"menu_order":0,"comment_status":"closed","ping_status":"closed","template":"","meta":{"_acf_changed":false,"footnotes":""},"class_list":["post-5200","page","type-page","status-publish","hentry"],"acf":[],"_links":{"self":[{"href":"https:\/\/sociaisaplicadas.ufpr.br\/administracao\/wp-json\/wp\/v2\/pages\/5200","targetHints":{"allow":["GET"]}}],"collection":[{"href":"https:\/\/sociaisaplicadas.ufpr.br\/administracao\/wp-json\/wp\/v2\/pages"}],"about":[{"href":"https:\/\/sociaisaplicadas.ufpr.br\/administracao\/wp-json\/wp\/v2\/types\/page"}],"author":[{"embeddable":true,"href":"https:\/\/sociaisaplicadas.ufpr.br\/administracao\/wp-json\/wp\/v2\/users\/2805"}],"replies":[{"embeddable":true,"href":"https:\/\/sociaisaplicadas.ufpr.br\/administracao\/wp-json\/wp\/v2\/comments?post=5200"}],"version-history":[{"count":183,"href":"https:\/\/sociaisaplicadas.ufpr.br\/administracao\/wp-json\/wp\/v2\/pages\/5200\/revisions"}],"predecessor-version":[{"id":12312,"href":"https:\/\/sociaisaplicadas.ufpr.br\/administracao\/wp-json\/wp\/v2\/pages\/5200\/revisions\/12312"}],"wp:attachment":[{"href":"https:\/\/sociaisaplicadas.ufpr.br\/administracao\/wp-json\/wp\/v2\/media?parent=5200"}],"curies":[{"name":"wp","href":"https:\/\/api.w.org\/{rel}","templated":true}]}}