{"id":5394,"date":"2021-02-17T00:24:02","date_gmt":"2021-02-17T00:24:02","guid":{"rendered":"https:\/\/sociaisaplicadas.ufpr.br\/administracao\/?page_id=5394"},"modified":"2023-05-18T15:03:29","modified_gmt":"2023-05-18T15:03:29","slug":"revalidacao-de-diplomas","status":"publish","type":"page","link":"https:\/\/sociaisaplicadas.ufpr.br\/administracao\/revalidacao-de-diplomas\/","title":{"rendered":"Revalida\u00e7\u00e3o de Diplomas"},"content":{"rendered":"<p><img loading=\"lazy\" decoding=\"async\" class=\"alignnone size-full wp-image-5396\" src=\"https:\/\/sociaisaplicadas.ufpr.br\/administracao\/wp-content\/uploads\/sites\/4\/2021\/02\/botoes_REVALIDACAO.png\" alt=\"\" width=\"400\" height=\"100\" \/><img loading=\"lazy\" decoding=\"async\" class=\"alignnone size-full wp-image-5402\" src=\"https:\/\/sociaisaplicadas.ufpr.br\/administracao\/wp-content\/uploads\/sites\/4\/2021\/02\/FRONT_DIPLOMAS-1.png\" alt=\"\" width=\"400\" height=\"100\" \/><\/p>\n<p><span style=\"font-size: 16px;font-family: arial, helvetica, sans-serif\">Os diplomas de cursos de graduac\u0327a\u0303o e de po\u0301s-graduac\u0327a\u0303o stricto sensu (mestrado e doutorado), expedidos por instituic\u0327o\u0303es estrangeiras de educac\u0327a\u0303o superior e pesquisa, legalmente constitui\u0301das para esse fim em seus pai\u0301ses de origem, podera\u0303o ser declarados equivalentes aos concedidos no Brasil e ha\u0301beis para os fins previstos em lei, mediante processo de revalidac\u0327a\u0303o ou reconhecimento, respectivamente, por instituic\u0327a\u0303o de educac\u0327a\u0303o superior brasileira, nos termos da Resoluc\u0327a\u0303o 10\/17 CEPE\/UFPR.<\/span><br \/>\n<span style=\"font-size: 16px;font-family: arial, helvetica, sans-serif\"> No curso de Administra\u00e7\u00e3o, h\u00e1 uma comiss\u00e3o\u00a0<span style=\"color: #000007\">de revalidac\u0327a\u0303o especialmente designada para essa finalidade pelo colegiado.<\/span><\/span><\/p>\n<p style=\"background: white\"><span style=\"font-family: arial, helvetica, sans-serif;font-size: 14px\"><b><span style=\"color: #000007\">RESOLUC\u0327A\u0303O N\u00b0 10\/17 \u2013 CEPE<br \/>\n<\/span><\/b><b><i><span style=\"color: #000007\">Estabelece normas para revalidac\u0327a\u0303o de diplomas de graduac\u0327a\u0303o expedidos por estabelecimentos estrangeiros de ensino superior no a\u0302mbito da Universidade Federal do Parana\u0301.<br \/>\n<\/span><\/i><\/b><span style=\"color: #000007\">Art. 11 Os procedimentos do processo de revalidac\u0327a\u0303o estara\u0303o, em primeira insta\u0302ncia, a cargo de uma comissa\u0303o de revalidac\u0327a\u0303o especialmente designada para essa finalidade pelo colegiado do curso de graduac\u0327a\u0303o indicado pelo interessado.<br \/>\n<\/span><span style=\"color: #000007\">Para\u0301grafo u\u0301nico. A comissa\u0303o de revalidac\u0327a\u0303o sera\u0301 constitui\u0301da por, no mi\u0301nimo, tre\u0302s professores da pro\u0301pria UFPR ou, se isso for imprescindi\u0301vel, de outras instituic\u0327o\u0303es de ensino e pesquisa que tenham a qualificac\u0327a\u0303o compati\u0301vel com a a\u0301rea de conhecimento. <\/span><\/span><\/p>\n<p><span style=\"font-family: arial, helvetica, sans-serif\"><strong>Para mais informa\u00e7\u00f5es a respeito do processo de revalida\u00e7\u00e3o de diplomas, acesse:<\/strong><\/span><br \/>\n<span style=\"font-family: arial, helvetica, sans-serif\"> <a href=\"http:\/\/www.prograd.ufpr.br\/wp-content\/uploads\/2017\/10\/etapas-revalida%C3%A7%C3%A3o-de-diplomas.pdf\">Etapas de Revalida\u00e7\u00e3o de Diplomas na UFPR<br \/>\n<\/a><a href=\"http:\/\/carolinabori.mec.gov.br\/\">Plataforma Carolina Bori (MEC)<\/a><\/span><\/p>\n<p>&nbsp;<\/p>\n","protected":false},"excerpt":{"rendered":"<p>Os diplomas de cursos de graduac\u0327a\u0303o e de po\u0301s-graduac\u0327a\u0303o stricto sensu (mestrado e doutorado), expedidos por instituic\u0327o\u0303es estrangeiras de educac\u0327a\u0303o superior e pesquisa, legalmente constitui\u0301das para esse fim em seus pai\u0301ses de origem, podera\u0303o ser declarados equivalentes aos concedidos no Brasil e ha\u0301beis para os fins previstos em lei, mediante processo de revalidac\u0327a\u0303o ou reconhecimento, [&hellip;]<\/p>\n","protected":false},"author":2805,"featured_media":0,"parent":0,"menu_order":0,"comment_status":"closed","ping_status":"closed","template":"","meta":{"_acf_changed":false,"footnotes":""},"class_list":["post-5394","page","type-page","status-publish","hentry"],"acf":[],"_links":{"self":[{"href":"https:\/\/sociaisaplicadas.ufpr.br\/administracao\/wp-json\/wp\/v2\/pages\/5394","targetHints":{"allow":["GET"]}}],"collection":[{"href":"https:\/\/sociaisaplicadas.ufpr.br\/administracao\/wp-json\/wp\/v2\/pages"}],"about":[{"href":"https:\/\/sociaisaplicadas.ufpr.br\/administracao\/wp-json\/wp\/v2\/types\/page"}],"author":[{"embeddable":true,"href":"https:\/\/sociaisaplicadas.ufpr.br\/administracao\/wp-json\/wp\/v2\/users\/2805"}],"replies":[{"embeddable":true,"href":"https:\/\/sociaisaplicadas.ufpr.br\/administracao\/wp-json\/wp\/v2\/comments?post=5394"}],"version-history":[{"count":12,"href":"https:\/\/sociaisaplicadas.ufpr.br\/administracao\/wp-json\/wp\/v2\/pages\/5394\/revisions"}],"predecessor-version":[{"id":10401,"href":"https:\/\/sociaisaplicadas.ufpr.br\/administracao\/wp-json\/wp\/v2\/pages\/5394\/revisions\/10401"}],"wp:attachment":[{"href":"https:\/\/sociaisaplicadas.ufpr.br\/administracao\/wp-json\/wp\/v2\/media?parent=5394"}],"curies":[{"name":"wp","href":"https:\/\/api.w.org\/{rel}","templated":true}]}}