{"id":8670,"date":"2023-03-29T18:28:22","date_gmt":"2023-03-29T18:28:22","guid":{"rendered":"https:\/\/sociaisaplicadas.ufpr.br\/administracao\/?page_id=8670"},"modified":"2023-10-23T19:54:13","modified_gmt":"2023-10-23T19:54:13","slug":"contato_daga","status":"publish","type":"page","link":"https:\/\/sociaisaplicadas.ufpr.br\/administracao\/contato_daga\/","title":{"rendered":"Contato DAGA"},"content":{"rendered":"<p><span style=\"font-family: webdings\"><img loading=\"lazy\" decoding=\"async\" class=\"alignnone size-full wp-image-5356\" src=\"https:\/\/sociaisaplicadas.ufpr.br\/administracao\/wp-content\/uploads\/sites\/4\/2021\/02\/contato.png\" alt=\"\" width=\"400\" height=\"100\" \/><img loading=\"lazy\" decoding=\"async\" class=\"alignnone size-full wp-image-5358\" src=\"https:\/\/sociaisaplicadas.ufpr.br\/administracao\/wp-content\/uploads\/sites\/4\/2021\/02\/front_contato.png\" alt=\"\" width=\"400\" height=\"100\" \/><br \/>\n<\/span><span style=\"font-family: webdings\"><br \/>\n<span style=\"font-family: arial, helvetica, sans-serif\"><strong><span style=\"color: #000000\">DAGA: Departamento de Administra\u00e7\u00e3o Geral e Aplicada<br \/>\n<\/span><\/strong><\/span><\/span><span style=\"font-family: arial, helvetica, sans-serif\"><span style=\"color: #000000\">Av. Pref. Loth\u00e1rio Meissner, 632 &#8211; 2\u00ba andar<br \/>\n<\/span><span style=\"color: #000000\">Jardim Bot\u00e2nico<br \/>\n<\/span><span style=\"color: #000000\">CEP: 80210-170 &#8211;\u00a0<\/span><span style=\"color: #000000\">Curitiba PR<br \/>\n<\/span><span style=\"color: #000000\">Fone: +55 41 3360-4360<\/span><\/span><\/p>\n<p><span style=\"font-family: arial, helvetica, sans-serif\"><span style=\"color: #000000\"><strong>Secretaria do DAGA<br \/>\n<\/strong><\/span><span style=\"color: #000000\">A Secretaria do Departamento de Administra\u00e7\u00e3o Geral e Aplicada exerce a fun\u00e7\u00e3o de assessoria e apoio administrativo.<br \/>\n<\/span><span style=\"color: #000000\">Hor\u00e1rio de funcionamento: 2\u00aa a 6\u00aa feira das 8h \u00e0s\u00a021h.<br \/>\n<\/span><span style=\"color: #000000\">Servidores t\u00e9cnicos administrativos lotados na secretaria do Daga:\u00a0<\/span><span style=\"color: #000000\">Leonardo Luiz Lorenz e Gustavo Pierin. (atualizado em Mar\u00e7o\/2023)<br \/>\nE-mail:<strong> daga@ufpr.br<\/strong><\/span><\/span><\/p>\n<p><span style=\"font-family: verdana, geneva, sans-serif\"><span style=\"color: #000000\"><br \/>\n<\/span><span style=\"color: #000000\"><br \/>\n<\/span><\/span><\/p>\n<p>&nbsp;<\/p>\n","protected":false},"excerpt":{"rendered":"<p>DAGA: Departamento de Administra\u00e7\u00e3o Geral e Aplicada Av. Pref. Loth\u00e1rio Meissner, 632 &#8211; 2\u00ba andar Jardim Bot\u00e2nico CEP: 80210-170 &#8211;\u00a0Curitiba PR Fone: +55 41 3360-4360 Secretaria do DAGA A Secretaria do Departamento de Administra\u00e7\u00e3o Geral e Aplicada exerce a fun\u00e7\u00e3o de assessoria e apoio administrativo. Hor\u00e1rio de funcionamento: 2\u00aa a 6\u00aa feira das 8h \u00e0s\u00a021h. [&hellip;]<\/p>\n","protected":false},"author":2805,"featured_media":0,"parent":0,"menu_order":0,"comment_status":"closed","ping_status":"closed","template":"","meta":{"_acf_changed":false,"footnotes":""},"class_list":["post-8670","page","type-page","status-publish","hentry"],"acf":[],"_links":{"self":[{"href":"https:\/\/sociaisaplicadas.ufpr.br\/administracao\/wp-json\/wp\/v2\/pages\/8670","targetHints":{"allow":["GET"]}}],"collection":[{"href":"https:\/\/sociaisaplicadas.ufpr.br\/administracao\/wp-json\/wp\/v2\/pages"}],"about":[{"href":"https:\/\/sociaisaplicadas.ufpr.br\/administracao\/wp-json\/wp\/v2\/types\/page"}],"author":[{"embeddable":true,"href":"https:\/\/sociaisaplicadas.ufpr.br\/administracao\/wp-json\/wp\/v2\/users\/2805"}],"replies":[{"embeddable":true,"href":"https:\/\/sociaisaplicadas.ufpr.br\/administracao\/wp-json\/wp\/v2\/comments?post=8670"}],"version-history":[{"count":7,"href":"https:\/\/sociaisaplicadas.ufpr.br\/administracao\/wp-json\/wp\/v2\/pages\/8670\/revisions"}],"predecessor-version":[{"id":9763,"href":"https:\/\/sociaisaplicadas.ufpr.br\/administracao\/wp-json\/wp\/v2\/pages\/8670\/revisions\/9763"}],"wp:attachment":[{"href":"https:\/\/sociaisaplicadas.ufpr.br\/administracao\/wp-json\/wp\/v2\/media?parent=8670"}],"curies":[{"name":"wp","href":"https:\/\/api.w.org\/{rel}","templated":true}]}}