{"id":8711,"date":"2023-03-30T16:06:38","date_gmt":"2023-03-30T16:06:38","guid":{"rendered":"https:\/\/sociaisaplicadas.ufpr.br\/administracao\/?page_id=8711"},"modified":"2023-04-08T21:30:00","modified_gmt":"2023-04-08T21:30:00","slug":"aces_ii","status":"publish","type":"page","link":"https:\/\/sociaisaplicadas.ufpr.br\/administracao\/aces_ii\/","title":{"rendered":"ACEs II"},"content":{"rendered":"<p style=\"text-align: justify;background: white;margin: 0cm 0cm 7.5pt 0cm\"><span style=\"font-size: 10.5pt;font-family: 'Source Sans Pro',sans-serif;color: #333333\">No curso de Administra\u00e7\u00e3o, as ACE II s\u00e3o compostas por disciplinas optativas e uma disciplina obrigat\u00f3ria. As disciplinas optativas com 60h de carga hor\u00e1ria extensionista s\u00e3o denominadas Laborat\u00f3rio\u00a0de Extens\u00e3o I (SAOP25), Laborat\u00f3rio de Extens\u00e3o II (SAOP26), Laborat\u00f3rio de Extens\u00e3o\u00a0III (SAOP27), Laborat\u00f3rio de Extens\u00e3o IV (SAOP28), Laborat\u00f3rio de Extens\u00e3o V (SAOP29), Laborat\u00f3rio de Extens\u00e3o VI (SAOP30) e Laborat\u00f3rio de Extens\u00e3o VII (SAOP31). A disciplina obrigat\u00f3ria com 300h de carga hor\u00e1ria extensionista \u00e9 denominada Est\u00e1gio Supervisionado Extensionista (SAOB30EXT).<\/span><\/p>\n<p>Acesso OFERTA SEMESTRAL<\/p>\n<p>&nbsp;<\/p>\n","protected":false},"excerpt":{"rendered":"<p>No curso de Administra\u00e7\u00e3o, as ACE II s\u00e3o compostas por disciplinas optativas e uma disciplina obrigat\u00f3ria. As disciplinas optativas com 60h de carga hor\u00e1ria extensionista s\u00e3o denominadas Laborat\u00f3rio\u00a0de Extens\u00e3o I (SAOP25), Laborat\u00f3rio de Extens\u00e3o II (SAOP26), Laborat\u00f3rio de Extens\u00e3o\u00a0III (SAOP27), Laborat\u00f3rio de Extens\u00e3o IV (SAOP28), Laborat\u00f3rio de Extens\u00e3o V (SAOP29), Laborat\u00f3rio de Extens\u00e3o VI (SAOP30) [&hellip;]<\/p>\n","protected":false},"author":2805,"featured_media":0,"parent":0,"menu_order":0,"comment_status":"closed","ping_status":"closed","template":"","meta":{"_acf_changed":false,"footnotes":""},"class_list":["post-8711","page","type-page","status-publish","hentry"],"acf":[],"_links":{"self":[{"href":"https:\/\/sociaisaplicadas.ufpr.br\/administracao\/wp-json\/wp\/v2\/pages\/8711","targetHints":{"allow":["GET"]}}],"collection":[{"href":"https:\/\/sociaisaplicadas.ufpr.br\/administracao\/wp-json\/wp\/v2\/pages"}],"about":[{"href":"https:\/\/sociaisaplicadas.ufpr.br\/administracao\/wp-json\/wp\/v2\/types\/page"}],"author":[{"embeddable":true,"href":"https:\/\/sociaisaplicadas.ufpr.br\/administracao\/wp-json\/wp\/v2\/users\/2805"}],"replies":[{"embeddable":true,"href":"https:\/\/sociaisaplicadas.ufpr.br\/administracao\/wp-json\/wp\/v2\/comments?post=8711"}],"version-history":[{"count":2,"href":"https:\/\/sociaisaplicadas.ufpr.br\/administracao\/wp-json\/wp\/v2\/pages\/8711\/revisions"}],"predecessor-version":[{"id":8868,"href":"https:\/\/sociaisaplicadas.ufpr.br\/administracao\/wp-json\/wp\/v2\/pages\/8711\/revisions\/8868"}],"wp:attachment":[{"href":"https:\/\/sociaisaplicadas.ufpr.br\/administracao\/wp-json\/wp\/v2\/media?parent=8711"}],"curies":[{"name":"wp","href":"https:\/\/api.w.org\/{rel}","templated":true}]}}