{"id":8849,"date":"2023-04-08T21:06:40","date_gmt":"2023-04-08T21:06:40","guid":{"rendered":"https:\/\/sociaisaplicadas.ufpr.br\/administracao\/?page_id=8849"},"modified":"2023-10-26T12:15:44","modified_gmt":"2023-10-26T12:15:44","slug":"projetos-de-extensao","status":"publish","type":"page","link":"https:\/\/sociaisaplicadas.ufpr.br\/administracao\/projetos-de-extensao\/","title":{"rendered":"Projetos de Extens\u00e3o"},"content":{"rendered":"<p><span style=\"font-size: 14px\"><span style=\"font-family: arial, helvetica, sans-serif\"><strong>3. Projetos de extens\u00e3o:<\/strong> de 6 meses at\u00e9 5 anos, a\u00e7\u00e3o que gera resultados com objetivo social, educativo, art\u00edstico, cient\u00edfico ou tecnol\u00f3gico, e visa resultado de m\u00fatuo interesse para a sociedade e para a comunidade acad\u00eamica<\/span><\/span><\/p>\n<p>&nbsp;<\/p>\n<p><strong>PROJETOS EM EXECU\u00c7\u00c3O NO DAGA<br \/>\n<\/strong><em>Alunos interessados em integrar os projetos devem entrar em contato com os coordenadores via email, conforme indicados a seguir:<\/em><\/p>\n<p><strong><span style=\"font-size: 16px\">Conhe\u00e7a os custos de sua opera\u00e7\u00e3o<\/span><br \/>\n<\/strong>Execu\u00e7\u00e3o: 03\/01\/2023 a 02\/01\/2027<br \/>\nContato: <a href=\"mailto:mauro.lizot@ufpr.br\">mauro.lizot@ufpr.br<\/a> (Mauro Lizot)<br \/>\nO presente projeto tem o objetivo de disseminar conhecimentos acerca dos custos das opera\u00e7\u00f5es empresariais e pessoais, proporcionando capacidade de decis\u00e3o em decis\u00f5es que envolvam custos, \u00e0s pessoas. Ao conhecer os principais custos de atividades e opera\u00e7\u00f5es as pessoas tomam melhores decis\u00f5es de mercado e de investimento.\u00a0 As pequenas empresas passam a ter mais capacidade de mercado, conhecendo sua real margem de contribui\u00e7\u00e3o. Isso traz mais seguran\u00e7a \u00e0 vida financeira das pessoas. Empresas e pessoas organizadas quanto seus custos, conhecem melhor sua capacidade operacional e de investimento, possibilitando maior expans\u00e3o de suas atividades auxiliando na gera\u00e7\u00e3o de emprego e renda na regi\u00e3o em que est\u00e3o inseridas.<\/p>\n<p><span style=\"color: #000000\"><strong>Organizando e Padronizando os Processos<\/strong><\/span><\/p>\n<div><span style=\"color: #000000\">Execu\u00e7\u00e3o:\u00a004\/07\/2023 a\u00a030\/06\/2027<\/span><\/div>\n<div><span style=\"color: #000000\">Contato:\u00a0<a style=\"color: #000000\" href=\"mailto:diego.milnitz@ufpr.br\" target=\"_blank\" rel=\"noopener\">diego.milnitz@ufpr.br<\/a>\u00a0(Diego Milnitz)<\/span><\/div>\n<div><span style=\"color: #000000\">Este projeto busca disseminar conhecimentos acerca dos 5S\u2019s em opera\u00e7\u00f5es empresariais e pessoais, reformulando as atitudes e dando nova vida \u00e0 sua atividade para incrementar as rela\u00e7\u00f5es e o ambiente em que est\u00e3o inseridos. Para isso, ser\u00e3o apresentados os conceitos sobre o programa 5S proporcionando uma oportunidade para as pessoas conhecerem a aplica\u00e7\u00e3o dos sensos do 5S em suas atividades e opera\u00e7\u00f5es assim, desmistificando a complexidade da implanta\u00e7\u00e3o e sua sustentabilidade nos processos. Al\u00e9m disso, busca tamb\u00e9m envolver comunidade acad\u00eamica e empresas para difus\u00e3o do Programa 5S.<\/span><\/div>\n<p><strong>Desmistificando a gest\u00e3o da inova\u00e7\u00e3o<br \/>\n<\/strong>Execu\u00e7\u00e3o: 02\/01\/2023 a 31\/12\/2027<br \/>\nContato: <a href=\"mailto:egits@ufpr.br\">egits@ufpr.br<\/a> (Andrea Segatto)<br \/>\nProjeto de extens\u00e3o que busca trazer conte\u00fados relacionados \u00e0 gest\u00e3o para inova\u00e7\u00e3o de maneira descomplicada e pr\u00e1tica para a comunidade em geral com vistas a contribuir para o avan\u00e7o cient\u00edfico e tecnol\u00f3gico do Brasil, ao desenvolvimento de neg\u00f3cios inovativos e impactantes em termos sociais e ambientais e a estimular o empreendedorismo e o crescimento.<\/p>\n<p><strong>Direito Empresarial e Inova\u00e7\u00e3o<br \/>\n<\/strong>Execu\u00e7\u00e3o: 01\/04\/2022 a 01\/04\/2025<br \/>\nContato: <a href=\"mailto:giovanirralves@uol.com.br\">giovanirralves@uol.com.br<\/a> (Giovani Alves)<br \/>\nProjeto voltado \u00e0 dissemina\u00e7\u00e3o do conhecimento te\u00f3rico e pr\u00e1tico referente ao direito empresarial e sua interlocu\u00e7\u00e3o com a atividade inovadora.<\/p>\n<p><strong>Liga de investimentos e Finan\u00e7as<br \/>\n<\/strong>Execu\u00e7\u00e3o: 01\/07\/2020 a 30\/06\/2024<br \/>\nContato:<a href=\"mailto:anapaulamussi@ufpr.br\">anapaulamussi@ufpr.br<\/a> (Ana Paula Cherobim)<br \/>\nPromover e estimular estudos de todos os temas relacionados ao mundo das finan\u00e7as, estabelecendo-se como ponto de partida para aqueles que ainda n\u00e3o o conhecem e como ponto de encontro para aqueles que desejam aprofundar seus conhecimentos acerca do Mercado Financeiro, al\u00e9m de produzir e disseminar conhecimento, facilitando e qualificando o acesso de investidores ao Mercado de A\u00e7\u00f5es e demais Servi\u00e7os Financeiros.<\/p>\n<p><strong>Liga Data Science<br \/>\n<\/strong>Execu\u00e7\u00e3o: 1\u00ba\/02\/2023 a 31\/01\/2028<br \/>\nContato: <a href=\"mailto:ligads@ufpr.br\">ligads@ufpr.br<\/a> (P\u00e9cora)<br \/>\nO Liga do Data Science \u00e9 um projeto de extens\u00e3o focado em pesquisa e desenvolvimento tecnol\u00f3gico nas \u00e1reas de Data Science, Machine Learning, Simula\u00e7\u00e3o e Otimiza\u00e7\u00e3o. Liga do Data Science tem como objetivo ensinar e capacitar a pr\u00f3xima gera\u00e7\u00e3o de profissionais na tomada de Decis\u00e3o usando o Data Analytics, mas tamb\u00e9m aproximar a academia e o setor produtivo Paranaense por meio do desenvolvimento de projetos em conjunto e troca de experi\u00eancias.<\/p>\n<p><strong>LIGA EDUCA<br \/>\n<\/strong>Execu\u00e7\u00e3o: 01\/03\/2023 a 28\/02\/2025<br \/>\nContato:<a href=\"mailto:anapaulamussi@ufpr.br\">anapaulamussi@ufpr.br<\/a> (Ana Paula Cherobim)<br \/>\nDespertar nos jovens o interesse em desenvolver estrat\u00e9gias e conhecer ferramentas para cultivar sua tranquilidade Financeira. Parte do encantamento causado pelo mercado financeiro nas pessoas em geral, e no jovem em particular, para sensibilizar as pessoas para a import\u00e2ncia de organizar-se\u00a0 financeiramente quando se encontrarem diante de adversidades financeiras, bem como, cultivar o bem estar econ\u00f4mico ao longo da sua trajet\u00f3ria de vida!<\/p>\n<p><strong>MERCADEMIA \u2013 unindo mercado e academia para definir a estrat\u00e9gia empresarial e apoiar a tomada de decis\u00f5es nas organiza\u00e7\u00f5es<br \/>\n<\/strong>Execu\u00e7\u00e3o: 01\/03\/2023 a 28\/02\/2025<br \/>\nContato: <a href=\"mailto:marifcoelho@gmail.com\">marifcoelho@gmail.com<\/a> (Mariana Coelho)<br \/>\nO projeto envolve a premissa de que \u00e9 necess\u00e1rio estimular o relacionamento entre a academia e o mercado. O foco est\u00e1 em demonstrar as poss\u00edveis rela\u00e7\u00f5es entre temas como gest\u00e3o empresarial, marketing, comportamento, consumo e as organiza\u00e7\u00f5es, sejam elas governamentais, empresas com ou sem fins lucrativos. Ainda, outra premissa do projeto est\u00e1 em focar essencialmente atividades, exemplos, v\u00eddeos e textos com mensagem positiva. Assim, ao inv\u00e9s de apontar problemas das a\u00e7\u00f5es e exemplos de mercado, prefere-se demonstrar os acertos e desafios para a tomada de decis\u00e3o por parte de gestores e profissionais.<br \/>\nO p\u00fablico envolvido \u00e9 composto pela:<br \/>\nComunidade acad\u00eamica (alunos, professores, servidores e frequentadores da UFPR);<br \/>\nInteressados em Gest\u00e3o Empresarial e Marketing (sociedade como um todo, usu\u00e1rios do Instagram, sobretudo da regi\u00e3o de Curitiba).<\/p>\n<p><strong>Pensando Fora da Caixa: seu projeto de liberdade!<br \/>\n<\/strong>Execu\u00e7\u00e3o: 01\/02\/2021 a 31\/01\/2025<br \/>\nContato: <a href=\"mailto:anapaulamussi@ufpr.br\">anapaulamussi@ufpr.br<\/a> (Ana Paula Cherobim)<br \/>\nEspa\u00e7o de reflex\u00e3o sobre temas da atualidade para capacitar para o empreendedorismo alunos, professores, t\u00e9cnicos, aposentados e comunidade em geral.<\/p>\n<p><strong>Planos do bem: marketing no Terceiro Setor<br \/>\n<\/strong>Execu\u00e7\u00e3o: 10\/02\/2023 a 31\/12\/2027<br \/>\nContato: <a href=\"mailto:profedenise@ufpr.br\">profedenise@ufpr.br<\/a> (Denise Maria Woranovicz Carvalho)<br \/>\nApoiar as organiza\u00e7\u00f5es do Terceiro Setor (preferencialmente organiza\u00e7\u00f5es da \u00e1rea da sa\u00fade) no planejamento de marketing, procurando aproximar o conhecimento cient\u00edfico existente no campo do planejamento de marketing e a viv\u00eancia pr\u00e1tica existente na gest\u00e3o de organiza\u00e7\u00f5es do Terceiro Setor, buscando auxiliar o desenvolvimento de outras organiza\u00e7\u00f5es do Terceiro Setor, n\u00e3o apenas propondo a\u00e7\u00f5es de planejamento de marketing, mas tamb\u00e9m sugerindo melhorias no planejamento j\u00e1 existente.<\/p>\n<p><strong>Projeto Capacita\u00e7\u00e3o, Inova\u00e7\u00e3o e Empreendedorismo na UFPR<br \/>\n<\/strong>Execu\u00e7\u00e3o: 01\/10\/2021 a 30\/09\/2025<br \/>\nContato: <a href=\"mailto:marciarmay@gmail.com\">marciarmay@gmail.com<\/a> (Marcia May)<br \/>\nO projeto de extens\u00e3o Capacita\u00e7\u00e3o, Inova\u00e7\u00e3o e Empreendedorismo na UFPR prop\u00f5e-se a promover a capacita\u00e7\u00e3o, a cultura e as pr\u00e1ticas empreendedoras, de forma a desenvolver os fundamentos respons\u00e1veis pela transforma\u00e7\u00e3o de ideias em novos neg\u00f3cios. Tem por objetivo promover o di\u00e1logo e o relacionamento entre a academia e agentes p\u00fablicos e privados, na busca por parcerias estrat\u00e9gicas que contribuir\u00e3o para o desenvolvimento institucional e para uma maior intera\u00e7\u00e3o com a sociedade. Ao incentivar o autoconhecimento do part\u00edcipe, o foco deste projeto se concentra no desenvolvimento das compet\u00eancias empreendedoras (capacita\u00e7\u00e3o), bem como ao promover sua aproxima\u00e7\u00e3o com princ\u00edpios relacionados \u00e0 inova\u00e7\u00e3o como processo. O participante ser\u00e1 incentivado a desenvolver seu comportamento empreendedor, a aprender a reconhecer os elementos necess\u00e1rios para construir uma rotina de inova\u00e7\u00e3o (capacita\u00e7\u00e3o) e atualizar-se sobre as tend\u00eancias e oportunidades que se descortinam quando se trata de inova\u00e7\u00e3o.<\/p>\n<p><strong>Propriedade Intelectual e Transfer\u00eancia de Tecnologia III<br \/>\n<\/strong>Execu\u00e7\u00e3o: 10\/08\/2022 a 31\/12\/2025<br \/>\nContato: <a href=\"mailto:fsa@ufpr.br\">fsa@ufpr.br<\/a> (Fernanda Salvador Alves)<br \/>\nEste projeto de extens\u00e3o visa fomentar a\u00e7\u00f5es e conhecimentos de Propriedade Intelectual e Transfer\u00eancia de Tecnologia para estimular a coopera\u00e7\u00e3o entre a UFPR e a sociedade.<\/p>\n<p><strong>Carreira e Bem-estar ao Longo do Ciclo de Vida<br \/>\n<\/strong>Execu\u00e7\u00e3o: 04\/07\/2023 a 30\/06\/2028<br \/>\nContato:\u00a0<a href=\"mailto:centrodecarreirasufpr@gmail.com\">centrodecarreirasufpr@gmail.com<\/a>\u00a0ou\u00a0<a href=\"mailto:samantha.boehs@ufpr.br\">samantha.boehs@ufpr.br\u00a0<\/a>\u00a0(Samantha de Toledo Boehs) Insta: carreiras.admufpr<br \/>\nO projeto visa discutir os diversos aspectos que podem vir a influenciar a carreira e o bem-estar em diferentes momentos do ciclo de vida pessoal e profissional dos alunos, docentes, servidores da universidade e de profissionais da comunidade externa em geral com foco na melhor prepara\u00e7\u00e3o para o mercado de trabalho.<\/p>\n<p>&nbsp;<\/p>\n","protected":false},"excerpt":{"rendered":"<p>3. Projetos de extens\u00e3o: de 6 meses at\u00e9 5 anos, a\u00e7\u00e3o que gera resultados com objetivo social, educativo, art\u00edstico, cient\u00edfico ou tecnol\u00f3gico, e visa resultado de m\u00fatuo interesse para a sociedade e para a comunidade acad\u00eamica &nbsp; PROJETOS EM EXECU\u00c7\u00c3O NO DAGA Alunos interessados em integrar os projetos devem entrar em contato com os coordenadores [&hellip;]<\/p>\n","protected":false},"author":2805,"featured_media":0,"parent":0,"menu_order":0,"comment_status":"closed","ping_status":"closed","template":"","meta":{"_acf_changed":false,"footnotes":""},"class_list":["post-8849","page","type-page","status-publish","hentry"],"acf":[],"_links":{"self":[{"href":"https:\/\/sociaisaplicadas.ufpr.br\/administracao\/wp-json\/wp\/v2\/pages\/8849","targetHints":{"allow":["GET"]}}],"collection":[{"href":"https:\/\/sociaisaplicadas.ufpr.br\/administracao\/wp-json\/wp\/v2\/pages"}],"about":[{"href":"https:\/\/sociaisaplicadas.ufpr.br\/administracao\/wp-json\/wp\/v2\/types\/page"}],"author":[{"embeddable":true,"href":"https:\/\/sociaisaplicadas.ufpr.br\/administracao\/wp-json\/wp\/v2\/users\/2805"}],"replies":[{"embeddable":true,"href":"https:\/\/sociaisaplicadas.ufpr.br\/administracao\/wp-json\/wp\/v2\/comments?post=8849"}],"version-history":[{"count":7,"href":"https:\/\/sociaisaplicadas.ufpr.br\/administracao\/wp-json\/wp\/v2\/pages\/8849\/revisions"}],"predecessor-version":[{"id":9772,"href":"https:\/\/sociaisaplicadas.ufpr.br\/administracao\/wp-json\/wp\/v2\/pages\/8849\/revisions\/9772"}],"wp:attachment":[{"href":"https:\/\/sociaisaplicadas.ufpr.br\/administracao\/wp-json\/wp\/v2\/media?parent=8849"}],"curies":[{"name":"wp","href":"https:\/\/api.w.org\/{rel}","templated":true}]}}