{"id":8851,"date":"2023-04-08T21:07:53","date_gmt":"2023-04-08T21:07:53","guid":{"rendered":"https:\/\/sociaisaplicadas.ufpr.br\/administracao\/?page_id=8851"},"modified":"2023-04-08T21:08:17","modified_gmt":"2023-04-08T21:08:17","slug":"extensao-na-ufpr","status":"publish","type":"page","link":"https:\/\/sociaisaplicadas.ufpr.br\/administracao\/extensao-na-ufpr\/","title":{"rendered":"Extens\u00e3o na UFPR"},"content":{"rendered":"<p><span style=\"font-size: 16px\"><strong><img loading=\"lazy\" decoding=\"async\" class=\"alignnone size-full wp-image-5387\" src=\"https:\/\/sociaisaplicadas.ufpr.br\/administracao\/wp-content\/uploads\/sites\/4\/2021\/02\/botoes_EXTENSAO.png\" alt=\"\" width=\"400\" height=\"100\" \/><img loading=\"lazy\" decoding=\"async\" class=\"alignnone size-full wp-image-5388\" src=\"https:\/\/sociaisaplicadas.ufpr.br\/administracao\/wp-content\/uploads\/sites\/4\/2021\/02\/FRONT_EXTENSAO.png\" alt=\"\" width=\"400\" height=\"100\" \/><br \/>\nEXTENS\u00c3O NA UFPR<br \/>\n<\/strong><span style=\"font-family: arial, helvetica, sans-serif\">A extens\u00e3o abrange a\u00e7\u00f5es da universidade junto \u00e0 comunidade, que possibilitam o interc\u00e2mbio de conhecimentos te\u00f3ricos e aplicados, por meio do ensino, da pesquisa e da presta\u00e7\u00e3o de servi\u00e7o extensionista.<br \/>\n<\/span><span style=\"font-family: arial, helvetica, sans-serif\">Possibilita a realiza\u00e7\u00e3o de a\u00e7\u00f5es tais como cursos, pesquisas compartilhadas, visitas t\u00e9cnicas, encontros t\u00e9cnico-cient\u00edficos, projetos de pesquisas, programas \u2013 dirigidas \u00e0 comunidade acad\u00eamica ou profissional, ou em conjunto com essas. Em suma, a extens\u00e3o representa um olhar para fora da universidade, que interage com a sociedade e a comunidade.<br \/>\n<\/span><span style=\"font-family: arial, helvetica, sans-serif\">As <strong>a\u00e7\u00f5es de extens\u00e3o na UFPR<\/strong> est\u00e3o abrigadas nas categorias:<br \/>\n<\/span><span style=\"font-family: arial, helvetica, sans-serif\"><strong>1. Eventos de extens\u00e3o:<\/strong> apresenta\u00e7\u00e3o ou exibi\u00e7\u00e3o p\u00fablica, de conhecimento ou produto cultural, art\u00edstico, esportivo, cient\u00edfico e tecnol\u00f3gico. (sem programa\u00e7\u00e3o atual)<br \/>\n<\/span><span style=\"font-family: arial, helvetica, sans-serif\"><strong>2. Cursos de extens\u00e3o:<\/strong> de 8 a 179 horas de dura\u00e7\u00e3o, a\u00e7\u00e3o pedag\u00f3gica de car\u00e1ter te\u00f3rico e\/ou pr\u00e1tico, ofertados para a comunidade acad\u00eamica e\/ou para a sociedade.<br \/>\n<\/span><span style=\"font-family: arial, helvetica, sans-serif\"><strong>3. Projetos de extens\u00e3o:<\/strong> de 6 meses at\u00e9 5 anos, a\u00e7\u00e3o que gera resultados com objetivo social, educativo, art\u00edstico, cient\u00edfico ou tecnol\u00f3gico, e visa resultado de m\u00fatuo interesse para a sociedade e para a comunidade acad\u00eamica<\/span><span style=\"font-family: arial, helvetica, sans-serif\"><br \/>\n<\/span><span style=\"font-family: arial, helvetica, sans-serif\"><strong>4. Programas de extens\u00e3o:<\/strong> m\u00ednimo de dois projetos de extens\u00e3o articulados, com objetivos em comum, dos quais participam servidores e servidoras de diferentes forma\u00e7\u00f5es e \u00e1reas de conhecimento.<br \/>\n<\/span><span style=\"font-family: arial, helvetica, sans-serif\"><strong>5. Presta\u00e7\u00e3o de servi\u00e7o extensionista:<\/strong> inclui o estudo e a solu\u00e7\u00e3o de problemas profissionais ou sociais, o desenvolvimento de novas abordagens pedag\u00f3gicas e de pesquisa e transfer\u00eancia de conhecimentos e tecnologia \u00e0 sociedade. (Refer\u00eancia e mais detalhes: <a href=\"http:\/\/www.proec.ufpr.br\/links\/extensao\/modalidades_extensao.html\">http:\/\/www.proec.ufpr.br\/links\/extensao\/modalidades_extensao.html<\/a>)<\/span><\/span><\/p>\n<p>&nbsp;<\/p>\n","protected":false},"excerpt":{"rendered":"<p>EXTENS\u00c3O NA UFPR A extens\u00e3o abrange a\u00e7\u00f5es da universidade junto \u00e0 comunidade, que possibilitam o interc\u00e2mbio de conhecimentos te\u00f3ricos e aplicados, por meio do ensino, da pesquisa e da presta\u00e7\u00e3o de servi\u00e7o extensionista. Possibilita a realiza\u00e7\u00e3o de a\u00e7\u00f5es tais como cursos, pesquisas compartilhadas, visitas t\u00e9cnicas, encontros t\u00e9cnico-cient\u00edficos, projetos de pesquisas, programas \u2013 dirigidas \u00e0 comunidade [&hellip;]<\/p>\n","protected":false},"author":2805,"featured_media":0,"parent":0,"menu_order":0,"comment_status":"closed","ping_status":"closed","template":"","meta":{"_acf_changed":false,"footnotes":""},"class_list":["post-8851","page","type-page","status-publish","hentry"],"acf":[],"_links":{"self":[{"href":"https:\/\/sociaisaplicadas.ufpr.br\/administracao\/wp-json\/wp\/v2\/pages\/8851","targetHints":{"allow":["GET"]}}],"collection":[{"href":"https:\/\/sociaisaplicadas.ufpr.br\/administracao\/wp-json\/wp\/v2\/pages"}],"about":[{"href":"https:\/\/sociaisaplicadas.ufpr.br\/administracao\/wp-json\/wp\/v2\/types\/page"}],"author":[{"embeddable":true,"href":"https:\/\/sociaisaplicadas.ufpr.br\/administracao\/wp-json\/wp\/v2\/users\/2805"}],"replies":[{"embeddable":true,"href":"https:\/\/sociaisaplicadas.ufpr.br\/administracao\/wp-json\/wp\/v2\/comments?post=8851"}],"version-history":[{"count":3,"href":"https:\/\/sociaisaplicadas.ufpr.br\/administracao\/wp-json\/wp\/v2\/pages\/8851\/revisions"}],"predecessor-version":[{"id":8854,"href":"https:\/\/sociaisaplicadas.ufpr.br\/administracao\/wp-json\/wp\/v2\/pages\/8851\/revisions\/8854"}],"wp:attachment":[{"href":"https:\/\/sociaisaplicadas.ufpr.br\/administracao\/wp-json\/wp\/v2\/media?parent=8851"}],"curies":[{"name":"wp","href":"https:\/\/api.w.org\/{rel}","templated":true}]}}