{"id":8920,"date":"2023-04-19T13:18:36","date_gmt":"2023-04-19T13:18:36","guid":{"rendered":"https:\/\/sociaisaplicadas.ufpr.br\/administracao\/?page_id=8920"},"modified":"2024-06-23T14:36:00","modified_gmt":"2024-06-23T14:36:00","slug":"formularios_importantes","status":"publish","type":"page","link":"https:\/\/sociaisaplicadas.ufpr.br\/administracao\/formularios_importantes\/","title":{"rendered":"Formul\u00e1rios importantes"},"content":{"rendered":"<p><strong>Formul\u00e1rios para solicita\u00e7\u00f5es a serem realizadas diretamente na Coordena\u00e7\u00e3o de Curso (CCAD), por meio do email da secretaria (<a href=\"mailto:cursoadm@ufpr.br\"><span style=\"color: #0000ff\">cursoadm@ufpr.br<\/span><\/a>):<\/strong><\/p>\n<table>\n<tbody>\n<tr>\n<td style=\"text-align: center\"><span style=\"font-size: 14px;font-family: arial, helvetica, sans-serif\"><strong><span style=\"color: #0000ff\"><a style=\"color: #0000ff\" href=\"https:\/\/sociaisaplicadas.ufpr.br\/administracao\/wp-content\/uploads\/sites\/4\/2023\/04\/exercicios_domiciliares.docx\">EXERC\u00cdCIOS DOMICILIARES (CCAD)<\/a><\/span><\/strong><\/span><\/td>\n<td><span style=\"font-size: 14px;font-family: arial, helvetica, sans-serif;color: #000000\">Para casos em que as condi\u00e7\u00f5es de sa\u00fade n\u00e3o permitem freq\u00fc\u00eancia do educando \u00e0 escola, na propor\u00e7\u00e3o m\u00ednima exigida em lei, embora se encontrando o aluno em condi\u00e7\u00f5es de aprendizagem. Inclui alunos amparados por atestado m\u00e9dico comum e em caso de gesta\u00e7\u00e3o. Antes de solicitar exerc\u00edcios domiciliares, consulte as condi\u00e7\u00f5es previstas na legisla\u00e7\u00e3o:<\/span><br \/><span style=\"font-size: 14px;color: #0000ff;font-family: arial, helvetica, sans-serif\"> <a style=\"color: #0000ff\" href=\"http:\/\/legislacao.planalto.gov.br\/legisla\/legislacao.nsf\/Viw_Identificacao\/DEL%201.044-1969?OpenDocument\"><small><strong>DECRETO-LEI N\u00ba 1.044, DE 21 DE OUTUBRO DE 1969<br \/><\/strong><\/small><\/a><a style=\"color: #0000ff\" href=\"http:\/\/legislacao.planalto.gov.br\/legisla\/legislacao.nsf\/Viw_Identificacao\/lei%206.202-1975?OpenDocument\"><small><strong>LEI N<sup>o<\/sup>\u00a06.202, DE 17 DE ABRIL DE 1975<br \/><\/strong><\/small><\/a><strong><a style=\"color: #0000ff\" href=\"http:\/\/www.soc.ufpr.br\/wp-content\/uploads\/2016\/07\/Res-37-97-CEPE-atividades-acad%C3%AAmicas-alterada-pela-Res.-10-19-CEPE.pdf\">Se\u00e7\u00e3o III da Resolu\u00e7\u00e3o 37\/97 CEPE\/UFPR<\/a><\/strong><\/span><\/td>\n<\/tr>\n<tr>\n<td style=\"text-align: center\"><a href=\"http:\/\/www.prograd.ufpr.br\/portal\/copap\/wp-content\/uploads\/sites\/2\/2019\/12\/2-Requerimento-Geral.pdf\"><span style=\"font-size: 14px;font-family: arial, helvetica, sans-serif\"><strong><span style=\"color: #0000ff\">REQUERIMENTO GERAL (CCAD)<\/span><\/strong><\/span><\/a><\/td>\n<td><span style=\"font-size: 14px;font-family: arial, helvetica, sans-serif;color: #000000\">Para casos que n\u00e3o se enquadram nos outros tipos de solicita\u00e7\u00f5es.<\/span><\/td>\n<\/tr>\n<tr>\n<td style=\"text-align: center\"><span style=\"font-size: 14px;font-family: arial, helvetica, sans-serif\"><strong><span style=\"color: #0000ff\"><a style=\"color: #0000ff\" href=\"http:\/\/www.prograd.ufpr.br\/copap\/wp-content\/uploads\/sites\/2\/2021\/09\/Requerimento-de-cancelamento-de-registro-1.pdf\">CANCELAMENTO DE REGISTRO (CCAD)<\/a><\/span><\/strong><\/span><\/td>\n<td><span style=\"font-size: 14px;font-family: arial, helvetica, sans-serif;color: #000000\">Utilizado para cancelar o registro acad\u00eamico na UFPR. \u00c9 necess\u00e1rio preencher, imprimir, assinar o formul\u00e1rio e posteriormente enviar a c\u00f3pia digitalizada para a Coordena\u00e7\u00e3o de seu Curso junto com uma c\u00f3pia digitalizada do documento de identifica\u00e7\u00e3o com foto.\u00a0<\/span><\/td>\n<\/tr>\n<\/tbody>\n<\/table>\n<p><strong>OUTROS PROCEDIMENTOS (para solicita\u00e7\u00f5es diretamente no SIGA ou em inst\u00e2ncias externas \u00e0 Coordena\u00e7\u00e3o de Curso)<\/strong><\/p>\n<table width=\"580\">\n<tbody>\n<tr>\n<td style=\"text-align: center\"><span style=\"color: #0000ff\"><strong><span style=\"font-family: arial, helvetica, sans-serif;font-size: 14px\">Altera\u00e7\u00e3o de Cadastro (PROGRAD)<\/span><\/strong><\/span><\/td>\n<td><span style=\"font-family: arial, helvetica, sans-serif;font-size: 14px;color: #000000\">Para alunos que precisam alterar informa\u00e7\u00f5es referentes ao cadastro na UFPR. \u00c9 necess\u00e1rio preencher, imprimir e assinar o formul\u00e1rio, posteriormente enviar a c\u00f3pia digitalizada para a Unidade de Atendimento da PROGRAD via email (atendimento@ufpr.br) junto com a c\u00f3pia digitalizada do documento oficial e, se for o caso, decis\u00e3o judicial.<\/span><\/td>\n<\/tr>\n<tr>\n<td style=\"text-align: center\"><span style=\"color: #0000ff\"><strong><span style=\"font-family: arial, helvetica, sans-serif;font-size: 14px\">Cancelamento de Disciplina (SIGA)<\/span><\/strong><\/span><\/td>\n<td><span style=\"font-family: arial, helvetica, sans-serif;font-size: 14px\"><span style=\"color: #000000\">Para cancelar uma disciplina do per\u00edodo letivo de acordo com a<\/span>\u00a0<a href=\"http:\/\/www.soc.ufpr.br\/wp-content\/uploads\/2016\/07\/Res-37-97-CEPE-atividades-acad%C3%AAmicas-alterada-pela-Res.-10-19-CEPE.pdf\">Resolu\u00e7\u00e3o n\u00ba 37\/97 \u2013 CEPE,<\/a>\u00a0<span style=\"color: #000000\">Art. 60. O aluno solicita via sistema SIGA, no prazo estabelecido em calend\u00e1rio acad\u00eamico. Seguir tutorial da p\u00e1gina<\/span>\u00a0<a href=\"https:\/\/ufpraberta.ufpr.br\/course\/view.php?id=9\">UFPR Aberta<\/a>\u00a0<span style=\"color: #000000\">\u2013 Apoio ao Usu\u00e1rio \u2013 Conhe\u00e7a o SIGA \u2013 Bloco 1 \u2013 Alunos e Alunas \u2013 Como solicitar cancelamento.<\/span><\/span><\/td>\n<\/tr>\n<tr>\n<td style=\"text-align: center\"><span style=\"color: #0000ff\"><strong><span style=\"font-family: arial, helvetica, sans-serif;font-size: 14px\"><a style=\"color: #0000ff\" href=\"https:\/\/docs.google.com\/forms\/d\/e\/1FAIpQLScd2ktJab7jUPSu0l1BBJbuvmtSnGhDxcyHJwB3FHMC5V0WyQ\/viewform?usp=sf_link\">Declara\u00e7\u00e3o de presen\u00e7a em prova (DAGA)<\/a><\/span><\/strong><\/span><\/td>\n<td><span style=\"color: #000000\"><span style=\"font-family: arial, helvetica, sans-serif;font-size: 14px\">Requerimento online enviado ao DAGA. <\/span><span style=\"font-family: arial, helvetica, sans-serif;font-size: 14px\">Para\u00a0alunos que precisam apresentar declara\u00e7\u00e3o de prova nas empresas em que trabalham; deve ser solicitado com 5 dias \u00fateis de anteced\u00eancia, mediante preenchimento online<\/span><\/span><\/td>\n<\/tr>\n<tr>\n<td style=\"text-align: center\"><span style=\"color: #0000ff\"><strong><span style=\"font-family: arial, helvetica, sans-serif;font-size: 14px\">Destrancamento de Curso (SIGA)<\/span><\/strong><\/span><\/td>\n<td><span style=\"font-family: arial, helvetica, sans-serif;font-size: 14px\"><span style=\"color: #000000\">Para alunos que desejam destrancar o curso<\/span> (<a href=\"http:\/\/www.soc.ufpr.br\/wp-content\/uploads\/2016\/07\/cepe-97a15.pdf\">Res. n\u00ba 97-A\/15 \u2013 CEPE<\/a>\u00a0<span style=\"color: #000000\">e<\/span>\u00a0<a href=\"http:\/\/www.soc.ufpr.br\/wp-content\/uploads\/2016\/07\/resolucao_in_12052016-1140.pdf\">I.N. 01\/16 \u2013 PROGRAD<\/a>). <span style=\"color: #000000\">Aluno solicita via sistema SIGA, no prazo estabelecido em calend\u00e1rio acad\u00eamico. Seguir tutorial da p\u00e1gina<\/span>\u00a0<a href=\"https:\/\/ufpraberta.ufpr.br\/course\/view.php?id=9\">UFPR Aberta<\/a>\u00a0<span style=\"color: #000000\">\u2013 Apoio ao Usu\u00e1rio \u2013 Conhe\u00e7a o SIGA \u2013 Bloco 1 \u2013 Alunos e Alunas \u2013 Como solicitar destrancamento.<\/span>\u00a0<\/span><\/td>\n<\/tr>\n<tr>\n<td style=\"text-align: center\"><span style=\"color: #0000ff\"><strong><span style=\"font-family: arial, helvetica, sans-serif;font-size: 14px\"><span style=\"color: #0000ff;font-family: arial, helvetica, sans-serif\"><span style=\"font-size: 14px\"><b>Disciplina Eletiva<\/b><\/span><\/span><\/span><\/strong><\/span><\/td>\n<td>\u00a0<span style=\"color: #ff0000\">verificar procedimentos novos<\/span><\/td>\n<\/tr>\n<tr>\n<td style=\"text-align: center\"><span style=\"color: #0000ff\"><strong><span style=\"font-family: arial, helvetica, sans-serif;font-size: 14px\"><span style=\"color: #0000ff;font-family: arial, helvetica, sans-serif\"><span style=\"font-size: 14px\"><b>Disciplina Isolada<\/b><\/span><\/span><\/span><\/strong><\/span><\/td>\n<td><span style=\"font-family: arial, helvetica, sans-serif;font-size: 14px;color: #000000\">Para\u00a0n\u00e3o integrantes do corpo discente regular da UFPR, com Ensino M\u00e9dio conclu\u00eddo. Preencher o requerimento constando carimbo de assinatura do Chefe do Departamento, ap\u00f3s entregar na Unidade de Atendimento da PROGRAD com c\u00f3pia do RG, CPF e comprovante de conclus\u00e3o do ensino m\u00e9dio. Solicita\u00e7\u00e3o m\u00e1xima de tr\u00eas disciplinas. Aten\u00e7\u00e3o ao prazo no calend\u00e1rio acad\u00eamico vigente.<\/span><\/td>\n<\/tr>\n<tr>\n<td style=\"text-align: center\"><span style=\"color: #0000ff\"><strong><span style=\"font-family: arial, helvetica, sans-serif;font-size: 14px\">Equival\u00eancia de Disciplina (SIGA)<\/span><\/strong><\/span><\/td>\n<td><span style=\"font-family: arial, helvetica, sans-serif;font-size: 14px\"><span style=\"color: #000000\">Solicita\u00e7\u00e3o efetuada por alunos ingressantes na UFPR ou para cr\u00e9ditos obtidos por meio de conv\u00eanio (mobilidade acad\u00eamica). O aluno solicita via sistema SIGA, no prazo estabelecido em calend\u00e1rio acad\u00eamico. Seguir tutorial da p\u00e1gina<\/span><a href=\"https:\/\/ufpraberta.ufpr.br\/course\/view.php?id=9\">\u00a0UFPR Aberta<\/a>\u00a0<span style=\"color: #000000\">\u2013 Apoio ao Usu\u00e1rio \u2013 Conhe\u00e7a o SIGA \u2013 Bloco 1 \u2013 Alunos e Alunas \u2013 Processo de Equival\u00eancia.<\/span><\/span><\/td>\n<\/tr>\n<tr>\n<td style=\"text-align: center\"><span style=\"color: #0000ff\"><strong><span style=\"font-family: arial, helvetica, sans-serif;font-size: 14px\"><span style=\"color: #0000ff;font-family: arial, helvetica, sans-serif\"><span style=\"font-size: 14px\"><b>Exame de Adiantamento de Conhecimento (SIGA)<\/b><\/span><\/span><\/span><\/strong><\/span><\/td>\n<td><span style=\"color: #000000;font-family: arial, helvetica, sans-serif;font-size: 14px\">Para alunos que n\u00e3o cursaram a disciplina, mas aleguem possuir dom\u00ednio de conhecimento do conte\u00fado (<span style=\"color: #333399\"><a style=\"color: #333399\" href=\"http:\/\/www.soc.ufpr.br\/wp-content\/uploads\/2016\/07\/Res-92-13-CEPE-altera%C3%A7%C3%A3o-Resolu%C3%A7%C3%A3o-0610-alterado-pela-Res-39.18-1.pdf\">Res. n\u00ba 92\/13 \u2013 CEPE<\/a><\/span>\u00a0e\u00a0<span style=\"color: #333399\"><a style=\"color: #333399\" href=\"http:\/\/www.soc.ufpr.br\/wp-content\/uploads\/2018\/09\/in0114CEPEmodificada.pdf\">IN n\u00ba 01\/14 \u2013 PROGRAD<\/a><\/span>). Aluno solicita via sistema SIGA, no prazo estabelecido em calend\u00e1rio acad\u00eamico. Seguir tutorial da p\u00e1gina\u00a0<span style=\"color: #000080\"><a style=\"color: #000080\" href=\"https:\/\/ufpraberta.ufpr.br\/course\/view.php?id=9\">UFPR Aberta<\/a><\/span>\u00a0\u2013 Apoio ao Usu\u00e1rio \u2013 Conhe\u00e7a o SIGA \u2013 Bloco 1 \u2013 Alunos e Alunas \u2013 Processo de Exame de Adiantamento.<\/span><\/td>\n<\/tr>\n<tr>\n<td style=\"text-align: center\"><span style=\"color: #0000ff\"><strong><span style=\"font-family: arial, helvetica, sans-serif;font-size: 14px\"><span style=\"color: #0000ff;font-family: arial, helvetica, sans-serif\"><span style=\"font-size: 14px\"><b>Exame de Aproveitamento de Conhecimento (SIGA)<\/b><\/span><\/span><\/span><\/strong><\/span><\/td>\n<td><span style=\"font-family: arial, helvetica, sans-serif;font-size: 14px\"><span style=\"color: #000000\">Para alunos que reprovaram na disciplina por nota e obtiveram frequ\u00eancia igual ou superior a 75%. Permitido solicitar o exame uma \u00fanica vez na mesma disciplina. Aluno poder\u00e1 solicitar no m\u00e1ximo dois exames por per\u00edodo acad\u00eamico (semestre\/ano) \u2013 (<span style=\"color: #333399\"><a style=\"color: #333399\" href=\"http:\/\/www.soc.ufpr.br\/wp-content\/uploads\/2016\/07\/Res-92-13-CEPE-altera%C3%A7%C3%A3o-Resolu%C3%A7%C3%A3o-0610-alterado-pela-Res-39.18-1.pdf\">Res. n\u00ba 92\/13 \u2013 CEPE<\/a>\u00a0e\u00a0<a style=\"color: #333399\" href=\"http:\/\/www.soc.ufpr.br\/wp-content\/uploads\/2018\/09\/in0114CEPEmodificada.pdf\">IN n\u00ba 01\/14 \u2013 PROGRAD<\/a><\/span>). Aluno solicita via sistema SIGA, no prazo estabelecido em calend\u00e1rio acad\u00eamico. Seguir tutorial da p\u00e1gina\u00a0<span style=\"color: #000080\"><a style=\"color: #000080\" href=\"https:\/\/ufpraberta.ufpr.br\/course\/view.php?id=9\">UFPR Aberta<\/a><\/span>\u00a0\u2013 Apoio ao Usu\u00e1rio \u2013 Conhe\u00e7a o SIGA \u2013 Bloco 1 \u2013 Alunos e Alunas \u2013 Processo de Exame de Aproveitamento.<\/span><\/span><\/td>\n<\/tr>\n<tr>\n<td style=\"text-align: center\"><a href=\"https:\/\/docs.google.com\/forms\/d\/e\/1FAIpQLSesLRdW8xhtQYRW5G7d3QtSks3Z1Hluy8SaJjCbSWJ3mnq0BA\/viewform?vc=0&amp;c=0&amp;w=1&amp;flr=0\"><span style=\"color: #0000ff;font-family: arial, helvetica, sans-serif;font-size: 14px\"><strong>Solicita\u00e7\u00e3o de segunda chamada (DAGA)<\/strong><\/span><\/a><\/td>\n<td><span style=\"font-family: arial, helvetica, sans-serif;font-size: 14px\"><span style=\"color: #000000\">Requerimento online enviado ao DAGA. Utilizado para aqueles casos que se encaixam nas condi\u00e7\u00f5es previstas na <a href=\"http:\/\/www.soc.ufpr.br\/wp-content\/uploads\/2016\/07\/Res-37-97-CEPE-atividades-acad%C3%AAmicas-alterada-pela-Res.-10-19-CEPE.pdf\">Resolu\u00e7\u00e3o 37\/97-CEPE<\/a>, artigo 106, para solicita\u00e7\u00e3o de 2\u00aa chamada de prova.\u00a0<\/span><\/span><\/td>\n<\/tr>\n<tr>\n<td style=\"text-align: center\"><span style=\"color: #0000ff\"><strong><span style=\"font-family: arial, helvetica, sans-serif;font-size: 14px\">Trancamento de curso (SIGA)<\/span><\/strong><\/span><\/td>\n<td><span style=\"font-family: arial, helvetica, sans-serif;font-size: 14px\"><span style=\"color: #000000\">Para alunos que desejam trancar o curso<\/span> (<a href=\"http:\/\/www.soc.ufpr.br\/wp-content\/uploads\/2016\/07\/cepe-97a15.pdf\">Res. n\u00ba 97-A\/15 \u2013 CEPE<\/a>\u00a0e\u00a0<a href=\"http:\/\/www.soc.ufpr.br\/wp-content\/uploads\/2016\/07\/resolucao_in_12052016-1140.pdf\">I.N. 01\/16 \u2013 PROGRAD<\/a>). <span style=\"color: #000000\">Aluno solicita via sistema SIGA, no prazo estabelecido em calend\u00e1rio acad\u00eamico. Seguir tutorial da p\u00e1gina\u00a0<\/span><a href=\"https:\/\/ufpraberta.ufpr.br\/course\/view.php?id=9\">UFPR Aberta<\/a>\u00a0<span style=\"color: #000000\">\u2013 Apoio ao Usu\u00e1rio \u2013 Conhe\u00e7a o SIGA \u2013 Bloco 1 \u2013 Alunos e Alunas \u2013 Como solicitar trancamento.<\/span>\u00a0<\/span><\/td>\n<\/tr>\n<tr>\n<td style=\"text-align: center\"><a href=\"https:\/\/docs.google.com\/forms\/d\/e\/1FAIpQLScxM-DXabNHml0JflMf1yX7mseWVsflAVlsYuoGY1L-bgvMbw\/viewform\"><span style=\"color: #0000ff;font-family: arial, helvetica, sans-serif\"><span style=\"font-size: 14px\"><b>Solicita\u00e7\u00e3o de revis\u00e3o de prova (DAGA)<\/b><\/span><\/span><\/a><\/td>\n<td><span style=\"font-family: arial, helvetica, sans-serif;font-size: 14px\"><span style=\"color: #000000\">Requerimento online enviado ao DAGA. Ap\u00f3s obter a vista de prova, o aluno poder\u00e1 solicitar, de forma fundamentada, a revis\u00e3o de quest\u00f5es que considere indevidamente corrigidas.<\/span><\/span><\/td>\n<\/tr>\n<tr>\n<td style=\"text-align: center\"><a href=\"https:\/\/forms.gle\/NaqqM5Q5T86sueFD8\"><span style=\"color: #0000ff\"><strong><span style=\"font-family: arial, helvetica, sans-serif;font-size: 14px\">Solicita\u00e7\u00e3o de vista de prova (DAGA)<\/span><\/strong><\/span><\/a><\/td>\n<td><span style=\"font-family: arial, helvetica, sans-serif;font-size: 14px\"><span style=\"color: #000000\">Requerimento online enviado ao DAGA. Em at\u00e9 3 dias \u00fateis ap\u00f3s a divulga\u00e7\u00e3o das notas, os alunos podem solicitar\u00a0<\/span><\/span><span style=\"font-family: arial, helvetica, sans-serif;font-size: 14px\"><span style=\"color: #000000\">vista da prova diretamente com o professor da disciplina e\/ou enviar o requerimento online ao departamento.<\/span><\/span><\/td>\n<\/tr>\n<\/tbody>\n<\/table>\n\n\n<p><strong>No <a href=\"http:\/\/www.prograd.ufpr.br\/portal\/manual-do-estudante\/\">Manual para Estudantes UFPR<\/a> da PROGRAD est\u00e3o dispon\u00edveis informa\u00e7\u00f5es essenciais ao discente, dentre essas: estrutura geral da UFPR, papel da coordena\u00e7\u00e3o de curso e principais procedimentos e regras acad\u00eamicas.<\/strong><\/p>\n","protected":false},"excerpt":{"rendered":"<p>Formul\u00e1rios para solicita\u00e7\u00f5es a serem realizadas diretamente na Coordena\u00e7\u00e3o de Curso (CCAD), por meio do email da secretaria (cursoadm@ufpr.br): EXERC\u00cdCIOS DOMICILIARES (CCAD) Para casos em que as condi\u00e7\u00f5es de sa\u00fade n\u00e3o permitem freq\u00fc\u00eancia do educando \u00e0 escola, na propor\u00e7\u00e3o m\u00ednima exigida em lei, embora se encontrando o aluno em condi\u00e7\u00f5es de aprendizagem. Inclui alunos amparados [&hellip;]<\/p>\n","protected":false},"author":2805,"featured_media":0,"parent":0,"menu_order":0,"comment_status":"closed","ping_status":"closed","template":"","meta":{"_acf_changed":false,"footnotes":""},"class_list":["post-8920","page","type-page","status-publish","hentry"],"acf":[],"_links":{"self":[{"href":"https:\/\/sociaisaplicadas.ufpr.br\/administracao\/wp-json\/wp\/v2\/pages\/8920","targetHints":{"allow":["GET"]}}],"collection":[{"href":"https:\/\/sociaisaplicadas.ufpr.br\/administracao\/wp-json\/wp\/v2\/pages"}],"about":[{"href":"https:\/\/sociaisaplicadas.ufpr.br\/administracao\/wp-json\/wp\/v2\/types\/page"}],"author":[{"embeddable":true,"href":"https:\/\/sociaisaplicadas.ufpr.br\/administracao\/wp-json\/wp\/v2\/users\/2805"}],"replies":[{"embeddable":true,"href":"https:\/\/sociaisaplicadas.ufpr.br\/administracao\/wp-json\/wp\/v2\/comments?post=8920"}],"version-history":[{"count":24,"href":"https:\/\/sociaisaplicadas.ufpr.br\/administracao\/wp-json\/wp\/v2\/pages\/8920\/revisions"}],"predecessor-version":[{"id":10398,"href":"https:\/\/sociaisaplicadas.ufpr.br\/administracao\/wp-json\/wp\/v2\/pages\/8920\/revisions\/10398"}],"wp:attachment":[{"href":"https:\/\/sociaisaplicadas.ufpr.br\/administracao\/wp-json\/wp\/v2\/media?parent=8920"}],"curies":[{"name":"wp","href":"https:\/\/api.w.org\/{rel}","templated":true}]}}