{"id":1037,"date":"2019-09-04T17:50:47","date_gmt":"2019-09-04T17:50:47","guid":{"rendered":"https:\/\/sociaisaplicadas.ufpr.br\/contabeis\/?page_id=1037"},"modified":"2025-12-16T19:09:38","modified_gmt":"2025-12-16T19:09:38","slug":"apresentacao","status":"publish","type":"page","link":"https:\/\/sociaisaplicadas.ufpr.br\/contabeis\/","title":{"rendered":""},"content":{"rendered":"<p style=\"text-align: center\"><span style=\"font-size: 14pt\"><strong>Departamento de Ci\u00eancias Cont\u00e1beis<\/strong><\/span><\/p>\n<p>\u00a0 Com o advento do Decreto Lei n\u00ba 7.988 de 22 de setembro de 1945, que reformulou o ensino das Ci\u00eancias Econ\u00f4micas, fez com que a Faculdade de Administra\u00e7\u00e3o e Finan\u00e7as da UFPR tivesse que alterar seu curr\u00edculo, incluindo o Curso de Bacharel em Bacharel em Ci\u00eancias Econ\u00f4micas e Ci\u00eancias Cont\u00e1beis e Atuariais, al\u00e9m dos Cursos de Administra\u00e7\u00e3o e Finan\u00e7as. Em 04 de dezembro de 1950, por meio da Lei Federal n\u00ba 1.254, juntamente com outras institui\u00e7\u00f5es brasileiras, a UFPR obteve sua federaliza\u00e7\u00e3o e passou a chamar-se Universidade Federal do Paran\u00e1. Em 24 de abril de 1957 houve o desdobramento dos Cursos em Ci\u00eancias Cont\u00e1beis e Ci\u00eancias Atuariais. A reforma do ensino superior de 1973 reestruturou a UFPR, suprimindo as faculdades e reorganizando seu modelo administrativo em unidades denominadas Setores quando, em 12 de setembro de 1973, foi criado o Setor de Ci\u00eancias Sociais Aplicadas e seus respectivos Departamentos de Ci\u00eancias Cont\u00e1beis, de Economia, de Administra\u00e7\u00e3o e de Direito. Em 1981 o Curso de Direito cria Setor pr\u00f3prio e em 2001 o Departamento de Ci\u00eancia e Gest\u00e3o da Informa\u00e7\u00e3o passa a fazer parte do Setor de Ci\u00eancias Sociais Aplicadas. No in\u00edcio de 1995, com o intuito de buscar o desenvolvimento acad\u00eamico em pesquisas e doc\u00eancia, vislumbrando futura cria\u00e7\u00e3o de curso de p\u00f3s-gradua\u00e7\u00e3o stricto sensu, o Departamento de Ci\u00eancias Cont\u00e1beis passou a oferecer regularmente cursos de p\u00f3s-gradua\u00e7\u00e3o lato sensu em Contabilidade e Finan\u00e7as. Particularmente esse curso e outros que logo se seguiram: MBA em Auditoria Integral, Controladoria e Gest\u00e3o de Neg\u00f3cios, al\u00e9m da colabora\u00e7\u00e3o de Professores Doutores de outros Departamentos e Universidade Estaduais do Estado do Paran\u00e1, constitu\u00edram fundamento para cria\u00e7\u00e3o do primeiro Mestrado em Contabilidade do Estado do Paran\u00e1, em mar\u00e7o de 2005. Esta nova fase, propiciou a contrata\u00e7\u00e3o de novos Professores Doutores e com aux\u00edlio de Professores Doutores de outros Departamentos, em dezembro de 2013, foi autorizada pela CAPES a cria\u00e7\u00e3o do Curso de Doutorado em Contabilidade, dando origem ao Programa de P\u00f3s-Gradua\u00e7\u00e3o stricto sensu em Ci\u00eancias Cont\u00e1beis. A partir de janeiro de 2014, com aux\u00edlio de recursos financeiros da CAPES, o Programa passou a ofertar o Est\u00e1gio P\u00f3s-Doutoral.<\/p>\n<p><strong>MISS\u00c3O<\/strong> A Miss\u00e3o do DECONT \u00e9 fomentar, construir e disseminar o conhecimento cont\u00e1bil da gradua\u00e7\u00e3o e da p\u00f3s-gradua\u00e7\u00e3o, de forma prospectiva e sist\u00eamica, contribuindo para a forma\u00e7\u00e3o de cidad\u00e3os que possam efetivamente ser part\u00edcipes do desenvolvimento do pa\u00eds.<\/p>\n<p><strong>VIS\u00c3O<\/strong> Estar entre os mais conceituados cursos de gradua\u00e7\u00e3o e p\u00f3s-gradua\u00e7\u00e3o em Ci\u00eancias Cont\u00e1beis do Brasil.<\/p>\n<p><strong>VALORES<\/strong> Inser\u00e7\u00e3o Social. Integra\u00e7\u00e3o. Produ\u00e7\u00e3o Intelectual. Valoriza\u00e7\u00e3o Pessoal. Gest\u00e3o Participativa. Credibilidade. Comprometimento. Coopera\u00e7\u00e3o. \u00c9tica e Moral. Compet\u00eancia. Visibilidade. Ensino inovador. Diversidade. Excel\u00eancia.<\/p>\n<p><strong>CURSOS<\/strong> \u2022 P\u00f3s-Doutorado \u2022 Doutorado \u2022 Mestrado \u2022 Especializa\u00e7\u00f5es e MBA \u2022 Gradua\u00e7\u00e3o.<\/p>\n<p><strong>CORPO DOCENTE<\/strong> O Departamento conta com 26 professores, dos quais vinte e quatro em regime de Dedica\u00e7\u00e3o Exclusiva &#8211; DE,\u00a0 um em regime de 20 horas e\u00a0 em regime de 40 horas.<\/p>\n<p><strong>CORPO DISCENTE<\/strong> P\u00f3s-Doutorado: 01. Doutorado: 30. Mestrado:25. Especializa\u00e7\u00e3o: 6 turmas, com total de 540 alunos. Gradua\u00e7\u00e3o: ingresso de 2 turmas anuais de 60, totalizando uma m\u00e9dia de 600 alunos.<\/p>\n<p><strong>FUNCION\u00c1RIOS<\/strong> O Departamento conta com 04 t\u00e9cnico-administrativos.<\/p>\n<p><strong>INFRAESTRUTURA<\/strong> Amplas salas de aula vers\u00e1teis, contendo cadeiras estofadas e carteiras para m\u00faltiplos usos, com estrutura de multim\u00eddia, adequadas para comportar nossos alunos de gradua\u00e7\u00e3o, mestrado e doutorado. Sala de videoconfer\u00eancia, com web de alta qualidade, comportando 25 participantes. Moderno Sal\u00e3o Nobre, contendo estrutura completa de multim\u00eddia, comportando 104 alunos, confortavelmente acomodados em poltronas estofadas, com pranchetas. Al\u00e9m disso, h\u00e1 um Audit\u00f3rio Setorial, de uso compartilhado, comportando 336 pessoas. Laborat\u00f3rio pr\u00f3prio de inform\u00e1tica, contendo 45 modernos computadores, al\u00e9m de dois laborat\u00f3rios setoriais, de uso compartilhado, contendo 90 computadores. Os professores com dedica\u00e7\u00e3o exclusiva, em sua grande maioria, possuem gabinetes individuais de trabalho e os demais compartilham.<\/p>\n","protected":false},"excerpt":{"rendered":"<p>Departamento de Ci\u00eancias Cont\u00e1beis \u00a0 Com o advento do Decreto Lei n\u00ba 7.988 de 22 de setembro de 1945, que reformulou o ensino das Ci\u00eancias Econ\u00f4micas, fez com que a Faculdade de Administra\u00e7\u00e3o e Finan\u00e7as da UFPR tivesse que alterar seu curr\u00edculo, incluindo o Curso de Bacharel em Bacharel em Ci\u00eancias Econ\u00f4micas e Ci\u00eancias Cont\u00e1beis [&hellip;]<\/p>\n","protected":false},"author":2791,"featured_media":0,"parent":0,"menu_order":0,"comment_status":"closed","ping_status":"closed","template":"","meta":{"footnotes":""},"class_list":["post-1037","page","type-page","status-publish","hentry"],"_links":{"self":[{"href":"https:\/\/sociaisaplicadas.ufpr.br\/contabeis\/wp-json\/wp\/v2\/pages\/1037","targetHints":{"allow":["GET"]}}],"collection":[{"href":"https:\/\/sociaisaplicadas.ufpr.br\/contabeis\/wp-json\/wp\/v2\/pages"}],"about":[{"href":"https:\/\/sociaisaplicadas.ufpr.br\/contabeis\/wp-json\/wp\/v2\/types\/page"}],"author":[{"embeddable":true,"href":"https:\/\/sociaisaplicadas.ufpr.br\/contabeis\/wp-json\/wp\/v2\/users\/2791"}],"replies":[{"embeddable":true,"href":"https:\/\/sociaisaplicadas.ufpr.br\/contabeis\/wp-json\/wp\/v2\/comments?post=1037"}],"version-history":[{"count":13,"href":"https:\/\/sociaisaplicadas.ufpr.br\/contabeis\/wp-json\/wp\/v2\/pages\/1037\/revisions"}],"predecessor-version":[{"id":6251,"href":"https:\/\/sociaisaplicadas.ufpr.br\/contabeis\/wp-json\/wp\/v2\/pages\/1037\/revisions\/6251"}],"wp:attachment":[{"href":"https:\/\/sociaisaplicadas.ufpr.br\/contabeis\/wp-json\/wp\/v2\/media?parent=1037"}],"curies":[{"name":"wp","href":"https:\/\/api.w.org\/{rel}","templated":true}]}}