{"id":1080,"date":"2019-09-19T16:19:47","date_gmt":"2019-09-19T16:19:47","guid":{"rendered":"https:\/\/sociaisaplicadas.ufpr.br\/contabeis\/?page_id=1080"},"modified":"2026-02-25T20:36:44","modified_gmt":"2026-02-25T20:36:44","slug":"programa-de-orientacao-academica","status":"publish","type":"page","link":"https:\/\/sociaisaplicadas.ufpr.br\/contabeis\/programa-de-orientacao-academica\/","title":{"rendered":"Programa de Orienta\u00e7\u00e3o Acad\u00eamica"},"content":{"rendered":"<h5>O que \u00e9 o Programa de Orienta\u00e7\u00e3o Acad\u00eamica (POA)?<\/h5>\n<p>O <strong>Programa de Orienta\u00e7\u00e3o Acad\u00eamica (POA) <\/strong>foi constitu\u00eddo para orientar o discente em sua trajet\u00f3ria acad\u00eamica no curso <strong>Ci\u00eancias Cont\u00e1beis <\/strong>da <strong>Universidade Federal do Paran\u00e1 (UFPR), <\/strong>no intuito de identificar e criar solu\u00e7\u00f5es, para a supera\u00e7\u00e3o de obst\u00e1culos ao processo de ensino aprendizagem, reduzir a reten\u00e7\u00e3o, a evas\u00e3o e para responder \u00e0 necessidade de orienta\u00e7\u00e3o dos discentes que por diversos motivos, apresentam dificuldade de aprendizagem, atrasam o cumprimento da matriz curricular, desistem do curso, ou adiam indefinidamente sua conclus\u00e3o resultando em cancelamento do registro acad\u00eamico.<\/p>\n<p>Para o ingresso dos discentes ao POA se dar\u00e1 ap\u00f3s aprova\u00e7\u00e3o do Colegiado do Curso de Ci\u00eancias Cont\u00e1beis. Os discentes que apresentarem \u00cdndice de Rendimento Acad\u00eamico (IRA) igual ou abaixo de 0,5 e que possu\u00edrem 3 ou mais reprova\u00e7\u00f5es nas disciplinas ser\u00e3o convidados a ingressarem no POA.<\/p>\n<p>Tamb\u00e9m os discentes podem solicitar via secretaria do Curso de Ci\u00eancias Cont\u00e1beis o ingresso ao POA.<\/p>\n<p>A participa\u00e7\u00e3o dos discentes nas atividades sugeridas pelo POA \u00e9 facultativa, podendo o discente formalizar ao Professor Tutor, pedido justificado de desvincula\u00e7\u00e3o.<\/p>\n<h5>Regulamento do Programa de Orienta\u00e7\u00e3o Acad\u00eamica (POA)<\/h5>\n<p><a href=\"https:\/\/sociaisaplicadas.ufpr.br\/contabeis\/wp-content\/uploads\/sites\/3\/2022\/12\/Regulamento_POA___Final.pdf\"><strong>Clique aqui<\/strong><\/a> para acessar Regulamento do Programa de Orienta\u00e7\u00e3o Acad\u00eamica<\/p>\n<h4 style=\"text-align: left\"><b>Como participar?<\/b><\/h4>\n<p style=\"text-align: left\">Para solicitar a <strong>Participa\u00e7\u00e3o no POA, \u00e9 necess\u00e1rio<\/strong> enviar o <strong><a href=\"https:\/\/sociaisaplicadas.ufpr.br\/contabeis\/wp-content\/uploads\/sites\/3\/2024\/01\/POA-Termo-de-Aceite-e-Sigilo.docx\">Termo<\/a><\/strong> de Aceite e Sigilo, preenchido e assinado, em formato &#8220;PDF&#8221;, junto com a <strong><a href=\"https:\/\/sociaisaplicadas.ufpr.br\/contabeis\/wp-content\/uploads\/sites\/3\/2026\/02\/Ficha-de-vinculacao-POA-1.docx\">Ficha Vincula\u00e7\u00e3o\/Desvincula\u00e7\u00e3o<\/a><\/strong>\u00a0ao endere\u00e7o e-mail da secretaria (coorcont@ufpr.br).<\/p>\n<h5>Informa\u00e7\u00f5es Gerais sobre Acolhimento<\/h5>\n<p>Se voc\u00ea sofreu algum tipo de viol\u00eancia dentro da UFPR, por algu\u00e9m que estude ou trabalhe aqui, voc\u00ea pode denunciar:\u00a0<a href=\"mailto:acolhe.sipad@ufpr.br\">acolhe.sipad@ufpr.br<\/a>\u00a0e (41) 3310-2699.<\/p>\n<p>A\u00a0<a href=\"http:\/\/www.google.com\/url?q=http%3A%2F%2Fwww.sipad.ufpr.br%2Fportal%2Fcontato-10%2F&amp;sa=D&amp;sntz=1&amp;usg=AFQjCNGc1xLMH8QoE90jUFKkpUU86oNKcA\">SIPAD<\/a>\u00a0\u00e9 a Superintend\u00eancia de Inclus\u00e3o, Pol\u00edticas Afirmativas e Diversidade, e conta com uma equipe de pessoas treinadas para dar suporte \u00e0s v\u00edtimas de diversos tipos de viol\u00eancias.<\/p>\n<p><a href=\"https:\/\/sociaisaplicadas.ufpr.br\/coordeco\/apoio\/\">Para mais tipos de apoio emocional oferecidos pela UFPR para sua comunidade, veja aqui<\/a><\/p>\n<p>Para viol\u00eancias que ocorrem fora do ambiente universit\u00e1rio, em Curitiba h\u00e1:<\/p>\n<ul>\n<li><a href=\"http:\/\/www.google.com\/url?q=http%3A%2F%2Fwww.curitiba.pr.gov.br%2Fconteudo%2Fenfrentamento-da-violencia%2F2477&amp;sa=D&amp;sntz=1&amp;usg=AFQjCNEU1ZNtP1Z8A3SVnNrGBvxk66Uniw\">Casa da Mulher Brasileira<\/a><\/li>\n<\/ul>\n<p>Telefones: (41) 3221-2701 \/ 3221-2710<\/p>\n<p>e-mail:\u00a0<a href=\"mailto:cmb@cmb.curitiba.pr.gov.br\">cmb@cmb.curitiba.pr.gov.br<\/a><\/p>\n<p>End. AV. PARAN\u00c1, 870<\/p>\n<ul>\n<li><a href=\"https:\/\/www.google.com\/url?q=https%3A%2F%2Fwww.mapadoacolhimento.org&amp;sa=D&amp;sntz=1&amp;usg=AFQjCNFwanBGbnnyVwthNAOwnOBrsolsGQ\">Mapa do Acolhimento<\/a>que \u00e9 uma rede de solidariedade que conecta mulheres que sofrem ou sofreram viol\u00eancia de g\u00eanero a psic\u00f3logas e advogadas dispostas a ajud\u00e1-las de forma volunt\u00e1ria.<\/li>\n<\/ul>\n<h5>\u00d3rg\u00e3os de Acolhimento<\/h5>\n<p><a href=\"https:\/\/www.google.com\/url?q=https%3A%2F%2Fouvidoria.mdh.gov.br%2F&amp;sa=D&amp;sntz=1&amp;usg=AFQjCNGMA7g-sptk04xKOrz5ByxoOkRRWw\">Ouvidoria Nacional de Direitos Humanos<\/a><\/p>\n<p>Central de Atendimento \u00e0 Mulher: disque 180<\/p>\n<p><strong><a href=\"https:\/\/www.google.com\/url?q=https%3A%2F%2Fwww.policiacivil.pr.gov.br%2FEndereco%2FNUCLEO-DE-%2520PROTECAO-CRIANCA-E-AO-ADOLESCENTE-VITIMAS-%2520DE-CRIMES&amp;sa=D&amp;sntz=1&amp;usg=AFQjCNGkWgPem17D-2lBv-TtCim8_4a2rQ\">NUCRIA \u2014 N\u00facleo de Prote\u00e7\u00e3o a\u0300 Crian\u00e7a e ao Adolescente V\u00edtimas de Crimes<\/a><\/strong><\/p>\n<p>em Curitiba \u2013 (41) 3270-3370<\/p>\n<p>e-mail:\u00a0<a href=\"mailto:nucria@pc.gov.br\">nucria@pc.gov.br<\/a><\/p>\n<p><strong><a href=\"https:\/\/www.google.com\/url?q=https%3A%2F%2Fwww.policiacivil.pr.gov.br%2FEndereco%2FDELEGACIA-DO-%2520ADOLESCENTE&amp;sa=D&amp;sntz=1&amp;usg=AFQjCNEKFItzgeRL5WOUoYxyEl96mB9gOg\">Delegacia do Adolescente \u2013 Curitiba<\/a><\/strong><\/p>\n<p>Tel.: (41) 3261-6500 \u2013 Fax: (41) 33656056<\/p>\n<p>e-mail: <a href=\"mailto:dpadolescentecapital@pc.pr.gov.br\">dpadolescentecapital@pc.pr.gov.br<\/a><\/p>\n<p><strong><a href=\"https:\/\/www.google.com\/url?q=https%3A%2F%2Fwww.policiacivil.pr.gov.br%2FEndereco%2FDELEGACIA-DO-%2520ADOLESCENTE&amp;sa=D&amp;sntz=1&amp;usg=AFQjCNEKFItzgeRL5WOUoYxyEl96mB9gOg\">Delegacias de Prote\u00e7\u00e3o a\u0300 Crian\u00e7a e ao Adolescente \u2013 S\u00e3o Jose\u0301 dos Pinhais<\/a><\/strong><\/p>\n<p>S\u00e3o Jose\u0301 dos Pinhais \u2013 Tel.: (41) 37532050 \u2013 Fax: (41) 3753-2050<\/p>\n<p>e-mail: <a href=\"mailto:dpmulhersaojosepinhais@pc.pr.gov.br\">dpmulhersaojosepinhais@pc.pr.gov.br<\/a><\/p>\n<p><strong><a href=\"https:\/\/www.google.com\/url?q=https%3A%2F%2Fwww.policiacivil.pr.gov.br%2FEndereco%2FDELEGACIA-DA-%2520MULHER-DA-CAPITAL&amp;sa=D&amp;sntz=1&amp;usg=AFQjCNGoD3Ez9R5cqzLQiz3ezILeNW_sHw\">Delegacia da Mulher \u2013 Curitiba<\/a><\/strong><\/p>\n<p>Tel.: (41) 32198600 \u2013 Fax: (41) 32198600<\/p>\n<p>e-mail: <a href=\"mailto:dpmulhercapital@pc.pr.gov.br\">dpmulhercapital@pc.pr.gov.br<\/a><\/p>\n<p><strong>\u00a0<\/strong><\/p>\n<p><strong>Conselho Estadual da Crian\u00e7a<\/strong><\/p>\n<p>Sede em Curitiba e o contato pode ser realizado pelo telefone (41) 3210-2608<\/p>\n<p><strong>Conselho Municipal dos Direitos da Mulher<\/strong><\/p>\n<p>e-mail: <a href=\"mailto:cmdmctba@curitiba.pr.gov.br\">cmdmctba@curitiba.pr.gov.br<\/a><\/p>\n<p><strong>Assessoria de Promo\u00e7\u00e3o e Igualdade Racial:<\/strong><\/p>\n<p>Tel.: (41) 3221-2712<\/p>\n<p>e-mail: <a href=\"mailto:direitoshumanos@pmc.curitiba.pr.gov.br\">direitoshumanos@pmc.curitiba.pr.gov.br<\/a><\/p>\n<p><a href=\"http:\/\/www.google.com\/url?q=http%3A%2F%2Fwww.vireapagina.com.br&amp;sa=D&amp;sntz=1&amp;usg=AFQjCNEanEYvk3xe6V4sMTwb5qKOfGeJiw\">Assessoria de Direitos Humanos e Pol\u00edtica para Mulheres<\/a>:<\/p>\n<p>Tel.: (41) 3221-2746<\/p>\n<p>e-mail: <a href=\"mailto:mulher@curitiba.pr.gov.br\">mulher@curitiba.pr.gov.br<\/a><\/p>\n<h5>Links auxiliares<\/h5>\n<p><a href=\"https:\/\/www.google.com\/url?q=https%3A%2F%2Fwww.planalto.gov.br%2Fccivil_03%2F_Ato2004-2006%2F2006%2FLei%2FL11340.htm&amp;sa=D&amp;sntz=1&amp;usg=AFQjCNHbBtQE8cU6TqIj94WA_9qe74QSTA\">Lei Maria da Penha<\/a>\u00a0<a href=\"http:\/\/www.google.com\/url?q=http%3A%2F%2Fportaltj.tjrj.jus.br%2Fweb%2Fguest%2Fobservatorio-judicial-violencia-mulher%2Faplicativo-maria-da-penha-virtual&amp;sa=D&amp;sntz=1&amp;usg=AFQjCNGi3Tyu_2na9dEvNgjm8gXASC8uVg\">Maria da Penha Virtual<\/a><\/p>\n<p><a href=\"https:\/\/www.google.com\/url?q=https%3A%2F%2Fwww.planalto.gov.br%2Fccivil_03%2F_ato2007-2010%2F2008%2Flei%2Fl11829.htm&amp;sa=D&amp;sntz=1&amp;usg=AFQjCNE7pni17RsELVgylnfnTdCfl6YCtw\">Lei da Pedofilia<\/a><\/p>\n<p><a href=\"http:\/\/www.google.com\/url?q=http%3A%2F%2Fwww.planalto.gov.br%2Fccivil_03%2F_ato2011-2014%2F2012%2Flei%2Fl12737.htm&amp;sa=D&amp;sntz=1&amp;usg=AFQjCNFyRfEFiYbHCMpHPGOdL0hqxyUQXw\">Lei Carolina Dieckmann<\/a><\/p>\n<p><a href=\"http:\/\/www.google.com\/url?q=http%3A%2F%2Fwww.planalto.gov.br%2Fccivil_03%2F_ato2015-2018%2F2015%2Flei%2Fl13104.htm&amp;sa=D&amp;sntz=1&amp;usg=AFQjCNHAkIvsn8IiGO5WY0oEb7hsbcdjQA\">Lei do Feminic\u00eddio<\/a><\/p>\n<p><a href=\"http:\/\/www.google.com\/url?q=http%3A%2F%2Fwww.planalto.gov.br%2Fccivil_03%2F_ato2015-%25202018%2F2018%2Flei%2FL13718.htm%23%3A~%3Atext%3DAltera%2520o%2520Decreto%252DLei%2520n%25C2%25BA%2Cestabelece%2520r%2520causas%2520de%2520aumento%2520de&amp;sa=D&amp;sntz=1&amp;usg=AFQjCNG93rsCKM4uAQFr2GgK-ZsHvwAVWg\">Lei da Importuna\u00e7\u00e3o Sexual<\/a><\/p>\n<p><a href=\"http:\/\/www.google.com\/url?q=http%3A%2F%2Fwww.planalto.gov.br%2Fccivil_03%2Fleis%2Fl7716.htm%23%3A~%3Atext%3DLEI%2520N%25C2%25BA%25207.716%252C%2520DE%25205%2520DE%2520JANEIRO%2520DE%25201989.%26text%3DDefine%2520os%2520crimes%2520resultantes%2520de%2Ceu%2520sanciono%2520a%2520seguinte%2520Lei%253A%26text%3D1%25C2%25BA%2520Ser%25C3%25A3o%2520punidos%252C%2520na%2520forma%2Cde%2520ra%25C3%25A7a%2520ou%2520de%2520cor&amp;sa=D&amp;sntz=1&amp;usg=AFQjCNEaAMvs0fH5iqOYKNk9a1R8Q_9nAg\">Lei do Racismo<\/a><\/p>\n<p><a href=\"https:\/\/www.google.com\/url?q=https%3A%2F%2Fufprbr0-my.sharepoint.com%2F%3Ab%3A%2Fg%2Fpersonal%2Fcmat_ufpr_br%2FEQkEFj-Y5y5CmN20qsrp3moBlHZ7ZhtWyo0C24-smPeRUw%3Fe%3Dqi1PaM&amp;sa=D&amp;sntz=1&amp;usg=AFQjCNHNKaNrPS9I4G_aWCFO9JPEIA3E_Q\">Cartilha sobre Ass\u00e9dio Moral<\/a><\/p>\n<p><a href=\"https:\/\/www.google.com\/url?q=https%3A%2F%2Fufprbr0-my.sharepoint.com%2F%3Ab%3A%2Fg%2Fpersonal%2Fcmat_ufpr_br%2FEWq9d_QBEWhJm8pe59_Ca80B_4SVCXOVmD5YmrsM9YphRw%3Fe%3DjwbdSM&amp;sa=D&amp;sntz=1&amp;usg=AFQjCNEzdPxl4aruIrWKNEfSusxFwjLQeA\">Cartilha: O que fazer em caso de Viol\u00eancia LGBTIf\u00f3bica?<\/a><\/p>\n<p><a href=\"https:\/\/sociaisaplicadas.ufpr.br\/coordeco\/acolhimento\/cartilha_violenciagenero\/\">Cartilha viol\u00eancia de G\u00eanero<\/a><\/p>\n<p><a href=\"http:\/\/www.google.com\/url?q=http%3A%2F%2Fapufpr.org.br%2Ffiles%2Fpersonalizado%2F1575.pdf&amp;sa=D&amp;sntz=1&amp;usg=AFQjCNG0fBMHcSo0Dzzgs2Y6QaFgkr7aYg\">Cartilha da APUFPR \u2013 Ass\u00e9dio Moral e Precariza\u00e7\u00e3o do Trabalho<\/a><\/p>\n","protected":false},"excerpt":{"rendered":"<p>O que \u00e9 o Programa de Orienta\u00e7\u00e3o Acad\u00eamica (POA)? O Programa de Orienta\u00e7\u00e3o Acad\u00eamica (POA) foi constitu\u00eddo para orientar o discente em sua trajet\u00f3ria acad\u00eamica no curso Ci\u00eancias Cont\u00e1beis da Universidade Federal do Paran\u00e1 (UFPR), no intuito de identificar e criar solu\u00e7\u00f5es, para a supera\u00e7\u00e3o de obst\u00e1culos ao processo de ensino aprendizagem, reduzir a reten\u00e7\u00e3o, [&hellip;]<\/p>\n","protected":false},"author":2791,"featured_media":0,"parent":0,"menu_order":0,"comment_status":"closed","ping_status":"closed","template":"","meta":{"footnotes":""},"class_list":["post-1080","page","type-page","status-publish","hentry"],"_links":{"self":[{"href":"https:\/\/sociaisaplicadas.ufpr.br\/contabeis\/wp-json\/wp\/v2\/pages\/1080","targetHints":{"allow":["GET"]}}],"collection":[{"href":"https:\/\/sociaisaplicadas.ufpr.br\/contabeis\/wp-json\/wp\/v2\/pages"}],"about":[{"href":"https:\/\/sociaisaplicadas.ufpr.br\/contabeis\/wp-json\/wp\/v2\/types\/page"}],"author":[{"embeddable":true,"href":"https:\/\/sociaisaplicadas.ufpr.br\/contabeis\/wp-json\/wp\/v2\/users\/2791"}],"replies":[{"embeddable":true,"href":"https:\/\/sociaisaplicadas.ufpr.br\/contabeis\/wp-json\/wp\/v2\/comments?post=1080"}],"version-history":[{"count":17,"href":"https:\/\/sociaisaplicadas.ufpr.br\/contabeis\/wp-json\/wp\/v2\/pages\/1080\/revisions"}],"predecessor-version":[{"id":6632,"href":"https:\/\/sociaisaplicadas.ufpr.br\/contabeis\/wp-json\/wp\/v2\/pages\/1080\/revisions\/6632"}],"wp:attachment":[{"href":"https:\/\/sociaisaplicadas.ufpr.br\/contabeis\/wp-json\/wp\/v2\/media?parent=1080"}],"curies":[{"name":"wp","href":"https:\/\/api.w.org\/{rel}","templated":true}]}}