{"id":1256,"date":"2020-03-06T00:19:55","date_gmt":"2020-03-06T00:19:55","guid":{"rendered":"https:\/\/sociaisaplicadas.ufpr.br\/contabeis\/?page_id=1256"},"modified":"2021-03-24T14:50:30","modified_gmt":"2021-03-24T14:50:30","slug":"editais-do-departamento-de-ciencias-contabeis-2020","status":"publish","type":"page","link":"https:\/\/sociaisaplicadas.ufpr.br\/contabeis\/editais-do-departamento-de-ciencias-contabeis-2020\/","title":{"rendered":"Editais do Departamento de Ci\u00eancias Cont\u00e1beis \u2013 2020"},"content":{"rendered":"<ul>\n<li><a href=\"https:\/\/sociaisaplicadas.ufpr.br\/contabeis\/wp-content\/uploads\/sites\/3\/2020\/03\/EDITAL-01-SELE\u00c7\u00c3O-DE-MONITORES.pdf\">EDITAL 01 &#8211; SELE\u00c7\u00c3O DE MONITORES &#8211; CONTABILIDADE INTERMEDI\u00c1RIA &#8211; 2020<\/a><\/li>\n<li><a href=\"https:\/\/drive.google.com\/file\/d\/1OgkSaB8w7Kx_0NZW_L6jkgz_IUh8q9N4\/view?usp=sharing\">EDITAL\u00a0 02\/2020 &#8211; SELE\u00c7\u00c3O DE ALUNOS DO\u00a0<b>PROJETO DE EXTENS\u00c3O &#8220;EXCEL\u00a0APLICADO \u00c0 \u00c1REA DE NEG\u00d3CIOS&#8221;<\/b><\/a><\/li>\n<li><a href=\"https:\/\/drive.google.com\/file\/d\/1EVJmnlYSwZRxFWN_HKNnfZj1Qg2LJOqR\/view?usp=sharing\" target=\"_blank\" rel=\"noopener\">EDITAL 03\/2020 &#8211;\u00a0<strong>PROJETO DE EXTENS\u00c3O &#8220;EXCEL APLICADO \u00c0 \u00c1REA DE NEG\u00d3CIOS&#8221;<\/strong> &#8211; EDITAL DE SELE\u00c7\u00c3O DE ALUNOS<\/a><\/li>\n<li><a href=\"https:\/\/drive.google.com\/file\/d\/1x34WoT3aDx8_JqCQFbO22J99naIXFuVT\/view?usp=sharing\" target=\"_blank\" rel=\"noopener\">EDITAL 04\/2020 &#8211; RESULTADO SELE\u00c7\u00c3O DE ALUNOS PROJETO DE EXTENS\u00c3O &#8220;EXCEL APLICADO \u00c0 \u00c1REA DE NEG\u00d3CIOS&#8221;<\/a><\/li>\n<li><a href=\"https:\/\/drive.google.com\/file\/d\/1YqpR2FvXsH95fMrN_plJWv_9jx6yKqTS\/view?usp=sharing\"><span style=\"font-weight: 400\">EDITAL 05\/2020 &#8211;\u00a0 INSCRI\u00c7\u00d5ES NO PROCESSO SELETIVO CLASSIFICAT\u00d3RIO DE ALUNOS &#8211;<\/span><span style=\"font-weight: 400\"><b> <\/b>PROJETO DE EXTENS\u00c3O &#8220;EXCEL APLICADO \u00c0 \u00c1REA DE NEG\u00d3CIOS&#8221;\u00a0<\/span><\/a><\/li>\n<li><a href=\"https:\/\/drive.google.com\/file\/d\/1a0fd9UPHnUR5coOP44bA_-cgRewwtfmt\/view?usp=sharing\">EDITAL 06\/2020 &#8211; CONVOCA\u00c7\u00c3O PARA ENTREVISTA PROJETO DE EXTENS\u00c3O &#8220;EXCEL APLICADO A \u00c1REA DE NEG\u00d3CIOS&#8221;<\/a><\/li>\n<li><a href=\"https:\/\/sociaisaplicadas.ufpr.br\/contabeis\/wp-content\/uploads\/sites\/3\/2020\/07\/EDITAL-07-EDITAL-DE-RESULTADO-SELE\u00c7\u00c3O-DE-ALUNOS-PROJETO-DE-EXTENS\u00c3O-EXCEL-APLICADO-\u00c0-\u00c1REA-DE-NEG\u00d3CIOS.pdf\">EDITAL 07 &#8211; EDITAL DE RESULTADO SELE\u00c7\u00c3O DE ALUNOS &#8211; PROJETO DE EXTENS\u00c3O EXCEL APLICADO \u00c0 \u00c1REA DE NEG\u00d3CIOS<\/a><\/li>\n<\/ul>\n<hr \/>\n<ul>\n<li><a href=\"https:\/\/sociaisaplicadas.ufpr.br\/contabeis\/wp-content\/uploads\/sites\/3\/2020\/07\/EDITAL-01-COMISS\u00c3O-ELEITORAL-CRONOGRAMA-DAS-ELEI\u00c7\u00d5ES.pdf\">EDITAL 01 &#8211; COMISS\u00c3O ELEITORAL &#8211; CRONOGRAMA DAS ELEI\u00c7\u00d5ES<\/a><\/li>\n<li><a href=\"https:\/\/sociaisaplicadas.ufpr.br\/contabeis\/wp-content\/uploads\/sites\/3\/2020\/07\/EDITAL-02-PRESIDENTE-DA-COMISS\u00c3O-ELEITORAL-APROVA\u00c7\u00c3O-PR\u00c9VIA-DA-INSCRI\u00c7\u00c3O-DOS-CANDIDADOS.pdf\">EDITAL 02 &#8211; PRESIDENTE DA COMISS\u00c3O ELEITORAL &#8211; APROVA\u00c7\u00c3O PR\u00c9VIA DA INSCRI\u00c7\u00c3O DOS CANDIDATOS<\/a><\/li>\n<li><a href=\"https:\/\/sociaisaplicadas.ufpr.br\/contabeis\/wp-content\/uploads\/sites\/3\/2020\/07\/EDITAL-03-COMISS\u00c3O-ELEITORAL-HOMOLOGA\u00c7\u00c3O-DAS-CHAPAS.pdf\">EDITAL 03 &#8211; COMISS\u00c3O ELEITORAL &#8211; HOMOLOGA\u00c7\u00c3O DAS CHAPAS<\/a><\/li>\n<li><a href=\"https:\/\/sociaisaplicadas.ufpr.br\/contabeis\/wp-content\/uploads\/sites\/3\/2020\/07\/EDITAL-04-COMISS\u00c3O-ELEITORAL-INFORM\u00c7\u00d5ES-GERAIS-AO-COL\u00c9GIO-ELEITORAL-PARA-VOTA\u00c7\u00c3O.pdf\">EDITAL 04 &#8211; COMISS\u00c3O ELEITORAL &#8211; INFORM\u00c7\u00d5ES GERAIS AO COL\u00c9GIO ELEITORAL PARA VOTA\u00c7\u00c3O<\/a><\/li>\n<li><a href=\"https:\/\/sociaisaplicadas.ufpr.br\/contabeis\/wp-content\/uploads\/sites\/3\/2020\/07\/sistema-de-eleicoes-instrucoes-aos-eleitores.pdf\">INSTRU\u00c7\u00d5ES AOS ELEITORES PARA VOTA\u00c7\u00c3O<\/a><\/li>\n<\/ul>\n","protected":false},"excerpt":{"rendered":"<p>EDITAL 01 &#8211; SELE\u00c7\u00c3O DE MONITORES &#8211; CONTABILIDADE INTERMEDI\u00c1RIA &#8211; 2020 EDITAL\u00a0 02\/2020 &#8211; SELE\u00c7\u00c3O DE ALUNOS DO\u00a0PROJETO DE EXTENS\u00c3O &#8220;EXCEL\u00a0APLICADO \u00c0 \u00c1REA DE NEG\u00d3CIOS&#8221; EDITAL 03\/2020 &#8211;\u00a0PROJETO DE EXTENS\u00c3O &#8220;EXCEL APLICADO \u00c0 \u00c1REA DE NEG\u00d3CIOS&#8221; &#8211; EDITAL DE SELE\u00c7\u00c3O DE ALUNOS EDITAL 04\/2020 &#8211; RESULTADO SELE\u00c7\u00c3O DE ALUNOS PROJETO DE EXTENS\u00c3O &#8220;EXCEL APLICADO \u00c0 [&hellip;]<\/p>\n","protected":false},"author":2791,"featured_media":0,"parent":0,"menu_order":0,"comment_status":"closed","ping_status":"closed","template":"","meta":{"footnotes":""},"class_list":["post-1256","page","type-page","status-publish","hentry"],"_links":{"self":[{"href":"https:\/\/sociaisaplicadas.ufpr.br\/contabeis\/wp-json\/wp\/v2\/pages\/1256","targetHints":{"allow":["GET"]}}],"collection":[{"href":"https:\/\/sociaisaplicadas.ufpr.br\/contabeis\/wp-json\/wp\/v2\/pages"}],"about":[{"href":"https:\/\/sociaisaplicadas.ufpr.br\/contabeis\/wp-json\/wp\/v2\/types\/page"}],"author":[{"embeddable":true,"href":"https:\/\/sociaisaplicadas.ufpr.br\/contabeis\/wp-json\/wp\/v2\/users\/2791"}],"replies":[{"embeddable":true,"href":"https:\/\/sociaisaplicadas.ufpr.br\/contabeis\/wp-json\/wp\/v2\/comments?post=1256"}],"version-history":[{"count":26,"href":"https:\/\/sociaisaplicadas.ufpr.br\/contabeis\/wp-json\/wp\/v2\/pages\/1256\/revisions"}],"predecessor-version":[{"id":1509,"href":"https:\/\/sociaisaplicadas.ufpr.br\/contabeis\/wp-json\/wp\/v2\/pages\/1256\/revisions\/1509"}],"wp:attachment":[{"href":"https:\/\/sociaisaplicadas.ufpr.br\/contabeis\/wp-json\/wp\/v2\/media?parent=1256"}],"curies":[{"name":"wp","href":"https:\/\/api.w.org\/{rel}","templated":true}]}}