{"id":1517,"date":"2021-04-22T11:37:25","date_gmt":"2021-04-22T11:37:25","guid":{"rendered":"https:\/\/sociaisaplicadas.ufpr.br\/contabeis\/?page_id=1517"},"modified":"2024-11-28T17:29:34","modified_gmt":"2024-11-28T17:29:34","slug":"diplomas","status":"publish","type":"page","link":"https:\/\/sociaisaplicadas.ufpr.br\/contabeis\/graduacao-2\/diplomas\/","title":{"rendered":"Diplomas"},"content":{"rendered":"<h5>Acesso ao diploma digital<\/h5>\n<p>O diploma ap\u00f3s 2023 \u00e9 extra\u00eddo pelo siga &#8211; Diploma digital.<\/p>\n<p>O aluno pode ficar verificando de 10 em 10 dias, o prazo para que o diploma fique dispon\u00edvel \u00e9 de at\u00e9 120 dias ap\u00f3s a ata de cola\u00e7\u00e3o estar no siga e o aluno estar com a documenta\u00e7\u00e3o pessoal regularizada . Passo a passo para acesso ao diploma :<\/p>\n<p><a id=\"menur1da\" class=\"fui-Link ___1q1shib f2hkw1w f3rmtva f1ewtqcl fyind8e f1k6fduh f1w7gpdv fk6fouc fjoy568 figsok6 f1s184ao f1mk8lai fnbmjn9 f1o700av f13mvf36 f1cmlufx f9n3di6 f1ids18y f1tx3yz7 f1deo86v f1eh06m1 f1iescvh fhgqx19 f1olyrje f1p93eir f1nev41a f1h8hb77 f1lqvz6u f10aw75t fsle3fq f17ae5zn\" title=\"https:\/\/ufpraberta.ufpr.br\/pluginfile.php\/142636\/mod_resource\/content\/1\/tutorial%20diploma%20digital%20-%20perfil%20egresso.pdf\" href=\"https:\/\/ufpraberta.ufpr.br\/pluginfile.php\/142636\/mod_resource\/content\/1\/Tutorial%20Diploma%20Digital%20-%20Perfil%20Egresso.pdf\" target=\"_blank\" rel=\"noreferrer noopener\" aria-label=\"Link https:\/\/ufpraberta.ufpr.br\/pluginfile.php\/142636\/mod_resource\/content\/1\/Tutorial%20Diploma%20Digital%20-%20Perfil%20Egresso.pdf\">https:\/\/ufpraberta.ufpr.br\/pluginfile.php\/142636\/mod_resource\/content\/1\/Tutorial%20Diploma%20Digital%20-%20Perfil%20Egresso.pdf<\/a><\/p>\n<h5>Representa\u00e7\u00e3o Visual do Diploma Digital (RVDD)<\/h5>\n<div>\n<p>O Diploma Digital possui uma c\u00f3pia impressa com as mesmas caracter\u00edsticas do diploma f\u00edsico, o que denominamos Representa\u00e7\u00e3o Visual Diploma Digital \u2013 RVDD. Esta RVDD, possui as mesmas caracter\u00edsticas do diploma f\u00edsico que a UFPR adota. A RVDD, apesar de n\u00e3o ser o diploma propriamente dito, \u00e9 a interface para remeter, com aux\u00edlio do QR Code, para onde estar\u00e1 o seu Diploma Digital dentro desse universo eletr\u00f4nico. A Impress\u00e3o de Representa\u00e7\u00e3o Visual do Diploma Digital com a utiliza\u00e7\u00e3o de papel e tratamento gr\u00e1ficos necessita o pagamento de taxa e deve ser feito por meio de Guia de Recolhimento da Uni\u00e3o. O valor da Taxa em 08\/11\/2023 \u00e9 de R$ 70,00 (setenta reais).<\/p>\n<p>Ap\u00f3s pagamento da taxa, a solicita\u00e7\u00e3o de impress\u00e3o da RVDD dever\u00e1 ser feita por e-mail enviando a guia de recolhimento da uni\u00e3o e o comprovante de pagamento e o requerimento preenchido e assinado.<\/p>\n<p><a href=\"https:\/\/direito.ufpr.br\/wp-content\/uploads\/2023\/09\/Requerimento_RVDD.pdf\">REQUERIMENTO DE IMPRESS\u00c3O DA RVDD DO DIPLOMA DIGITAL<\/a><\/p>\n<\/div>\n<h5>Segunda Via de Diploma<\/h5>\n<p>A emiss\u00e3o de segunda via do diploma \u00e9 especificada pela\u00a0<a href=\"http:\/\/www.tecnologia.ufpr.br\/ccec\/wp-content\/uploads\/sites\/32\/2016\/04\/Resolu%C3%A7%C3%A3o-16-2017.pdf\">Resolu\u00e7\u00e3o 16 2017-COPLAD<\/a>.<\/p>\n<p><a href=\"http:\/\/www.tecnologia.ufpr.br\/ccec\/wp-content\/uploads\/sites\/32\/2016\/04\/Requerimento-2-via-diploma.pdf\">Requerimento Segunda Via Diploma<\/a><\/p>\n<p>O custo para emiss\u00e3o de 2\u00aa via de diploma \u00e9 de R$ 275,00 (duzentos e setenta e cinco reais) conforme Resolu\u00e7\u00e3o n\u00ba 16\/2017- COPLAD.<\/p>\n<h4><strong>Procedimentos para Emiss\u00e3o de 2\u00aa via do Diploma<\/strong><\/h4>\n<ol>\n<li>Pagar a taxa de emiss\u00e3o de 2\u00aa via do diploma atrav\u00e9s de GRU conforme instru\u00e7\u00f5es do requerimento.<\/li>\n<li>Preencher o requerimento de 2\u00aa via do diploma.<\/li>\n<li>Providenciar c\u00f3pia autenticada dos seguintes documentos:<\/li>\n<\/ol>\n<ul>\n<li>C\u00f3pia autenticada da Certid\u00e3o de Nascimento ou Casamento.<\/li>\n<li>C\u00f3pia autenticada da Carteira de Identidade (RG).<\/li>\n<li>C\u00f3pia do diploma (frente e verso), se for poss\u00edvel.<\/li>\n<li>Em caso de roubo anexar o Boletim de Ocorr\u00eancia<\/li>\n<\/ul>\n<p>Encaminhar \u00e0 secretaria da Coordena\u00e7\u00e3o do Curso de Ci\u00eancias Cont\u00e1beis a GRU paga, requerimento preenchido e c\u00f3pia autenticada dos documentos.<\/p>\n<p>E-mail: coorcont@ufpr.br<\/p>\n<h4>Quem pode pedir segunda via de diploma?<\/h4>\n<p>Se voc\u00ea teve seu diploma roubado, perdido ou avariado por qualquer meio, tem direito a pedir uma<br \/>\nsegunda via do diploma a qualquer momento, mesmo que o curso n\u00e3o seja mais oferecido pela<br \/>\nUniversidade. *Se houve roubo, \u00e9 preciso anexar um boletim de ocorr\u00eancia. N\u00e3o deixe de fazer<br \/>\nisso, \u00e9 para a sua prote\u00e7\u00e3o.<\/p>\n<h4>Quanto tempo leva para conseguir a segunda via?<\/h4>\n<p>N\u00e3o \u00e9 poss\u00edvel dizer em quanto tempo o diploma fica pronto. Depende da \u00e9poca em que foi feito o<br \/>\npedido e da disponibilidade do departamento emissor. Em m\u00e9dia, um diploma pode levar v\u00e1rios<br \/>\nmeses para ficar pronto, ent\u00e3o cuidado ao assumir responsabilidades que envolvam a apresenta\u00e7\u00e3o<br \/>\ndo diploma, porque a Universidade n\u00e3o se responsabilizar\u00e1 por situa\u00e7\u00f5es pessoais nesse sentido, e<br \/>\nnem dar\u00e1 prefer\u00eancias a casos especiais.<\/p>\n<h4>Este processo tem custo?<\/h4>\n<p>A primeira via do diploma \u00e9 solicitada pela Coordena\u00e7\u00e3o automaticamente ap\u00f3s a cola\u00e7\u00e3o de grau.<br \/>\nPorem, a reemiss\u00e3o tem custo e \u00e9 paga atrav\u00e9s de GRU. O valor \u00e9 vari\u00e1vel, ent\u00e3o consulte o<br \/>\ndepartamento respons\u00e1vel sobre o valor atual.<\/p>\n<h4>O que eu preciso fornecer?<\/h4>\n<p>Preencha o formul\u00e1rio na pr\u00f3xima p\u00e1gina, com letra leg\u00edvel. Se a coordena\u00e7\u00e3o entender que o<br \/>\npreenchimento n\u00e3o permite a correta identifica\u00e7\u00e3o do interessado, o processo ser\u00e1 desconsiderado,<br \/>\nmesmo que a GRU tenha sido paga. Se poss\u00edvel, preencha em meio digital com um editor de<br \/>\narquivos *.pdf. Junto com o documento ser\u00e1 necess\u00e1rio fornecer c\u00f3pias autenticadas de sua certid\u00e3o<br \/>\nde nascimento (ou casamento), RG e comprovante original de pagamento da taxa (GRU). O<br \/>\nprocesso n\u00e3o ser\u00e1 aberto se os documentos citados n\u00e3o forem entregues.<\/p>\n","protected":false},"excerpt":{"rendered":"<p>Acesso ao diploma digital O diploma ap\u00f3s 2023 \u00e9 extra\u00eddo pelo siga &#8211; Diploma digital. O aluno pode ficar verificando de 10 em 10 dias, o prazo para que o diploma fique dispon\u00edvel \u00e9 de at\u00e9 120 dias ap\u00f3s a ata de cola\u00e7\u00e3o estar no siga e o aluno estar com a documenta\u00e7\u00e3o pessoal regularizada [&hellip;]<\/p>\n","protected":false},"author":2800,"featured_media":0,"parent":158,"menu_order":8,"comment_status":"closed","ping_status":"closed","template":"","meta":{"footnotes":""},"class_list":["post-1517","page","type-page","status-publish","hentry"],"_links":{"self":[{"href":"https:\/\/sociaisaplicadas.ufpr.br\/contabeis\/wp-json\/wp\/v2\/pages\/1517","targetHints":{"allow":["GET"]}}],"collection":[{"href":"https:\/\/sociaisaplicadas.ufpr.br\/contabeis\/wp-json\/wp\/v2\/pages"}],"about":[{"href":"https:\/\/sociaisaplicadas.ufpr.br\/contabeis\/wp-json\/wp\/v2\/types\/page"}],"author":[{"embeddable":true,"href":"https:\/\/sociaisaplicadas.ufpr.br\/contabeis\/wp-json\/wp\/v2\/users\/2800"}],"replies":[{"embeddable":true,"href":"https:\/\/sociaisaplicadas.ufpr.br\/contabeis\/wp-json\/wp\/v2\/comments?post=1517"}],"version-history":[{"count":19,"href":"https:\/\/sociaisaplicadas.ufpr.br\/contabeis\/wp-json\/wp\/v2\/pages\/1517\/revisions"}],"predecessor-version":[{"id":3974,"href":"https:\/\/sociaisaplicadas.ufpr.br\/contabeis\/wp-json\/wp\/v2\/pages\/1517\/revisions\/3974"}],"up":[{"embeddable":true,"href":"https:\/\/sociaisaplicadas.ufpr.br\/contabeis\/wp-json\/wp\/v2\/pages\/158"}],"wp:attachment":[{"href":"https:\/\/sociaisaplicadas.ufpr.br\/contabeis\/wp-json\/wp\/v2\/media?parent=1517"}],"curies":[{"name":"wp","href":"https:\/\/api.w.org\/{rel}","templated":true}]}}