{"id":1613,"date":"2021-05-07T13:46:50","date_gmt":"2021-05-07T13:46:50","guid":{"rendered":"https:\/\/sociaisaplicadas.ufpr.br\/contabeis\/?page_id=1613"},"modified":"2021-07-13T14:42:45","modified_gmt":"2021-07-13T14:42:45","slug":"editais-do-departamento-de-ciencias-contabeis-2021","status":"publish","type":"page","link":"https:\/\/sociaisaplicadas.ufpr.br\/contabeis\/editais-do-departamento-de-ciencias-contabeis-2021\/","title":{"rendered":"Editais do Departamento de Ci\u00eancias Cont\u00e1beis \u2013 2021"},"content":{"rendered":"<p><a href=\"https:\/\/sociaisaplicadas.ufpr.br\/contabeis\/wp-content\/uploads\/sites\/3\/2021\/05\/01-2021-EXCEL.pdf\">EDITAL N\u00ba 01-2021 &#8211; \u00a0<span dir=\"ltr\">EDITAL DE SELE\u00c7\u00c3O DE ALUNOS &#8211; <\/span><span dir=\"ltr\">PROJETO DE EXTENS\u00c3O &#8220;EXCEL APLICADO \u00c0 \u00c1REA DE NEG\u00d3CIOS&#8221;<\/span> <\/a><\/p>\n<p><a href=\"https:\/\/sociaisaplicadas.ufpr.br\/contabeis\/wp-content\/uploads\/sites\/3\/2021\/05\/Edital-03_2021-Excel.pdf\">EDITAL N\u00ba 03\/2021 &#8211; SELE\u00c7\u00c3O DE ALUNOS PROJETO DE EXTENS\u00c3O &#8220;EXCEL APLICADO \u00c0 \u00c1REA DE NEG\u00d3CIOS<\/a><\/p>\n<p><a href=\"https:\/\/sociaisaplicadas.ufpr.br\/contabeis\/wp-content\/uploads\/sites\/3\/2021\/05\/Edital-04_2021.pdf\" target=\"_blank\" rel=\"noopener\">EDITAL N\u00ba 04\/2021 &#8211; SELE\u00c7\u00c3O DE ALUNOS PROJETO DE EXTENS\u00c3O &#8220;EXCEL APLICADO \u00c0 \u00c1REA DE NEG\u00d3CIOS<\/a><\/p>\n<p><a href=\"https:\/\/sociaisaplicadas.ufpr.br\/contabeis\/wp-content\/uploads\/sites\/3\/2021\/07\/05-2021-EDITAL-PARCIAL-DE-PROVA-DE-ADIANTAMENTO-DO-CONHECIMENTO.pdf\">EDITAL N\u00ba 05\/2021 &#8211; EDITAL PARCIAL DE PROVA DE ADIANTAMENTO DO CONHECIMENTO<\/a><\/p>\n<p><a href=\"https:\/\/sociaisaplicadas.ufpr.br\/contabeis\/wp-content\/uploads\/sites\/3\/2021\/07\/06-2021-EDITAL-PARCIAL-DE-PROVA-DE-APROVEITAMENTO-DO-CONHECIMENTO.pdf\">EDITAL N\u00ba 06\/2021 &#8211; EDITAL PARCIAL DE PROVA DE APROVEITAMENTO DO CONHECIMENTO<\/a><\/p>\n<p><a href=\"https:\/\/sociaisaplicadas.ufpr.br\/contabeis\/wp-content\/uploads\/sites\/3\/2021\/07\/07-2021-EDITAL-PARCIAL-DE-PROVA-DE-APROVEITAMENTO-DO-CONHECIMENTO.pdf\">EDITAL N\u00ba 07-2021 &#8211; EDITAL PARCIAL DE PROVA DE APROVEITAMENTO DO CONHECIMENTO<\/a><\/p>\n","protected":false},"excerpt":{"rendered":"<p>EDITAL N\u00ba 01-2021 &#8211; \u00a0EDITAL DE SELE\u00c7\u00c3O DE ALUNOS &#8211; PROJETO DE EXTENS\u00c3O &#8220;EXCEL APLICADO \u00c0 \u00c1REA DE NEG\u00d3CIOS&#8221; EDITAL N\u00ba 03\/2021 &#8211; SELE\u00c7\u00c3O DE ALUNOS PROJETO DE EXTENS\u00c3O &#8220;EXCEL APLICADO \u00c0 \u00c1REA DE NEG\u00d3CIOS EDITAL N\u00ba 04\/2021 &#8211; SELE\u00c7\u00c3O DE ALUNOS PROJETO DE EXTENS\u00c3O &#8220;EXCEL APLICADO \u00c0 \u00c1REA DE NEG\u00d3CIOS EDITAL N\u00ba 05\/2021 &#8211; [&hellip;]<\/p>\n","protected":false},"author":2791,"featured_media":0,"parent":0,"menu_order":0,"comment_status":"closed","ping_status":"closed","template":"","meta":{"footnotes":""},"class_list":["post-1613","page","type-page","status-publish","hentry"],"_links":{"self":[{"href":"https:\/\/sociaisaplicadas.ufpr.br\/contabeis\/wp-json\/wp\/v2\/pages\/1613","targetHints":{"allow":["GET"]}}],"collection":[{"href":"https:\/\/sociaisaplicadas.ufpr.br\/contabeis\/wp-json\/wp\/v2\/pages"}],"about":[{"href":"https:\/\/sociaisaplicadas.ufpr.br\/contabeis\/wp-json\/wp\/v2\/types\/page"}],"author":[{"embeddable":true,"href":"https:\/\/sociaisaplicadas.ufpr.br\/contabeis\/wp-json\/wp\/v2\/users\/2791"}],"replies":[{"embeddable":true,"href":"https:\/\/sociaisaplicadas.ufpr.br\/contabeis\/wp-json\/wp\/v2\/comments?post=1613"}],"version-history":[{"count":11,"href":"https:\/\/sociaisaplicadas.ufpr.br\/contabeis\/wp-json\/wp\/v2\/pages\/1613\/revisions"}],"predecessor-version":[{"id":1645,"href":"https:\/\/sociaisaplicadas.ufpr.br\/contabeis\/wp-json\/wp\/v2\/pages\/1613\/revisions\/1645"}],"wp:attachment":[{"href":"https:\/\/sociaisaplicadas.ufpr.br\/contabeis\/wp-json\/wp\/v2\/media?parent=1613"}],"curies":[{"name":"wp","href":"https:\/\/api.w.org\/{rel}","templated":true}]}}