{"id":1648,"date":"2021-07-26T15:54:32","date_gmt":"2021-07-26T15:54:32","guid":{"rendered":"https:\/\/sociaisaplicadas.ufpr.br\/contabeis\/?page_id=1648"},"modified":"2024-12-04T23:54:50","modified_gmt":"2024-12-04T23:54:50","slug":"colacao-de-grau","status":"publish","type":"page","link":"https:\/\/sociaisaplicadas.ufpr.br\/contabeis\/graduacao-2\/colacao-de-grau\/","title":{"rendered":"COLA\u00c7\u00c3O DE GRAU"},"content":{"rendered":"<p><img loading=\"lazy\" decoding=\"async\" class=\"aligncenter\" src=\"https:\/\/www.pixeltres.com.br\/wp-content\/uploads\/2018\/10\/post_formatura.jpg\" alt=\"Fim de ano \u00e9 tempo de formatura e cola\u00e7\u00e3o de grau \u2013 Pixel3\" width=\"423\" height=\"238\" \/><\/p>\n<ul>\n<li>A Solenidade de Outorga de Grau \u00e9 um ato oficial da \u00a0UFPR e realiza-se numa Sess\u00e3o P\u00fablica e Solene do Conselho Universit\u00e1rio (COUN), com dia, hora e local previamente agendados para conferir o grau ou diploma\u00e7\u00e3o aos concluintes dos cursos de Gradua\u00e7\u00e3o.<\/li>\n<li>Essa Sess\u00e3o P\u00fablica pode ocorrer de duas formas distintas: <strong>com solenidade e sem solenidade<\/strong>;<\/li>\n<li>De acordo com as resolu\u00e7\u00f5es que regem essa solenidade, todos os concluintes t\u00eam o direito de participar das Sess\u00f5es Solenes ou n\u00e3o Solenes.\u00a0\u00a0A \u00fanica exig\u00eancia \u00e9 a de que o aluno tenha seu nome na listagem de concluintes expedida pela coordena\u00e7\u00e3o do curso e autorizada pela Prograd.<\/li>\n<\/ul>\n<p><span style=\"font-size: revert;color: initial\">* Aten\u00e7\u00e3o: S\u00e3o liberados para a cola\u00e7\u00e3o de grau os alunos que integralizaram o curso j\u00e1 com todas as notas, equival\u00eancias, mobilidade acad\u00eamica e atividades complementares lan\u00e7adas no sistema, inexist\u00eancia de pend\u00eancia junto ao sistema de bibliotecas, bem como a situa\u00e7\u00e3o regular com o ENADE.<\/span><\/p>\n<h5><strong>Como funcionam as cola\u00e7\u00f5es?\u00a0<\/strong><\/h5>\n<ol>\n<li>\n<h4><strong>Quando acontecem as cola\u00e7\u00f5es?<\/strong><\/h4>\n<ul>\n<li>Ao final de cada semestre, ap\u00f3s o t\u00e9rmino do per\u00edodo especial, a coordena\u00e7\u00e3o verifica quem concluiu todas as disciplinas e integralizou o curso. Esses alunos ser\u00e3o convocados para a pr\u00f3xima cola\u00e7\u00e3o de grau agendada.<\/li>\n<\/ul>\n<\/li>\n<li>\n<h4><strong>Tipos de cola\u00e7\u00e3o de grau:<\/strong><\/h4>\n<ul>\n<li><strong>Com solenidade:<\/strong>\u00a0 \u00e9 organizada por uma comiss\u00e3o de formatura e ocorrer\u00e3o em sess\u00e3o solene do COUN, em um teatro ou local espec\u00edfico, evento formal.<\/li>\n<li><strong>Sem solenidade:<\/strong> Realizada de forma mais simples, sem evento formal. \u00c9 uma op\u00e7\u00e3o para os formandos que n\u00e3o desejam ou n\u00e3o podem arcar com os custos de uma cerim\u00f4nia de formatura. As cola\u00e7\u00f5es sem solenidade est\u00e3o ocorrendo de forma remota e totalmente documental (somente assinatura eletr\u00f4nica), normalmente duas vezes ao ano, em datas definidas pela coordena\u00e7\u00e3o e pelo Setor de Ci\u00eancias Sociais Aplicadas, e posteriores \u00e0 cola\u00e7\u00e3o da turma optante pela solenidade.<\/li>\n<\/ul>\n<\/li>\n<li>\n<h4><strong>Processo de organiza\u00e7\u00e3o:<\/strong><\/h4>\n<ul>\n<li>A coordena\u00e7\u00e3o solicita uma lista de alunos que participar\u00e3o da cola\u00e7\u00e3o <strong>com solenidade<\/strong>.<\/li>\n<li>Quem n\u00e3o estiver nessa lista ser\u00e1 automaticamente inclu\u00eddo na cola\u00e7\u00e3o <strong>sem solenidade<\/strong>.<\/li>\n<\/ul>\n<\/li>\n<li>\n<h4><strong>Datas e prazos:<\/strong><\/h4>\n<ul>\n<li>Geralmente, as duas cola\u00e7\u00f5es (com e sem solenidade) acontecem com cerca de uma semana de diferen\u00e7a geralmente 2 meses depois do per\u00edodo especial.<\/li>\n<\/ul>\n<\/li>\n<li>\n<h4><strong>Documenta\u00e7\u00e3o necess\u00e1ria para registro no sistema SIGA:<\/strong><\/h4>\n<p>Ap\u00f3s a cola\u00e7\u00e3o, o registro no sistema SIGA ser\u00e1 feito. Para isso, \u00e9 fundamental que voc\u00ea tenha os seguintes documentos em dia:<\/li>\n<\/ol>\n<ul>\n<li style=\"list-style-type: none\">\n<ul>\n<li>RG (Documento de Identidade);<\/li>\n<li>CPF;<\/li>\n<li>Hist\u00f3rico Escolar do Ensino M\u00e9dio;<\/li>\n<li>Certid\u00e3o de Nascimento ou Casamento;<\/li>\n<li>Certificado de Conclus\u00e3o do Ensino M\u00e9dio.<\/li>\n<\/ul>\n<\/li>\n<\/ul>\n<p><strong>Importante:<\/strong> Verifique regularmente os comunicados da coordena\u00e7\u00e3o para garantir que voc\u00ea est\u00e1 na lista correta e cumpra os prazos para entrega de documentos!<\/p>\n<h5>Procedimentos para Cola\u00e7\u00e3o de Grau COM Solenidade<\/h5>\n<ul>\n<li>A comiss\u00e3o de formatura deve contatar no in\u00edcio do ano a Coordena\u00e7\u00e3o do Curso e informar a data desejada para a cola\u00e7\u00e3o, para que a mesma possa ser agendada com o cerimonial da UFPR.<\/li>\n<li>Com estas informa\u00e7\u00f5es, a coordena\u00e7\u00e3o do curso ir\u00e1 expedir uma listagem de concluintes para a cola\u00e7\u00e3o e enviar ao NAA.<\/li>\n<li>IMPORTANTE: A Instru\u00e7\u00e3o Normativa n\u00ba 01\/09-COUN PRO\u00cdBE EXPRESSAMENTE A PARTICIPA\u00c7\u00c3O DE ALUNOS N\u00c3O CONSTANTES DA LISTA OFICIAL encaminhada pelo NAA, em quaisquer atividades de Cola\u00e7\u00e3o de Grau.<\/li>\n<\/ul>\n<h5>Antecipa\u00e7\u00e3o de Cola\u00e7\u00e3o de Grau<\/h5>\n<ul>\n<li>A antecipa\u00e7\u00e3o de Cola\u00e7\u00e3o Grau \u00e9 um instrumento utilizado <strong>somente em casos excepcionais<\/strong>, onde o aluno necessite colar grau antes de sua turma por motivos inadi\u00e1veis como no caso de aprova\u00e7\u00e3o com a devida convoca\u00e7\u00e3o em concurso p\u00fablico.<\/li>\n<li>Neste caso o processo dever\u00e1 ser individual, onde o aluno dever\u00e1 <strong>descrever o motivo e anexar comprovantes da necessidade da cola\u00e7\u00e3o antecipada.<\/strong><\/li>\n<li>No caso de antecipa\u00e7\u00e3o de cola\u00e7\u00e3o de grau, o processo dever\u00e1 ser individual e dever\u00e1 conter requerimento com a justificativa, devidamente documentada, para a antecipa\u00e7\u00e3o da cola\u00e7\u00e3o de grau e parecer favor\u00e1vel da Dire\u00e7\u00e3o do Setor.<\/li>\n<li>A coordena\u00e7\u00e3o enviar\u00e1 o processo ao NAA, j\u00e1 com a data de cola\u00e7\u00e3o marcada pela Dire\u00e7\u00e3o do Setor, verificado se o aluno est\u00e1 com toda a grade curricular integralizada no sistema.<\/li>\n<li>No caso de deferimento o aluno deve estar ciente que n\u00e3o poder\u00e1 participar da cola\u00e7\u00e3o oficial.<\/li>\n<\/ul>\n<p>Fluxo:<\/p>\n<p>O aluno deve preencher o <a href=\"https:\/\/sociaisaplicadas.ufpr.br\/contabeis\/wp-content\/uploads\/sites\/3\/2021\/07\/Antecipacao-de-Colacao.pdf\" target=\"_blank\" rel=\"noopener\">Requerimento antecipa\u00e7\u00e3o de cola\u00e7\u00e3o<\/a>, com documenta\u00e7\u00e3o comprobat\u00f3ria anexa, e encaminhar \u00e0 Coordena\u00e7\u00e3o do Curso via e-mail. (coorcont@ufpr.br)<\/p>\n<h5><strong>Orienta\u00e7\u00f5es para Comiss\u00f5es de Formaturas<\/strong><\/h5>\n<ul>\n<li>Para oficializa\u00e7\u00e3o das solenidades as Comiss\u00f5es de Formatura devem se registrar junto ao Cerimonial do Gabinete da Reitoria, que \u00e9 o \u00f3rg\u00e3o oficialmente respons\u00e1vel por todos os protocolos e cerim\u00f4nias realizados no \u00e2mbito da Universidade.<\/li>\n<li>Diante deste registro, as Comiss\u00f5es de Formatura estar\u00e3o legalmente cadastradas e receber\u00e3o assessoria e orienta\u00e7\u00f5es sobre as normas oficiais que dever\u00e3o ser observadas para a realiza\u00e7\u00e3o deste ato solene do COUN.<\/li>\n<li>O primeiro passo para come\u00e7ar a preparar a formatura \u00e9 a reserva da data. A Comiss\u00e3o de Formatura deve reservar data junto \u00e0 Cerimonial do Gabinete da Reitoria (na Reitoria), recebendo, assim, material explicativo sobre o processo. Essa reserva deve ser feita com anteced\u00eancia, principalmente pela dificuldade de encontrar dispon\u00edvel a data desejada.<\/li>\n<\/ul>\n<p>O Cerimonial do Gabinete do Reitor est\u00e1 localizado no pr\u00e9dio da Reitoria, na Rua XV de Novembro, 1299 \u2013 2\u00ba andar. Os telefones para contato s\u00e3o: 3360\u20105157 ou 3360\u20105028 e o e\u2010mail \u00e9:\u00a0<a href=\"mailto:cerimonial@ufpr.br\" target=\"_blank\" rel=\"noopener\">cerimonial@ufpr.br<\/a><\/p>\n<h5>Cola\u00e7\u00e3o de Grau Remota<\/h5>\n<div class=\"conteudo_post\">\n<div align=\"center\">\n<p style=\"text-align: left\">Abaixo seguem mais informa\u00e7\u00f5es sobre o processo de Cola\u00e7\u00e3o Remota constante na\u00a0 PORTARIA N\u00ba 236\/PROGRAD, DE 22 DE FEVEREIRO DE 2021, que define procedimento extraordin\u00e1rio para a realiza\u00e7\u00e3o da cola\u00e7\u00e3o de grau dos cursos de gradua\u00e7\u00e3o da UFPR de forma remota.<\/p>\n<\/div>\n<h6><strong>Portaria n\u00ba 236\/PROGRAD, de 22 de fevereiro de 2021 \u2013 Informa\u00e7\u00f5es Importantes<\/strong><\/h6>\n<ul>\n<li class=\"Texto_Justificado_Recuo_Primeira_Linha\">A realiza\u00e7\u00e3o da cola\u00e7\u00e3o de grau de forma remota ser\u00e1 destinada aos estudantes que integralizaram a grade curricular do curso e n\u00e3o optaram por participar da cola\u00e7\u00e3o com solenidade.<\/li>\n<li class=\"Texto_Justificado_Recuo_Primeira_Linha\">A cola\u00e7\u00e3o de grau de forma remota se dar\u00e1 inteiramente na\u00a0<strong>forma documental<\/strong>, sem a realiza\u00e7\u00e3o de WebConfer\u00eancia ou qualquer outra forma de comunica\u00e7\u00e3o ao vivo.<\/li>\n<li class=\"Texto_Justificado_Recuo_Primeira_Linha\">A cola\u00e7\u00e3o de grau de forma remota consistir\u00e1 na assinatura dos concluintes em TERMO DE ACEITE \u00fanico e em ATA DE COLA\u00c7\u00c3O DE GRAU a constarem em processo de cola\u00e7\u00e3o de grau aberto no Sistema Eletr\u00f4nico de Informa\u00e7\u00f5es (SEI), cujo prazo para a assinatura ser\u00e1 de 30 dias.<\/li>\n<li class=\"Texto_Justificado_Recuo_Primeira_Linha\">O prazo para a assinatura do TERMO DE ACEITE e da ATA DE COLA\u00c7\u00c3O DE GRAU pelos estudantes ser\u00e1 de 30 dias,\u00a0<u>contados a partir da data agendada<\/u>\u00a0para a cola\u00e7\u00e3o de grau de forma remota.<\/li>\n<li class=\"Texto_Justificado_Recuo_Primeira_Linha\">A Coordena\u00e7\u00e3o do Curso dever\u00e1 entrar em contato com os concluintes, informando a data da cola\u00e7\u00e3o de grau de forma remota e informando que s\u00e3o necess\u00e1rias as assinaturas no TERMO DE ACEITE e na ATA DE COLA\u00c7\u00c3O DE GRAU no processo SEI e que, ap\u00f3s a assinatura nos referidos documentos, o concluinte ter\u00e1 direito ao certificado de conclus\u00e3o de curso e ao hist\u00f3rico escolar.<\/li>\n<\/ul>\n<\/div>\n","protected":false},"excerpt":{"rendered":"<p>A Solenidade de Outorga de Grau \u00e9 um ato oficial da \u00a0UFPR e realiza-se numa Sess\u00e3o P\u00fablica e Solene do Conselho Universit\u00e1rio (COUN), com dia, hora e local previamente agendados para conferir o grau ou diploma\u00e7\u00e3o aos concluintes dos cursos de Gradua\u00e7\u00e3o. Essa Sess\u00e3o P\u00fablica pode ocorrer de duas formas distintas: com solenidade e sem [&hellip;]<\/p>\n","protected":false},"author":2800,"featured_media":0,"parent":158,"menu_order":0,"comment_status":"closed","ping_status":"closed","template":"","meta":{"footnotes":""},"class_list":["post-1648","page","type-page","status-publish","hentry"],"_links":{"self":[{"href":"https:\/\/sociaisaplicadas.ufpr.br\/contabeis\/wp-json\/wp\/v2\/pages\/1648","targetHints":{"allow":["GET"]}}],"collection":[{"href":"https:\/\/sociaisaplicadas.ufpr.br\/contabeis\/wp-json\/wp\/v2\/pages"}],"about":[{"href":"https:\/\/sociaisaplicadas.ufpr.br\/contabeis\/wp-json\/wp\/v2\/types\/page"}],"author":[{"embeddable":true,"href":"https:\/\/sociaisaplicadas.ufpr.br\/contabeis\/wp-json\/wp\/v2\/users\/2800"}],"replies":[{"embeddable":true,"href":"https:\/\/sociaisaplicadas.ufpr.br\/contabeis\/wp-json\/wp\/v2\/comments?post=1648"}],"version-history":[{"count":25,"href":"https:\/\/sociaisaplicadas.ufpr.br\/contabeis\/wp-json\/wp\/v2\/pages\/1648\/revisions"}],"predecessor-version":[{"id":4076,"href":"https:\/\/sociaisaplicadas.ufpr.br\/contabeis\/wp-json\/wp\/v2\/pages\/1648\/revisions\/4076"}],"up":[{"embeddable":true,"href":"https:\/\/sociaisaplicadas.ufpr.br\/contabeis\/wp-json\/wp\/v2\/pages\/158"}],"wp:attachment":[{"href":"https:\/\/sociaisaplicadas.ufpr.br\/contabeis\/wp-json\/wp\/v2\/media?parent=1648"}],"curies":[{"name":"wp","href":"https:\/\/api.w.org\/{rel}","templated":true}]}}