{"id":2707,"date":"2023-10-10T19:52:29","date_gmt":"2023-10-10T19:52:29","guid":{"rendered":"https:\/\/sociaisaplicadas.ufpr.br\/contabeis\/?page_id=2707"},"modified":"2023-10-10T19:53:58","modified_gmt":"2023-10-10T19:53:58","slug":"adiantamento-aproveitamento-de-conhecimento","status":"publish","type":"page","link":"https:\/\/sociaisaplicadas.ufpr.br\/contabeis\/adiantamento-aproveitamento-de-conhecimento\/","title":{"rendered":"Adiantamento \/ aproveitamento de conhecimento"},"content":{"rendered":"<h4 style=\"text-align: left\">\u00a0 \u00a0 \u00a0 \u00a0 \u00a0 \u00a0 \u00a0 \u00a0 \u00a0 \u00a0 \u00a0 \u00a0 \u00a0 \u00a0 \u00a0 \u00a0 \u00a0 \u00a0 \u00a0 \u00a0 \u00a0 \u00a0 \u00a0 \u00a0 \u00a0 \u00a0 \u00a0<strong>Adiantamento de Conhecimento (<a href=\"https:\/\/ufpraberta.ufpr.br\/mod\/page\/view.php?id=162\">passo a passo no siga<\/a>) 92\/13 &#8211; CEPE<\/strong><\/h4>\n<p style=\"text-align: left\"><strong>Art. 13<\/strong> Entende-se por adiantamento de conhecimento a atribui\u00e7\u00e3o de nota em disciplina da UFPR em que o aluno comprove dom\u00ednio de conhecimento de conte\u00fado atrav\u00e9s da aprova\u00e7\u00e3o em exame, com nota igual ou superior a 50 (cinquenta).<br \/>\n<strong>Art. 14<\/strong> Os exames de adiantamento de conhecimento dever\u00e3o ocorrer por solicita\u00e7\u00e3o fundamentada do aluno ao colegiado de curso.<br \/>\n\u00a7 1\u00ba A solicita\u00e7\u00e3o dever\u00e1 ser acompanhada de documentos comprobat\u00f3rios ou constituir-se de uma solicita\u00e7\u00e3o circunstanciada que indique o dom\u00ednio de conhecimento de conte\u00fado.<br \/>\n\u00a7 2\u00ba A an\u00e1lise pelo colegiado da solicita\u00e7\u00e3o circunstanciada dever\u00e1 considerar, isolada ou conjuntamente:<br \/>\n<span style=\"color: #ff0000\"><em>I- O fato de o aluno ter extraordin\u00e1rio aproveitamento nos estudos ou altas habilidades ou superdota\u00e7\u00e3o;<\/em><\/span><br \/>\n<span style=\"color: #ff0000\"><em> II- As compet\u00eancias profissionais anteriormente desenvolvidas ou adquiridas no trabalho;<\/em><\/span><br \/>\n<span style=\"color: #ff0000\"><em>III- Os conhecimentos adquiridos em outros cursos;<\/em><\/span><br \/>\n<span style=\"color: #ff0000\"><em> IV- As atividades acad\u00eamicas, art\u00edsticas ou culturais desenvolvidas anteriormente e que tem rela\u00e7\u00e3o com os objetivos da disciplina e com o perfil profissional do egresso conforme o<\/em><\/span><br \/>\n<span style=\"color: #ff0000\"><em> Projeto Pedag\u00f3gico do Curso.<\/em><\/span><br \/>\n<span style=\"color: #ff0000\"><em> V- O fato de ter cursado uma disciplina similar em outro registro acad\u00eamico, curso ou institui\u00e7\u00e3o.<\/em><\/span><br \/>\n<strong>Art. 15<\/strong> O colegiado poder\u00e1 decidir fazer exames de adiantamento de conhecimento para o<br \/>\nenquadramento dos alunos, desde que esteja previsto no Projeto Pedag\u00f3gico do Curso.<br \/>\nPar\u00e1grafo \u00fanico. Nos casos da aplica\u00e7\u00e3o do exame de adiantamento de conhecimento para o enquadramento no semestre\/ano do curso somente ser\u00e3o cadastradas as aprova\u00e7\u00f5es.<br \/>\n<strong>Art. 16<\/strong> N\u00e3o ser\u00e1 permitido o adiantamento de conhecimento a aluno regularmente matriculado na disciplina no mesmo per\u00edodo, exceto nos cursos que aplicam o exame de adiantamento de<br \/>\nconhecimento para o enquadramento no semestre\/ano de alunos ingressantes na UFPR.<br \/>\n<strong>Art. 17<\/strong> Os prazos para a solicita\u00e7\u00e3o, encaminhamento pela Coordena\u00e7\u00e3o de Curso e de realiza\u00e7\u00e3o dos exames de adiantamento de conhecimento ser\u00e3o definidos no calend\u00e1rio acad\u00eamico.<br \/>\n<strong>Art. 18<\/strong> N\u00e3o se aplica o exame de adiantamento de conhecimento \u00e0s disciplinas de Est\u00e1gio, Monografia, Trabalho de Conclus\u00e3o de Curso, Projeto e, excepcionalmente, outras disciplinas<br \/>\nestabelecidas pelo colegiado de curso e constantes no Projeto Pedag\u00f3gico do Curso.<br \/>\nPar\u00e1grafo \u00fanico. \u00c9 vedada a proibi\u00e7\u00e3o de todas as disciplinas que comp\u00f5em a grade de disciplinas obrigat\u00f3rias.<br \/>\n<strong>Art. 19<\/strong> A aprova\u00e7\u00e3o em determinada disciplina, mediante adiantamento de conhecimento, n\u00e3o isenta o aluno de cursar o(s) respectivo(s) pr\u00e9-requisito(s) ou de submeter-se a exames de<br \/>\nadiantamento de conhecimento no(s) mesmo(s).<\/p>\n<p>&nbsp;<\/p>\n<p>https:\/\/ufpraberta.ufpr.br\/mod\/page\/view.php?id=163<\/p>\n<p>&nbsp;<\/p>\n<p>&nbsp;<\/p>\n","protected":false},"excerpt":{"rendered":"<p>\u00a0 \u00a0 \u00a0 \u00a0 \u00a0 \u00a0 \u00a0 \u00a0 \u00a0 \u00a0 \u00a0 \u00a0 \u00a0 \u00a0 \u00a0 \u00a0 \u00a0 \u00a0 \u00a0 \u00a0 \u00a0 \u00a0 \u00a0 \u00a0 \u00a0 \u00a0 \u00a0Adiantamento de Conhecimento (passo a passo no siga) 92\/13 &#8211; CEPE Art. 13 Entende-se por adiantamento de conhecimento a atribui\u00e7\u00e3o de nota em disciplina da UFPR em que o [&hellip;]<\/p>\n","protected":false},"author":2814,"featured_media":0,"parent":0,"menu_order":0,"comment_status":"closed","ping_status":"closed","template":"","meta":{"footnotes":""},"class_list":["post-2707","page","type-page","status-publish","hentry"],"_links":{"self":[{"href":"https:\/\/sociaisaplicadas.ufpr.br\/contabeis\/wp-json\/wp\/v2\/pages\/2707","targetHints":{"allow":["GET"]}}],"collection":[{"href":"https:\/\/sociaisaplicadas.ufpr.br\/contabeis\/wp-json\/wp\/v2\/pages"}],"about":[{"href":"https:\/\/sociaisaplicadas.ufpr.br\/contabeis\/wp-json\/wp\/v2\/types\/page"}],"author":[{"embeddable":true,"href":"https:\/\/sociaisaplicadas.ufpr.br\/contabeis\/wp-json\/wp\/v2\/users\/2814"}],"replies":[{"embeddable":true,"href":"https:\/\/sociaisaplicadas.ufpr.br\/contabeis\/wp-json\/wp\/v2\/comments?post=2707"}],"version-history":[{"count":5,"href":"https:\/\/sociaisaplicadas.ufpr.br\/contabeis\/wp-json\/wp\/v2\/pages\/2707\/revisions"}],"predecessor-version":[{"id":2817,"href":"https:\/\/sociaisaplicadas.ufpr.br\/contabeis\/wp-json\/wp\/v2\/pages\/2707\/revisions\/2817"}],"wp:attachment":[{"href":"https:\/\/sociaisaplicadas.ufpr.br\/contabeis\/wp-json\/wp\/v2\/media?parent=2707"}],"curies":[{"name":"wp","href":"https:\/\/api.w.org\/{rel}","templated":true}]}}