{"id":283,"date":"2017-04-07T20:03:33","date_gmt":"2017-04-07T20:03:33","guid":{"rendered":"https:\/\/sociaisaplicadas.ufpr.br\/contabeis\/?page_id=283"},"modified":"2026-04-15T18:00:09","modified_gmt":"2026-04-15T18:00:09","slug":"secretaria-e-contato-do-departamento","status":"publish","type":"page","link":"https:\/\/sociaisaplicadas.ufpr.br\/contabeis\/secretaria-e-contato-do-departamento\/","title":{"rendered":"Secretaria e Contato do Departamento"},"content":{"rendered":"<div class=\"entry-content\">\n<h5>Chefia do Departamento de Ci\u00eancias Cont\u00e1beis<\/h5>\n<p><strong>Chefe:<\/strong> Prof. Dr. Flaviano Costa<\/p>\n<p><strong>Email:<\/strong> flaviano@ufpr.br<\/p>\n<p><strong>Vice Chefe:<\/strong> Profa. Dra. Sayuri Unoki de Azevedo<\/p>\n<p><strong>E-mail:<\/strong> sayuri.unoki@ufpr.br<\/p>\n<\/div>\n<h5>Secretaria do Departamento de Ci\u00eancias Cont\u00e1beis<\/h5>\n<div class=\"entry-content\">\n<p><strong>T\u00e9cnicos Administrativos<\/strong><\/p>\n<ul>\n<li><span data-olk-copy-source=\"MessageBody\">Camila Campos Machnik Pazoti<\/span><\/li>\n<li>Daniel Leal Brand\u00e3o<\/li>\n<\/ul>\n<\/div>\n<h5>Formas de Atendimento<\/h5>\n<p>As demandas de atendimento podem ser realizadas por e-mail ou por telefone.\u00a0<\/p>\n<p><strong>Email:<\/strong> decont@ufpr.br<\/p>\n<p><strong>Telefone:<\/strong> (41) 3360-4362<\/p>\n<h5>Hor\u00e1rios de Atendimento<\/h5>\n<p><strong>Camila Campos Machnik Pazoti<\/strong><\/p>\n<table style=\"border-collapse: collapse;width: 88.6905%;height: 92px\">\n<tbody>\n<tr style=\"height: 23px\">\n<td style=\"width: 16.7858%;height: 23px;text-align: left\">Segunda-feira<\/td>\n<td style=\"width: 16.6666%;height: 23px;text-align: left\">Ter\u00e7a-feira<\/td>\n<td style=\"width: 16.5475%;height: 23px;text-align: left\">Quarta-feira<\/td>\n<td style=\"width: 17.1429%;height: 23px;text-align: left\">Quinta-feira<\/td>\n<td style=\"width: 21.6112%;height: 23px;text-align: left\">Sexta-feira<\/td>\n<\/tr>\n<tr style=\"height: 23px\">\n<td style=\"width: 16.7858%;height: 23px;text-align: left\">13h30 &#8211; 19h30<\/td>\n<td style=\"width: 16.6666%;height: 23px\">13h30 &#8211; 19h30<\/td>\n<td style=\"width: 16.5475%;height: 23px\">13h30 &#8211; 19h30<\/td>\n<td style=\"width: 17.1429%;height: 23px\">13h30 &#8211; 19h30<\/td>\n<td style=\"width: 21.6112%;height: 23px\">13h30 &#8211; 19h30<\/td>\n<\/tr>\n<tr style=\"height: 46px\">\n<td style=\"width: 16.7858%;height: 46px;text-align: left\">Presencial<\/td>\n<td style=\"width: 16.6666%;height: 46px;text-align: left\">Remoto<\/td>\n<td style=\"width: 16.5475%;height: 46px;text-align: left\">Presencial<\/td>\n<td style=\"width: 17.1429%;height: 46px;text-align: left\">Remoto<\/td>\n<td style=\"width: 21.6112%;height: 46px;text-align: left\">Presencial e Remoto*<\/td>\n<\/tr>\n<\/tbody>\n<\/table>\n<p><strong>Daniel Leal Brand\u00e3o<\/strong><\/p>\n<table style=\"border-collapse: collapse;width: 88.6893%;height: 79px\">\n<tbody>\n<tr style=\"height: 23px\">\n<td style=\"width: 18.6508%;height: 23px;text-align: left\">Segunda-feira<\/td>\n<td style=\"width: 18.6508%;height: 23px;text-align: left\">Ter\u00e7a-feira<\/td>\n<td style=\"width: 17.8571%;height: 23px;text-align: left\">Quarta-feira<\/td>\n<td style=\"width: 18.6508%;height: 23px;text-align: left\">Quinta-feira<\/td>\n<td style=\"width: 24.6913%;height: 23px;text-align: left\">Sexta-feira<\/td>\n<\/tr>\n<tr style=\"height: 23px\">\n<td style=\"width: 18.6508%;height: 10px;text-align: left\">\n<p>10h30 &#8211; 12h30<\/p>\n<p>13h30 &#8211; 19h30<\/p>\n<\/td>\n<td style=\"width: 18.6508%;height: 10px;text-align: left\">\n<p>10h30 &#8211; 12h30<\/p>\n<p>13h30 &#8211; 19h30<\/p>\n<\/td>\n<td style=\"width: 17.8571%;height: 10px;text-align: left\">\n<p>10h30 &#8211; 12h30<\/p>\n<p>13h30 &#8211; 19h30<\/p>\n<\/td>\n<td style=\"width: 18.6508%;height: 10px;text-align: left\">\n<p>10h30 &#8211; 12h30<\/p>\n<p>13h30 &#8211; 19h30<\/p>\n<\/td>\n<td style=\"width: 24.6913%;height: 10px\">\n<p style=\"text-align: left\">10h30 &#8211; 12h30<\/p>\n<p style=\"text-align: left\">13h30 &#8211; 19h30<\/p>\n<\/td>\n<\/tr>\n<tr style=\"height: 46px\">\n<td style=\"width: 18.6508%;height: 46px;text-align: left\">Remoto<\/td>\n<td style=\"width: 18.6508%;height: 46px;text-align: left\">Presencial<\/td>\n<td style=\"width: 17.8571%;height: 46px;text-align: left\">Remoto<\/td>\n<td style=\"width: 18.6508%;height: 46px;text-align: left\">Presencial<\/td>\n<td style=\"width: 24.6913%;height: 46px;text-align: left\">Presencial e Remoto*<\/td>\n<\/tr>\n<\/tbody>\n<\/table>\n<p>*Os servidores atuam nas sextas-feiras de forma alternada, ou seja, h\u00e1 atendimento presencial que ser\u00e1 realizado por um dos servidores.<\/p>\n<h5>Localiza\u00e7\u00e3o<\/h5>\n<div class=\"entry-content\">\n<p>Departamento de Ci\u00eancias Cont\u00e1beis (DECONT), 1\u00ba andar do Setor de Ci\u00eancias Sociais Aplicadas (SCSA), Sala SA.01W.10<\/p>\n<p>UFPR- Campus Jardim Bot\u00e2nico. Av. Pref. Loth\u00e1rio Meissner, 632. CEP: 80210-170. Curitiba PR.<\/p>\n<\/div>\n\n","protected":false},"excerpt":{"rendered":"<p>Chefia do Departamento de Ci\u00eancias Cont\u00e1beis Chefe: Prof. Dr. Flaviano Costa Email: flaviano@ufpr.br Vice Chefe: Profa. Dra. Sayuri Unoki de Azevedo E-mail: sayuri.unoki@ufpr.br Secretaria do Departamento de Ci\u00eancias Cont\u00e1beis T\u00e9cnicos Administrativos Camila Campos Machnik Pazoti Daniel Leal Brand\u00e3o Formas de Atendimento As demandas de atendimento podem ser realizadas por e-mail ou por telefone.\u00a0 Email: decont@ufpr.br [&hellip;]<\/p>\n","protected":false},"author":2791,"featured_media":0,"parent":0,"menu_order":0,"comment_status":"closed","ping_status":"closed","template":"","meta":{"footnotes":""},"class_list":["post-283","page","type-page","status-publish","hentry"],"_links":{"self":[{"href":"https:\/\/sociaisaplicadas.ufpr.br\/contabeis\/wp-json\/wp\/v2\/pages\/283","targetHints":{"allow":["GET"]}}],"collection":[{"href":"https:\/\/sociaisaplicadas.ufpr.br\/contabeis\/wp-json\/wp\/v2\/pages"}],"about":[{"href":"https:\/\/sociaisaplicadas.ufpr.br\/contabeis\/wp-json\/wp\/v2\/types\/page"}],"author":[{"embeddable":true,"href":"https:\/\/sociaisaplicadas.ufpr.br\/contabeis\/wp-json\/wp\/v2\/users\/2791"}],"replies":[{"embeddable":true,"href":"https:\/\/sociaisaplicadas.ufpr.br\/contabeis\/wp-json\/wp\/v2\/comments?post=283"}],"version-history":[{"count":31,"href":"https:\/\/sociaisaplicadas.ufpr.br\/contabeis\/wp-json\/wp\/v2\/pages\/283\/revisions"}],"predecessor-version":[{"id":6926,"href":"https:\/\/sociaisaplicadas.ufpr.br\/contabeis\/wp-json\/wp\/v2\/pages\/283\/revisions\/6926"}],"wp:attachment":[{"href":"https:\/\/sociaisaplicadas.ufpr.br\/contabeis\/wp-json\/wp\/v2\/media?parent=283"}],"curies":[{"name":"wp","href":"https:\/\/api.w.org\/{rel}","templated":true}]}}