{"id":285,"date":"2017-04-07T20:04:09","date_gmt":"2017-04-07T20:04:09","guid":{"rendered":"https:\/\/sociaisaplicadas.ufpr.br\/contabeis\/?page_id=285"},"modified":"2024-10-23T14:12:16","modified_gmt":"2024-10-23T14:12:16","slug":"estagio","status":"publish","type":"page","link":"https:\/\/sociaisaplicadas.ufpr.br\/contabeis\/estagio\/","title":{"rendered":"Est\u00e1gio"},"content":{"rendered":"<p>O curso de Ci\u00eancias Cont\u00e1beis da UFPR possui duas modalidades de Est\u00e1gio sendo um obrigat\u00f3rio e um n\u00e3o obrigat\u00f3rio. Ambos os est\u00e1gios tem regulamento pr\u00f3prio no Curso, no \u00e2mbito Institucional por meio da Resolu\u00e7\u00e3o 46\/10-CEPE\/UFPR e Manual de Est\u00e1gios estabelecido pela Coordena\u00e7\u00e3o de Atividades Formativas e Est\u00e1gios (COAFE) da UFPR em cumprimento \u00e0 Lei Federal n\u00ba 11.788\/08.<\/p>\n<h5>D\u00favidas Frequentes sobre est\u00e1gios<\/h5>\n<p><strong>1.<\/strong><strong>O que \u00e9 o est\u00e1gio curricular obrigat\u00f3rio? Para que serve?<\/strong><\/p>\n<p>O est\u00e1gio curricular obrigat\u00f3rio \u00e9 uma disciplina do curso de Ci\u00eancias Cont\u00e1beis da UFPR intitulada \u201cSC366 Est\u00e1gio Curricular Supervisionado Obrigat\u00f3rio\u201d com total de 120 horas. Est\u00e1 previsto no projeto pedag\u00f3gico do curso e \u00e9 uma exig\u00eancia da Lei. Portanto, o estudante do curso dever\u00e1 cursar tal disciplina independentemente se j\u00e1 exerce atividade profissional correlata. A disciplina de est\u00e1gio obrigat\u00f3rio serve para promover maior aprendizado e compet\u00eancia profissional.<\/p>\n<p><strong>2.Quando o discente deve fazer o est\u00e1gio curricular obrigat\u00f3rio?<\/strong><\/p>\n<p>O discente poder\u00e1 se matricular na disciplina de Est\u00e1gio Curricular Supervisionado Obrigat\u00f3rio ap\u00f3s ter sido aprovado na disciplina de SC301 Introdu\u00e7\u00e3o a Contabilidade e ter integralizado carga hor\u00e1ria m\u00ednima de 300 horas do curso. Recomenda-se que o est\u00e1gio seja realizado at\u00e9 o\u00a0s\u00e9timo per\u00edodo\u00a0para evitar que qualquer perda de prazo ou imprevisto impe\u00e7a o discente de terminar o curso.<\/p>\n<p><strong>3.Em quais condi\u00e7\u00f5es o discente pode fazer o Est\u00e1gio Obrigat\u00f3rio? Preciso ser estagi\u00e1rio?<\/strong><\/p>\n<p>Voc\u00ea pode desenvolver o est\u00e1gio obrigat\u00f3rio nas seguintes condi\u00e7\u00f5es poss\u00edveis:<\/p>\n<ul>\n<li>Estagi\u00e1rio n\u00e3o obrigat\u00f3rio<\/li>\n<li>Empregado em Organiza\u00e7\u00e3o Privada<\/li>\n<li>Servidor em Organiza\u00e7\u00e3o P\u00fablica<\/li>\n<li>Volunt\u00e1rio em Organiza\u00e7\u00e3o do Terceiro Setor<\/li>\n<\/ul>\n<p><strong>4.Qual o procedimento para fazer a matr\u00edcula na disciplina SC366 Est\u00e1gio Curricular Supervisionado Obrigat\u00f3rio?<\/strong><\/p>\n<p>A matr\u00edcula na disciplina SC366 Est\u00e1gio Curricular Supervisionado Obrigat\u00f3rio n\u00e3o \u00e9 feita pelo portal, mas solicitada para a COE, que vai conferir a documenta\u00e7\u00e3o, solicitar a matr\u00edcula do estudante junto a coordena\u00e7\u00e3o e atribuir a ele ou ela um professor orientador. Pedidos de matr\u00edcula com documenta\u00e7\u00e3o errada ou incompleta levar\u00e3o ao indeferimento do pedido do estudante. O procedimento detalhado de como pedir junto a COE e a documenta\u00e7\u00e3o atinente est\u00e1 descrito no edital de est\u00e1gio obrigat\u00f3rio v\u00e1lido para o semestre em que o discente quer fazer o est\u00e1gio. O edital pode ser consultado no site do curso\/est\u00e1gio.<\/p>\n<p><strong>5.Qual a fun\u00e7\u00e3o da COE?<\/strong><\/p>\n<p>A Comiss\u00e3o Orientadora de Est\u00e1gios (COE) \u00e9 um \u00f3rg\u00e3o do colegiado do curso de Ci\u00eancias Cont\u00e1beis e \u00e9 respons\u00e1vel pela verifica\u00e7\u00e3o da adequa\u00e7\u00e3o da documenta\u00e7\u00e3o apresentada pelos estudantes.<\/p>\n<p><strong>6.Eu j\u00e1 fiz v\u00e1rios est\u00e1gios n\u00e3o obrigat\u00f3rios. Ainda assim preciso fazer o est\u00e1gio curricular obrigat\u00f3rio?<\/strong><\/p>\n<p>Sim, o est\u00e1gio curricular obrigat\u00f3rio \u00e9 uma disciplina do curso enquanto os est\u00e1gios n\u00e3o obrigat\u00f3rios s\u00e3o atividades realizadas pelo estudante por sua pr\u00f3pria iniciativa. Embora sejam relacionados, possuem naturezas diferentes. O est\u00e1gio obrigat\u00f3rio \u00e9 obrigat\u00f3rio por lei. O est\u00e1gio n\u00e3o obrigat\u00f3rio trata-se de atividade complementar, desde que devidamente comprovado e aprovado pela UE\/COAFE.<\/p>\n<p><strong>7.O est\u00e1gio obrigat\u00f3rio reprova?<\/strong><\/p>\n<p>Sim. Por ser uma disciplina \u201cSC366 Est\u00e1gio Curricular Supervisionado Obrigat\u00f3rio\u201d a reprova\u00e7\u00e3o pode acontecer em diversos casos, como por exemplo: i) julgamento do professor orientador em caso de considerar que a proposta apresentada esteja diferente da orienta\u00e7\u00e3o fornecida; ii) n\u00e3o comparecimento do estudante \u00e0s orienta\u00e7\u00f5es, mesmo em caso de apresenta\u00e7\u00e3o de uma proposta ou projeto pronto; iii) estudante n\u00e3o desenvolve ou n\u00e3o entrega os relat\u00f3rios pedidos no Edital de Est\u00e1gio Obrigat\u00f3rio; iv) discente n\u00e3o consegue cumprir as 120 horas do projeto em uma mesma organiza\u00e7\u00e3o.<\/p>\n<p><strong>8.As 120 <\/strong><strong>horas do est\u00e1gio obrigat\u00f3rio devem ser cumpridas em uma mesma organiza\u00e7\u00e3o?<\/strong><\/p>\n<p>As 120 horas do est\u00e1gio obrigat\u00f3rio devem ser cumpridas, integralmente, em uma mesma organiza\u00e7\u00e3o. Em caso de rescis\u00e3o ou t\u00e9rmino do v\u00ednculo que caracterizou o in\u00edcio do est\u00e1gio obrigat\u00f3rio o discente ficar\u00e1 impossibilitado de continuar a desenvolver o projeto e ser\u00e1 considerado reprovado na disciplina.<\/p>\n<h5>Empresas que recebem nossos estudantes<\/h5>\n<p>Algumas empresas em que nossos alunos prestam est\u00e1gio:<\/p>\n<p>AG\u00caNCIA DE FOMENTO DO PARAN\u00c1 S\/A<br \/>\nALLSHORE ACCOUNTING &amp; SERVICES S\/S<br \/>\nBANCO BRADESCO SA<br \/>\nBANCO RCI BRASIL SA<br \/>\nBARIGUI VEICULOS LTDA<br \/>\nCOMPANHIA PARANAENSE DE ENERGIA &#8211; COPEL<br \/>\nEXXONMOBIL BUSINESS SUPPORT CENTER BRASIL LTDA<br \/>\nINSTITUTO MUNICIPAL DE ADMINISTRA\u00c7\u00c3O P\u00daBLICA &#8211; IMAP<br \/>\nITAU UNIBANCO S\/A<br \/>\nRENAULT DO BRASIL S.A<br \/>\nRHODIA BRASIL SA<br \/>\nTRIBUNAL DE CONTAS DO ESTADO DO PARAN\u00c1<br \/>\nTRIBUNAL DE JUSTI\u00c7A DO ESTADO DO PARAN\u00c1<br \/>\nVOLVO DO BRASIL VE\u00cdCULOS LTDA<br \/>\nVOTORANTIM S\/A<\/p>\n","protected":false},"excerpt":{"rendered":"<p>O curso de Ci\u00eancias Cont\u00e1beis da UFPR possui duas modalidades de Est\u00e1gio sendo um obrigat\u00f3rio e um n\u00e3o obrigat\u00f3rio. Ambos os est\u00e1gios tem regulamento pr\u00f3prio no Curso, no \u00e2mbito Institucional por meio da Resolu\u00e7\u00e3o 46\/10-CEPE\/UFPR e Manual de Est\u00e1gios estabelecido pela Coordena\u00e7\u00e3o de Atividades Formativas e Est\u00e1gios (COAFE) da UFPR em cumprimento \u00e0 Lei Federal [&hellip;]<\/p>\n","protected":false},"author":2791,"featured_media":0,"parent":0,"menu_order":0,"comment_status":"closed","ping_status":"closed","template":"","meta":{"footnotes":""},"class_list":["post-285","page","type-page","status-publish","hentry"],"_links":{"self":[{"href":"https:\/\/sociaisaplicadas.ufpr.br\/contabeis\/wp-json\/wp\/v2\/pages\/285","targetHints":{"allow":["GET"]}}],"collection":[{"href":"https:\/\/sociaisaplicadas.ufpr.br\/contabeis\/wp-json\/wp\/v2\/pages"}],"about":[{"href":"https:\/\/sociaisaplicadas.ufpr.br\/contabeis\/wp-json\/wp\/v2\/types\/page"}],"author":[{"embeddable":true,"href":"https:\/\/sociaisaplicadas.ufpr.br\/contabeis\/wp-json\/wp\/v2\/users\/2791"}],"replies":[{"embeddable":true,"href":"https:\/\/sociaisaplicadas.ufpr.br\/contabeis\/wp-json\/wp\/v2\/comments?post=285"}],"version-history":[{"count":81,"href":"https:\/\/sociaisaplicadas.ufpr.br\/contabeis\/wp-json\/wp\/v2\/pages\/285\/revisions"}],"predecessor-version":[{"id":3471,"href":"https:\/\/sociaisaplicadas.ufpr.br\/contabeis\/wp-json\/wp\/v2\/pages\/285\/revisions\/3471"}],"wp:attachment":[{"href":"https:\/\/sociaisaplicadas.ufpr.br\/contabeis\/wp-json\/wp\/v2\/media?parent=285"}],"curies":[{"name":"wp","href":"https:\/\/api.w.org\/{rel}","templated":true}]}}