{"id":303,"date":"2017-04-07T20:11:09","date_gmt":"2017-04-07T20:11:09","guid":{"rendered":"https:\/\/sociaisaplicadas.ufpr.br\/contabeis\/?page_id=303"},"modified":"2017-04-13T19:35:18","modified_gmt":"2017-04-13T19:35:18","slug":"sei","status":"publish","type":"page","link":"https:\/\/sociaisaplicadas.ufpr.br\/contabeis\/sei\/","title":{"rendered":"SEI &#8211; Sistema Eletr\u00f4nico de Informa\u00e7\u00f5es"},"content":{"rendered":"<p>Desde o final de 2016, os processos no \u00e2mbito da Universidade Federal do Paran\u00e1 s\u00e3o abertos e tramitam de forma eletr\u00f4nica atrav\u00e9s da plataforma SEI &#8211; Sistema Eletr\u00f4nico de Informa\u00e7\u00e3o. A plataforma permite acesso a usu\u00e1rios internos e externos, alunos da institui\u00e7\u00e3o ou sem v\u00ednculo que possam figurar como interessados, estes \u00faltimo mediante cadastro.<\/p>\n<p>O sistema pode ser acessado no endere\u00e7o <a href=\"http:\/\/www.ufpr.br\/sei\">http:\/\/www.ufpr.br\/sei<\/a>.<\/p>\n<p><strong>Acesso a usu\u00e1rios externos<\/strong>:<\/p>\n<p>Os alunos de gradua\u00e7\u00e3o, mestrado ou doutorado, devem acessar o site do SEI, clicar no link de acesso a usu\u00e1rio externo e utilizar o usu\u00e1rio e senha do e-mail da UFPR.\u00a0 Caso n\u00e3o possua e-mail da UFPR, este pode ser solicitado no endere\u00e7o <a href=\"http:\/\/intranet.ufpr.br\">http:\/\/intranet.ufpr.br<\/a>, op\u00e7\u00e3o solicitar e-mail.<\/p>\n<p>Usu\u00e1rios sem v\u00ednculo com a institui\u00e7\u00e3o devem primeiro realizar o cadastramento no site do SEI, clicando no bot\u00e3o de acesso a usu\u00e1rio externo e, em seguida, no link &#8220;clique aqui se voc\u00ea ainda n\u00e3o est\u00e1 cadastrado&#8221;.\u00a0 Neste caso, n\u00e3o \u00e9 necess\u00e1rio possuir e-mail da UFPR. Ap\u00f3s o cadastramento, o solicitante receber\u00e1 um e-mail com instru\u00e7\u00f5es para encaminhamento via eletr\u00f4nica de documentos de identidade, CPF e comprovante de resid\u00eancia.<\/p>\n<p><strong>Vistas e assinatura eletr\u00f4nicas<\/strong>:<\/p>\n<p>Para que o interessado tenha vistas ou possa assinar documentos eletronicamente \u00e9 necess\u00e1rio estar cadastrado no SEI e que fa\u00e7a uma solicita\u00e7\u00e3o junto \u00e0 unidade que abriu ou para onde foi tramitado o processo.<\/p>\n","protected":false},"excerpt":{"rendered":"<p>Desde o final de 2016, os processos no \u00e2mbito da Universidade Federal do Paran\u00e1 s\u00e3o abertos e tramitam de forma eletr\u00f4nica atrav\u00e9s da plataforma SEI &#8211; Sistema Eletr\u00f4nico de Informa\u00e7\u00e3o. A plataforma permite acesso a usu\u00e1rios internos e externos, alunos da institui\u00e7\u00e3o ou sem v\u00ednculo que possam figurar como interessados, estes \u00faltimo mediante cadastro. O [&hellip;]<\/p>\n","protected":false},"author":2791,"featured_media":0,"parent":0,"menu_order":0,"comment_status":"closed","ping_status":"closed","template":"","meta":{"footnotes":""},"class_list":["post-303","page","type-page","status-publish","hentry"],"_links":{"self":[{"href":"https:\/\/sociaisaplicadas.ufpr.br\/contabeis\/wp-json\/wp\/v2\/pages\/303","targetHints":{"allow":["GET"]}}],"collection":[{"href":"https:\/\/sociaisaplicadas.ufpr.br\/contabeis\/wp-json\/wp\/v2\/pages"}],"about":[{"href":"https:\/\/sociaisaplicadas.ufpr.br\/contabeis\/wp-json\/wp\/v2\/types\/page"}],"author":[{"embeddable":true,"href":"https:\/\/sociaisaplicadas.ufpr.br\/contabeis\/wp-json\/wp\/v2\/users\/2791"}],"replies":[{"embeddable":true,"href":"https:\/\/sociaisaplicadas.ufpr.br\/contabeis\/wp-json\/wp\/v2\/comments?post=303"}],"version-history":[{"count":12,"href":"https:\/\/sociaisaplicadas.ufpr.br\/contabeis\/wp-json\/wp\/v2\/pages\/303\/revisions"}],"predecessor-version":[{"id":435,"href":"https:\/\/sociaisaplicadas.ufpr.br\/contabeis\/wp-json\/wp\/v2\/pages\/303\/revisions\/435"}],"wp:attachment":[{"href":"https:\/\/sociaisaplicadas.ufpr.br\/contabeis\/wp-json\/wp\/v2\/media?parent=303"}],"curies":[{"name":"wp","href":"https:\/\/api.w.org\/{rel}","templated":true}]}}