{"id":326,"date":"2017-04-10T15:33:43","date_gmt":"2017-04-10T15:33:43","guid":{"rendered":"https:\/\/sociaisaplicadas.ufpr.br\/contabeis\/?page_id=326"},"modified":"2025-02-24T22:21:35","modified_gmt":"2025-02-24T22:21:35","slug":"matriculas","status":"publish","type":"page","link":"https:\/\/sociaisaplicadas.ufpr.br\/contabeis\/matriculas\/","title":{"rendered":"Matr\u00edculas"},"content":{"rendered":"<h5>Matriz Curricular para elabora\u00e7\u00e3o do Plano de Estudos<\/h5>\n<p>No intuito de promover maior controle do desenvolvimento da matriz curr\u00edcular pelo estudante, a Coordena\u00e7\u00e3o disponibilizou as matrizes curriculares para o curr\u00edculo 2023, bem como estruturou uma matriz de transi\u00e7\u00e3o que identifica as disciplinas equivalentes do Curr\u00edculo 2023 ao Curr\u00edculo 2013. Estas planilhas em Excel podem ser acessadas abaixo:<\/p>\n<h4>Matriz curricular para Curr\u00edculo 2023 (Ingressantes a partir de 2023)<\/h4>\n<p><strong><a href=\"https:\/\/sociaisaplicadas.ufpr.br\/contabeis\/wp-content\/uploads\/sites\/3\/2024\/12\/Grade_Curriculo_2023_Plano-de-Estudos.xlsx\">Clique Aqui<\/a> <\/strong>para acessar a Matriz Curricular 2023, em Excel, para elabora\u00e7\u00e3o do Plano de Estudos para ingressantes a partir de 2023<\/p>\n<p>A partir da Matriz Curricular disponibilizada, o estudante poder\u00e1 identificar as disciplinas cursadas; a cursar; bem como identificar a poss\u00edvel grade de hor\u00e1rio das disciplinas a serem cursadas em 2025\/01, ou em per\u00edodos subsequentes.<\/p>\n<p>.<\/p>\n<h4>Matriz curricular de transi\u00e7\u00e3o para Curr\u00edculo 2013 (Ingressantes at\u00e9 2022)<\/h4>\n<p><strong><a href=\"https:\/\/sociaisaplicadas.ufpr.br\/contabeis\/wp-content\/uploads\/sites\/3\/2024\/12\/MatrizCurricular_Transicao2013_2023.xlsx\">Clique Aqui<\/a> <\/strong>para acessar<span style=\"color: #000000\"> a Matriz de Transi\u00e7\u00e3o, em Excel, para elabora\u00e7\u00e3o do Plano de Estudos para ingressantes at\u00e9 2022<\/span><\/p>\n<p><span style=\"color: #000000\">A Matriz de Transi\u00e7\u00e3o permite a compatibilidade entre as disciplinas do Curr\u00edculo 2013 com as disciplinas equivalentes no Curr\u00edculo 2023. Recomenda-se a an\u00e1lise e controle das disciplinas cursadas, bem como a identifica\u00e7\u00e3o das disciplinas equivalentes. A Matriz de Transi\u00e7\u00e3o N\u00c3O substitui o Plano de Disciplinas Equivalentes das disciplinas dispostas na p\u00e1gina de apresenta\u00e7\u00e3o do Projeto Pedag\u00f3gico: <a style=\"color: #000000\" href=\"https:\/\/sociaisaplicadas.ufpr.br\/contabeis\/projeto-pedagogico-curriculo\/\">Clique Aqui<\/a><\/span><\/p>\n<p><span style=\"color: #000000\">Recomenda-se a an\u00e1lise conjunta da matriz de transi\u00e7\u00e3o com o Plano de Disciplinas Equivalentes.<\/span><\/p>\n<h5>Outras Informa\u00e7\u00f5es Importantes<\/h5>\n<p><strong>Solicita\u00e7\u00e3o de E-mail UFPR <\/strong>&#8211; <a href=\"https:\/\/intranet.ufpr.br\/intranet\/public\/principal.action\">https:\/\/intranet.ufpr.br\/intranet\/public\/principal.action<\/a><\/p>\n<p><strong>Acesso \u00e0 UFPR Virtual &#8211; <\/strong><a href=\"https:\/\/ufprvirtual.ufpr.br\/\">https:\/\/ufprvirtual.ufpr.br\/<\/a><\/p>\n<p><strong>Suporte \u00e0 UFPR Virtual <\/strong>&#8211; <a href=\"https:\/\/ufprvirtual.ufpr.br\/course\/view.php?id=8742\">https:\/\/ufprvirtual.ufpr.br\/course\/view.php?id=8742<\/a><\/p>\n<p><strong>Suporte Acesso ao TEAMS<\/strong> &#8211; <a href=\"https:\/\/www.agtic.ufpr.br\/wp-content\/uploads\/2020\/03\/guia-teams-1-1.pdf\">https:\/\/www.agtic.ufpr.br\/wp-content\/uploads\/2020\/03\/guia-teams-1-1.pdf<\/a><\/p>\n<p><strong>Acesso ao SIGA<\/strong><\/p>\n<p>1) Digite <a href=\"https:\/\/www.prppg.ufpr.br\/siga\">https:\/\/www.prppg.ufpr.br\/siga<\/a><\/p>\n<p>2) Digite o seu CPF ou Passaporte<\/p>\n<p>3) Digite sua senha<\/p>\n<p>4) Caso ainda n\u00e3o possua senha, clique no link Esqueceu\/N\u00e3o sabe sua senha.<\/p>\n<p>5) Verifique na sua caixa de e-mail se recebeu um <em>e-mail<\/em> com instru\u00e7\u00f5es para redefini\u00e7\u00e3o da senha.<\/p>\n<p>6) Caso n\u00e3o receba o e-mail, solicite corre\u00e7\u00e3o do e-mail cadastrado no SIGA na sua coordena\u00e7\u00e3o de curso<\/p>\n<h5>Calend\u00e1rio Acad\u00eamico para 2025 &#8211; Datas importantes<\/h5>\n<p>O calend\u00e1rio acad\u00eamico completo pode ser consultado em: <strong><a href=\"https:\/\/soc.ufpr.br\/wp-content\/uploads\/2024\/12\/RESOLUCAO-No-19-24-CEPE-1.pdf\" target=\"_blank\" rel=\"noopener\">clique aqui<\/a><\/strong><\/p>\n<h4>DEZEMBRO 2024<\/h4>\n<p>31- Prazo final para LAN\u00c7AMENTO DE NOTAS e encerramento das turmas de cursos de 15 semanas.<\/p>\n<h4>JANEIRO 2025<\/h4>\n<p>06 a 14\/mar &#8211; Per\u00edodo para solicita\u00e7\u00e3o de DISPENSA DE PR\u00c9-REQUISITO e CORREQUISITO na Coordena\u00e7\u00e3o de Curso. (preencher o formul\u00e1rio <a href=\"https:\/\/sociaisaplicadas.ufpr.br\/contabeis\/formularios-2\/\">https:\/\/sociaisaplicadas.ufpr.br\/contabeis\/formularios-2\/<\/a> e enviar para coorcont@ufpr.br)<\/p>\n<p>06 a 17\/mar &#8211; Per\u00edodo de solicita\u00e7\u00e3o de DESTRANCAMENTO ANTECIPADO de curso para o primeiro semestre.<\/p>\n<p>06 a 21\/mar &#8211; Per\u00edodo para os Colegiados deliberarem sobre DISPENSA DE PR\u00c9-REQUISITO e<\/p>\n<p>CORREQUISITO (Res. 63\/10-CEPE).<\/p>\n<h4>FEVEREIRO 2025<\/h4>\n<p>21 a 25 &#8211; Per\u00edodo para SOLICITA\u00c7\u00c3O DE MATR\u00cdCULA.<\/p>\n<p>21 a 21\/mar &#8211; Per\u00edodo para solicita\u00e7\u00e3o de TRANCAMENTO DE CURSO para discentes sem matr\u00edcula (Res. 97-A\/15-CEPE; IN 01\/16-PROGRAD, art. 4\u00ba).<\/p>\n<p>26 e 27 \u00a0\u00a0\u00a0\u00a0\u00a0\u00a0\u00a0\u00a0\u00a0\u00a0\u00a0\u00a0\u00a0\u00a0\u00a0 &#8211; Processamento de matr\u00edculas.<\/p>\n<p>28 a 05\/mar &#8211; AJUSTE ON-LINE de matr\u00edcula.<\/p>\n<h4>MAR\u00c7O 2025<\/h4>\n<p>03 a 05 \u00a0&#8211; Feriado: Carnaval.<\/p>\n<p>07 a 19 &#8211; Per\u00edodo de solicita\u00e7\u00e3o de AJUSTE DE MATR\u00cdCULA na Coordena\u00e7\u00e3o (Res.37\/97-CEPE, art. 46).<\/p>\n<p>10 &#8211; In\u00edcio do per\u00edodo letivo 2025\/1.<\/p>\n<p>10 a 12 -Per\u00edodo para confirma\u00e7\u00e3o da matr\u00edcula e efetiva OCUPA\u00c7\u00c3O DA VAGA, para ingressantes em cursos anuais e do primeiro semestre (Res. 37\/97-CEPE, art. 32).<\/p>\n<p>10 a 21 &#8211; Per\u00edodo de solicita\u00e7\u00e3o de exame de ADIANTAMENTO DE CONHECIMENTO (Res.<\/p>\n<p>92\/13-CEPE e IN 01\/14-PROGRAD).<\/p>\n<p>10 a 26 &#8211; Per\u00edodo para solicita\u00e7\u00e3o de EQUIVAL\u00caNCIA DE DISCIPLINAS (Res. 92\/13-CEPE, art. 4\u00ba a 12, IN 01\/14-PROGRAD, art. 3\u00ba a 11).<\/p>\n<p>17 e 18 &#8211; Per\u00edodo para solicita\u00e7\u00e3o de matr\u00edcula em DISCIPLINA ELETIVA e DISCIPLINA ISOLADA (Res. 37\/97, art. 55 a 59; art. 26 a 28).<\/p>\n<p>19 &#8211; Prazo final para solicita\u00e7\u00e3o de AJUSTE DE MATR\u00cdCULA na Coordena\u00e7\u00e3o.<\/p>\n<p>24 a 11\/abr &#8211; Per\u00edodo para o Colegiado deliberar sobre ADIANTAMENTO DE CONHECIMENTO.<\/p>\n<p>24 a 06\/mai &#8211; Per\u00edodo de solicita\u00e7\u00e3o de TRANCAMENTO DE CURSO SEMESTRAL para discentes com matr\u00edcula (Res. 97-A\/15-CEPE; IN 01\/16-PROGRAD, art. 4\u00ba).<\/p>\n<p>24 a 06\/mai &#8211; Per\u00edodo para solicita\u00e7\u00e3o de CANCELAMENTO DE MATR\u00cdCULA em disciplina semestral (Res. 37\/97-CEPE, art. 60).<\/p>\n<p>24 a 08\/ago &#8211; Per\u00edodo para solicita\u00e7\u00e3o de CANCELAMENTO DE MATR\u00cdCULA em disciplina anual (Res.37\/97-CEPE, art. 60).<\/p>\n<p>24 a 08\/ago &#8211; Per\u00edodo de solicita\u00e7\u00e3o de TRANCAMENTO DE CURSO ANUAL para discentes com<\/p>\n<p>matr\u00edcula (Res. 97-A\/15-CEPE; IN 01\/16-PROGRAD, art. 4\u00ba).<\/p>\n<h4>ABRIL 2025<\/h4>\n<p>14 a 16\/mai &#8211; ADIANTAMENTO DE CONHECIMENTO.<\/p>\n<p>22 &#8211; Prazo final para os discentes solicitarem CORRE\u00c7\u00d5ES NO HIST\u00d3RICO ESCOLAR relativas ao ano letivo de 2024 para cursos anuais e 2024\/2 para cursos semestrais (Res. n\u00ba 37\/97, art. 108).<\/p>\n<p>MAIO 2025<\/p>\n<p>06 &#8211; Prazo final para solicita\u00e7\u00e3o de CANCELAMENTO DE MATR\u00cdCULA em disciplina semestral.<\/p>\n<p>06 &#8211; Prazo final para solicita\u00e7\u00e3o de TRANCAMENTO DE CURSO semestral para discentes com matr\u00edcula.<\/p>\n<p>16 -Prazo final para os Departamentos lan\u00e7arem os resultados dos exames de ADIANTAMENTO DE CONHECIMENTO.<\/p>\n<p>26 a 06\/jun &#8211; Per\u00edodo para solicita\u00e7\u00e3o de exame de APROVEITAMENTO DE CONHECIMENTO em disciplinas semestrais ou anuais (Res. 92\/13-CEPE, art. 20 a 31; IN 01\/14PROGRAD, art. 20 a 28).<\/p>\n<h4>JUNHO 2025<\/h4>\n<p>05 a 08 &#8211; Feira de Cursos e Profiss\u00f5es.<\/p>\n<p>09 a 02\/jul &#8211; Per\u00edodo de realiza\u00e7\u00e3o dos exames de APROVEITAMENTO DE CONHECIMENTO<\/p>\n<p>em disciplinas semestrais ou anuais.<\/p>\n<p>09 a 15\/jul &#8211; Per\u00edodo de lan\u00e7amento de notas de APROVEITAMENTO DE CONHECIMENTO.<\/p>\n<p>23 a 19\/jul \u00a0&#8211; Per\u00edodo de LAN\u00c7AMENTO DE NOTAS e frequ\u00eancia.<\/p>\n<h4>JULHO 2025<\/h4>\n<p>02 &#8211; T\u00e9rmino do per\u00edodo letivo 2025\/1 para disciplinas de 15 semanas.<\/p>\n<p>07 &#8211; Destrancamento autom\u00e1tico de curso de discentes que completaram um ano de trancamento.<\/p>\n<p>07 a 12 &#8211; Per\u00edodo de EXAMES FINAIS para disciplinas de 15 semanas.<\/p>\n<p>07 a 11\/ago &#8211; Per\u00edodo de solicita\u00e7\u00e3o de DESTRANCAMENTO ANTECIPADO de curso para o segundo semestre.<\/p>\n<p>16 a 08\/ago &#8211; Per\u00edodo para solicita\u00e7\u00e3o de DISPENSA DE PR\u00c9-REQUISITO e CORREQUISITO na Coordena\u00e7\u00e3o de Curso.<\/p>\n<p>16 a 15\/ago &#8211; Per\u00edodo para os Colegiados deliberarem sobre DISPENSA DE PR\u00c9-REQUISITO e CORREQUISITO (Res. 63\/10-CEPE).<\/p>\n<p>19 &#8211; Prazo final para LAN\u00c7AMENTO DE NOTAS e frequ\u00eancia e encerramento das turmas.<\/p>\n<p>21 a 23 &#8211; Processamento da oferta de turmas.<\/p>\n<p>24 a 15\/ago &#8211; Per\u00edodo para solicita\u00e7\u00e3o de TRANCAMENTO DE CURSO para discentes sem matr\u00edcula (Res. 97-A\/15-CEPE; IN 01\/16-PROGRAD, art. 4\u00ba).<\/p>\n<p>24 a 27 &#8211; Per\u00edodo para SOLICITA\u00c7\u00c3O DEMATR\u00cdCULAS em disciplinas do segundo semestre.<\/p>\n<p>28 e 29 \u00a0\u00a0\u00a0\u00a0\u00a0\u00a0\u00a0\u00a0\u00a0\u00a0\u00a0\u00a0\u00a0\u00a0\u00a0 -Processamento de matr\u00edculas.<\/p>\n<p>30 e 31 \u00a0\u00a0\u00a0\u00a0\u00a0\u00a0\u00a0\u00a0\u00a0\u00a0\u00a0\u00a0\u00a0\u00a0\u00a0 &#8211; Solicita\u00e7\u00e3o de AJUSTE ON-LINE de matr\u00edcula.<\/p>\n<h4>AGOSTO 2025<\/h4>\n<p>02 a 13 &#8211; Per\u00edodo de solicita\u00e7\u00e3o de AJUSTE DE MATR\u00cdCULA na Coordena\u00e7\u00e3o (Res. 37\/97-CEPE, art. 46).<\/p>\n<p>04 &#8211; In\u00edcio do per\u00edodo letivo 2025\/2.<\/p>\n<p>04 a 15 &#8211; Per\u00edodo de solicita\u00e7\u00e3o de exame de ADIANTAMENTO DE CONHECIMENTO (Res. 92\/13-CEPE e IN 01\/14-PROGRAD).<\/p>\n<p>08 &#8211; Prazo final para solicita\u00e7\u00e3o de CANCELAMENTO DE MATR\u00cdCULA em disciplina anual.<\/p>\n<p>08 &#8211; Prazo final para solicita\u00e7\u00e3o de TRANCAMENTO DE CURSO anual para discentes com matr\u00edcula.<\/p>\n<p>11 Prazo final para solicita\u00e7\u00e3o de DESTRANCAMENTO ANTECIPADO de curso para o segundo semestre.<\/p>\n<p>11 e 12 &#8211; Per\u00edodo para solicita\u00e7\u00e3o de matr\u00edcula em DISCIPLINA ELETIVA e DISCIPLINA ISOLADA (Res. 37\/97-CEPE, art. 55 a 59; art. 26 a 28).<\/p>\n<p>13 &#8211; Prazo final para solicita\u00e7\u00e3o de AJUSTE DE MATR\u00cdCULA na Coordena\u00e7\u00e3o.<\/p>\n<p>15 &#8211; Prazo final para solicita\u00e7\u00e3o de exames de ADIANTAMENTO DE CONHECIMENTO.<\/p>\n<p>15 &#8211; Prazo final para solicita\u00e7\u00e3o de TRANCAMENTO DE CURSO para discentes sem matr\u00edcula.<\/p>\n<p>18 a 05\/set &#8211; Per\u00edodo para o Colegiado deliberar sobre ADIANTAMENTO DE CONHECIMENTO.<\/p>\n<p>18 a 06\/out &#8211; Per\u00edodo de solicita\u00e7\u00e3o de TRANCAMENTO DE CURSO semestral para discentes com<\/p>\n<p>matr\u00edcula (Res. 97-A\/15-CEPE; IN 01\/16-PROGRAD, art. 4\u00ba).<\/p>\n<p>18 a 06\/out &#8211; Per\u00edodo para solicita\u00e7\u00e3o de CANCELAMENTO DE MATR\u00cdCULA em disciplina semestral (Res. 37\/97-CEPE, art. 60).<\/p>\n<h4>SETEMBRO 2025<\/h4>\n<p>08 a 27 &#8211; Per\u00edodo de realiza\u00e7\u00e3o dos exames de ADIANTAMENTO DE CONHECIMENTO.<\/p>\n<p>08 a 10\/out &#8211; Per\u00edodo para lan\u00e7amento de notas de ADIANTAMENTO DE CONHECIMENTO.<\/p>\n<p>22 &#8211; Prazo final para cadastramento de matr\u00edcula em MOBILIDADE ACAD\u00caMICA para discentes com previs\u00e3o de sa\u00edda para 2025\/2.<\/p>\n<h4>OUTUBRO 2025<\/h4>\n<p>06 &#8211; Prazo final para solicita\u00e7\u00e3o de CANCELAMENTO DE MATR\u00cdCULA em disciplina semestral.<\/p>\n<p>06 &#8211; Prazo final para solicita\u00e7\u00e3o de TRANCAMENTO DE CURSO semestral para discentes com matr\u00edcula.<\/p>\n<p>10 &#8211; Prazo final para os Departamentos lan\u00e7arem os resultados dos exames de ADIANTAMENTO DE CONHECIMENTO.<\/p>\n<p>20 a 24 &#8211; Festival da UFPR da Ci\u00eancia, Cultura e Inova\u00e7\u00e3o\/Semana Integrada de Ensino, Pesquisa e Extens\u00e3o (SIEPE).<\/p>\n<p>20 a 31- Per\u00edodo para solicita\u00e7\u00e3o de exame de APROVEITAMENTO DE CONHECIMENTO em disciplinas semestrais (Res. 92\/13-CEPE, art. 20 a 31; IN 01\/14-PROGRAD, art. 20 a 28).<\/p>\n<p>31- Prazo final para solicita\u00e7\u00e3o de exame de APROVEITAMENTO DE CONHECIMENTO em disciplinas semestrais.<\/p>\n<h4>NOVEMBRO 2025<\/h4>\n<p>10 a 06\/dez -Per\u00edodo de realiza\u00e7\u00e3o dos exames de APROVEITAMENTO DE CONHECIMENTO<\/p>\n<p>em disciplinas semestrais.<\/p>\n<p>10 a 31\/dez -Per\u00edodo de lan\u00e7amento de notas de APROVEITAMENTO DE CONHECIMENTO.<\/p>\n<h4>DEZEMBRO 2025<\/h4>\n<p>01 a 31 &#8211; Per\u00edodo de LAN\u00c7AMENTO DE NOTAS e frequ\u00eancias.<\/p>\n<p>06 &#8211; T\u00e9rmino do per\u00edodo letivo de 2025\/2.<\/p>\n<p>11 &#8211; Prazo final para as Coordena\u00e7\u00f5es comunicarem \u00e0 COPAP a MUDAN\u00c7A DE HABILITA\u00c7\u00c3O.<\/p>\n<p>15 a 20 &#8211; Per\u00edodo de EXAMES FINAIS.<\/p>\n<p>22 a 02\/jan \u00a0&#8211; Per\u00edodo para solicita\u00e7\u00e3o de SEGUNDA AVALIA\u00c7\u00c3O FINAL para disciplinas anuais (Res. 37\/97-CEPE, art. 101 a 104).<\/p>\n<h4>JANEIRO 2026<\/h4>\n<p>12 a 17 &#8211; Per\u00edodo para realiza\u00e7\u00e3o da SEGUNDA AVALIA\u00c7\u00c3O FINAL para disciplinas anuais.<\/p>\n<p>12 a 27 &#8211; Per\u00edodo para lan\u00e7amento de notas da SEGUNDA AVALIA\u00c7\u00c3O FINAL.<\/p>\n<h4>FEVEREIRO 2026<\/h4>\n<p>16 a 18 &#8211; Carnaval.<\/p>\n<h4>MAR\u00c7O 2026<\/h4>\n<p>02 &#8211; Prov\u00e1vel in\u00edcio do per\u00edodo letivo do primeiro semestre de 2026.<\/p>\n","protected":false},"excerpt":{"rendered":"<p>Matriz Curricular para elabora\u00e7\u00e3o do Plano de Estudos No intuito de promover maior controle do desenvolvimento da matriz curr\u00edcular pelo estudante, a Coordena\u00e7\u00e3o disponibilizou as matrizes curriculares para o curr\u00edculo 2023, bem como estruturou uma matriz de transi\u00e7\u00e3o que identifica as disciplinas equivalentes do Curr\u00edculo 2023 ao Curr\u00edculo 2013. Estas planilhas em Excel podem ser [&hellip;]<\/p>\n","protected":false},"author":2791,"featured_media":0,"parent":0,"menu_order":0,"comment_status":"closed","ping_status":"closed","template":"","meta":{"footnotes":""},"class_list":["post-326","page","type-page","status-publish","hentry"],"_links":{"self":[{"href":"https:\/\/sociaisaplicadas.ufpr.br\/contabeis\/wp-json\/wp\/v2\/pages\/326","targetHints":{"allow":["GET"]}}],"collection":[{"href":"https:\/\/sociaisaplicadas.ufpr.br\/contabeis\/wp-json\/wp\/v2\/pages"}],"about":[{"href":"https:\/\/sociaisaplicadas.ufpr.br\/contabeis\/wp-json\/wp\/v2\/types\/page"}],"author":[{"embeddable":true,"href":"https:\/\/sociaisaplicadas.ufpr.br\/contabeis\/wp-json\/wp\/v2\/users\/2791"}],"replies":[{"embeddable":true,"href":"https:\/\/sociaisaplicadas.ufpr.br\/contabeis\/wp-json\/wp\/v2\/comments?post=326"}],"version-history":[{"count":200,"href":"https:\/\/sociaisaplicadas.ufpr.br\/contabeis\/wp-json\/wp\/v2\/pages\/326\/revisions"}],"predecessor-version":[{"id":6216,"href":"https:\/\/sociaisaplicadas.ufpr.br\/contabeis\/wp-json\/wp\/v2\/pages\/326\/revisions\/6216"}],"wp:attachment":[{"href":"https:\/\/sociaisaplicadas.ufpr.br\/contabeis\/wp-json\/wp\/v2\/media?parent=326"}],"curies":[{"name":"wp","href":"https:\/\/api.w.org\/{rel}","templated":true}]}}