{"id":328,"date":"2017-04-10T15:34:55","date_gmt":"2017-04-10T15:34:55","guid":{"rendered":"https:\/\/sociaisaplicadas.ufpr.br\/contabeis\/?page_id=328"},"modified":"2024-11-27T15:41:33","modified_gmt":"2024-11-27T15:41:33","slug":"projeto-pedagogico-curriculo","status":"publish","type":"page","link":"https:\/\/sociaisaplicadas.ufpr.br\/contabeis\/projeto-pedagogico-curriculo\/","title":{"rendered":"Projeto Pedag\u00f3gico"},"content":{"rendered":"<p>O curso de gradua\u00e7\u00e3o Ci\u00eancias Cont\u00e1beis da UFPR atualmente tem 2 curr\u00edculos vigentes. Tem o curr\u00edculo aprovado em 2013 com altera\u00e7\u00f5es posteriores e o aprovado em fevereiro\/2023 para os alunos iniciantes do curso no ano calend\u00e1rio 2023. Abaixo s\u00e3o disponibilizados os documentos dos dois curr\u00edculos vigentes.<\/p>\n<h5>Projeto Pedag\u00f3gico do Curso (PPC) 2023 (Ingressantes a partir de 2023)<\/h5>\n<p><a href=\"https:\/\/sociaisaplicadas.ufpr.br\/contabeis\/wp-content\/uploads\/sites\/3\/2023\/03\/2.1-PPC-2023.pdf\"><strong>Clique aqui<\/strong><\/a> para acessar o Projeto Pedag\u00f3gico do curso (2023)<\/p>\n<p><a href=\"https:\/\/sociaisaplicadas.ufpr.br\/contabeis\/wp-content\/uploads\/sites\/3\/2023\/06\/Ementas_2023_Ajuste-curricular_1.pdf\"><strong>Clique aqui<\/strong><\/a> para acessar as Ementas das disciplinas (2023) &#8211; atualizado em 16\/06\/2023<\/p>\n<p><a href=\"https:\/\/sociaisaplicadas.ufpr.br\/contabeis\/wp-content\/uploads\/sites\/3\/2023\/06\/Matriz-curricular_2023_Ajuste-curricular_1.pdf\"><strong>Clique aqui<\/strong><\/a> para acessar a Matriz Curricular (2023) &#8211; atualizado em 16\/06\/2023<\/p>\n<p><a href=\"https:\/\/sociaisaplicadas.ufpr.br\/contabeis\/wp-content\/uploads\/sites\/3\/2023\/03\/2.4-Adaptacoes-2023.pdf\"><strong>Clique aqui<\/strong><\/a> para acessar as Plano de Adapta\u00e7\u00f5es das disciplinas (2023)<\/p>\n<p><a href=\"https:\/\/sociaisaplicadas.ufpr.br\/contabeis\/wp-content\/uploads\/sites\/3\/2024\/07\/Correspondencias-5-1.pdf\"><strong>Clique aqui<\/strong><\/a> para acessar o Plano das Disciplinas Correspondentes (2023)<\/p>\n<p><a href=\"https:\/\/sociaisaplicadas.ufpr.br\/contabeis\/wp-content\/uploads\/sites\/3\/2023\/10\/matriz-2023-pre-requisito.pdf\"><strong>Clique aqui<\/strong> <\/a>para acessar os Pr\u00e9- requisitos (2023)<\/p>\n<p><a href=\"https:\/\/sociaisaplicadas.ufpr.br\/contabeis\/wp-content\/uploads\/sites\/3\/2023\/04\/SEI_5300237_Resolucao_15_23_CEPE.pdf\"><strong>Clique aqui<\/strong><\/a> para acessar a Resolu\u00e7\u00e3o 15\/23-CEPE<\/p>\n<p><strong><a href=\"https:\/\/sociaisaplicadas.ufpr.br\/contabeis\/wp-content\/uploads\/sites\/3\/2023\/04\/SEI_5300250_Resolucao_16_23_CEPE.pdf\">Clique aqui<\/a><\/strong> para acessar a Resolu\u00e7\u00e3o 16\/23-CEPE<\/p>\n<p><strong><a href=\"https:\/\/sociaisaplicadas.ufpr.br\/contabeis\/wp-content\/uploads\/sites\/3\/2023\/04\/SEI_5300252_Resolucao_17_23_CEPE.pdf\">Clique aqui<\/a><\/strong> para acessar a Resolu\u00e7\u00e3o 17\/23-CEPE<\/p>\n<h5>Projeto Pedag\u00f3gico do Curso (PPC) 2013 (Ingressantes at\u00e9 2022)<\/h5>\n<p><a href=\"https:\/\/sociaisaplicadas.ufpr.br\/contabeis\/wp-content\/uploads\/sites\/3\/2023\/03\/1.1-PPC-2013.pdf\"><strong>Clique aqui<\/strong><\/a>\u00a0para acessar o Projeto Pedag\u00f3gico do curso (2013)<\/p>\n<p><a href=\"https:\/\/sociaisaplicadas.ufpr.br\/contabeis\/wp-content\/uploads\/sites\/3\/2023\/03\/1.2-Ementas-2013.pdf\"><strong>Clique aqui<\/strong><\/a> para acessar as Ementas das disciplinas (2013)<\/p>\n<p><a href=\"https:\/\/sociaisaplicadas.ufpr.br\/contabeis\/wp-content\/uploads\/sites\/3\/2023\/03\/1.3-Matriz-curricular-2013.pdf\"><strong>Clique aqui<\/strong><\/a> para acessar a Matriz Curricular (2013)<\/p>\n<p><a href=\"https:\/\/sociaisaplicadas.ufpr.br\/contabeis\/wp-content\/uploads\/sites\/3\/2023\/03\/1.4-Adaptacoes-2013.pdf\"><strong>Clique aqui<\/strong> <\/a>para acessar o Plano de Adapta\u00e7\u00f5es das disciplinas (2013)<\/p>\n<p><a href=\"https:\/\/sociaisaplicadas.ufpr.br\/contabeis\/wp-content\/uploads\/sites\/3\/2024\/07\/Correspondencias-6.pdf\"><strong>Clique aqui<\/strong> <\/a>para acessar o Plano das Disciplinas Correspondentes (2013)<\/p>\n<p><a href=\"https:\/\/sociaisaplicadas.ufpr.br\/contabeis\/wp-content\/uploads\/sites\/3\/2023\/10\/matriz-2013-pre-requisito-1.pdf\"><strong>Clique aqui<\/strong> <\/a>para acessar os Pr\u00e9- requisitos (2013)<\/p>\n<p><a href=\"https:\/\/sociaisaplicadas.ufpr.br\/contabeis\/wp-content\/uploads\/sites\/3\/2023\/03\/1.6-Resolu\u00e7\u00e3o-46_2012.pdf\"><strong>Clique aqui<\/strong><\/a> para acessar a Resolu\u00e7\u00e3o 46\/2012<\/p>\n<p><a href=\"https:\/\/sociaisaplicadas.ufpr.br\/contabeis\/wp-content\/uploads\/sites\/3\/2023\/03\/1.7-Portaria-242-2017.pdf\"><strong>Clique aqui<\/strong><\/a> para acessar a Portaria 242\/2017<\/p>\n<p>*Obs.: No curr\u00edculo 2023 est\u00e1 previsto o Trabalho de Conclus\u00e3o de Curso (TCC):\u00a0\u00a0\u00e9 um componente curricular obrigat\u00f3rio, com carga hor\u00e1ria de 60 horas, e o aluno deve se matricular no 8\u00ba per\u00edodo, ap\u00f3s ter sido aprovado na disciplina de Estrat\u00e9gias Metodol\u00f3gicas e \u00c9tica em Pesquisa Cient\u00edfica. Dever\u00e1 ser realizado individualmente ou em dupla em formato de Artigo Cient\u00edfico com caracter\u00edsticas de inicia\u00e7\u00e3o cient\u00edfica; e dever\u00e1 ser apresentado em Banca de defesa p\u00fablica.<\/p>\n<div>\n<p>\u00a0<\/p>\n<\/div>\n\n","protected":false},"excerpt":{"rendered":"<p>O curso de gradua\u00e7\u00e3o Ci\u00eancias Cont\u00e1beis da UFPR atualmente tem 2 curr\u00edculos vigentes. Tem o curr\u00edculo aprovado em 2013 com altera\u00e7\u00f5es posteriores e o aprovado em fevereiro\/2023 para os alunos iniciantes do curso no ano calend\u00e1rio 2023. Abaixo s\u00e3o disponibilizados os documentos dos dois curr\u00edculos vigentes. Projeto Pedag\u00f3gico do Curso (PPC) 2023 (Ingressantes a partir [&hellip;]<\/p>\n","protected":false},"author":2791,"featured_media":0,"parent":0,"menu_order":0,"comment_status":"closed","ping_status":"closed","template":"","meta":{"footnotes":""},"class_list":["post-328","page","type-page","status-publish","hentry"],"_links":{"self":[{"href":"https:\/\/sociaisaplicadas.ufpr.br\/contabeis\/wp-json\/wp\/v2\/pages\/328","targetHints":{"allow":["GET"]}}],"collection":[{"href":"https:\/\/sociaisaplicadas.ufpr.br\/contabeis\/wp-json\/wp\/v2\/pages"}],"about":[{"href":"https:\/\/sociaisaplicadas.ufpr.br\/contabeis\/wp-json\/wp\/v2\/types\/page"}],"author":[{"embeddable":true,"href":"https:\/\/sociaisaplicadas.ufpr.br\/contabeis\/wp-json\/wp\/v2\/users\/2791"}],"replies":[{"embeddable":true,"href":"https:\/\/sociaisaplicadas.ufpr.br\/contabeis\/wp-json\/wp\/v2\/comments?post=328"}],"version-history":[{"count":27,"href":"https:\/\/sociaisaplicadas.ufpr.br\/contabeis\/wp-json\/wp\/v2\/pages\/328\/revisions"}],"predecessor-version":[{"id":3959,"href":"https:\/\/sociaisaplicadas.ufpr.br\/contabeis\/wp-json\/wp\/v2\/pages\/328\/revisions\/3959"}],"wp:attachment":[{"href":"https:\/\/sociaisaplicadas.ufpr.br\/contabeis\/wp-json\/wp\/v2\/media?parent=328"}],"curies":[{"name":"wp","href":"https:\/\/api.w.org\/{rel}","templated":true}]}}