{"id":3314,"date":"2024-10-22T15:56:18","date_gmt":"2024-10-22T15:56:18","guid":{"rendered":"https:\/\/sociaisaplicadas.ufpr.br\/contabeis\/?page_id=3314"},"modified":"2026-03-05T17:02:25","modified_gmt":"2026-03-05T17:02:25","slug":"estrutura-administativa","status":"publish","type":"page","link":"https:\/\/sociaisaplicadas.ufpr.br\/contabeis\/estrutura-administativa\/","title":{"rendered":"Contatos \/Estrutura Administativa"},"content":{"rendered":"\n<div class=\"wp-block-group\"><div class=\"wp-block-group__inner-container is-layout-constrained wp-block-group-is-layout-constrained\">\n<h5><strong>Coordena\u00e7\u00e3o<\/strong><\/h5>\n<p><strong>Coordenador<\/strong>: Prof. Dr. Vagner Alves Arantes<\/p>\n<p>E-mail: <a href=\"mailto:vagner.arantes@ufpr.br\">vagner.arantes@ufpr.br<\/a><\/p>\n<p><strong>Vice-coordenadora<\/strong>: Profa Dra. Tatiane de Oliveira Marques\u00a0<\/p>\n<p>E-mail: <a href=\"tatianemarques@ufpr.br\">tatianemarques@ufpr.br<\/a><\/p>\n<h5>Hor\u00e1rio de Atendimento do Coordenador aos estudantes no Semestre 2026\/01:<\/h5>\n<table style=\"border-collapse: collapse;width: 100%\">\n<tbody>\n<tr>\n<td style=\"width: 416.5px\"><strong>Hor\u00e1rio<\/strong><\/td>\n<td style=\"width: 416.5px\"><strong>Dias<\/strong><\/td>\n<\/tr>\n<tr>\n<td style=\"width: 416.5px\">18h00 &#8211; 21h00<\/td>\n<td style=\"width: 416.5px\">Segundas\u00a0<\/td>\n<\/tr>\n<tr>\n<td style=\"width: 416.5px\">18h00 &#8211; 19h00<\/td>\n<td style=\"width: 416.5px\">Ter\u00e7as<\/td>\n<\/tr>\n<tr>\n<td style=\"width: 416.5px\">18h00 &#8211; 19h00<\/td>\n<td style=\"width: 416.5px\">Quartas<\/td>\n<\/tr>\n<\/tbody>\n<\/table>\n<p>***Nestes dias n\u00e3o \u00e9 necess\u00e1rio agendamento. Para outros dias e hor\u00e1rios, favor contactar via e-mail: <a href=\"mailto:vagner.arantes@ufpr.br\">vagner.arantes@ufpr.br<\/a><\/p>\n<h5><strong>Secretaria da Coordena\u00e7\u00e3o<\/strong><\/h5>\n<p><strong>T\u00e9cnicos Administrativos:<\/strong><\/p>\n<ul>\n<li>Taciana Dutra<\/li>\n<li>Ricardo Garcia<\/li>\n<\/ul>\n<p>\u00a0<\/p>\n<h5>Hor\u00e1rio de Atendimento da Secretaria da Coordena\u00e7\u00e3o<\/h5>\n<table style=\"border-collapse: collapse;width: 100%;height: 69px\">\n<tbody>\n<tr style=\"height: 23px\">\n<td style=\"width: 50%;height: 23px\"><strong>Hor\u00e1rio<\/strong><\/td>\n<td style=\"width: 50%;height: 23px\"><strong>Servidor<\/strong><\/td>\n<\/tr>\n<tr style=\"height: 23px\">\n<td style=\"width: 50%;height: 23px\">09h00 &#8211; 15h00<\/td>\n<td style=\"width: 50%;height: 23px\">Taciana Dutra<\/td>\n<\/tr>\n<tr style=\"height: 23px\">\n<td style=\"width: 50%;height: 23px\">15h00 &#8211; 21h00<\/td>\n<td style=\"width: 50%;height: 23px\">Ricardo Garcia<\/td>\n<\/tr>\n<\/tbody>\n<\/table>\n<p><strong>Hor\u00e1rio de Funcionamento<\/strong>: De segunda a sexta das 9h00 \u00e0s 21h00<\/p>\n<h5>Formas de Atendimento<\/h5>\n<p>Todas as\u00a0 demandas para atendimento da Coordena\u00e7\u00e3o do curso de Ci\u00eancias Cont\u00e1beis devem ser registradas via email.<\/p>\n<p><strong>E-mail:<\/strong> coorcont@ufpr.br<\/p>\n<p><strong>Fone:<\/strong> +55 (41) 3360-4363<\/p>\n<p>\u00a0<\/p>\n<h5>Redes Sociais<\/h5>\n<p><a href=\"https:\/\/sociaisaplicadas.ufpr.br\/contabeis\/apresentacao-contato\/\" target=\"_blank\" rel=\"noopener\"><strong>Site<\/strong><\/a><\/p>\n<p><a href=\"https:\/\/www.instagram.com\/contabeisufpr\/\" target=\"_blank\" rel=\"noopener\"><strong>Instagram<\/strong><\/a>\u00a0@contabeisufpr<span style=\"color: #ff0000\">\u00a0 \u00a0<\/span><\/p>\n<p><a href=\"https:\/\/www.facebook.com\/coorcont\" target=\"_blank\" rel=\"noopener\"><strong>Facebook<\/strong><\/a><\/p>\n<p><a href=\"https:\/\/www.youtube.com\/@cienciascontabeisufpr\" target=\"_blank\" rel=\"noopener\"><strong>YouTube<\/strong><\/a><\/p>\n<p><strong>Obs.1:<\/strong> O curso de gradua\u00e7\u00e3o Ci\u00eancias Cont\u00e1beis da UFPR \u00e9 gerenciado pela Coordena\u00e7\u00e3o do Curso de Gradua\u00e7\u00e3o em Ci\u00eancias Cont\u00e1beis, respons\u00e1vel pela rela\u00e7\u00e3o com os estudantes do curso. Entre suas atribui\u00e7\u00f5es, destaca-se organiza\u00e7\u00e3o e controle das matr\u00edculas, distribui\u00e7\u00e3o dos estudantes nas turmas, recep\u00e7\u00e3o dos pedidos de equival\u00eancia, registro de atividades complementares, est\u00e1gios, trancamentos de curso, emiss\u00e3o de diplomas, etc.<\/p>\n<p>\u00a0<\/p>\n<h5><strong>Localiza\u00e7\u00e3o<\/strong><\/h5>\n<p>Departamento de Ci\u00eancias Cont\u00e1beis (DECONT), 1\u00ba andar do Setor de Ci\u00eancias Sociais Aplicadas (SCSA)<\/p>\n<p>UFPR- Campus Jardim Bot\u00e2nico. <a href=\"https:\/\/maps.app.goo.gl\/rkttDBVSPG8W4SL26\" target=\"_blank\" rel=\"noopener\">Av. Pref. Loth\u00e1rio Meissner, 632. CEP: 80210-170. Curitiba PR<\/a>.<\/p>\n<\/div><\/div>\n","protected":false},"excerpt":{"rendered":"<p>Coordena\u00e7\u00e3o Coordenador: Prof. Dr. Vagner Alves Arantes E-mail: vagner.arantes@ufpr.br Vice-coordenadora: Profa Dra. Tatiane de Oliveira Marques\u00a0 E-mail: tatianemarques@ufpr.br Hor\u00e1rio de Atendimento do Coordenador aos estudantes no Semestre 2026\/01: Hor\u00e1rio Dias 18h00 &#8211; 21h00 Segundas\u00a0 18h00 &#8211; 19h00 Ter\u00e7as 18h00 &#8211; 19h00 Quartas ***Nestes dias n\u00e3o \u00e9 necess\u00e1rio agendamento. Para outros dias e hor\u00e1rios, favor contactar [&hellip;]<\/p>\n","protected":false},"author":2837,"featured_media":0,"parent":0,"menu_order":0,"comment_status":"closed","ping_status":"closed","template":"","meta":{"footnotes":""},"class_list":["post-3314","page","type-page","status-publish","hentry"],"_links":{"self":[{"href":"https:\/\/sociaisaplicadas.ufpr.br\/contabeis\/wp-json\/wp\/v2\/pages\/3314","targetHints":{"allow":["GET"]}}],"collection":[{"href":"https:\/\/sociaisaplicadas.ufpr.br\/contabeis\/wp-json\/wp\/v2\/pages"}],"about":[{"href":"https:\/\/sociaisaplicadas.ufpr.br\/contabeis\/wp-json\/wp\/v2\/types\/page"}],"author":[{"embeddable":true,"href":"https:\/\/sociaisaplicadas.ufpr.br\/contabeis\/wp-json\/wp\/v2\/users\/2837"}],"replies":[{"embeddable":true,"href":"https:\/\/sociaisaplicadas.ufpr.br\/contabeis\/wp-json\/wp\/v2\/comments?post=3314"}],"version-history":[{"count":43,"href":"https:\/\/sociaisaplicadas.ufpr.br\/contabeis\/wp-json\/wp\/v2\/pages\/3314\/revisions"}],"predecessor-version":[{"id":6698,"href":"https:\/\/sociaisaplicadas.ufpr.br\/contabeis\/wp-json\/wp\/v2\/pages\/3314\/revisions\/6698"}],"wp:attachment":[{"href":"https:\/\/sociaisaplicadas.ufpr.br\/contabeis\/wp-json\/wp\/v2\/media?parent=3314"}],"curies":[{"name":"wp","href":"https:\/\/api.w.org\/{rel}","templated":true}]}}