{"id":3565,"date":"2024-10-23T20:56:46","date_gmt":"2024-10-23T20:56:46","guid":{"rendered":"https:\/\/sociaisaplicadas.ufpr.br\/contabeis\/?page_id=3565"},"modified":"2024-11-26T15:52:17","modified_gmt":"2024-11-26T15:52:17","slug":"egressos","status":"publish","type":"page","link":"https:\/\/sociaisaplicadas.ufpr.br\/contabeis\/egressos\/","title":{"rendered":"Egressos"},"content":{"rendered":"\n\n\n<h5>Egressas e Egressos, vamos manter contato?<\/h5>\n<div>\u00a0<\/div>\n<div><br \/>Prezado(a) Egresso(a) do curso de gradua\u00e7\u00e3o de Ci\u00eancias Cont\u00e1beis da UFPR,<\/div>\n<p><br \/>Gostar\u00edamos de manter um canal de comunica\u00e7\u00e3o com voc\u00ea! Assim, teremos condi\u00e7\u00f5es de lhes enviar novidades e convites para participar de atividades e eventos relacionados ao nosso curso e departamento; obter informa\u00e7\u00f5es sobre a sua trajet\u00f3ria, disseminar oportunidades de empregos e proporcionar um interc\u00e2mbio de ideias entre a universidade e o campo pr\u00e1tico.<br \/><br \/>Para tanto, lhe convidamos para realizar seu cadastro em poucos minutos. Suas respostas ser\u00e3o mantidas em sigilo, e suas informa\u00e7\u00f5es ser\u00e3o utilizadas \u00fanica e exclusivamente para fins de pesquisa e ensino. Venha fazer parte dessa conex\u00e3o!<br \/>\u00a0<\/p>\n<p>Acesso ao question\u00e1rio em: <a href=\"https:\/\/forms.office.com\/r\/JLeWwsskb0\">Clique Aqui<\/a><\/p>\n<p>Ou Acesse o QRCode em:<\/p>\n\n\n\n\n\n<figure class=\"wp-block-image size-large is-resized\"><a href=\"https:\/\/sociaisaplicadas.ufpr.br\/contabeis\/wp-content\/uploads\/sites\/3\/2024\/10\/QRCode-for-Egressa-e-Egresso_-vamos-manter-contato_.png\"><img loading=\"lazy\" decoding=\"async\" width=\"1024\" height=\"1024\" src=\"https:\/\/sociaisaplicadas.ufpr.br\/contabeis\/wp-content\/uploads\/sites\/3\/2024\/10\/QRCode-for-Egressa-e-Egresso_-vamos-manter-contato_-1024x1024.png\" alt=\"\" class=\"wp-image-3576\" style=\"width:265px;height:auto\" srcset=\"https:\/\/sociaisaplicadas.ufpr.br\/contabeis\/wp-content\/uploads\/sites\/3\/2024\/10\/QRCode-for-Egressa-e-Egresso_-vamos-manter-contato_-1024x1024.png 1024w, https:\/\/sociaisaplicadas.ufpr.br\/contabeis\/wp-content\/uploads\/sites\/3\/2024\/10\/QRCode-for-Egressa-e-Egresso_-vamos-manter-contato_-300x300.png 300w, https:\/\/sociaisaplicadas.ufpr.br\/contabeis\/wp-content\/uploads\/sites\/3\/2024\/10\/QRCode-for-Egressa-e-Egresso_-vamos-manter-contato_-150x150.png 150w, https:\/\/sociaisaplicadas.ufpr.br\/contabeis\/wp-content\/uploads\/sites\/3\/2024\/10\/QRCode-for-Egressa-e-Egresso_-vamos-manter-contato_-768x768.png 768w, https:\/\/sociaisaplicadas.ufpr.br\/contabeis\/wp-content\/uploads\/sites\/3\/2024\/10\/QRCode-for-Egressa-e-Egresso_-vamos-manter-contato_-1536x1536.png 1536w, https:\/\/sociaisaplicadas.ufpr.br\/contabeis\/wp-content\/uploads\/sites\/3\/2024\/10\/QRCode-for-Egressa-e-Egresso_-vamos-manter-contato_.png 1890w\" sizes=\"auto, (max-width: 1024px) 100vw, 1024px\" \/><\/a><\/figure>\n\n\n\n<p>Atenciosamente,<br \/>Coordena\u00e7\u00e3o do Curso de Gradua\u00e7\u00e3o de Ci\u00eancias Cont\u00e1beis &#8211; UFPR<br \/>Departamento de Ci\u00eancias Cont\u00e1beis &#8211; UFPR<\/p>\n<p><em>Publicado em: 23\/10\/2024<\/em><\/p>\n\n\n\n\n","protected":false},"excerpt":{"rendered":"<p>Egressas e Egressos, vamos manter contato? \u00a0 Prezado(a) Egresso(a) do curso de gradua\u00e7\u00e3o de Ci\u00eancias Cont\u00e1beis da UFPR, Gostar\u00edamos de manter um canal de comunica\u00e7\u00e3o com voc\u00ea! Assim, teremos condi\u00e7\u00f5es de lhes enviar novidades e convites para participar de atividades e eventos relacionados ao nosso curso e departamento; obter informa\u00e7\u00f5es sobre a sua trajet\u00f3ria, disseminar [&hellip;]<\/p>\n","protected":false},"author":2837,"featured_media":0,"parent":0,"menu_order":0,"comment_status":"closed","ping_status":"closed","template":"","meta":{"footnotes":""},"class_list":["post-3565","page","type-page","status-publish","hentry"],"_links":{"self":[{"href":"https:\/\/sociaisaplicadas.ufpr.br\/contabeis\/wp-json\/wp\/v2\/pages\/3565","targetHints":{"allow":["GET"]}}],"collection":[{"href":"https:\/\/sociaisaplicadas.ufpr.br\/contabeis\/wp-json\/wp\/v2\/pages"}],"about":[{"href":"https:\/\/sociaisaplicadas.ufpr.br\/contabeis\/wp-json\/wp\/v2\/types\/page"}],"author":[{"embeddable":true,"href":"https:\/\/sociaisaplicadas.ufpr.br\/contabeis\/wp-json\/wp\/v2\/users\/2837"}],"replies":[{"embeddable":true,"href":"https:\/\/sociaisaplicadas.ufpr.br\/contabeis\/wp-json\/wp\/v2\/comments?post=3565"}],"version-history":[{"count":4,"href":"https:\/\/sociaisaplicadas.ufpr.br\/contabeis\/wp-json\/wp\/v2\/pages\/3565\/revisions"}],"predecessor-version":[{"id":3952,"href":"https:\/\/sociaisaplicadas.ufpr.br\/contabeis\/wp-json\/wp\/v2\/pages\/3565\/revisions\/3952"}],"wp:attachment":[{"href":"https:\/\/sociaisaplicadas.ufpr.br\/contabeis\/wp-json\/wp\/v2\/media?parent=3565"}],"curies":[{"name":"wp","href":"https:\/\/api.w.org\/{rel}","templated":true}]}}