{"id":4241,"date":"2024-12-17T00:52:40","date_gmt":"2024-12-17T00:52:40","guid":{"rendered":"https:\/\/sociaisaplicadas.ufpr.br\/contabeis\/?page_id=4241"},"modified":"2025-06-23T13:53:47","modified_gmt":"2025-06-23T13:53:47","slug":"matricula-periodo-2025-01","status":"publish","type":"page","link":"https:\/\/sociaisaplicadas.ufpr.br\/contabeis\/matricula-periodo-2025-01\/","title":{"rendered":"Matr\u00edcula: Per\u00edodo 2025\/01"},"content":{"rendered":"\n<h5>Matr\u00edculas: Disciplinas no Per\u00edodo 2025\/01<\/h5>\n<p><strong>Foco:<\/strong> Esta solicita\u00e7\u00e3o corresponde \u00e0 solicita\u00e7\u00e3o de matr\u00edcula nas disciplinas para o per\u00edodo 2025\/01. TODOS os estudantes devem solicitar matr\u00edcula no prazo estipulado pelo calend\u00e1rio acad\u00eamico da UFPR.<\/p>\n<p><em>Obs.:\u00a0<\/em><em>as matr\u00edculas dos calouros 2025 s\u00e3o autom\u00e1ticas<\/em><\/p>\n<p><strong>Per\u00edodo de Solicita\u00e7\u00e3o de Matr\u00edcula, via SIGA:<\/strong><\/p>\n<ul>\n<li><strong>In\u00edcio:<\/strong> 21\/02\/2025 (Sexta)<\/li>\n<li><strong>T\u00e9rmino:<\/strong> 25\/02\/2025 (Ter\u00e7a) &#8211; <em>ENCERRADO<\/em><\/li>\n<\/ul>\n<p><strong>Per\u00edodo de Solicita\u00e7\u00e3o de AJUSTE de Matr\u00edcula:<\/strong> <strong><span style=\"background-color: #ffffff\"><a style=\"background-color: #ffffff\" href=\"https:\/\/forms.office.com\/Pages\/ResponsePage.aspx?id=ozd7w-Lp-UK8Z0ubc44d8Nyovz-xqIhEm9EEGzc3aClUOU41Sks2Qk9DOEM5REVDU09GS0ExSTdXMS4u\"><em>Clique Aqui<\/em><\/a>\u00a0<\/span><\/strong><\/p>\n<ul>\n<li><b>In\u00edcio: <\/b>06\/03\/2025 (Quinta) &#8211; 15h00<\/li>\n<li><b>T\u00e9rmino:\u00a0<\/b>16\/03\/2025 (Domingo) &#8211; 23h59min &#8211; <em>ENCERRADO<\/em><\/li>\n<\/ul>\n<p><span style=\"color: #ff0000\"><strong>Observa\u00e7\u00e3o IMPORTANTE:<\/strong><\/span><\/p>\n<p><span style=\"color: #ff0000\" data-teams=\"true\">\u00a7 3\u00ba &#8211; <strong>\u00c9 de inteira responsabilidade do aluno certificar-se<\/strong>, mediante confer\u00eancia do<br \/>comprovante de matr\u00edcula e consulta aos editais da coordena\u00e7\u00e3o do curso, <strong>se sua matr\u00edcula foi<\/strong><br \/><strong>deferida e efetivada no sistema de controle acad\u00eamico<\/strong>, e, em caso negativo, providenciar, sob<br \/>orienta\u00e7\u00e3o da coordena\u00e7\u00e3o do curso, as eventuais corre\u00e7\u00f5es, nos prazos previstos no artigo 46<br \/>desta Resolu\u00e7\u00e3o.<\/span><\/p>\n<p><strong><a href=\"https:\/\/sociaisaplicadas.ufpr.br\/contabeis\/wp-content\/uploads\/sites\/3\/2025\/01\/3_Grade_Periodo_202501_com-pre-req.pdf\" target=\"_blank\" rel=\"noopener\">Clique Aqui<\/a><\/strong> para acessar a Grade de Hor\u00e1rios das disciplinas do Per\u00edodo 2025\/01<\/p>\n<p><strong> <a href=\"https:\/\/sociaisaplicadas.ufpr.br\/contabeis\/wp-content\/uploads\/sites\/3\/2024\/12\/1_Disciplinas-ofertadas-no-periodo-2025_Listagem-de-Docentes-1.pdf\" target=\"_blank\" rel=\"noopener\">Clique Aqui<\/a><\/strong> para acessar a aloca\u00e7\u00e3o dos docentes por disciplinas para o Per\u00edodo 2025\/01<\/p>\n<p><strong><a href=\"https:\/\/sociaisaplicadas.ufpr.br\/contabeis\/matriculas\/\" target=\"_blank\" rel=\"noopener\">Clique Aqui<\/a><\/strong> para acessar o Calend\u00e1rio Acad\u00eamico com datas importantes. O download pode ser realizado no <strong><a href=\"https:\/\/soc.ufpr.br\/wp-content\/uploads\/2024\/12\/RESOLUCAO-No-19-24-CEPE-1.pdf\" target=\"_blank\" rel=\"noopener\">site da SOC-UFPR<\/a><\/strong><\/p>\n<p><strong>N\u00e3o ser\u00e3o aceitas solicita\u00e7\u00f5es fora do prazo!!!<\/strong><\/p>\n<p>________________________________________________________________________________________________<\/p>\n<p><strong>Prezados Discentes do Curr\u00edculo 2023 (Ingressantes a partir de 2023),\u00a0<\/strong><\/p>\n<p>As solicita\u00e7\u00f5es de matr\u00edcula no SIGA devem ser feitas exclusivamente para as disciplinas constantes na grade correspondente ao Curr\u00edculo 2023. Em nenhuma hip\u00f3tese voc\u00eas devem solicitar matr\u00edcula em disciplinas do curr\u00edculo anterior.\u00a0<\/p>\n<p>Caso algum discente do Curr\u00edculo 2023 n\u00e3o siga essa orienta\u00e7\u00e3o e se matricule em disciplinas n\u00e3o previstas em sua grade curricular ser\u00e1 de responsabilidade exclusiva desse discente.<\/p>\n<p>Como dois corpos n\u00e3o podem ocupar o mesmo espa\u00e7o, atentem-se para o conflito de hor\u00e1rios entre as disciplinas, isto \u00e9, verifiquem se n\u00e3o h\u00e1 sobreposi\u00e7\u00e3o de hor\u00e1rios entre as disciplinas.\u00a0<br \/><br \/><\/p>\n<p>________________________________________________________________________________________________<\/p>\n<p><strong>Prezados Discentes do Curr\u00edculo 2013 (Ingressantes AT\u00c9 2022),\u00a0<\/strong><\/p>\n<p>No semestre 2025\/01 ser\u00e1 ofertada apenas as disciplinas do quarto ano do Curr\u00edculo 2013. Assim, caso o estudante esteja desperiodizado e tenha que cursar disciplinas de semestres anteriores, a Coordena\u00e7\u00e3o recomenda que o estudante acesse a <a href=\"https:\/\/sociaisaplicadas.ufpr.br\/contabeis\/wp-content\/uploads\/sites\/3\/2024\/11\/MatrizCurricular_Transicao2013_2023_SITE.xlsx\">Matriz de Transi\u00e7\u00e3o<\/a>, <a href=\"https:\/\/sociaisaplicadas.ufpr.br\/contabeis\/grade-e-corpo-docente\/\">dispon\u00edvel no site do curso<\/a>, e verifique as disciplinas do Curr\u00edculo 2023 que foram adaptadas ao Curr\u00edculo 2013. Assim, deve-se solicitar matr\u00edcula para as disciplinas adaptadas do Curr\u00edculo 2023.\u00a0<br \/><br \/>Por exemplo, caso o estudante n\u00e3o tenha cursado a discplina SC442-Contabilidade Intermedi\u00e1ria do Curr\u00edculo 2013, o estudante deve solicitar matr\u00edcula na disciplina semestral SC303-Contabilidade Intermedi\u00e1ria (semestre 2025\/01) e no semestre seguinte, se aprovado na SC303, solicitar matr\u00edcula na SC304-Estrutura e Elabora\u00e7\u00e3o das Demonstra\u00e7\u00f5es Cont\u00e1beis.\u00a0<\/p>\n<p>Recomenda-se a an\u00e1lise minuciosa da condi\u00e7\u00e3o dos desperiodizados para que consigam concluir o curso no per\u00edodo estipulado. A Matriz de Transi\u00e7\u00e3o auxilia nesta an\u00e1lise. Em caso de d\u00favida, procure a Coordena\u00e7\u00e3o.\u00a0<\/p>\n<p>________________________________________________________________________________________________<\/p>\n<p><strong>Demais orienta\u00e7\u00f5es:\u00a0<br \/><\/strong>O estudante deve selecionar as turmas nas quais deseja solicitar matr\u00edcula e, somente ap\u00f3s atingir a carga hor\u00e1ria semestral m\u00ednima, deve-se clicar em \u2018Solicitar matr\u00edcula\u2019.<br \/>O sistema\u00a0<strong>n\u00e3o permitir\u00e1<\/strong> solicita\u00e7\u00e3o de matr\u00edcula com carga hor\u00e1ria menor que a m\u00ednima (<strong>240h, ou 4 disciplinas, o curr\u00edculo 2023<\/strong>; e 180h em disciplinas anuais para Curr\u00edculo 2013).<br \/>O sistema\u00a0<strong>permitir\u00e1<\/strong> a solicita\u00e7\u00e3o de matr\u00edculas com carga hor\u00e1ria total abaixo da m\u00ednima <strong>exclusivamente<\/strong>\u00a0na situa\u00e7\u00e3o de discente em etapa de integraliza\u00e7\u00e3o e com baixa carga a vencer.<br \/>O SIGA\u00a0<strong>n\u00e3o<\/strong>\u00a0leva em considera\u00e7\u00e3o hor\u00e1rio\/data de solicita\u00e7\u00e3o para organiza\u00e7\u00e3o da fila de prioridades.<\/p>\n<p><u><a id=\"OWA56015708-2e97-333b-3371-e1f64c6682c8\" class=\"x_OWAAutoLink\" title=\"https:\/\/ufpraberta.ufpr.br\/course\/view.php?id=9\" href=\"https:\/\/ufpraberta.ufpr.br\/course\/view.php?id=9\" target=\"_blank\" rel=\"noopener noreferrer\" data-auth=\"NotApplicable\" data-linkindex=\"2\" data-olk-copy-source=\"MessageBody\">Clique aqui para o tutorial de \u201cComo solicitar matr\u00edcula pelo SIGA\u201d<\/a><\/u><\/p>\n<div><img loading=\"lazy\" decoding=\"async\" class=\"alignnone  wp-image-7775\" src=\"https:\/\/sociaisaplicadas.ufpr.br\/administracao\/wp-content\/uploads\/sites\/4\/2022\/10\/SIGA_UFPR.png\" alt=\"\" width=\"204\" height=\"54\" \/><br \/>1) Digite\u00a0<a href=\"https:\/\/www.prppg.ufpr.br\/siga\">https:\/\/www.prppg.ufpr.br\/siga<\/a><br \/>2) Digite o seu CPF ou Passaporte<br \/>3) Digite sua senha<br \/>4) Caso ainda n\u00e3o possua senha, clique no link Esqueceu\/N\u00e3o sabe sua senha.<br \/>5) Verifique na sua caixa de e-mail se recebeu um e-mail com instru\u00e7\u00f5es para redefini\u00e7\u00e3o da senha.<br \/>6) Caso n\u00e3o receba o e-mail, solicite corre\u00e7\u00e3o do e-mail cadastrado no SIGA na sua coordena\u00e7\u00e3o de curso.<\/div>\n<p>\u00a0<\/p>\n<h5>Matr\u00edculas: SC448 &#8211; Est\u00e1gio Supervisionado &#8211; TCC &#8211; CURR\u00cdCULO 2013 (Ingressantes at\u00e9 2022)<\/h5>\n<p><strong>Foco: <\/strong>esta solicita\u00e7\u00e3o de matr\u00edcula \u00e9 <strong>exclusiva aos estudantes do curr\u00edculo 2013<\/strong> que desejam solicitar matr\u00edcula na disciplina SC448-Est\u00e1gio Supervisionado para desenvolver o Trabalho de Conclus\u00e3o de Curso.\u00a0<\/p>\n<p><strong>Per\u00edodo de solicita\u00e7\u00e3o de matr\u00edcula:<\/strong><\/p>\n<ul>\n<li><strong>In\u00edcio:<\/strong> 21\/02\/2025 (Sexta)<\/li>\n<li><strong>T\u00e9rmino:<\/strong> 25\/02\/2025 (Ter\u00e7a) &#8211; <em>ENCERRADO<\/em><\/li>\n<\/ul>\n<p><strong>Solicita\u00e7\u00e3o de matr\u00edcula na disciplina SC448:<\/strong> <a href=\"https:\/\/forms.office.com\/Pages\/ResponsePage.aspx?id=ozd7w-Lp-UK8Z0ubc44d8Nyovz-xqIhEm9EEGzc3aClUNEM3TjlQNDg4TUJPNkZKODFMRTI1N1EwSy4u\" target=\"_blank\" rel=\"noopener\"><strong>Clique aqui<\/strong><\/a> e preencha o formul\u00e1rio.\u00a0<\/p>\n<p>Observa\u00e7\u00f5es:<\/p>\n<ul>\n<li>O formul\u00e1rio pode ser preenchido por um membro da equipe. Certifique que todos os membros foram inseridos.<\/li>\n<li>As equipes devem ser formadas por 3 ou 4 estudantes.<\/li>\n<li>O trabalho <strong>n\u00e3o<\/strong> poder\u00e1 ser realizado de forma individual.<\/li>\n<li>Caso n\u00e3o tenha equipe formada, a fa\u00e7a a solicita\u00e7\u00e3o de matr\u00edcula que a COE ir\u00e1 aloc\u00e1-lo(a) a uma equipe.<\/li>\n<li><strong>N\u00e3o ser\u00e3o aceitas solicita\u00e7\u00f5es fora do prazo!!!<\/strong><\/li>\n<\/ul>\n<h5>Matr\u00edculas: SC366-Est\u00e1gio Supervisionado Obrigat\u00f3rio &#8211; CURR\u00cdCULO 2023 (Ingressantes a partir de 2023)<\/h5>\n<p>D\u00favidas? Enviar e-mail para: <em>sc366.contabeis@ufpr.br<\/em><\/p>\n<p><span style=\"color: #000000\"><strong>Foco: <\/strong>S<\/span>olicitar matricula na disciplina SC366-Est\u00e1gio Supervisionado Obrigat\u00f3rio, disciplina exclusiva aos estudantes matriculados Curr\u00edculo 2023.<\/p>\n<p>1. Edital de est\u00e1gio curricular obrigat\u00f3rio &#8211; Per\u00edodo 2025\/01: <strong><a href=\"https:\/\/sociaisaplicadas.ufpr.br\/contabeis\/wp-content\/uploads\/sites\/3\/2024\/12\/EDITAL_SC366_EstagioObrigatorio_Curriculo2023.pdf\">Clique Aqui<\/a><\/strong>\u00a0<\/p>\n<p>2. Edital com inscri\u00e7\u00f5es homologadas: <strong><a href=\"https:\/\/sociaisaplicadas.ufpr.br\/contabeis\/wp-content\/uploads\/sites\/3\/2025\/02\/1_Edital01_homologacao.pdf\" target=\"_blank\" rel=\"noopener\">Cliqui aqui<\/a><\/strong>(publicado em 17\/02\/2025)<\/p>\n<p><strong><span style=\"color: #0000ff\">3. Edital Definitivo:<\/span> <a href=\"https:\/\/sociaisaplicadas.ufpr.br\/contabeis\/wp-content\/uploads\/sites\/3\/2025\/03\/2_Edital02_DEFINITIVO-1.pdf\" target=\"_blank\" rel=\"noopener\">Clique Aqui<\/a>\u00a0(<\/strong>publicado em 07\/03\/2025, \u00e0s 20h15min)<\/p>\n<p>Atentem-se para os prazos para envio dos documentos! N\u00e3o ser\u00e3o aceitas solicita\u00e7\u00f5es realizadas fora do prazo.\u00a0<\/p>\n<p><strong>Datas Importantes:<\/strong><\/p>\n<table style=\"width: 99.881%;height: 306px\" width=\"100%\">\n<tbody>\n<tr style=\"height: 10px\">\n<td style=\"width: 7.03218%;height: 10px\"><strong>Item<\/strong><\/td>\n<td style=\"width: 67.8188%;height: 10px\"><strong>Atividades<\/strong><\/td>\n<td style=\"width: 23.9571%;height: 10px\"><strong>Datas<\/strong><\/td>\n<\/tr>\n<tr style=\"height: 10px\">\n<td style=\"width: 7.03218%;height: 10px\"><strong>1<\/strong><\/td>\n<td style=\"width: 67.8188%;height: 10px\">Inscri\u00e7\u00f5es (via e-mail <em>sc366.contabeis@ufpr.br<\/em>) e entrega da documenta\u00e7\u00e3o &#8211; <span style=\"color: #0000ff\"><em>ENCERRADO<\/em><\/span><\/td>\n<td style=\"width: 23.9571%;height: 10px\">03\/02 at\u00e9 06\/02\/2025 (at\u00e9 23h59)<\/td>\n<\/tr>\n<tr style=\"height: 34px\">\n<td style=\"width: 7.03218%;height: 34px\"><strong>2<\/strong><\/td>\n<td style=\"width: 67.8188%;height: 34px\">Organiza\u00e7\u00e3o de documenta\u00e7\u00e3o pela secretaria da coordena\u00e7\u00e3o<\/td>\n<td style=\"width: 23.9571%;height: 34px\">07\/02 at\u00e9 10\/02\/2025<\/td>\n<\/tr>\n<tr style=\"height: 36px\">\n<td style=\"width: 7.03218%;height: 36px\"><strong>3<\/strong><\/td>\n<td style=\"width: 67.8188%;height: 36px\">An\u00e1lise da documenta\u00e7\u00e3o pela COE e encaminhamento para COAFE<\/td>\n<td style=\"width: 23.9571%;height: 36px\">11\/02 at\u00e9 18\/02\/2025<\/td>\n<\/tr>\n<tr style=\"height: 41px\">\n<td style=\"width: 7.03218%;height: 41px\"><strong>4<\/strong><\/td>\n<td style=\"width: 67.8188%;height: 41px\">Publica\u00e7\u00e3o do Edital com inscri\u00e7\u00f5es homologadas<\/td>\n<td style=\"width: 23.9571%;height: 41px\">20\/02\/2025<\/td>\n<\/tr>\n<tr style=\"height: 67px\">\n<td style=\"width: 7.03218%;height: 67px\"><strong>5<\/strong><\/td>\n<td style=\"width: 67.8188%;height: 67px\">Prazo recursal contra indeferimentos: (*<em>Recursos devem ser encaminhados para\u00a0sc366.contabeis@ufpr.br<\/em>) <em>&#8211; <span style=\"color: #0000ff\">ENCERRADO<\/span><\/em><\/td>\n<td style=\"width: 23.9571%;height: 67px\">20\/02 at\u00e9 23\/02\/2025 (at\u00e9 23h59m)<\/td>\n<\/tr>\n<tr style=\"height: 53px\">\n<td style=\"width: 7.03218%;height: 53px\"><strong>6<\/strong><\/td>\n<td style=\"width: 67.8188%;height: 53px\">Publica\u00e7\u00e3o do Edital definitivo, em caso de mudan\u00e7a ap\u00f3s an\u00e1lise dos recursos de indeferimentos<\/td>\n<td style=\"width: 23.9571%;height: 53px\">27\/02\/2025 <span style=\"color: #ff0000\">alterado para 07\/03\/2025<\/span><\/td>\n<\/tr>\n<tr style=\"height: 55px\">\n<td style=\"width: 7.03218%;height: 55px\"><strong>7<\/strong><\/td>\n<td style=\"width: 67.8188%;height: 55px\">Per\u00edodo de realiza\u00e7\u00e3o da disciplina SC366 Est\u00e1gio Curricular Supervisionado Obrigat\u00f3rio<\/td>\n<td style=\"width: 23.9571%;height: 55px\">10\/03\/2025 at\u00e9 02\/07\/2025<\/td>\n<\/tr>\n<\/tbody>\n<\/table>\n<p>\u00a0<\/p>\n\n\n\n<p><\/p>\n\n\n\n<p>A disciplina SC366 ter\u00e1 como Professor Orientador: <strong><a href=\"_wp_link_placeholder\" data-wplink-edit=\"true\"><span style=\"color: #0000ff\">Prof. Akichide\u00a0Walter Ogasawara<\/span><\/a><\/strong><\/p>\n<p>Conforme disposto no item 6 do <a href=\"https:\/\/sociaisaplicadas.ufpr.br\/contabeis\/wp-content\/uploads\/sites\/3\/2024\/12\/EDITAL_SC366_EstagioObrigatorio_Curriculo2023.pdf\">Edital da disciplina SC366<\/a>, as datas dos encontros devem ocorrer em:<\/p>\n<p>\u00a0<\/p>\n\n\n\n<p><\/p>\n\n\n<p><strong>Aten\u00e7\u00e3o:<\/strong><\/p>\n<ul>\n<li>\n<p><span style=\"font-family: -apple-system, BlinkMacSystemFont, 'Segoe UI', Roboto, Oxygen-Sans, Ubuntu, Cantarell, 'Helvetica Neue', sans-serif\">Leiam atentamente o item &#8220;2.Procedimentos para Inscri\u00e7\u00e3o&#8221;, dispon\u00edvel no Edital de Est\u00e1gio Curricular Supervisionado Obrigat\u00f3rio.<\/span><\/p>\n<\/li>\n<li>Ficou com d\u00favida sobre como converter o Est\u00e1gio N\u00e3o Obrigat\u00f3rio em Est\u00e1gio Obrigat\u00f3rio? Acesse o Link: <strong><a href=\"https:\/\/sociaisaplicadas.ufpr.br\/contabeis\/estagio-obrigatorio\/\" target=\"_blank\" rel=\"noopener\">Clique Aqui<\/a><\/strong><\/li>\n<li>\u00c9 servidor p\u00fablico, ou trabalha em regime CLT e est\u00e1 com d\u00favidas sobre quais documentos encaminhar?\u00a0Acesse o Link: <strong><a href=\"https:\/\/sociaisaplicadas.ufpr.br\/contabeis\/estagio-obrigatorio\/\" target=\"_blank\" rel=\"noopener\">Clique Aqui<\/a><\/strong><\/li>\n<li>Os documentos devem estar nomeados como:\n<ul>\n<li><strong>Coordenador:<\/strong>\u00a0Prof. Dr. Vagner Alves Arantes<\/li>\n<li><strong>Professor Orientador:<\/strong>\u00a0A ser definido pela coordena\u00e7\u00e3o<\/li>\n<li><strong>Departamento:<\/strong> DECONT<\/li>\n<li><strong>Telefone DECONT:<\/strong> (41) 3360-4362<\/li>\n<\/ul>\n<\/li>\n<\/ul>\n<h5>\u00a0<\/h5>\n<p><!-- \/wp:tadv\/classic-paragraph --><\/p>\n<p><!-- wp:tadv\/classic-paragraph \/--><\/p>\n<p><!-- wp:tadv\/classic-paragraph \/--><\/p>","protected":false},"excerpt":{"rendered":"<p>Matr\u00edculas: Disciplinas no Per\u00edodo 2025\/01 Foco: Esta solicita\u00e7\u00e3o corresponde \u00e0 solicita\u00e7\u00e3o de matr\u00edcula nas disciplinas para o per\u00edodo 2025\/01. TODOS os estudantes devem solicitar matr\u00edcula no prazo estipulado pelo calend\u00e1rio acad\u00eamico da UFPR. Obs.:\u00a0as matr\u00edculas dos calouros 2025 s\u00e3o autom\u00e1ticas Per\u00edodo de Solicita\u00e7\u00e3o de Matr\u00edcula, via SIGA: In\u00edcio: 21\/02\/2025 (Sexta) T\u00e9rmino: 25\/02\/2025 (Ter\u00e7a) &#8211; ENCERRADO [&hellip;]<\/p>\n","protected":false},"author":2837,"featured_media":0,"parent":0,"menu_order":0,"comment_status":"closed","ping_status":"closed","template":"","meta":{"footnotes":""},"class_list":["post-4241","page","type-page","status-publish","hentry"],"_links":{"self":[{"href":"https:\/\/sociaisaplicadas.ufpr.br\/contabeis\/wp-json\/wp\/v2\/pages\/4241","targetHints":{"allow":["GET"]}}],"collection":[{"href":"https:\/\/sociaisaplicadas.ufpr.br\/contabeis\/wp-json\/wp\/v2\/pages"}],"about":[{"href":"https:\/\/sociaisaplicadas.ufpr.br\/contabeis\/wp-json\/wp\/v2\/types\/page"}],"author":[{"embeddable":true,"href":"https:\/\/sociaisaplicadas.ufpr.br\/contabeis\/wp-json\/wp\/v2\/users\/2837"}],"replies":[{"embeddable":true,"href":"https:\/\/sociaisaplicadas.ufpr.br\/contabeis\/wp-json\/wp\/v2\/comments?post=4241"}],"version-history":[{"count":88,"href":"https:\/\/sociaisaplicadas.ufpr.br\/contabeis\/wp-json\/wp\/v2\/pages\/4241\/revisions"}],"predecessor-version":[{"id":5945,"href":"https:\/\/sociaisaplicadas.ufpr.br\/contabeis\/wp-json\/wp\/v2\/pages\/4241\/revisions\/5945"}],"wp:attachment":[{"href":"https:\/\/sociaisaplicadas.ufpr.br\/contabeis\/wp-json\/wp\/v2\/media?parent=4241"}],"curies":[{"name":"wp","href":"https:\/\/api.w.org\/{rel}","templated":true}]}}