{"id":5930,"date":"2025-12-10T22:49:15","date_gmt":"2025-12-10T22:49:15","guid":{"rendered":"https:\/\/sociaisaplicadas.ufpr.br\/contabeis\/?page_id=5930"},"modified":"2026-02-19T22:35:50","modified_gmt":"2026-02-19T22:35:50","slug":"matricula-periodo-2026-01","status":"publish","type":"page","link":"https:\/\/sociaisaplicadas.ufpr.br\/contabeis\/matricula-periodo-2026-01\/","title":{"rendered":"Matr\u00edcula: Per\u00edodo 2026\/01"},"content":{"rendered":"<!-- \/wp:tadv\/classic-paragraph -->\n\n<!-- wp:tadv\/classic-paragraph -->\n<h5>Matr\u00edculas em disciplinas do Per\u00edodo 2026\/01 (Fevereiro a Julho)<\/h5>\n<strong>Foco:<\/strong> Esta solicita\u00e7\u00e3o corresponde \u00e0 solicita\u00e7\u00e3o de matr\u00edcula nas disciplinas para o per\u00edodo 2026\/01. TODOS os estudantes devem solicitar matr\u00edcula no prazo estipulado pelo calend\u00e1rio acad\u00eamico da UFPR.\n\n<strong>Pe<\/strong><strong>r\u00edodo de Solicita\u00e7\u00e3o de Matr\u00edcula, via SIGA:<\/strong>\n<ul>\n \t<li><strong>In\u00edcio:<\/strong> 29\/01\/2026 (Janeiro &#8211; Quinta)<\/li>\n \t<li><strong>T\u00e9rmino:<\/strong> 02\/02\/2026 (Fevereiro &#8211; Ter\u00e7a)<\/li>\n \t<li>Os estudantes DEVEM solicitar matr\u00edcula pela SIGA!<\/li>\n<\/ul>\n<strong>Per\u00edodo de Solicita\u00e7\u00e3o de AJUSTE de Matr\u00edcula via formul\u00e1rio da Coordena\u00e7\u00e3o de curso:<\/strong>\n<ul>\n \t<li><b>In\u00edcio: <\/b>10\/02\/2026 (Ter\u00e7a) &#8211; 00h00min<\/li>\n \t<li><b>T\u00e9rmino: <\/b>18\/02\/2026 (Quarta) \u2013 23h59min<\/li>\n \t<li><strong>Formul\u00e1rio da coordena\u00e7\u00e3o para ajuste de matr\u00edcula:<\/strong> <a href=\"https:\/\/forms.office.com\/r\/vZUgsN2Jcu\" target=\"_blank\" rel=\"noopener\">Clique aqui<\/a> (10\/02\/2026, \u00e0s 00h00min)<\/li>\n \t<li><strong>N\u00e3o ser\u00e3o aceitas solicita\u00e7\u00f5es fora do prazo!!!<\/strong><\/li>\n<\/ul>\n<span style=\"background-color: #0000ff;color: #ffff00\"><strong>Per\u00edodo de aulas do Semestre 2026\/01:<\/strong><\/span>\n<ul>\n \t<li><span style=\"color: #0000ff;background-color: #ffff00\"><strong>In\u00edcio das aulas:<\/strong> 23 de fevereiro de 2026<\/span><\/li>\n \t<li><strong>T\u00e9rmino das aulas:<\/strong> 27 de junho de 2026<\/li>\n \t<li><strong>Exames Finais:<\/strong> 29 de junho a 04 de julho de 2026<\/li>\n<\/ul>\n<h2>Aten\u00e7\u00e3o: Fiquem atentos<\/h2>\n<p class=\"wp-block-heading\" style=\"text-align: left\"><span style=\"color: #ffff00;background-color: #0000ff\"><strong>Segundo a Resolu\u00e7\u00e3o 37\/97, Art. 40 do CEPE,\u00a0<\/strong>Art. 40 :<\/span><\/p>\n<p style=\"text-align: left\"><span style=\"color: #0000ff;background-color: #ffff00\">\u00a7 1\u00ba \u2013 Nos casos de perda de prazo da matr\u00edcula pelo aluno, caber\u00e1 ao coordenador de curso examinar e decidir sobre a aceita\u00e7\u00e3o do requerimento,\u00a0<strong>at\u00e9 a data da corre\u00e7\u00e3o de matr\u00edcula<\/strong>\u00a0fixada no artigo 46 desta Resolu\u00e7\u00e3o. (ver datas no calend\u00e1rios acad\u00eamico\u00a0vigente).<\/span><\/p>\n<p style=\"text-align: left\"><span style=\"color: #0000ff;background-color: #ffff00\">\u00a7 2\u00ba \u2013 Uma vez ultrapassado este prazo n\u00e3o ser\u00e3o mais aceitos pedidos de matr\u00edcula, caracterizando-se o abandono de curso.<\/span><\/p>\n<p style=\"text-align: left\"><span style=\"color: #0000ff;background-color: #ffff00\">\u00a7 3\u00ba \u2013\u00a0<strong>\u00c9 de inteira responsabilidade do aluno certificar-se<\/strong>, mediante confer\u00eancia do comprovante de matr\u00edcula e consulta aos editais da coordena\u00e7\u00e3o do curso,\u00a0<strong>se sua matr\u00edcula foi <\/strong><strong>deferida e efetivada no sistema de controle acad\u00eamico<\/strong>, e, em caso negativo, providenciar, sob orienta\u00e7\u00e3o da coordena\u00e7\u00e3o do curso, as eventuais corre\u00e7\u00f5es, nos prazos previstos no artigo 46 desta Resolu\u00e7\u00e3o.<\/span><\/p>\n\n<h2><strong>Demais orienta\u00e7\u00f5es: <\/strong><\/h2>\n<ul>\n \t<li>O estudante deve selecionar as turmas nas quais deseja solicitar matr\u00edcula e, somente ap\u00f3s atingir a carga hor\u00e1ria semestral m\u00ednima, deve-se clicar em \u2018Solicitar matr\u00edcula\u2019.<\/li>\n \t<li><strong>O sistema\u00a0n\u00e3o permitir\u00e1\u00a0solicita\u00e7\u00e3o de matr\u00edcula com carga hor\u00e1ria menor que a m\u00ednima (240h, ou 4 disciplinas, o curr\u00edculo 2023; e 180h em disciplinas anuais para Curr\u00edculo 2013).<\/strong><\/li>\n \t<li>O sistema\u00a0<strong>permitir\u00e1<\/strong>\u00a0a solicita\u00e7\u00e3o de matr\u00edculas com carga hor\u00e1ria total abaixo da m\u00ednima\u00a0<strong>exclusivamente<\/strong> na situa\u00e7\u00e3o de discente em etapa de integraliza\u00e7\u00e3o e com baixa carga a vencer.<\/li>\n \t<li>O SIGA\u00a0<strong>n\u00e3o<\/strong>\u00a0leva em considera\u00e7\u00e3o hor\u00e1rio\/data de solicita\u00e7\u00e3o para organiza\u00e7\u00e3o da fila de prioridades.<\/li>\n<\/ul>\n<u><a id=\"OWA56015708-2e97-333b-3371-e1f64c6682c8\" class=\"x_OWAAutoLink\" title=\"https:\/\/ufpraberta.ufpr.br\/course\/view.php?id=9\" href=\"https:\/\/ufpraberta.ufpr.br\/course\/view.php?id=9\" target=\"_blank\" rel=\"noopener noreferrer\" data-auth=\"NotApplicable\" data-linkindex=\"2\" data-olk-copy-source=\"MessageBody\">Clique aqui para o tutorial de \u201cComo solicitar matr\u00edcula pelo SIGA\u201d<\/a><\/u>\n<div style=\"text-align: left\"><img loading=\"lazy\" decoding=\"async\" class=\"alignnone  wp-image-7775\" src=\"https:\/\/sociaisaplicadas.ufpr.br\/administracao\/wp-content\/uploads\/sites\/4\/2022\/10\/SIGA_UFPR.png\" alt=\"\" width=\"204\" height=\"54\" \/><\/div>\n<div style=\"text-align: left\"><\/div>\n<div style=\"text-align: left\">1) Digite <a href=\"https:\/\/www.prppg.ufpr.br\/siga\">https:\/\/www.prppg.ufpr.br\/siga<\/a><\/div>\n<div style=\"text-align: left\">2) Digite o seu CPF ou Passaporte<\/div>\n<div style=\"text-align: left\">3) Digite sua senha<\/div>\n<div style=\"text-align: left\">4) Caso ainda n\u00e3o possua senha, clique no link Esqueceu\/N\u00e3o sabe sua senha.<\/div>\n<div style=\"text-align: left\">5) Verifique na sua caixa de e-mail se recebeu um e-mail com instru\u00e7\u00f5es para redefini\u00e7\u00e3o da senha.<\/div>\n<div style=\"text-align: left\">6) Caso n\u00e3o receba o e-mail, solicite corre\u00e7\u00e3o do e-mail cadastrado no SIGA na sua coordena\u00e7\u00e3o de curso.<\/div>\n<!-- \/wp:tadv\/classic-paragraph -->\n\n<!-- wp:tadv\/classic-paragraph \/-->\n\n<!-- wp:tadv\/classic-paragraph -->\n<div><\/div>\n<!-- \/wp:tadv\/classic-paragraph -->\n\n<!-- wp:tadv\/classic-paragraph -->\n<h5 style=\"text-align: left\">Ensalamento e hor\u00e1rios<\/h5>\n<ul>\n \t<li style=\"text-align: left\"><span style=\"background-color: #ffff00;color: #0000ff\"><strong>Grade de Hor\u00e1rios das disciplinas do Per\u00edodo 2026\/01<\/strong>:<\/span> <a href=\"https:\/\/sociaisaplicadas.ufpr.br\/contabeis\/wp-content\/uploads\/sites\/3\/2026\/02\/2_Grade_Periodo_2026.01-2_v2_fev2026.pdf\" target=\"_blank\" rel=\"noopener\">Clique aqui<\/a> (Atualizado em 19\/02\/2026, \u00e0s 19h24min)<\/li>\n \t<li style=\"text-align: left\"><span style=\"background-color: #ffff00;color: #0000ff\"><strong>Aloca\u00e7\u00e3o dos docentes por disciplinas para o Per\u00edodo 2026\/01:<\/strong><\/span> <a href=\"https:\/\/sociaisaplicadas.ufpr.br\/contabeis\/wp-content\/uploads\/sites\/3\/2026\/02\/3_AlocacaoDocente_202601_v2_19022026.pdf\" target=\"_blank\" rel=\"noopener\">Clique aqui<\/a> Atualizado em 19\/02\/2026, \u00e0s 19h34min)<\/li>\n \t<li style=\"text-align: left\"><strong>Calend\u00e1rio Acad\u00eamico para 2026: <\/strong><strong><a href=\"https:\/\/sociaisaplicadas.ufpr.br\/contabeis\/calendario-academico\/\" target=\"_blank\" rel=\"noopener\">Clique aqui<\/a><\/strong><\/li>\n \t<li style=\"text-align: left\"><strong>O download do calend\u00e1rio pode ser realizado no site da SOC-UFPR: <a href=\"https:\/\/soc.ufpr.br\/wp-content\/uploads\/2025\/11\/Res.-no-22-25-CEPE-.pdf\" target=\"_blank\" rel=\"noopener\">Clique aqui<\/a><\/strong><\/li>\n<\/ul>\n<!-- \/wp:tadv\/classic-paragraph -->\n\n<!-- wp:tadv\/classic-paragraph -->\n<div>\n<h5>Matr\u00edculas: SC448 &#8211; Est\u00e1gio Supervisionado &#8211; TCC &#8211; CURR\u00cdCULO 2013 (Ingressantes at\u00e9 2022)<\/h5>\n<strong>Foco: <\/strong>esta solicita\u00e7\u00e3o de matr\u00edcula \u00e9 <strong>exclusiva aos estudantes do curr\u00edculo 2013<\/strong> que desejam solicitar matr\u00edcula na disciplina <em><strong>SC448-Est\u00e1gio Supervisionado<\/strong><\/em> para desenvolver o Trabalho de Conclus\u00e3o de Curso.\n\n<strong>Per\u00edodo de solicita\u00e7\u00e3o de matr\u00edcula:<\/strong>\n<ul>\n \t<li><strong>In\u00edcio:<\/strong> 29\/01\/2026 (Janeiro &#8211; Quinta)<\/li>\n \t<li><strong>T\u00e9rmino:<\/strong> 02\/02\/2026 (Fevereiro &#8211; Ter\u00e7a)<\/li>\n \t<li><strong>Solicita\u00e7\u00e3o de matr\u00edcula na disciplina SC448, via formul\u00e1rio:<\/strong> <a style=\"font-size: revert;font-family: -apple-system, BlinkMacSystemFont, 'Segoe UI', Roboto, Oxygen-Sans, Ubuntu, Cantarell, 'Helvetica Neue', sans-serif\" href=\"https:\/\/forms.office.com\/r\/s5EevHVCBP\" target=\"_blank\" rel=\"noopener\">Clique aqui<\/a><span style=\"font-size: revert;color: initial;font-family: -apple-system, BlinkMacSystemFont, 'Segoe UI', Roboto, Oxygen-Sans, Ubuntu, Cantarell, 'Helvetica Neue', sans-serif\"> (Encerrado)<\/span><\/li>\n<\/ul>\nObserva\u00e7\u00f5es:\n<ul>\n \t<li>O formul\u00e1rio pode ser preenchido por um membro da equipe. Certifique que todos os membros foram inseridos.<\/li>\n \t<li>As equipes devem ser formadas por 3 ou 4 estudantes.<\/li>\n \t<li>O trabalho <strong>n\u00e3o<\/strong> poder\u00e1 ser realizado de forma individual.<\/li>\n \t<li>Caso n\u00e3o tenha equipe formada, a fa\u00e7a a solicita\u00e7\u00e3o de matr\u00edcula que a COE ir\u00e1 aloc\u00e1-lo(a) a uma equipe.<\/li>\n \t<li><strong>N\u00e3o ser\u00e3o aceitas solicita\u00e7\u00f5es fora do prazo!!!<\/strong><\/li>\n<\/ul>\n<\/div>\n<h5>Matr\u00edculas: SC366-Est\u00e1gio Supervisionado Obrigat\u00f3rio \u2013 CURR\u00cdCULO 2023 (Ingressantes a partir de 2023)<\/h5>\n<strong>Foco:\u00a0<\/strong>Solicitar matricula na disciplina <strong><em>SC366-Est\u00e1gio Supervisionado Obrigat\u00f3rio<\/em><\/strong>, disciplina exclusiva aos estudantes matriculados no Curr\u00edculo 2023.\n<ol>\n \t<li>Edital 01 &#8211; Datas e prazos para solicita\u00e7\u00e3o de matr\u00edcula e realiza\u00e7\u00e3o do Est\u00e1gio Curricular Obrigat\u00f3rio: <strong><a href=\"https:\/\/sociaisaplicadas.ufpr.br\/contabeis\/wp-content\/uploads\/sites\/3\/2026\/01\/EDITAL01_SC366_v2-1.pdf\">Edital 01 &#8211; Est\u00e1gio Obrigat\u00f3rio<\/a><\/strong><\/li>\n \t<li>Edital 02 &#8211; Inscri\u00e7\u00f5es homologadas: <em>(Em breve)<\/em><\/li>\n \t<li>Edital 03 &#8211; Definitivo: <em>(Em breve)<\/em><\/li>\n<\/ol>\n<span style=\"color: #0000ff\">Atentem-se para os prazos para envio dos documentos! N\u00e3o ser\u00e3o aceitas solicita\u00e7\u00f5es realizadas fora do prazo.<\/span>\n<p style=\"text-align: left\"><strong>Datas Importantes:<\/strong><\/p>\n\n<table width=\"100%\">\n<tbody>\n<tr>\n<td><strong>Item<\/strong><\/td>\n<td><strong>Atividades<\/strong><\/td>\n<td><strong>Datas<\/strong><\/td>\n<\/tr>\n<tr>\n<td><strong>1<\/strong><\/td>\n<td><span style=\"background-color: #ffff00;color: #0000ff\">Inscri\u00e7\u00f5es (via e-mail\u00a0<em>sc366.contabeis@ufpr.br<\/em>) e entrega da documenta\u00e7\u00e3o<\/span><\/td>\n<td><span style=\"color: #0000ff;background-color: #ffff00\">19\/01 at\u00e9 08\/02\/2026(at\u00e9 23h59)<\/span><\/td>\n<\/tr>\n<tr>\n<td><strong>2<\/strong><\/td>\n<td>Organiza\u00e7\u00e3o de documenta\u00e7\u00e3o pela secretaria da coordena\u00e7\u00e3o<\/td>\n<td>09\/02\/2026<\/td>\n<\/tr>\n<tr>\n<td><strong>3<\/strong><\/td>\n<td>An\u00e1lise da documenta\u00e7\u00e3o pela COE, Professor(a) Orientador(a), Coordenador<\/td>\n<td>09\/02 at\u00e9 20\/02\/2026<\/td>\n<\/tr>\n<tr>\n<td><strong>4<\/strong><\/td>\n<td>Publica\u00e7\u00e3o do Edital com inscri\u00e7\u00f5es homologadas<\/td>\n<td>23\/02\/2026<\/td>\n<\/tr>\n<tr>\n<td><strong>5<\/strong><\/td>\n<td>Prazo recursal contra indeferimentos: (*<em>Recursos devem ser encaminhados para\u00a0sc366.contabeis@ufpr.br<\/em>)<\/td>\n<td>23\/02 at\u00e9 24\/02\/2026 (at\u00e9 23h59)<\/td>\n<\/tr>\n<tr>\n<td><strong>6<\/strong><\/td>\n<td>Publica\u00e7\u00e3o do Edital definitivo, em caso de mudan\u00e7a ap\u00f3s an\u00e1lise dos recursos de indeferimentos<\/td>\n<td>At\u00e9 25\/02\/2026<\/td>\n<\/tr>\n<tr>\n<td><strong>7<\/strong><\/td>\n<td>Envio para COAPPE e matr\u00edcula dos estudantes<\/td>\n<td>23\/02\/2026 at\u00e9 27\/06\/2026<\/td>\n<\/tr>\n<tr>\n<td><strong>8<\/strong><\/td>\n<td>Per\u00edodo de realiza\u00e7\u00e3o da disciplina SC366-Est\u00e1gio Curricular Supervisionado Obrigat\u00f3rio<\/td>\n<td>23\/02\/2026 at\u00e9 27\/06\/2026<\/td>\n<\/tr>\n<\/tbody>\n<\/table>\n<strong>Aten\u00e7\u00e3o:<\/strong>\n<ul>\n \t<li>Leiam atentamente o item \u201c2.Procedimentos para Inscri\u00e7\u00e3o\u201d, dispon\u00edvel no Edital de Est\u00e1gio Curricular Supervisionado Obrigat\u00f3rio.<\/li>\n \t<li>Ficou com d\u00favida sobre como converter o Est\u00e1gio N\u00e3o Obrigat\u00f3rio em Est\u00e1gio Obrigat\u00f3rio? Acesse o Link:\u00a0<strong><a href=\"https:\/\/sociaisaplicadas.ufpr.br\/contabeis\/estagio-obrigatorio\/\" target=\"_blank\" rel=\"noopener\">Clique Aqui<\/a><\/strong><\/li>\n \t<li>\u00c9 servidor p\u00fablico, ou trabalha em regime CLT e est\u00e1 com d\u00favidas sobre quais documentos encaminhar?\u00a0Acesse o Link:\u00a0<strong><a href=\"https:\/\/sociaisaplicadas.ufpr.br\/contabeis\/estagio-obrigatorio\/\" target=\"_blank\" rel=\"noopener\">Clique Aqui<\/a><\/strong><\/li>\n \t<li>Os documentos devem estar nomeados como:\n<ul>\n \t<li><strong>Coordenador:<\/strong> Prof. Vagner Alves Arantes<\/li>\n \t<li><strong>Professor Orientador:<\/strong>\u00a0A ser definido pela coordena\u00e7\u00e3o<\/li>\n \t<li><strong>Departamento:<\/strong>\u00a0DECONT<\/li>\n \t<li><strong>Telefone DECONT:<\/strong>\u00a0(41) 3360-4362<\/li>\n<\/ul>\n<\/li>\n \t<li>D\u00favidas? Enviar e-mail para:\u00a0<em>sc366.contabeis@ufpr.br<\/em><\/li>\n<\/ul>\n<!-- \/wp:tadv\/classic-paragraph -->\n\n<!-- wp:tadv\/classic-paragraph -->\n\n<!-- \/wp:tadv\/classic-paragraph -->\n\n<!-- wp:heading {\"level\":5} -->\n<h5 class=\"wp-block-heading\">Informes da Coordena\u00e7\u00e3o<\/h5>\n<!-- \/wp:heading -->\n\n<!-- wp:paragraph -->\n\n<strong>Prezados Discentes do Curr\u00edculo 2023 (Ingressantes a partir de 2023),\u00a0<\/strong>\n\n<!-- \/wp:paragraph -->\n\n<!-- wp:paragraph -->\n\nAs solicita\u00e7\u00f5es de matr\u00edcula no SIGA devem ser feitas exclusivamente para as disciplinas constantes na grade correspondente ao Curr\u00edculo 2023. Em nenhuma hip\u00f3tese voc\u00eas devem solicitar matr\u00edcula em disciplinas do curr\u00edculo anterior.\n\n<!-- \/wp:paragraph -->\n\n<!-- wp:paragraph -->\n\nCaso algum discente do Curr\u00edculo 2023 n\u00e3o siga essa orienta\u00e7\u00e3o e se matricule em disciplinas n\u00e3o previstas em sua grade curricular ser\u00e1 de responsabilidade desse discente.\n\n<!-- \/wp:paragraph -->\n\n<!-- wp:paragraph -->\n\n<em><strong>Como dois corpos n\u00e3o podem ocupar o mesmo espa\u00e7o, atentem-se para o conflito de hor\u00e1rios entre as disciplinas, isto \u00e9, verifiquem se n\u00e3o h\u00e1 sobreposi\u00e7\u00e3o de hor\u00e1rios entre as disciplinas.<\/strong><\/em>\n\n<!-- \/wp:paragraph -->\n\n<!-- wp:separator -->\n\n<hr class=\"wp-block-separator has-alpha-channel-opacity\" \/>\n<p style=\"text-align: left\"><!-- \/wp:separator --><\/p>\n<!-- wp:paragraph -->\n\n<strong>Prezados Discentes do Curr\u00edculo 2013 (Ingressantes AT\u00c9 2022),\u00a0<\/strong>\n\n<!-- \/wp:paragraph -->\n\n<!-- wp:paragraph -->\n\nNo semestre 2025\/02 ser\u00e3o ofertadas apenas as disciplinas <em>SC046-Laborat\u00f3rio de Pr\u00e1ticas Cont\u00e1beis<\/em> e <em>SC448-Est\u00e1gio Supervisionado<\/em> do Curr\u00edculo 2013. Assim, caso o estudante esteja desperiodizado e tenha que cursar disciplinas de semestres anteriores, a Coordena\u00e7\u00e3o recomenda que o estudante acesse a <a href=\"https:\/\/sociaisaplicadas.ufpr.br\/contabeis\/wp-content\/uploads\/sites\/3\/2024\/11\/MatrizCurricular_Transicao2013_2023_SITE.xlsx\">Matriz de Transi\u00e7\u00e3o<\/a>,\u00a0<a href=\"https:\/\/sociaisaplicadas.ufpr.br\/contabeis\/grade-e-corpo-docente\/\">dispon\u00edvel no site do curso<\/a>, e verifique as disciplinas do Curr\u00edculo 2023 que foram adaptadas ao Curr\u00edculo 2013. Assim, deve-se solicitar matr\u00edcula para as disciplinas adaptadas no Curr\u00edculo 2023.\n\n<!-- \/wp:paragraph -->\n\n<!-- wp:paragraph -->\n\nPor exemplo, caso o estudante n\u00e3o tenha cursado a discplina <em>SC442-Contabilidade Intermedi\u00e1ria<\/em> do Curr\u00edculo 2013, e tenha sido aprovado(a) na disciplina semestral <em>SC303-Contabilidade Intermedi\u00e1ria<\/em> (semestre 2026\/01), deve-se solicitar matr\u00edcula na <em>SC304-Estrutura e Elabora\u00e7\u00e3o das Demonstra\u00e7\u00f5es Cont\u00e1beis<\/em> (2026\/02).\n\n<!-- \/wp:paragraph -->\n\n<!-- wp:paragraph -->\n\n<strong>Recomenda-se a an\u00e1lise minuciosa da condi\u00e7\u00e3o dos desperiodizados para que consigam concluir o curso no per\u00edodo estipulado. A Matriz de Transi\u00e7\u00e3o auxilia nesta an\u00e1lise. Em caso de d\u00favida, procure a Coordena\u00e7\u00e3o (coorcont@ufpr.br) e\/ou agende um hor\u00e1rio com o Coordenador do Curso, Prof. Vagner Alves Arantes (vagner.arantes@ufpr.br)<\/strong>\n\n<!-- \/wp:paragraph -->","protected":false},"excerpt":{"rendered":"<p>Matr\u00edculas em disciplinas do Per\u00edodo 2026\/01 (Fevereiro a Julho) Foco: Esta solicita\u00e7\u00e3o corresponde \u00e0 solicita\u00e7\u00e3o de matr\u00edcula nas disciplinas para o per\u00edodo 2026\/01. TODOS os estudantes devem solicitar matr\u00edcula no prazo estipulado pelo calend\u00e1rio acad\u00eamico da UFPR. Per\u00edodo de Solicita\u00e7\u00e3o de Matr\u00edcula, via SIGA: In\u00edcio: 29\/01\/2026 (Janeiro &#8211; Quinta) T\u00e9rmino: 02\/02\/2026 (Fevereiro &#8211; Ter\u00e7a) Os [&hellip;]<\/p>\n","protected":false},"author":2837,"featured_media":0,"parent":0,"menu_order":0,"comment_status":"closed","ping_status":"closed","template":"","meta":{"footnotes":""},"class_list":["post-5930","page","type-page","status-publish","hentry"],"_links":{"self":[{"href":"https:\/\/sociaisaplicadas.ufpr.br\/contabeis\/wp-json\/wp\/v2\/pages\/5930","targetHints":{"allow":["GET"]}}],"collection":[{"href":"https:\/\/sociaisaplicadas.ufpr.br\/contabeis\/wp-json\/wp\/v2\/pages"}],"about":[{"href":"https:\/\/sociaisaplicadas.ufpr.br\/contabeis\/wp-json\/wp\/v2\/types\/page"}],"author":[{"embeddable":true,"href":"https:\/\/sociaisaplicadas.ufpr.br\/contabeis\/wp-json\/wp\/v2\/users\/2837"}],"replies":[{"embeddable":true,"href":"https:\/\/sociaisaplicadas.ufpr.br\/contabeis\/wp-json\/wp\/v2\/comments?post=5930"}],"version-history":[{"count":88,"href":"https:\/\/sociaisaplicadas.ufpr.br\/contabeis\/wp-json\/wp\/v2\/pages\/5930\/revisions"}],"predecessor-version":[{"id":6606,"href":"https:\/\/sociaisaplicadas.ufpr.br\/contabeis\/wp-json\/wp\/v2\/pages\/5930\/revisions\/6606"}],"wp:attachment":[{"href":"https:\/\/sociaisaplicadas.ufpr.br\/contabeis\/wp-json\/wp\/v2\/media?parent=5930"}],"curies":[{"name":"wp","href":"https:\/\/api.w.org\/{rel}","templated":true}]}}