{"id":6100,"date":"2025-12-12T15:18:36","date_gmt":"2025-12-12T15:18:36","guid":{"rendered":"https:\/\/sociaisaplicadas.ufpr.br\/contabeis\/?page_id=6100"},"modified":"2025-12-15T14:29:10","modified_gmt":"2025-12-15T14:29:10","slug":"redes-de-apoio","status":"publish","type":"page","link":"https:\/\/sociaisaplicadas.ufpr.br\/contabeis\/redes-de-apoio\/","title":{"rendered":"Redes de Apoio"},"content":{"rendered":"\n<p class=\"wp-block-heading has-text-align-center\">\u00a0<\/p>\n<table style=\"border-collapse: collapse;width: 100%\">\n<tbody>\n<tr>\n<td style=\"width: 50%\">\n<h1 style=\"text-align: center\">Voc\u00ea n\u00e3o est\u00e1 s\u00f3!<\/h1>\n<p style=\"text-align: center\">Em qualquer situa\u00e7\u00e3o procure, inicialmente, o Coordenador do curso e a Secretaria da Coordena\u00e7\u00e3o.<\/p>\n<\/td>\n<td style=\"width: 50%\"><img loading=\"lazy\" decoding=\"async\" class=\"alignright\" src=\"https:\/\/pub-f5d0586f05c84fe88781bc7d59f52d11.r2.dev\/6e81b083-110a-4a59-b4d4-d2087cf6fcb3.jpeg\" alt=\"Blog Eurekka\" width=\"396\" height=\"264\" \/><\/td>\n<\/tr>\n<\/tbody>\n<\/table>\n<h5>Acolhimento Psicol\u00f3gico<\/h5>\n<p>O servi\u00e7o de <a href=\"https:\/\/p4e.ufpr.br\/atendimento\/atendimento-psicologico\/\" target=\"_blank\" rel=\"noopener\">Acolhimento Psicol\u00f3gico<\/a> da Pr\u00f3-Reitoria de Pertencimento e Pol\u00edticas de Perman\u00eancia Estudantil (P4E) disp\u00f5e de diversas a\u00e7\u00f5es de aten\u00e7\u00e3o e apoio aos estudantes de gradua\u00e7\u00e3o da UFPR.<\/p>\n<p>Essas a\u00e7\u00f5es podem se dar de forma direta ou indireta e t\u00eam como objetivo proporcionar maior qualidade de perman\u00eancia aos estudantes da UFPR, os auxiliando no enfrentamento de dificuldades vivenciadas individual ou coletivamente<\/p>\n<p><strong>Como funciona?\u00a0<\/strong><\/p>\n<ul>\n<li>Basta ir \u00e0 sede da P4E para ser atendido de forma imediata por um(a) psic\u00f3logo(a) da equipe (n\u00e3o h\u00e1 necessidade de agendamento pr\u00e9vio).<\/li>\n<li><strong>Loca<\/strong>l: Rua XV de Novembro, 1299 \u2013 1\u00b0 Andar | Edif\u00edcio Dom Pedro II (entrada pelo acesso lateral)<br \/>Centro | Curitiba\u00a0<\/li>\n<li><strong>Atendimento:<\/strong>\n<p>Nas ter\u00e7as e quintas, de 8h \u00e0s 20h, atendimento por ordem de chegada, sem necessidade de agendamento.<\/p>\n<\/li>\n<\/ul>\n<h5>Assist\u00eancia S\u00f3cio-Econ\u00f4mica<\/h5>\n<p>Pr\u00f3-Reitoria de Pertencimento e Pol\u00edticas de Perman\u00eancia Estudantil (P4E) gerencia diversos programas de aux\u00edlio aos estudantes, concedendo bolsas de car\u00e1ter assistencial para estudantes como aux\u00edlio perman\u00eancia,\u00a0\u00a0moradia, refei\u00e7\u00e3o entre outros.<\/p>\n<p><strong><a href=\"https:\/\/p4e.ufpr.br\/programas-da-p4e\/probem\/\" target=\"_blank\" rel=\"noopener\">PROBEM:<\/a> criado para apoiar os estudantes com fragilidade socioecon\u00f4mica que precisam de aux\u00edlio financeiro para se manter no curso \u00e9 constitu\u00eddo pelos seguintes benef\u00edcios, isolados ou em composi\u00e7\u00e3o: Aux\u00edlio Perman\u00eancia, Aux\u00edlio Refei\u00e7\u00e3o, Aux\u00edlio Moradia e Aux\u00edlio Creche.<\/strong><\/p>\n<ul>\n<li><strong>Aux\u00edlio Perman\u00eancia:<\/strong> aux\u00edlio financeiro no valor de R$600 mensais, visa subsidiar gastos inerentes \u00e0 forma\u00e7\u00e3o acad\u00eamica como fotoc\u00f3pias, compra de livros, materiais para aulas pr\u00e1ticas, etc.;<\/li>\n<li><strong>Aux\u00edlio Refei\u00e7\u00e3o: <\/strong>fornece isen\u00e7\u00e3o das taxas nas refei\u00e7\u00f5es feitas nos restaurantes universit\u00e1rios da universidade, 3 refei\u00e7\u00f5es por dia, 7 dias por semana;<\/li>\n<li><strong>Aux\u00edlio Moradia: <\/strong>aux\u00edlio financeiro no valor de R$414 menais, para a manuten\u00e7\u00e3o do estudante oriundo de outras cidades, nos locais em que residam durante o per\u00edodo do curso;<\/li>\n<li><strong>Aux\u00edlio Creche: <\/strong>aux\u00edlio financeiro no valor de R$240 mesais, destinado aos estudantes vinculados ao PROBEM que possuem filhos na faixa et\u00e1ria de 0 a 6 anos incompletos, devidamente matriculados em Centros de Educa\u00e7\u00e3o Infantil particulares ou conveniados<\/li>\n<\/ul>\n<h5 class=\"wp-block-heading\"><strong>Situa\u00e7\u00f5es de Viol\u00eancia<\/strong><\/h5>\n<p>Se voc\u00ea sofreu algum tipo de discrimina\u00e7\u00e3o, ass\u00e9dio e ou viol\u00eancia dentro da UFPR, por algu\u00e9m que estude ou trabalhe aqui, voc\u00ea pode denunciar: acolhe.proafe@ufpr.br\u00a0e (41) 3310-2699.<\/p>\n<p>O <a href=\"https:\/\/proafe.ufpr.br\/apoio-e-acolhimento-de-denuncias\/\" target=\"_blank\" rel=\"noopener\">N\u00facleo de Apoio e Acolhimento de Den\u00fancias<\/a>, da Pr\u00f3-Reitoria de A\u00e7\u00f5es Afirmativas e Equidade, \u00e9 respons\u00e1vel por acolher, escutar e orientar as v\u00edtimas de discrimina\u00e7\u00e3o, ass\u00e9dio e ou viol\u00eancia.<\/p>\n<p><strong>E-mail:\u00a0<\/strong>acolhe.proafe@ufpr.br<br \/><strong>Telefone:<\/strong>\u00a0(41) 3310-2699<br \/><strong>Endere\u00e7o:\u00a0<\/strong>Pr\u00e9dio Hist\u00f3rico da UFPR<br \/>Pra\u00e7a Santos Andrade, T\u00e9rreo<br \/>Hall da sa\u00edda da Rua XV de Novembro<br \/><strong>Hor\u00e1rios:\u00a0<\/strong>8h \u00e0s 12h e 13h \u00e0s 17h.<\/p>\n\n\n\n<h5>Acolhimento Pedag\u00f3gico<\/h5>\n<p>A orienta\u00e7\u00e3o pedag\u00f3gica busca apoiar a comunidade discente em aspectos relacionados \u00e0 organiza\u00e7\u00e3o acad\u00eamica, oferecendo orienta\u00e7\u00f5es para a supera\u00e7\u00e3o de dificuldades, estrat\u00e9gias para a melhoria do desempenho acad\u00eamico, a cria\u00e7\u00e3o de uma rotina de estudos e o cumprimento das atividades curriculares.<\/p>\n<p>A solicita\u00e7\u00e3o de apoio pedag\u00f3gico pode ser realizada diretamento pelo estudante no <a href=\"https:\/\/p4e.ufpr.br\/atendimento\/atendimento-pedagogico\/\" target=\"_blank\" rel=\"noopener\">site da P4E<\/a> ou ao apresentar o laudo m\u00e9dico que apresente o transtorno de aprendizagem ao qual o estudante est\u00e1 enquadrado.&nbsp;<\/p>\n\n\n\n<h5>Atendimento Servi\u00e7o Social<\/h5>\n<p>O atendimento de <a href=\"https:\/\/p4e.ufpr.br\/atendimento\/atendimento-social\/\" target=\"_blank\" rel=\"noopener\">Servi\u00e7o Social da P4E \u2013 UFPR<\/a> \u00e9 destinado a estudantes que enfrentam situa\u00e7\u00f5es de vulnerabilidade social e econ\u00f4mica que podem comprometer sua perman\u00eancia na universidade. A equipe atua com base no reconhecimento das determina\u00e7\u00f5es sociais que atravessam o contexto acad\u00eamico, defendendo o acesso e fortalecendo os direitos dos estudantes.<\/p>\n<p>As a\u00e7\u00f5es incluem acolhimento, acompanhamento e elabora\u00e7\u00e3o de estrat\u00e9gias para enfrentar diferentes express\u00f5es da quest\u00e3o social, com orienta\u00e7\u00f5es, encaminhamentos internos ou externos e articula\u00e7\u00e3o com a rede de prote\u00e7\u00e3o social municipal e demais pol\u00edticas p\u00fablicas. A equipe tamb\u00e9m conduz a\u00e7\u00f5es relativas aos editais PROBEM.<\/p>\n\n\n\n<h5>Programa de Orienta\u00e7\u00e3o Acad\u00eamica (POA) do curso de Ci\u00eancias Cont\u00e1beis<\/h5>\n<p>O\u00a0<strong>Programa de Orienta\u00e7\u00e3o Acad\u00eamica (POA)\u00a0<\/strong>foi constitu\u00eddo para orientar o discente em sua trajet\u00f3ria acad\u00eamica no curso\u00a0<strong>Ci\u00eancias Cont\u00e1beis\u00a0<\/strong>da\u00a0<strong>Universidade Federal do Paran\u00e1 (UFPR),\u00a0<\/strong>no intuito de identificar e criar solu\u00e7\u00f5es, para a supera\u00e7\u00e3o de obst\u00e1culos ao processo de ensino aprendizagem, reduzir a reten\u00e7\u00e3o, a evas\u00e3o e para responder \u00e0 necessidade de orienta\u00e7\u00e3o dos discentes que por diversos motivos, apresentam dificuldade de aprendizagem, atrasam o cumprimento da matriz curricular, desistem do curso, ou adiam indefinidamente sua conclus\u00e3o resultando em cancelamento do registro acad\u00eamico.<\/p>\n<p>Conhe\u00e7a sobre o POA na p\u00e1gina do curso de Ci\u00eancias Cont\u00e1beis: <strong><a href=\"https:\/\/sociaisaplicadas.ufpr.br\/contabeis\/programa-de-orientacao-academica\/\" target=\"_blank\" rel=\"noopener\">Clique aqui<\/a><\/strong><\/p>\n\n\n","protected":false},"excerpt":{"rendered":"<p>\u00a0 Voc\u00ea n\u00e3o est\u00e1 s\u00f3! Em qualquer situa\u00e7\u00e3o procure, inicialmente, o Coordenador do curso e a Secretaria da Coordena\u00e7\u00e3o. Acolhimento Psicol\u00f3gico O servi\u00e7o de Acolhimento Psicol\u00f3gico da Pr\u00f3-Reitoria de Pertencimento e Pol\u00edticas de Perman\u00eancia Estudantil (P4E) disp\u00f5e de diversas a\u00e7\u00f5es de aten\u00e7\u00e3o e apoio aos estudantes de gradua\u00e7\u00e3o da UFPR. Essas a\u00e7\u00f5es podem se dar [&hellip;]<\/p>\n","protected":false},"author":2837,"featured_media":0,"parent":0,"menu_order":0,"comment_status":"closed","ping_status":"closed","template":"","meta":{"footnotes":""},"class_list":["post-6100","page","type-page","status-publish","hentry"],"_links":{"self":[{"href":"https:\/\/sociaisaplicadas.ufpr.br\/contabeis\/wp-json\/wp\/v2\/pages\/6100","targetHints":{"allow":["GET"]}}],"collection":[{"href":"https:\/\/sociaisaplicadas.ufpr.br\/contabeis\/wp-json\/wp\/v2\/pages"}],"about":[{"href":"https:\/\/sociaisaplicadas.ufpr.br\/contabeis\/wp-json\/wp\/v2\/types\/page"}],"author":[{"embeddable":true,"href":"https:\/\/sociaisaplicadas.ufpr.br\/contabeis\/wp-json\/wp\/v2\/users\/2837"}],"replies":[{"embeddable":true,"href":"https:\/\/sociaisaplicadas.ufpr.br\/contabeis\/wp-json\/wp\/v2\/comments?post=6100"}],"version-history":[{"count":23,"href":"https:\/\/sociaisaplicadas.ufpr.br\/contabeis\/wp-json\/wp\/v2\/pages\/6100\/revisions"}],"predecessor-version":[{"id":6181,"href":"https:\/\/sociaisaplicadas.ufpr.br\/contabeis\/wp-json\/wp\/v2\/pages\/6100\/revisions\/6181"}],"wp:attachment":[{"href":"https:\/\/sociaisaplicadas.ufpr.br\/contabeis\/wp-json\/wp\/v2\/media?parent=6100"}],"curies":[{"name":"wp","href":"https:\/\/api.w.org\/{rel}","templated":true}]}}