{"id":1258,"date":"2020-12-07T16:43:56","date_gmt":"2020-12-07T19:43:56","guid":{"rendered":"https:\/\/sociaisaplicadas.ufpr.br\/coordeco\/?page_id=1258"},"modified":"2020-12-07T16:43:56","modified_gmt":"2020-12-07T19:43:56","slug":"apoio","status":"publish","type":"page","link":"https:\/\/sociaisaplicadas.ufpr.br\/coordeco\/apoio\/","title":{"rendered":"APOIO"},"content":{"rendered":"<div class=\"CjVfdc\"><strong>CASA &#8211; CENTRO DE ATEN\u00c7\u00c3O \u00c0 SA\u00daDE UFPR<\/strong><\/div>\n<p class=\"CDt4Ke zfr3Q\" dir=\"ltr\">A UFPR oferece a sua comunidade v\u00e1rios servi\u00e7os de aten\u00e7\u00e3o \u00e0 sa\u00fade. Alguns s\u00e3o descritos abaixo, e mais detalhes voc\u00ea acessa via link correspondente:<\/p>\n<p class=\"CDt4Ke zfr3Q\" dir=\"ltr\"><strong>CASA 3<\/strong>\u00a0(Centro Polit\u00e9cnico): oferece\u00a0v\u00e1rios servi\u00e7os dentre os quais: consulta m\u00e9dica nas especialidades de Cl\u00ednica M\u00e9dica, Pediatria e Ginecologia, e\u00a0assist\u00eancia odontol\u00f3gica prim\u00e1ria, dentre outros. Clique no link a seguir para obter mais informa\u00e7\u00f5es\u00a0<span class=\" aw5Odc\"><a class=\"XqQF9c\" href=\"http:\/\/www.google.com\/url?q=http%3A%2F%2Fwww.progepe.ufpr.br%2Fportal%2Fprogepe%2Fcoordenadoria-de-atencao-integral-a-saude-do-servidor%2Fcentral-de-atencao-a-saude-casa-3%2F&amp;sa=D&amp;sntz=1&amp;usg=AFQjCNGlrtWtB4aJfmnnsvvL8gv6fx9eYQ\" target=\"_blank\" rel=\"noopener\">CASA 3<\/a><\/span>\u00a0.<\/p>\n<p class=\"CDt4Ke zfr3Q\" dir=\"ltr\"><strong>CASA 4<\/strong>\u00a0(Setor Ci\u00eancias Agr\u00e1rias): oferece\u00a0v\u00e1rios servi\u00e7os dentre os quais:\u00a0atendimento e\u00a0acompanhamento eletivo em\u00a0psiquiatria, apoio\u00a0psicol\u00f3gico\u00a0(psicoterapia\u00a0breve e plant\u00e3o),\u00a0cl\u00ednica\u00a0m\u00e9dica,\u00a0assist\u00eancia\u00a0odontol\u00f3gica prim\u00e1ria.\u00a0Clique no link a seguir para obter mais informa\u00e7\u00f5es\u00a0<span class=\" aw5Odc\"><a class=\"XqQF9c\" href=\"http:\/\/www.google.com\/url?q=http%3A%2F%2Fwww.progepe.ufpr.br%2Fportal%2Fprogepe%2Fcoordenadoria-de-atencao-integral-a-saude-do-servidor%2Fcentral-de-atencao-a-saude-casa-4%2F&amp;sa=D&amp;sntz=1&amp;usg=AFQjCNHs-9c8EByiDEk-n68SRtsOyAViUA\" target=\"_blank\" rel=\"noopener\">CASA 4<\/a><\/span>.<\/p>\n<div id=\"h.xe5d41yie7yc\" class=\"GV3q8e aP9Z7e\"><\/div>\n<div class=\"CjVfdc\">\n<div class=\"PPhIP rviiZ\">\n<div class=\"U26fgb mUbCce fKz7Od LRAOtb rm120e\" role=\"presentation\">\n<div class=\"VTBa7b MbhUzd\"><\/div>\n<\/div>\n<\/div>\n<p>Na CASA 4 o\u00a0<strong>Plant\u00e3o Psicol\u00f3gico<\/strong>\u00a0ocorre toda 3\u00aa e 5\u00aa feira, das 7:00 a 19:00 h . Basta ir, e aguardar ser atendido.<\/div>\n<p class=\"CDt4Ke zfr3Q\" dir=\"ltr\"><strong>PRAE<\/strong>\u00a0&#8211; oferece acolhimento psicol\u00f3gico, que\u00a0<strong>est\u00e1 funcionando durante a pandemia<\/strong>\u00a0&#8211; para entrar em contato clique\u00a0<span class=\" aw5Odc\"><a class=\"XqQF9c\" href=\"http:\/\/www.google.com\/url?q=http%3A%2F%2Fwww.prae.ufpr.br%2Fprae%2Fnoticias%2Facolhimento-psicologico-da-prae-durante-a-pandemia%2F&amp;sa=D&amp;sntz=1&amp;usg=AFQjCNEZJLWXTFoBPweChg_7kwg2YziwqQ\" target=\"_blank\" rel=\"noopener\">AQUI<\/a><\/span>\u00a0super<\/p>\n<p class=\"CDt4Ke zfr3Q\" dir=\"ltr\"><strong>SERVI\u00c7O-ESCOLA\u00a0<\/strong>&#8211; O Centro de Psicologia Aplicada tamb\u00e9m realiza atendimentos agendados. Mais informa\u00e7\u00f5es\u00a0<span class=\" aw5Odc\"><a class=\"XqQF9c\" href=\"http:\/\/www.google.com\/url?q=http%3A%2F%2Fwww.humanas.ufpr.br%2Fportal%2Fpsicologia%2Fcentro-de-psicologia-aplicada%2F&amp;sa=D&amp;sntz=1&amp;usg=AFQjCNErtcCeIlicdbA5YnI4rrJBmryb1w\" target=\"_blank\" rel=\"noopener\">AQUI<\/a><\/span><\/p>\n<p class=\"CDt4Ke zfr3Q\" dir=\"ltr\">O Projeto\u00a0<span class=\" aw5Odc\"><a class=\"XqQF9c\" href=\"https:\/\/www.google.com\/url?q=https%3A%2F%2Fwww.facebook.com%2FConvidaUFPR%2F%2520!&amp;sa=D&amp;sntz=1&amp;usg=AFQjCNE0IL1IEknqevvXfCUzv5EjGG53tA\" target=\"_blank\" rel=\"noopener\">ConvidaUFPR<\/a><\/span>\u00a0sempre realiza atividades que visam o bem-estar emocional de todas\/os.<\/p>\n<div id=\"h.gkj4lmg83bgw\" class=\"CobnVe aP9Z7e\"><\/div>\n<div class=\"CjVfdc\">\n<div class=\"PPhIP rviiZ\">\n<div class=\"U26fgb mUbCce fKz7Od LRAOtb rm120e\" role=\"presentation\">\n<div class=\"VTBa7b MbhUzd\"><\/div>\n<\/div>\n<\/div>\n<p><strong>PRAE &#8211; PR\u00d3-REITORIA DE ASSUNTOS ESTUDANTIS<\/strong><\/div>\n<p class=\"CDt4Ke zfr3Q\" dir=\"ltr\">A UFPR oferece a sua comunidade estudantil v\u00e1rios programas\/servi\u00e7os de apoio: aux\u00edlio moradia, bolsas PROBEM (programa de benef\u00edcio econ\u00f4mico), atendimento pedag\u00f3gico, atendimento social, acolhimento psicol\u00f3gico. Mais informa\u00e7\u00f5es\u00a0<span class=\" aw5Odc\"><a class=\"XqQF9c\" href=\"http:\/\/www.google.com\/url?q=http%3A%2F%2Fwww.prae.ufpr.br%2Fprae%2F&amp;sa=D&amp;sntz=1&amp;usg=AFQjCNHOqDF1ShnQGkhXGmmzCrD6nadsvg\" target=\"_blank\" rel=\"noopener\">NESTE LINK<\/a><\/span><\/p>\n<div id=\"h.8hccwzezzuny\" class=\"CobnVe aP9Z7e\"><\/div>\n<div class=\"CjVfdc\">\n<div class=\"PPhIP rviiZ\">\n<div class=\"U26fgb mUbCce fKz7Od LRAOtb rm120e\" role=\"presentation\">\n<div class=\"VTBa7b MbhUzd\"><\/div>\n<\/div>\n<\/div>\n<p><strong>SIPAD &#8211; SUPERINTEND\u00caNCIA DE INCLUS\u00c3O, POL\u00cdTICAS AFIRMATIVAS E DIVERSIDADE<\/strong><\/div>\n<p class=\"CDt4Ke zfr3Q\" dir=\"ltr\">Ingressar num curso universit\u00e1rio tem de bacana, que voc\u00ea encontra mais gente que quer estudar o mesmo que voc\u00ea. Se at\u00e9 ent\u00e3o, ao dizer &#8220;Eu gosto de matem\u00e1tica&#8221;, a maioria das pessoas a sua volta estranhavam, ao ingressar no curso de Matem\u00e1tica, isso deixa de ser. Mas \u00e0s vezes, ainda assim, procuramos um nicho pr\u00f3prio, que acolha outras particularidades. Explore a p\u00e1gina do\u00a0<span class=\" aw5Odc\"><a class=\"XqQF9c\" href=\"http:\/\/www.google.com\/url?q=http%3A%2F%2Fwww.sipad.ufpr.br%2Fportal%2Fcontato-10%2F&amp;sa=D&amp;sntz=1&amp;usg=AFQjCNGc1xLMH8QoE90jUFKkpUU86oNKcA\" target=\"_blank\" rel=\"noopener\">SIPAD<\/a><\/span>. Talvez l\u00e1 esteja o que voc\u00ea procura!<\/p>\n<div id=\"h.ixks2veekxoy\" class=\"CobnVe aP9Z7e\"><\/div>\n<div class=\"CjVfdc\">\n<div class=\"PPhIP rviiZ\">\n<div class=\"U26fgb mUbCce fKz7Od LRAOtb rm120e\" role=\"presentation\">\n<div class=\"VTBa7b MbhUzd\"><\/div>\n<\/div>\n<\/div>\n<p><strong>ConVIDA<\/strong><\/div>\n<p class=\"CDt4Ke zfr3Q\" dir=\"ltr\">O ConVIDA \u00e9 um programa que tem o objetivo de aproximar pessoas, saberes e pr\u00e1ticas, buscando favorecer os v\u00ednculos e as intera\u00e7\u00f5es humanas, tornando os espa\u00e7os institucionais da UFPR mais acolhedores e favor\u00e1veis ao bem-estar e a sa\u00fade das pessoas. Veja mais em <span class=\" aw5Odc\"><a class=\"XqQF9c\" href=\"http:\/\/www.google.com\/url?q=http%3A%2F%2Fconvida.ufpr.br%2Fportal%2F2020%2F06%2F01%2Foutros-materiais%2F&amp;sa=D&amp;sntz=1&amp;usg=AFQjCNE0ySiH080KFDURY_iS7SWrh4JAPA\" target=\"_blank\" rel=\"noopener\">Projeto ConVida<\/a><\/span>.<\/p>\n","protected":false},"excerpt":{"rendered":"<p>CASA &#8211; CENTRO DE ATEN\u00c7\u00c3O \u00c0 SA\u00daDE UFPR A UFPR oferece a sua comunidade v\u00e1rios servi\u00e7os de aten\u00e7\u00e3o \u00e0 sa\u00fade. Alguns s\u00e3o descritos abaixo, e mais detalhes voc\u00ea acessa via link correspondente: CASA 3\u00a0(Centro Polit\u00e9cnico): oferece\u00a0v\u00e1rios servi\u00e7os dentre os quais: consulta m\u00e9dica nas especialidades de Cl\u00ednica M\u00e9dica, Pediatria e Ginecologia, e\u00a0assist\u00eancia odontol\u00f3gica prim\u00e1ria, dentre outros. [&hellip;]<\/p>\n","protected":false},"author":2793,"featured_media":0,"parent":0,"menu_order":0,"comment_status":"closed","ping_status":"closed","template":"","meta":{"footnotes":""},"class_list":["post-1258","page","type-page","status-publish","hentry"],"_links":{"self":[{"href":"https:\/\/sociaisaplicadas.ufpr.br\/coordeco\/wp-json\/wp\/v2\/pages\/1258","targetHints":{"allow":["GET"]}}],"collection":[{"href":"https:\/\/sociaisaplicadas.ufpr.br\/coordeco\/wp-json\/wp\/v2\/pages"}],"about":[{"href":"https:\/\/sociaisaplicadas.ufpr.br\/coordeco\/wp-json\/wp\/v2\/types\/page"}],"author":[{"embeddable":true,"href":"https:\/\/sociaisaplicadas.ufpr.br\/coordeco\/wp-json\/wp\/v2\/users\/2793"}],"replies":[{"embeddable":true,"href":"https:\/\/sociaisaplicadas.ufpr.br\/coordeco\/wp-json\/wp\/v2\/comments?post=1258"}],"version-history":[{"count":1,"href":"https:\/\/sociaisaplicadas.ufpr.br\/coordeco\/wp-json\/wp\/v2\/pages\/1258\/revisions"}],"predecessor-version":[{"id":1259,"href":"https:\/\/sociaisaplicadas.ufpr.br\/coordeco\/wp-json\/wp\/v2\/pages\/1258\/revisions\/1259"}],"wp:attachment":[{"href":"https:\/\/sociaisaplicadas.ufpr.br\/coordeco\/wp-json\/wp\/v2\/media?parent=1258"}],"curies":[{"name":"wp","href":"https:\/\/api.w.org\/{rel}","templated":true}]}}