{"id":162,"date":"2016-09-20T10:42:58","date_gmt":"2016-09-20T13:42:58","guid":{"rendered":"https:\/\/sociaisaplicadas.ufpr.br\/economia\/?page_id=162"},"modified":"2024-01-22T09:36:23","modified_gmt":"2024-01-22T12:36:23","slug":"grade-horaria","status":"publish","type":"page","link":"https:\/\/sociaisaplicadas.ufpr.br\/coordeco\/grade-horaria\/","title":{"rendered":"Matr\u00edculas"},"content":{"rendered":"\n<p><span style=\"color: #ff0000\"><strong><span style=\"font-size: 18pt\">Informa\u00e7\u00f5es sobre as matr\u00edculas, disciplinas e datas importantes do calend\u00e1rio acad\u00eamico:<\/span><\/strong><\/span><\/p>\n\n\n\n<p><\/p>\n\n\n\n<p>Semestres anteriores:<\/p>\n\n\n\n<p><a href=\"https:\/\/sociaisaplicadas.ufpr.br\/coordeco\/1o-semestre-2023\/\">1\u00ba Semestre de 2023<\/a><\/p>\n\n\n\n<p><a href=\"https:\/\/sociaisaplicadas.ufpr.br\/coordeco\/1o-semestre-2023\/\">2\u00ba Semestre de 2023<\/a><\/p>\n\n\n\n<p><a href=\"https:\/\/sociaisaplicadas.ufpr.br\/coordeco\/1o-semestre-2022\/\">1\u00ba Semestre de 2022<\/a><\/p>\n\n\n\n<p><a href=\"https:\/\/sociaisaplicadas.ufpr.br\/coordeco\/2o-semestre-2022\/\">2\u00ba<\/a><a href=\"https:\/\/sociaisaplicadas.ufpr.br\/coordeco\/2o-semestre-2022\/\"> Sem<\/a><a href=\"https:\/\/sociaisaplicadas.ufpr.br\/coordeco\/2o-semestre-2022\/\">estre de<\/a><a href=\"https:\/\/sociaisaplicadas.ufpr.br\/coordeco\/2o-semestre-2022\/\"> 2022<\/a><\/p>\n\n\n\n<p><a href=\"https:\/\/sociaisaplicadas.ufpr.br\/coordeco\/1o-semestre-2021\/\">1\u00ba semestre de 2011<\/a><\/p>\n\n\n\n<p><a href=\"https:\/\/sociaisaplicadas.ufpr.br\/coordeco\/2o-semestre-2021\/\">2\u00ba semestre de 2021<\/a><\/p>\n","protected":false},"excerpt":{"rendered":"<p>Informa\u00e7\u00f5es sobre as matr\u00edculas, disciplinas e datas importantes do calend\u00e1rio acad\u00eamico: Semestres anteriores: 1\u00ba Semestre de 2023 2\u00ba Semestre de 2023 1\u00ba Semestre de 2022 2\u00ba Semestre de 2022 1\u00ba semestre de 2011 2\u00ba semestre de 2021<\/p>\n","protected":false},"author":2783,"featured_media":0,"parent":0,"menu_order":0,"comment_status":"closed","ping_status":"closed","template":"","meta":{"footnotes":""},"class_list":["post-162","page","type-page","status-publish","hentry"],"_links":{"self":[{"href":"https:\/\/sociaisaplicadas.ufpr.br\/coordeco\/wp-json\/wp\/v2\/pages\/162","targetHints":{"allow":["GET"]}}],"collection":[{"href":"https:\/\/sociaisaplicadas.ufpr.br\/coordeco\/wp-json\/wp\/v2\/pages"}],"about":[{"href":"https:\/\/sociaisaplicadas.ufpr.br\/coordeco\/wp-json\/wp\/v2\/types\/page"}],"author":[{"embeddable":true,"href":"https:\/\/sociaisaplicadas.ufpr.br\/coordeco\/wp-json\/wp\/v2\/users\/2783"}],"replies":[{"embeddable":true,"href":"https:\/\/sociaisaplicadas.ufpr.br\/coordeco\/wp-json\/wp\/v2\/comments?post=162"}],"version-history":[{"count":82,"href":"https:\/\/sociaisaplicadas.ufpr.br\/coordeco\/wp-json\/wp\/v2\/pages\/162\/revisions"}],"predecessor-version":[{"id":2725,"href":"https:\/\/sociaisaplicadas.ufpr.br\/coordeco\/wp-json\/wp\/v2\/pages\/162\/revisions\/2725"}],"wp:attachment":[{"href":"https:\/\/sociaisaplicadas.ufpr.br\/coordeco\/wp-json\/wp\/v2\/media?parent=162"}],"curies":[{"name":"wp","href":"https:\/\/api.w.org\/{rel}","templated":true}]}}