{"id":168,"date":"2016-09-20T10:43:35","date_gmt":"2016-09-20T13:43:35","guid":{"rendered":"https:\/\/sociaisaplicadas.ufpr.br\/economia\/?page_id=168"},"modified":"2024-03-07T10:11:34","modified_gmt":"2024-03-07T13:11:34","slug":"formularios","status":"publish","type":"page","link":"https:\/\/sociaisaplicadas.ufpr.br\/coordeco\/formularios\/","title":{"rendered":"Formul\u00e1rios"},"content":{"rendered":"<table style=\"width: 790px\">\n<tbody>\n<tr>\n<td style=\"width: 438px\"><strong>Formul\u00e1rio<\/strong><\/td>\n<td style=\"width: 251.672px\"><strong>Data-limite para entrega na Secretaria<\/strong><\/td>\n<td style=\"width: 75.3281px\"><strong>Link<\/strong><\/td>\n<\/tr>\n<tr>\n<td style=\"width: 438px\">Atividades Formativas para alunos com GRR at\u00e9 2021<\/td>\n<td style=\"width: 251.672px\">A ser publicado pela CAF<\/td>\n<td style=\"width: 75.3281px\"><a href=\"https:\/\/sociaisaplicadas.ufpr.br\/coordeco\/wp-content\/uploads\/sites\/9\/2024\/03\/Formulario-de-Atividades-Formativas-1.pdf\">Download<\/a><\/td>\n<\/tr>\n<tr>\n<td style=\"width: 438px\">Atividades Formativas para alunos com GRR a partir de 2022<\/td>\n<td style=\"width: 251.672px\">\u00a0A ser publicado pela CAF<\/td>\n<td style=\"width: 75.3281px\">\u00a0<a href=\"https:\/\/sociaisaplicadas.ufpr.br\/coordeco\/wp-content\/uploads\/sites\/9\/2023\/05\/formul\u00e1rio-atividades-formativas-curriculo-2022-1.pdf\">Download<\/a><\/td>\n<\/tr>\n<tr>\n<td style=\"width: 438px\">Cancelamento de Disciplina<\/td>\n<td style=\"width: 251.672px\"><\/td>\n<td style=\"width: 75.3281px\"><a href=\"https:\/\/sociaisaplicadas.ufpr.br\/coordeco\/wp-content\/uploads\/sites\/9\/2016\/09\/Formulario-CancelamentoDisciplina.pdf\">Download<\/a><\/td>\n<\/tr>\n<tr>\n<td style=\"width: 438px\">Compromisso de Orienta\u00e7\u00e3o de Est\u00e1gio<\/td>\n<td style=\"width: 251.672px\">10 dias antes do in\u00edcio do est\u00e1gio<\/td>\n<td style=\"width: 75.3281px\"><a href=\"https:\/\/sociaisaplicadas.ufpr.br\/coordeco\/wp-content\/uploads\/sites\/9\/2021\/05\/FORMUL\u00c1RIO-COMPROMISSO-DE-ORIENTA\u00c7\u00c3O-DE-EST\u00c1GIO-MODIFICADO-EM-18.05.2021.pdf\">Download<\/a><\/td>\n<\/tr>\n<tr>\n<td style=\"width: 438px\">Planos de Estudos COE<\/td>\n<td style=\"width: 251.672px\"><\/td>\n<td style=\"width: 75.3281px\"><a href=\"https:\/\/sociaisaplicadas.ufpr.br\/coordeco\/wp-content\/uploads\/sites\/9\/2017\/07\/PLANO-DE-ESTUDOS-COE.pdf\">Download<\/a><\/td>\n<\/tr>\n<tr>\n<td style=\"width: 438px\">Declara\u00e7\u00e3o de Experi\u00eancia do Supervisor<\/td>\n<td style=\"width: 251.672px\">10 dias antes do in\u00edcio do est\u00e1gio<\/td>\n<td style=\"width: 75.3281px\"><a href=\"https:\/\/sociaisaplicadas.ufpr.br\/coordeco\/wp-content\/uploads\/sites\/9\/2017\/07\/Declara\u00e7\u00e3o-de-Experi\u00eancia-do-Supervisor-na-Concedente-3.doc\">Download<\/a><\/td>\n<\/tr>\n<tr>\n<td style=\"width: 438px\">Declara\u00e7\u00e3o de Ci\u00eancia de Relat\u00f3rio de Est\u00e1gio<\/td>\n<td style=\"width: 251.672px\">10 dias antes do in\u00edcio do est\u00e1gio<\/td>\n<td style=\"width: 75.3281px\"><a href=\"https:\/\/sociaisaplicadas.ufpr.br\/coordeco\/wp-content\/uploads\/sites\/9\/2021\/06\/DECLARA\u00c7\u00c3O-entrega-de-relat\u00f3rio-de-est\u00e1gios-junho2021-2.docx\">Download<\/a><\/td>\n<\/tr>\n<tr>\n<td style=\"width: 438px\">Declara\u00e7\u00e3o de Altera\u00e7\u00e3o de Supervisor<\/td>\n<td style=\"width: 251.672px\"><\/td>\n<td style=\"width: 75.3281px\"><a href=\"https:\/\/sociaisaplicadas.ufpr.br\/coordeco\/wp-content\/uploads\/sites\/9\/2021\/06\/Modelo-de-declara\u00e7\u00e3o-Est\u00e1gio.docx\">Download<\/a><\/td>\n<\/tr>\n<tr>\n<td style=\"width: 438px\">Requerimento Geral<\/td>\n<td style=\"width: 251.672px\"><\/td>\n<td style=\"width: 75.3281px\"><a href=\"https:\/\/sociaisaplicadas.ufpr.br\/coordeco\/wp-content\/uploads\/sites\/9\/2021\/05\/Requerimento-geral.pdf\">Download<\/a><\/td>\n<\/tr>\n<tr>\n<td style=\"width: 438px\">Requerimento de Equival\u00eancia<\/td>\n<td style=\"width: 251.672px\"><\/td>\n<td style=\"width: 75.3281px\"><a href=\"https:\/\/sociaisaplicadas.ufpr.br\/coordeco\/wp-content\/uploads\/sites\/9\/2017\/07\/FORMUL\u00c1RIO-DE-REQUERIMENTO-DE-EQUIVAL\u00caNCIA.pdf\">Download<\/a><\/td>\n<\/tr>\n<tr>\n<td style=\"width: 438px\">Dados para a Impress\u00e3o do Diploma<\/td>\n<td style=\"width: 251.672px\">A qualquer data<\/td>\n<td style=\"width: 75.3281px\"><a href=\"https:\/\/sociaisaplicadas.ufpr.br\/coordeco\/wp-content\/uploads\/sites\/9\/2017\/07\/ESPELHO-MODELO-PARA-IMPRESS\u00c3O-DE-DIPLOMA.pdf\">Download<\/a><\/td>\n<\/tr>\n<tr>\n<td style=\"width: 438px\">Solicita\u00e7\u00e3o de Cola\u00e7\u00e3o de Grau sem Solenidade<\/td>\n<td style=\"width: 251.672px\">A qualquer data<\/td>\n<td style=\"width: 75.3281px\"><a href=\"https:\/\/sociaisaplicadas.ufpr.br\/coordeco\/wp-content\/uploads\/sites\/9\/2017\/07\/FORMULARIO-MODELO-SOL.-DE-COLA\u00c7\u00c3O-DE-GRAU-SEM-SOLENIDADE.pdf\">Download<\/a><\/td>\n<\/tr>\n<tr>\n<td style=\"width: 438px\">Formul\u00e1rio de Trancamento<\/td>\n<td style=\"width: 251.672px\"><\/td>\n<td style=\"width: 75.3281px\"><a href=\"https:\/\/sociaisaplicadas.ufpr.br\/coordeco\/wp-content\/uploads\/sites\/9\/2017\/07\/FORMUL\u00c1RIO-DE-TRANCAMENTO.pdf\">Download<\/a><\/td>\n<\/tr>\n<tr>\n<td style=\"width: 438px\">Formul\u00e1rio de Destrancamento<\/td>\n<td style=\"width: 251.672px\"><\/td>\n<td style=\"width: 75.3281px\"><a href=\"https:\/\/sociaisaplicadas.ufpr.br\/coordeco\/wp-content\/uploads\/sites\/9\/2017\/07\/FORMUL\u00c1RIO-DE-RETORNO-DESTRANCAMENTO.pdf\">Download<\/a><\/td>\n<\/tr>\n<\/tbody>\n<\/table>\n<div class=\"elementToProof\"><strong>\u00a0<\/strong><\/div>\n<div class=\"elementToProof\">\n<div class=\"ContentPasted8\"><\/div>\n<\/div>\n","protected":false},"excerpt":{"rendered":"<p>Formul\u00e1rio Data-limite para entrega na Secretaria Link Atividades Formativas para alunos com GRR at\u00e9 2021 A ser publicado pela CAF Download Atividades Formativas para alunos com GRR a partir de 2022 \u00a0A ser publicado pela CAF \u00a0Download Cancelamento de Disciplina Download Compromisso de Orienta\u00e7\u00e3o de Est\u00e1gio 10 dias antes do in\u00edcio do est\u00e1gio Download Planos [&hellip;]<\/p>\n","protected":false},"author":2783,"featured_media":0,"parent":0,"menu_order":0,"comment_status":"closed","ping_status":"closed","template":"","meta":{"footnotes":""},"class_list":["post-168","page","type-page","status-publish","hentry"],"_links":{"self":[{"href":"https:\/\/sociaisaplicadas.ufpr.br\/coordeco\/wp-json\/wp\/v2\/pages\/168","targetHints":{"allow":["GET"]}}],"collection":[{"href":"https:\/\/sociaisaplicadas.ufpr.br\/coordeco\/wp-json\/wp\/v2\/pages"}],"about":[{"href":"https:\/\/sociaisaplicadas.ufpr.br\/coordeco\/wp-json\/wp\/v2\/types\/page"}],"author":[{"embeddable":true,"href":"https:\/\/sociaisaplicadas.ufpr.br\/coordeco\/wp-json\/wp\/v2\/users\/2783"}],"replies":[{"embeddable":true,"href":"https:\/\/sociaisaplicadas.ufpr.br\/coordeco\/wp-json\/wp\/v2\/comments?post=168"}],"version-history":[{"count":43,"href":"https:\/\/sociaisaplicadas.ufpr.br\/coordeco\/wp-json\/wp\/v2\/pages\/168\/revisions"}],"predecessor-version":[{"id":3024,"href":"https:\/\/sociaisaplicadas.ufpr.br\/coordeco\/wp-json\/wp\/v2\/pages\/168\/revisions\/3024"}],"wp:attachment":[{"href":"https:\/\/sociaisaplicadas.ufpr.br\/coordeco\/wp-json\/wp\/v2\/media?parent=168"}],"curies":[{"name":"wp","href":"https:\/\/api.w.org\/{rel}","templated":true}]}}