{"id":1994,"date":"2022-05-05T15:41:26","date_gmt":"2022-05-05T18:41:26","guid":{"rendered":"https:\/\/sociaisaplicadas.ufpr.br\/coordeco\/?page_id=1994"},"modified":"2022-05-05T17:06:28","modified_gmt":"2022-05-05T20:06:28","slug":"atividades-formativas-complementares","status":"publish","type":"page","link":"https:\/\/sociaisaplicadas.ufpr.br\/coordeco\/atividades-formativas-complementares\/","title":{"rendered":"Atividades Formativas Complementares"},"content":{"rendered":"<p>As Atividades Formativas, consoante \u00e0s diretrizes estabelecidas pelo Projeto Pedag\u00f3gico do Curso de Ci\u00eancias Econ\u00f4micas s\u00e3o constitu\u00eddas de atividades complementares em rela\u00e7\u00e3o ao eixo fundamental do curr\u00edculo, objetivando a articula\u00e7\u00e3o entre ensino pesquisa e extens\u00e3o, de forma a proporcionar o enriquecimento da forma\u00e7\u00e3o acad\u00eamico-profissional dos(as) alunos(as), conforme as disposi\u00e7\u00f5es da Resolu\u00e7\u00e3o n\u00ba 46\/10-CEPE.<\/p>\n<p><a href=\"https:\/\/sociaisaplicadas.ufpr.br\/coordeco\/wp-content\/uploads\/sites\/9\/2021\/04\/ANEXO-III-%E2%80%93-REGULAMENTO-SOBRE-ATIVIDADES-FORMATIVAS-COMPLEMENTARES-.pdf\">ANEXO-III-\u2013-REGULAMENTO-SOBRE-ATIVIDADES-FORMATIVAS-COMPLEMENTARES-.pdf (ufpr.br)<\/a><\/p>\n<p><span style=\"color: #ff0000;font-size: 18pt\"><a style=\"color: #ff0000\" href=\"https:\/\/sociaisaplicadas.ufpr.br\/coordeco\/2022\/05\/05\/orientacoes-atividades-formativas\/\" target=\"_blank\" rel=\"noopener\">Orienta\u00e7\u00f5es de Entrega das atividades formativas.<\/a><\/span><\/p>\n<p><strong>\u00a0<span style=\"font-size: 14pt\">Tabela de refer\u00eancia para estudantes que ingressaram no curso at\u00e9 2021<\/span>:<\/strong><\/p>\n<table style=\"font-weight: 400;width: 1067px\">\n<tbody>\n<tr style=\"height: 93px\">\n<td style=\"width: 944.094px;height: 93px\"><b>ATIVIDADES FORMATIVAS<\/b><\/td>\n<td style=\"width: 106.906px;height: 93px\"><b>Carga Hor\u00e1ria M\u00e1xima<\/b><\/td>\n<\/tr>\n<tr style=\"height: 48px\">\n<td style=\"width: 944.094px;height: 48px\">1. Est\u00e1gios n\u00e3o-obrigat\u00f3rios, realizados de acordo com as suas normas espec\u00edficas.<\/td>\n<td style=\"width: 106.906px;height: 48px\">120 horas<\/td>\n<\/tr>\n<tr style=\"height: 48px\">\n<td style=\"width: 944.094px;height: 48px\">2. Disciplinas optativas do Curso de Economia e\/ou disciplinas eletivas de outros cursos da UFPR, desde que relacionadas ao Curso de Economia.<\/td>\n<td style=\"width: 106.906px;height: 48px\">120 horas<\/td>\n<\/tr>\n<tr style=\"height: 48px\">\n<td style=\"width: 944.094px;height: 48px\">3. Experi\u00eancia Profissional relacionada \u00e0 \u00e1rea de economia.<\/td>\n<td style=\"width: 106.906px;height: 48px\">120 horas<\/td>\n<\/tr>\n<tr style=\"height: 48px\">\n<td style=\"width: 944.094px;height: 48px\">4. Extens\u00e3o, Monitoria e Pesquisa, aprovadas pela Comiss\u00e3o Permanente de Acompanhamento de Atividades Formativas.<\/td>\n<td style=\"width: 106.906px;height: 48px\">100 horas<\/td>\n<\/tr>\n<tr style=\"height: 61.375px\">\n<td style=\"width: 944.094px;height: 61.375px\">5. Participa\u00e7\u00e3o no Programa Especial de Treinamento (PET) pelo per\u00edodo m\u00ednimo de um ano.<\/td>\n<td style=\"width: 106.906px;height: 61.375px\">100 horas<\/td>\n<\/tr>\n<tr style=\"height: 65px\">\n<td style=\"width: 944.094px;height: 65px\">6. Programas e Projetos Institucionais aprovados pela Comiss\u00e3o Permanente de Acompanhamento de Atividades Formativas.<\/td>\n<td style=\"width: 106.906px;height: 65px\">60 horas<\/td>\n<\/tr>\n<tr style=\"height: 72px\">\n<td style=\"width: 944.094px;height: 72px\">7. Semin\u00e1rios, jornadas, congressos, eventos, simp\u00f3sios, cursos e atividades culturais, com frequ\u00eancia, relacionados ao Curso de Ci\u00eancias Econ\u00f4micas.<\/td>\n<td style=\"width: 106.906px;height: 72px\">80 horas<\/td>\n<\/tr>\n<tr style=\"height: 36px\">\n<td style=\"width: 944.094px;height: 36px\">8. Atividades de Representa\u00e7\u00e3o acad\u00eamica pelo per\u00edodo m\u00ednimo de um ano.<\/td>\n<td style=\"width: 106.906px;height: 36px\">30 horas<\/td>\n<\/tr>\n<tr style=\"height: 35px\">\n<td style=\"width: 944.094px;height: 35px\">9. Apresenta\u00e7\u00e3o de Trabalhos em Eventos Cient\u00edficos (m\u00e1ximo 2 horas por trabalho)<\/td>\n<td style=\"width: 106.906px;height: 35px\">20 horas<\/td>\n<\/tr>\n<\/tbody>\n<\/table>\n<p>&nbsp;<\/p>\n<div><span style=\"font-size: 14pt\"><strong>Tabela de refer\u00eancia para estudantes que ingressaram no curso a partir de 2022:<\/strong><\/span><\/div>\n<table style=\"font-weight: 400;width: 1072.66px\">\n<tbody>\n<tr>\n<td style=\"width: 942.766px\"><b>ATIVIDADES FORMATIVAS<\/b><\/td>\n<td style=\"width: 113.891px\"><b>Carga Hor\u00e1ria M\u00e1xima<\/b><\/td>\n<\/tr>\n<tr>\n<td style=\"width: 942.766px\">1. Est\u00e1gios n\u00e3o-obrigat\u00f3rios, realizados de acordo com as suas normas espec\u00edficas.<\/td>\n<td style=\"width: 113.891px\">60 horas<\/td>\n<\/tr>\n<tr>\n<td style=\"width: 942.766px\">2. Experi\u00eancia Profissional relacionada \u00e0 \u00e1rea de economia.<\/td>\n<td style=\"width: 113.891px\">60 horas<\/td>\n<\/tr>\n<tr>\n<td style=\"width: 942.766px\">3. Atividades de Monitoria, Extens\u00e3o* e Pesquisa, aprovadas pela Comiss\u00e3o Permanente de Acompanhamento de Atividades Formativas.<\/td>\n<td style=\"width: 113.891px\">60 horas<\/td>\n<\/tr>\n<tr>\n<td style=\"width: 942.766px\">4. Participa\u00e7\u00e3o no Programa Especial de Treinamento (PET)* pelo per\u00edodo m\u00ednimo de um ano.<\/td>\n<td style=\"width: 113.891px\">60 horas<\/td>\n<\/tr>\n<tr>\n<td style=\"width: 942.766px\">5. Semin\u00e1rios, jornadas, congressos, eventos, simp\u00f3sios, cursos e atividades culturais, com frequ\u00eancia, relacionados ao Curso de Ci\u00eancias Econ\u00f4micas.<\/td>\n<td style=\"width: 113.891px\">60 horas<\/td>\n<\/tr>\n<tr>\n<td style=\"width: 942.766px\">6. Atividades de Representa\u00e7\u00e3o acad\u00eamica pelo per\u00edodo m\u00ednimo de um ano.<\/td>\n<td style=\"width: 113.891px\">60 horas<\/td>\n<\/tr>\n<tr>\n<td style=\"width: 942.766px\">7. Apresenta\u00e7\u00e3o de Trabalhos em Eventos Cient\u00edficos (m\u00e1ximo 2 horas por trabalho)<\/td>\n<td style=\"width: 113.891px\">60 horas<\/td>\n<\/tr>\n<\/tbody>\n<\/table>\n","protected":false},"excerpt":{"rendered":"<p>As Atividades Formativas, consoante \u00e0s diretrizes estabelecidas pelo Projeto Pedag\u00f3gico do Curso de Ci\u00eancias Econ\u00f4micas s\u00e3o constitu\u00eddas de atividades complementares em rela\u00e7\u00e3o ao eixo fundamental do curr\u00edculo, objetivando a articula\u00e7\u00e3o entre ensino pesquisa e extens\u00e3o, de forma a proporcionar o enriquecimento da forma\u00e7\u00e3o acad\u00eamico-profissional dos(as) alunos(as), conforme as disposi\u00e7\u00f5es da Resolu\u00e7\u00e3o n\u00ba 46\/10-CEPE. ANEXO-III-\u2013-REGULAMENTO-SOBRE-ATIVIDADES-FORMATIVAS-COMPLEMENTARES-.pdf (ufpr.br) [&hellip;]<\/p>\n","protected":false},"author":2793,"featured_media":0,"parent":0,"menu_order":0,"comment_status":"closed","ping_status":"closed","template":"","meta":{"footnotes":""},"class_list":["post-1994","page","type-page","status-publish","hentry"],"_links":{"self":[{"href":"https:\/\/sociaisaplicadas.ufpr.br\/coordeco\/wp-json\/wp\/v2\/pages\/1994","targetHints":{"allow":["GET"]}}],"collection":[{"href":"https:\/\/sociaisaplicadas.ufpr.br\/coordeco\/wp-json\/wp\/v2\/pages"}],"about":[{"href":"https:\/\/sociaisaplicadas.ufpr.br\/coordeco\/wp-json\/wp\/v2\/types\/page"}],"author":[{"embeddable":true,"href":"https:\/\/sociaisaplicadas.ufpr.br\/coordeco\/wp-json\/wp\/v2\/users\/2793"}],"replies":[{"embeddable":true,"href":"https:\/\/sociaisaplicadas.ufpr.br\/coordeco\/wp-json\/wp\/v2\/comments?post=1994"}],"version-history":[{"count":8,"href":"https:\/\/sociaisaplicadas.ufpr.br\/coordeco\/wp-json\/wp\/v2\/pages\/1994\/revisions"}],"predecessor-version":[{"id":2008,"href":"https:\/\/sociaisaplicadas.ufpr.br\/coordeco\/wp-json\/wp\/v2\/pages\/1994\/revisions\/2008"}],"wp:attachment":[{"href":"https:\/\/sociaisaplicadas.ufpr.br\/coordeco\/wp-json\/wp\/v2\/media?parent=1994"}],"curies":[{"name":"wp","href":"https:\/\/api.w.org\/{rel}","templated":true}]}}