{"id":2123,"date":"2022-09-12T16:29:28","date_gmt":"2022-09-12T19:29:28","guid":{"rendered":"https:\/\/sociaisaplicadas.ufpr.br\/coordeco\/?page_id=2123"},"modified":"2024-01-22T09:20:30","modified_gmt":"2024-01-22T12:20:30","slug":"2o-semestre-2022","status":"publish","type":"page","link":"https:\/\/sociaisaplicadas.ufpr.br\/coordeco\/2o-semestre-2022\/","title":{"rendered":"2\u00ba Semestre 2022"},"content":{"rendered":"<p><b>Matr\u00edculas, via SIGA, nos<\/b><span style=\"color: #ff0000\"><b> dias 01 a 05\/outubro<\/b><\/span><b> para o per\u00edodo de aulas que se inicia a partir de 17\/outubro\/2022<\/b><\/p>\n<p><strong>I) Calend\u00e1rio: <\/strong><a href=\"https:\/\/sociaisaplicadas.ufpr.br\/coordeco\/wp-content\/uploads\/sites\/9\/2022\/05\/RESOLU%C3%87%C3%83O-N%C2%BA-04-22-CEPE-macrodatas-2022.pdf\">Resolu\u00e7\u00e3o CEPE 04\/22<\/a>\u202f,\u00a0<a href=\"http:\/\/www.prograd.ufpr.br\/wp-content\/uploads\/2022\/05\/RESOLUC%CC%A7A%CC%83O-No-31-22-CEPE.pdf\">RESOLUC\u0327A\u0303O-No-31-22-CEPE<\/a> e\u00a0<a href=\"http:\/\/www.prograd.ufpr.br\/wp-content\/uploads\/2022\/07\/RESOLUC%CC%A7A%CC%83O-No-40-22-CEPE.pdf\">Resolu\u00e7\u00e3o CEPE 40\/22<\/a><\/p>\n<p><b>II) Datas Importantes:\u00a0<\/b><\/p>\n<ul>\n<li><span style=\"color: #ff0000\"><b>Entre os dias 01 a 05\/outubro\/2022<\/b><\/span>: <b>acesse seu cadastro no SIGA e registre suas matr\u00edculas nas disciplinas selecionadas.<\/b> SOMENTE NESTAS DATAS! Pedidos de matr\u00edculas posteriores a essa data poder\u00e3o n\u00e3o ser poss\u00edveis porque h\u00e1 limite de vagas.<\/li>\n<li><b><span style=\"color: #ff0000\">ATEN\u00c7\u00c3O<\/span>:<\/b> Cada estudante precisa se matricular e cursar disciplinas (no m\u00ednimo ter registro de 16 horas-aula por semana). Esse total de horas equivale, por exemplo, a 4 disciplinas de 60h. Esse total n\u00e3o se aplica a estudantes que est\u00e3o na fase final do curso e precisam cursar carga hor\u00e1ria restante que pode ser menor que essa quantidade m\u00ednima. Pode ser que nesses casos n\u00e3o seja poss\u00edvel realizar a matr\u00edcula no SIGA e ser\u00e1 necess\u00e1rio solicitar as matr\u00edculas \u00e0 secretaria da Coordena\u00e7\u00e3o no per\u00edodo de ajuste de matr\u00edculas. Somente nestes casos que a secretaria realizar\u00e1 a matr\u00edcula, durante o per\u00edodo de ajustes.<\/li>\n<li><strong>21\/10\/2022<\/strong>\u00a0\u2013 Prazo final para os alunos que efetuaram matr\u00edcula em disciplinas anuais ofertadas para o ano de 2022 protocolarem trancamento de curso nas Coordena\u00e7\u00f5es de Curso (IN 01\/2016-PROGRAD, art. 4\u00ba, \u00a72\u00ba).<\/li>\n<\/ul>\n<p><b>III) Sobre matr\u00edculas nas disciplinas de Monografia I e\/ou Monografia II<\/b>: cada estudante \u00e9 respons\u00e1vel por, primeiramente, consultar e obter o aceite do(a) professor(a) orientador(a), conforme a \u00e1rea de pesquisa de interesse. O prazo para entrar em contato com os(as) professores e obter o aceite de orienta\u00e7\u00e3o \u00e9 dia <b>30\/setembro\/2022<\/b>.<\/p>\n<p>ATEN\u00c7\u00c3O: ap\u00f3s ter o aceite do(a) docente, cada estudante dever\u00e1 registrar sua matr\u00edcula diretamente no SIGA na respectiva turma do(a) docente que lhe orientar\u00e1. Caso voc\u00ea registre sua matr\u00edcula no SIGA e n\u00e3o tenha obtido aceite\/confirma\u00e7\u00e3o de orienta\u00e7\u00e3o, previamente, do(a) orientador(a), seu nome poder\u00e1 ser exclu\u00eddo da turma a pedido do(a) docente. Por isso \u00e9 fundamental acertar o processo de orienta\u00e7\u00e3o antes de efetuar a matr\u00edcula no SIGA.<\/p>\n<p><b>IV) Sobre a obrigatoriedade na realiza\u00e7\u00e3o das matr\u00edculas<\/b>: Todo(a) estudante precisar\u00e1 se matricular, obrigatoriamente, em disciplinas neste pr\u00f3ximo per\u00edodo letivo.\u00a0<b>Quem n\u00e3o possuir registro de matr\u00edcula em qualquer disciplina perder\u00e1 o v\u00ednculo com a UFPR ao final deste semestre letivo. Isso \u00e9 extremamente s\u00e9rio e requer sua aten\u00e7\u00e3o. \u00c9 sua obriga\u00e7\u00e3o saber sobre seu dever de manter v\u00ednculo ativo com a UFPR para n\u00e3o perder seu v\u00ednculo<\/b>. Quem n\u00e3o puder cursar quaisquer disciplinas deve solicitar trancamento de curso, necessariamente (lembrando que o 1\u00ba trancamento n\u00e3o precisa ser justificado, e o direito ao 2\u00ba e 3\u00ba trancamento precisam ser aprovados pelo Colegiado de Curso).<\/p>\n<p>Defina as suas matr\u00edculas <span style=\"color: #ff0000\"><b>SEMPRE priorizando as matr\u00edculas em disciplinas OBRIGAT\u00d3RIAS e nas disciplinas em que voc\u00ea est\u00e1 atrasado(a)!<\/b>\u00a0<\/span><\/p>\n<ul>\n<li><span style=\"color: #ff0000\"><b>Orienta\u00e7\u00e3o important\u00edssima<\/b><\/span><b>: a escolha de disciplinas deve priorizar aquelas em que voc\u00ea est\u00e1 atrasado(a), conforme seu per\u00edodo no curso. Ap\u00f3s isso, preencha sua matriz de hor\u00e1rios com outras disciplinas obrigat\u00f3rias alinhadas ao seu momento no curso e em fun\u00e7\u00e3o dos pr\u00e9-requisitos j\u00e1 cumpridos. S\u00f3 ap\u00f3s isso recomendamos encaixar as disciplinas optativas ou disciplinas obrigat\u00f3rias que estejam sendo, possivelmente, adiantadas.<\/b><\/li>\n<\/ul>\n<p><b>V) <\/b>O 2\u00ba semestre de 2022 ter\u00e1 in\u00edcio em 17\/outubro\/2022 e t\u00e9rmino em 25\/fevereiro\/2023.<\/p>\n<p>As disciplinas anuais que se iniciaram em 06\/junho\/2022 somente ser\u00e3o conclu\u00eddas ao t\u00e9rmino do segundo semestre, em 25\/fevereiro\/2023.<\/p>\n<p><b>VI)<\/b> <b>Sobre cancelamentos de matr\u00edculas<\/b>: acompanhem o prazo oficial para realizar cancelamento de matr\u00edculas diretamente no SIGA. Ap\u00f3s esse prazo (31 de outubro a 02 de dezembro) n\u00e3o ser\u00e3o aceitos quaisquer pedidos de cancelamento de matr\u00edcula enviados \u00e0 secretaria da Coordena\u00e7\u00e3o de Curso. At\u00e9 porque o sistema fica bloqueado para a secretaria.<\/p>\n<ul>\n<li><span style=\"color: #ff0000\"><b>Orienta\u00e7\u00e3o important\u00edssima<\/b><\/span><b>: lembramos que existem limites para os cancelamentos de matr\u00edcula. Cada estudante s\u00f3 pode cancelar uma vez a mesma disciplina ao longo do curso (<a href=\"http:\/\/www.soc.ufpr.br\/wp-content\/uploads\/2016\/07\/Res-37-97-CEPE-atividades-acad%C3%AAmicas-alterada-pela-Res.-10-19-CEPE.pdf\" target=\"_blank\" rel=\"noopener\">ver a Resolu\u00e7\u00e3o CEPE 37\/97 &#8211; Art. 60<\/a>).<\/b><\/li>\n<li><span style=\"color: #ff0000\"><b>N\u00e3o saia cancelando as matr\u00edculas sem pensar nas implica\u00e7\u00f5es de seus atos<\/b><\/span><b>. Voc\u00ea \u00e9 respons\u00e1vel por ter ci\u00eancia das regras da UFPR e das implica\u00e7\u00f5es de suas decis\u00f5es no gerenciamento de sua vida acad\u00eamica.\u00a0<\/b><\/li>\n<li><span style=\"color: #ff0000\"><b>Estudantes que, em alguma hip\u00f3tese, cancelam todas as disciplinas e ficam sem qualquer matr\u00edcula passam a ser classificados(as) como Abandono de curso e perdem o v\u00ednculo com a UFPR no semestre seguinte<\/b><\/span><b><span style=\"color: #ff0000\">.<\/span>\u00a0<\/b><\/li>\n<li><b>Estudantes que realizam est\u00e1gio n\u00e3o podem cancelar todas as disciplinas e nem trancar o curso, sob o risco de ter o est\u00e1gio invalidado e sofrer penalidades administrativas. E isso poder\u00e1 implicar em indeferimento de novos contratos de est\u00e1gio nos semestres seguintes.<\/b><\/li>\n<li><b>E o cancelamento de disciplinas n\u00e3o pode deixar o(a) estudante com carga hor\u00e1ria semanal abaixo do m\u00ednimo de 16h.<\/b><\/li>\n<li><\/li>\n<\/ul>\n<p><b>VII) Listagem de disciplinas ofertadas, docentes respons\u00e1veis e outras informa\u00e7\u00f5es importantes. <\/b>Clique\u00a0\u00a0<a href=\"https:\/\/sociaisaplicadas.ufpr.br\/coordeco\/wp-content\/uploads\/sites\/9\/2022\/10\/Listagem-de-disciplinas-ofertadas-item-VII-3.pdf\">Aqui<\/a><\/p>\n<p><b>VIII) <\/b><b>Matriz de disciplinas ofertadas<\/b> organizadas por dias\/hor\u00e1rios e conforme periodiza\u00e7\u00e3o no curso. Clique\u00a0<a href=\"https:\/\/sociaisaplicadas.ufpr.br\/coordeco\/wp-content\/uploads\/sites\/9\/2022\/10\/Matriz-de-disciplinas-site-2-sem-2022-item-VIII-3.pdf\">Aqui<\/a>\u00a0para acessar o documento.<\/p>\n<p><b>IX) <\/b><b>Outras informa\u00e7\u00f5es relevantes:<\/b><\/p>\n<ul>\n<li>As aulas ser\u00e3o todas no <b><span style=\"color: #ff0000\">FORMATO PRESENCIAL (com exce\u00e7\u00e3o de disciplinas que possuem parte da carga hor\u00e1ria previamente registradas no formato EaD, conforme a Ficha 1 da mesma. A Ficha 2 \u00e9 produzida por cada docente a partir da Ficha 1, que \u00e9 de base fixa<\/span>.<\/b><\/li>\n<li>Atentem-se, sempre, para as determina\u00e7\u00f5es que constarem em cada FICHA 2 (programa entregue por cada docente) das disciplinas nas quais voc\u00eas vierem a se matricular.<\/li>\n<\/ul>\n<ul>\n<li><b>Quem est\u00e1 desperiodizado(a) em <\/b><span style=\"color: #ff0000\"><b>disciplinas de primeiro ano <\/b><\/span><b><span style=\"color: #ff0000\">(casos de GRR anteriores a 2022)<\/span>, tentem se matricular na turma D (se seu turno original \u00e9 o matutino) ou na turma N (se seu turno original \u00e9 o noturno) porque nessas turmas haver\u00e1 mais vagas. Isso \u00e9 importante para a divis\u00e3o da demanda por matr\u00edculas nas turmas. Nas demais disciplinas (2\u00ba, 3\u00ba ou 4\u00ba ano), tentem a matr\u00edcula sempre, preferencialmente, nas mesmas turmas de origem (D ou E, se do matutino; N ou P, se do noturno) atentando-se, claro, para a possibilidade de compatibiliza\u00e7\u00e3o dos hor\u00e1rios de todas as disciplinas escolhidas.<\/b><\/li>\n<li>Haver\u00e1 limita\u00e7\u00e3o do n\u00famero de pessoas por sala de aula, conforme total de vagas. Assim, a ordem de prioridade no ato da matr\u00edcula obedece a Resolu\u00e7\u00e3o CEPE 37\/97, conforme esses crit\u00e9rios: 1\u00ba) estudantes periodizados(as) e no mesmo turno em rela\u00e7\u00e3o \u00e0 disciplina solicitada; 2\u00ba) estudantes classificados(as) em situa\u00e7\u00e3o de jubilamento; 3\u00ba) estudantes\u202fdesperiodizados(as) por motivo de reprova\u00e7\u00e3o exclusivamente por nota; 4\u00ba) estudantes desperiodizados(as) por motivo de reprova\u00e7\u00e3o por frequ\u00eancia; 5\u00ba) N\u00famero de per\u00edodos j\u00e1 conclu\u00eddos; 6\u00ba) IRA.<\/li>\n<\/ul>\n<p>&nbsp;<\/p>\n<p><b>X) Planos de ensino (FICHAS 2) das disciplinas ofertadas neste semestre de aulas:<\/b><\/p>\n<p><strong>Primeiro Ano<\/strong><\/p>\n<p><a href=\"https:\/\/sociaisaplicadas.ufpr.br\/coordeco\/wp-content\/uploads\/sites\/9\/2022\/09\/An\u00e1lise-de-Investimentos-Matutino-Profa-Giovanna-M.-Mendes.pdf\">An\u00e1lise de Investimentos &#8211; Matutino &#8211; Profa Giovanna M. Mendes<\/a><\/p>\n<p><a href=\"https:\/\/sociaisaplicadas.ufpr.br\/coordeco\/wp-content\/uploads\/sites\/9\/2022\/09\/An\u00e1lise-de-Investimentos-Noturno-Profa-Giovanna-M.-Mendes.pdf\">An\u00e1lise de Investimentos &#8211; Noturno &#8211; Profa Giovanna M. Mendes<\/a><\/p>\n<p><a href=\"https:\/\/sociaisaplicadas.ufpr.br\/coordeco\/wp-content\/uploads\/sites\/9\/2022\/10\/Ficha-2-2022-SC-204-Contabilidade-e-Ana\u0301lise-de-Balan\u00e7os-Profa.-Simone-_1_.pdf\">Contabilidade e An\u00e1lise de Balan\u00e7os &#8211; turma extra &#8211; Profa Simone Voese<\/a><\/p>\n<p><a href=\"https:\/\/sociaisaplicadas.ufpr.br\/coordeco\/wp-content\/uploads\/sites\/9\/2022\/09\/Economia-e-Direito-Noturno-Prof-Vin\u00edcius-Klein.pdf\">Economia e Direito &#8211; Noturno &#8211; Prof Vin\u00edcius Klein<\/a><\/p>\n<p><a href=\"https:\/\/sociaisaplicadas.ufpr.br\/coordeco\/wp-content\/uploads\/sites\/9\/2022\/09\/Forma\u00e7\u00e3o-Econ\u00f4mica-do-Brasil-Matutitno-Prof.-Victor-Cruz-e-Silva.pdf\">Forma\u00e7\u00e3o Econ\u00f4mica do Brasil &#8211; Matutitno &#8211; Prof. Victor Cruz e Silva<\/a><\/p>\n<p><a href=\"https:\/\/sociaisaplicadas.ufpr.br\/coordeco\/wp-content\/uploads\/sites\/9\/2022\/09\/Forma\u00e7\u00e3o-Econ\u00f4mica-do-Brasil-Noturno-Prof.-Luis-Krajevski.pdf\">Forma\u00e7\u00e3o Econ\u00f4mica do Brasil &#8211; Noturno &#8211; Prof. Luis Krajevski<\/a><\/p>\n<p><a href=\"https:\/\/sociaisaplicadas.ufpr.br\/coordeco\/wp-content\/uploads\/sites\/9\/2022\/09\/Introdu\u00e7\u00e3o-\u00e0-Economia-Turma-extra-Profa-Terciane.pdf\">Introdu\u00e7\u00e3o \u00e0 Economia &#8211; Turma extra &#8211; Profa Terciane<\/a><\/p>\n<p><a href=\"https:\/\/sociaisaplicadas.ufpr.br\/coordeco\/wp-content\/uploads\/sites\/9\/2022\/09\/Introdu\u00e7\u00e3o-\u00e0-Estat\u00edstica-Noturno-Prof.-Mario.pdf\">Introdu\u00e7\u00e3o \u00e0 Estat\u00edstica &#8211; Noturno &#8211; Prof. Mario<\/a><\/p>\n<p><a href=\"https:\/\/sociaisaplicadas.ufpr.br\/coordeco\/wp-content\/uploads\/sites\/9\/2022\/09\/Introdu\u00e7\u00e3o-\u00e0-Extens\u00e3o-Universit\u00e1ria-Matutino-e-Noturno-Prof.-Wellington.pdf\">Introdu\u00e7\u00e3o \u00e0 Extens\u00e3o Universit\u00e1ria &#8211; Matutino e Noturno &#8211; Prof. Wellington<\/a><\/p>\n<p><a href=\"https:\/\/sociaisaplicadas.ufpr.br\/coordeco\/wp-content\/uploads\/sites\/9\/2022\/09\/Introdu\u00e7\u00e3o-\u00e0-Sociologia-para-Economia-Turma-D-Prof-Rodolfo.pdf\">HSS102 &#8211; Introdu\u00e7\u00e3o \u00e0 Sociologia para Economia &#8211; Matutino &#8211; Turma D &#8211; Prof. Rodolfo Lobato<\/a><\/p>\n<p><a href=\"https:\/\/sociaisaplicadas.ufpr.br\/coordeco\/wp-content\/uploads\/sites\/9\/2022\/09\/Introdu\u00e7\u00e3o-\u00e0-Sociologia-para-Economia-Turma-E-Prof-Rodolfo.pdf\">HSS102 &#8211; Introdu\u00e7\u00e3o \u00e0 Sociologia para Economia &#8211; Matutino &#8211; Turma E &#8211; Prof. Rodolfo Lobato<\/a><\/p>\n<p><a href=\"https:\/\/sociaisaplicadas.ufpr.br\/coordeco\/wp-content\/uploads\/sites\/9\/2022\/11\/Ficha_2_CM302.pdf\">CM302 C\u00e1lculo com V\u00e1rias Vari\u00e1veis Reais &#8211; Prof Pedro\u00a0Danizete Dam\u00e1zio<\/a><\/p>\n<p><a href=\"https:\/\/sociaisaplicadas.ufpr.br\/coordeco\/wp-content\/uploads\/sites\/9\/2022\/11\/Ficha-2-CM302.pdf\">CM302 C\u00e1lculo com V\u00e1rias Vari\u00e1veis Reais &#8211; Prof Joniel Alves<\/a><\/p>\n<p><strong>Segundo Ano<\/strong><\/p>\n<p><a href=\"https:\/\/sociaisaplicadas.ufpr.br\/coordeco\/wp-content\/uploads\/sites\/9\/2022\/09\/An\u00e1lise-Econ\u00f4mica-e-Financeira-Matutino-Prof-Adalto.pdf\">An\u00e1lise Econ\u00f4mica e Financeira &#8211; Matutino &#8211; Prof Adalto<\/a><\/p>\n<p><a href=\"https:\/\/sociaisaplicadas.ufpr.br\/coordeco\/wp-content\/uploads\/sites\/9\/2022\/12\/FICHA2-SE607A_Dayane-Rocha-ATUALIZADA-para-site-1.pdf\">An\u00e1lise Econ\u00f4mica e Financeira &#8211; Noturno &#8211; Profa Dayane Rocha &#8211; atualizada14\/12<\/a><\/p>\n<p><a href=\"https:\/\/sociaisaplicadas.ufpr.br\/coordeco\/wp-content\/uploads\/sites\/9\/2022\/12\/ficha-2_revisadanov22.pdf\">Contabilidade Social &#8211; Matutino &#8211; Profa Angela<\/a><\/p>\n<p><a href=\"https:\/\/sociaisaplicadas.ufpr.br\/coordeco\/wp-content\/uploads\/sites\/9\/2022\/10\/Ficha-2_Economia-Brasileira-Contempor\u00e2nea-I-Noturno-profa-Jaqueline.pdf\">Economia Brasileira Contempor\u00e2nea I &#8211; Noturno &#8211; Prof Jaqueline<\/a><\/p>\n<p><a href=\"https:\/\/sociaisaplicadas.ufpr.br\/coordeco\/wp-content\/uploads\/sites\/9\/2022\/09\/Introdu\u00e7\u00e3o-\u00e0-Estat\u00edstica-Noturno-Prof.-Mario.pdf\">Introdu\u00e7\u00e3o \u00e0 Estat\u00edstica &#8211; Noturno &#8211; Prof. Mario<\/a><\/p>\n<p><a href=\"https:\/\/sociaisaplicadas.ufpr.br\/coordeco\/wp-content\/uploads\/sites\/9\/2022\/09\/Ficha2-Ci\u00eancias-Econ\u00f4micas.pdf\">Introdu\u00e7\u00e3o \u00e0 Estat\u00edstica &#8211; Diurno &#8211; Prof. Jos\u00e9 Maltaca<\/a><\/p>\n<p><strong>Terceiro Ano<\/strong><\/p>\n<p><a href=\"https:\/\/sociaisaplicadas.ufpr.br\/coordeco\/wp-content\/uploads\/sites\/9\/2022\/09\/Econometria-I-Matutino-e-Noturno-Prof.-Fl\u00e1vio.pdf\">Econometria I &#8211; Matutino e Noturno &#8211; Prof. Fl\u00e1vio<\/a><\/p>\n<p><a href=\"https:\/\/sociaisaplicadas.ufpr.br\/coordeco\/wp-content\/uploads\/sites\/9\/2022\/09\/Econometria-II-Matutino-Profa-Adriana.pdf\">Econometria II &#8211; Matutino &#8211; Profa Adriana<\/a><\/p>\n<p><a href=\"https:\/\/sociaisaplicadas.ufpr.br\/coordeco\/wp-content\/uploads\/sites\/9\/2022\/09\/Econometria-II-Matutino-turma-D-Prof-Jo\u00e3o-Bas\u00edlio.pdf\">Econometria II &#8211; Matutino (turma D) &#8211; Prof Jo\u00e3o Bas\u00edlio<\/a><\/p>\n<p><a href=\"https:\/\/sociaisaplicadas.ufpr.br\/coordeco\/wp-content\/uploads\/sites\/9\/2022\/09\/Econometria-II-Noturno-Prof.-Marcos-Hasegawa.pdf\">Econometria II &#8211; Noturno &#8211; Prof. Marcos Hasegawa<\/a><\/p>\n<p><a href=\"https:\/\/sociaisaplicadas.ufpr.br\/coordeco\/wp-content\/uploads\/sites\/9\/2022\/09\/Economia-Brasileira-Contempor\u00e2nea-II-Matutino-Prof-Eduardo-Angeli.pdf\">Economia Brasileira Contempor\u00e2nea II &#8211; Matutino &#8211; Prof Eduardo Angeli<\/a><\/p>\n<p><a href=\"https:\/\/sociaisaplicadas.ufpr.br\/coordeco\/wp-content\/uploads\/sites\/9\/2022\/09\/Economia-Industrial-Noturno-Prof.-Walter-Shima.pdf\">Economia Industrial &#8211; Noturno &#8211; Prof. Walter Shima<\/a><\/p>\n<p><strong>Quarto Ano<\/strong><\/p>\n<p><a href=\"https:\/\/sociaisaplicadas.ufpr.br\/coordeco\/wp-content\/uploads\/sites\/9\/2022\/09\/Desenvolvimento-Econ\u00f4mico-II-Matutino-Prof-Hu\u00e1scar.pdf\">Desenvolvimento Econ\u00f4mico II &#8211; Matutino &#8211; Prof Hu\u00e1scar<\/a><\/p>\n<p><a href=\"https:\/\/sociaisaplicadas.ufpr.br\/coordeco\/wp-content\/uploads\/sites\/9\/2022\/09\/Desenvolvimento_Economico-II-Noturno-Profa-Raquel.pdf\">Desenvolvimento_Economico II &#8211; Noturno &#8211; Profa Raquel<\/a><\/p>\n<p><a href=\"https:\/\/sociaisaplicadas.ufpr.br\/coordeco\/wp-content\/uploads\/sites\/9\/2022\/09\/Economia-Regional-e-Urbana-Matutino-Prof.-Alexandre.pdf\">Economia Regional e Urbana &#8211; Matutino &#8211; Prof. Alexandre<\/a><\/p>\n<p><a href=\"https:\/\/sociaisaplicadas.ufpr.br\/coordeco\/wp-content\/uploads\/sites\/9\/2022\/09\/Economia-Regional-e-Urbana-Turma-extra-Profa-Terciane.pdf\">Economia Regional e Urbana &#8211; Turma extra &#8211; Profa Terciane<\/a><\/p>\n<p><a href=\"https:\/\/sociaisaplicadas.ufpr.br\/coordeco\/wp-content\/uploads\/sites\/9\/2022\/09\/Setor-P\u00fablico-Noturno-Turma-N-Prof.-Victor-Oliveira.pdf\">Setor P\u00fablico &#8211; Noturno &#8211; Turma N &#8211; Prof. Victor Oliveira<\/a><\/p>\n<p><a href=\"https:\/\/sociaisaplicadas.ufpr.br\/coordeco\/wp-content\/uploads\/sites\/9\/2022\/09\/Setor-P\u00fablico-Noturno-Turma-P-Prof.-Victor-Oliveira.pdf\">Setor P\u00fablico &#8211; Noturno &#8211; Turma P &#8211; Prof. Victor Oliveira<\/a><\/p>\n<p><strong>Disciplinas Optativas<\/strong><\/p>\n<p><a href=\"https:\/\/sociaisaplicadas.ufpr.br\/coordeco\/wp-content\/uploads\/sites\/9\/2022\/09\/Optativa-An\u00e1lise-Multivariada-Matutino-Prof.-Vin\u00edcius-Vale.pdf\">Optativa &#8211; An\u00e1lise Multivariada &#8211; Matutino &#8211; Prof. Vin\u00edcius Vale<\/a><\/p>\n<p><a href=\"https:\/\/sociaisaplicadas.ufpr.br\/coordeco\/wp-content\/uploads\/sites\/9\/2022\/09\/Optativa-Cie\u0302ncia-Tecnologia-e-Desenvolvimento-Profa-Carolina.pdf\">Optativa &#8211; Cie\u0302ncia, Tecnologia e Desenvolvimento &#8211; Profa Carolina<\/a><\/p>\n<p><a href=\"https:\/\/sociaisaplicadas.ufpr.br\/coordeco\/wp-content\/uploads\/sites\/9\/2022\/09\/Optativa-Economia-Comportamental-Matutino-Profa-Adriana.pdf\">Optativa &#8211; Economia Comportamental &#8211; Matutino &#8211; Profa Adriana<\/a><\/p>\n<p><a href=\"https:\/\/sociaisaplicadas.ufpr.br\/coordeco\/wp-content\/uploads\/sites\/9\/2022\/09\/Optativa-Mercado-de-Capitais-An\u00e1lise-de-Investimentos-Prof-Jose-Guilherme.pdf\">Optativa &#8211; Mercado de Capitais &#8211; An\u00e1lise de Investimentos &#8211; Prof Jose Guilherme<\/a><\/p>\n<p><a href=\"https:\/\/sociaisaplicadas.ufpr.br\/coordeco\/wp-content\/uploads\/sites\/9\/2022\/09\/Optativa-Microeconometria-Noturno-Prof.-Victor-Oliveira.pdf\">Optativa &#8211; Microeconometria &#8211; Noturno &#8211; Prof. Victor Oliveira<\/a><\/p>\n<p><a href=\"https:\/\/sociaisaplicadas.ufpr.br\/coordeco\/wp-content\/uploads\/sites\/9\/2022\/09\/Optativa-Programacao-do-Setor-Publico-Noturno-Prof.-Fernando-Motta.pdf\">Optativa &#8211; Programacao do Setor Publico &#8211; Noturno &#8211; Prof. Fernando Motta<\/a><\/p>\n<p><a href=\"https:\/\/sociaisaplicadas.ufpr.br\/coordeco\/wp-content\/uploads\/sites\/9\/2022\/09\/Optativa-Startups-e-capital-de-risco-Matutino-Prof-Victor-Pelaez.pdf\">Optativa &#8211; Startups e capital de risco &#8211; Matutino &#8211; Prof Victor Pelaez<\/a><\/p>\n<p><a href=\"https:\/\/sociaisaplicadas.ufpr.br\/coordeco\/wp-content\/uploads\/sites\/9\/2022\/09\/Optativa-Startups-e-capital-de-risco-Noturno-Prof-Victor-Pelaez.pdf\">Optativa &#8211; Startups e capital de risco &#8211; Noturno &#8211; Prof Victor Pelaez<\/a><\/p>\n<p><a href=\"https:\/\/sociaisaplicadas.ufpr.br\/coordeco\/wp-content\/uploads\/sites\/9\/2022\/09\/Optativa-T\u00f3picos-Especiais-Economia-Computacional-Prof-Jo\u00e3o-Basilio.pdf\">Optativa &#8211; T\u00f3picos Especiais &#8211; Economia Computacional &#8211; Prof Jo\u00e3o Basilio<\/a><\/p>\n<p><b>* Resolu\u00e7\u00f5es que amparam a realiza\u00e7\u00e3o do atual per\u00edodo de aulas**<\/b><\/p>\n<p>a) <a href=\"https:\/\/sociaisaplicadas.ufpr.br\/coordeco\/wp-content\/uploads\/sites\/9\/2022\/05\/RESOLU%C3%87%C3%83O-N%C2%BA-04-22-CEPE-macrodatas-2022.pdf\">Resolu\u00e7\u00e3o CEPE 04\/22<\/a><\/p>\n<p>b) <a href=\"https:\/\/sociaisaplicadas.ufpr.br\/coordeco\/wp-content\/uploads\/sites\/9\/2022\/05\/RESOLU%C3%87%C3%83O-N%C2%BA-04-22-CEPE-macrodatas-2022.pdf\">Resolu\u00e7\u00e3o CEPE 40\/22<\/a><\/p>\n<p>&nbsp;<\/p>\n","protected":false},"excerpt":{"rendered":"<p>Matr\u00edculas, via SIGA, nos dias 01 a 05\/outubro para o per\u00edodo de aulas que se inicia a partir de 17\/outubro\/2022 I) Calend\u00e1rio: Resolu\u00e7\u00e3o CEPE 04\/22\u202f,\u00a0RESOLUC\u0327A\u0303O-No-31-22-CEPE e\u00a0Resolu\u00e7\u00e3o CEPE 40\/22 II) Datas Importantes:\u00a0 Entre os dias 01 a 05\/outubro\/2022: acesse seu cadastro no SIGA e registre suas matr\u00edculas nas disciplinas selecionadas. SOMENTE NESTAS DATAS! Pedidos de matr\u00edculas [&hellip;]<\/p>\n","protected":false},"author":2793,"featured_media":0,"parent":0,"menu_order":0,"comment_status":"closed","ping_status":"closed","template":"","meta":{"footnotes":""},"class_list":["post-2123","page","type-page","status-publish","hentry"],"_links":{"self":[{"href":"https:\/\/sociaisaplicadas.ufpr.br\/coordeco\/wp-json\/wp\/v2\/pages\/2123","targetHints":{"allow":["GET"]}}],"collection":[{"href":"https:\/\/sociaisaplicadas.ufpr.br\/coordeco\/wp-json\/wp\/v2\/pages"}],"about":[{"href":"https:\/\/sociaisaplicadas.ufpr.br\/coordeco\/wp-json\/wp\/v2\/types\/page"}],"author":[{"embeddable":true,"href":"https:\/\/sociaisaplicadas.ufpr.br\/coordeco\/wp-json\/wp\/v2\/users\/2793"}],"replies":[{"embeddable":true,"href":"https:\/\/sociaisaplicadas.ufpr.br\/coordeco\/wp-json\/wp\/v2\/comments?post=2123"}],"version-history":[{"count":28,"href":"https:\/\/sociaisaplicadas.ufpr.br\/coordeco\/wp-json\/wp\/v2\/pages\/2123\/revisions"}],"predecessor-version":[{"id":3252,"href":"https:\/\/sociaisaplicadas.ufpr.br\/coordeco\/wp-json\/wp\/v2\/pages\/2123\/revisions\/3252"}],"wp:attachment":[{"href":"https:\/\/sociaisaplicadas.ufpr.br\/coordeco\/wp-json\/wp\/v2\/media?parent=2123"}],"curies":[{"name":"wp","href":"https:\/\/api.w.org\/{rel}","templated":true}]}}