{"id":225,"date":"2016-09-20T15:45:16","date_gmt":"2016-09-20T18:45:16","guid":{"rendered":"https:\/\/sociaisaplicadas.ufpr.br\/economia\/?page_id=200"},"modified":"2024-02-28T10:19:59","modified_gmt":"2024-02-28T13:19:59","slug":"a-coordenacao","status":"publish","type":"page","link":"https:\/\/sociaisaplicadas.ufpr.br\/coordeco\/a-coordenacao\/","title":{"rendered":"A Coordena\u00e7\u00e3o"},"content":{"rendered":"\n<p><\/p>\n\n\n<p style=\"text-align: left\"><strong>Bem vindo(a) ao Site da Coordena\u00e7\u00e3o do Curso de Ci\u00eancias Econ\u00f4micas da Universidade Federal do Paran\u00e1!<\/strong><\/p>\n<p style=\"text-align: left\"><strong>Acesse aqui a p\u00e1gina com\u00a0<a href=\"https:\/\/sociaisaplicadas.ufpr.br\/coordeco\/a-coordenacao\/informativos\/\">Informativos e Eventos<\/a>.<\/strong><\/p>\n<p>O curso de Ci\u00eancias Econ\u00f4micas proporciona uma vis\u00e3o plural das diversas correntes do pensamento econ\u00f4mico. Tem por objetivo formar o profissional para a sociedade, sem perder a perspectiva de uma prepara\u00e7\u00e3o direcionada para as atividades produtivas, industriais, comerciais e financeiras.<\/p>\n<p>A gradua\u00e7\u00e3o visa desenvolver a capacidade de an\u00e1lise cr\u00edtica e do conhecimento dispon\u00edvel, para formar cidad\u00e3os capazes de atuar como agentes transformadores. Para atender esses requisitos, o curso inclui em sua programa\u00e7\u00e3o o aprofundamento te\u00f3rico-metodol\u00f3gico, estudos e an\u00e1lises sob a perspectiva hist\u00f3rica, instrumental quantitativo e demais disciplinas instrumentais.<\/p>\n<p>Quem pretende ser um profissional de Economia deve ter disposi\u00e7\u00e3o para muita leitura, senso cr\u00edtico, capacidade para diagnosticar e resolver problemas, tamb\u00e9m manter-se atualizado por meio de jornais, revistas, pesquisa na internet, al\u00e9m de participar de palestras, semin\u00e1rios e cursos.<\/p>\n<p>Para operacionalizar o seu Projeto Pedag\u00f3gico, em fun\u00e7\u00e3o das compet\u00eancias e das habilidades exigidas pelo perfil do profissional que se pretende formar, a estrutura curricular e a pr\u00e1tica pedag\u00f3gica do Curso de Economia da UFPR s\u00e3o concebidas para:<\/p>\n<table>\n<tbody>\n<tr>\n<td>Fornecer uma s\u00f3lida forma\u00e7\u00e3o te\u00f3rica, hist\u00f3rica e instrumental no campo da Economia<\/td>\n<\/tr>\n<tr>\n<td>Propiciar, atrav\u00e9s do instrumental te\u00f3rico adequado, a obten\u00e7\u00e3o dos conhecimentos necess\u00e1rios para a interpreta\u00e7\u00e3o cr\u00edtica e objetiva da realidade social e econ\u00f4mica, assim como a capacidade de interven\u00e7\u00e3o nessa realidade concreta<\/td>\n<\/tr>\n<tr>\n<td>Proporcionar a aquisi\u00e7\u00e3o de conhecimentos que permitam a compreens\u00e3o da forma\u00e7\u00e3o econ\u00f4mica e social brasileira como parte de um todo que \u00e9 a economia mundial<\/td>\n<\/tr>\n<tr>\n<td>Capacitar o\/a formando\/a em Economia para, respeitando a pluralidade ideol\u00f3gica, atuar de maneira competente e com senso \u00e9tico da responsabilidade social e profissional<\/td>\n<\/tr>\n<tr>\n<td>Promover atividades de ensino integradas \u00e0 pesquisa e a extens\u00e3o no sentido de estimular a cria\u00e7\u00e3o e a reflex\u00e3o, assim como se reformular atrav\u00e9s do contato permanente com a sociedade<\/td>\n<\/tr>\n<\/tbody>\n<\/table>","protected":false},"excerpt":{"rendered":"<p>Bem vindo(a) ao Site da Coordena\u00e7\u00e3o do Curso de Ci\u00eancias Econ\u00f4micas da Universidade Federal do Paran\u00e1! Acesse aqui a p\u00e1gina com\u00a0Informativos e Eventos. O curso de Ci\u00eancias Econ\u00f4micas proporciona uma vis\u00e3o plural das diversas correntes do pensamento econ\u00f4mico. Tem por objetivo formar o profissional para a sociedade, sem perder a perspectiva de uma prepara\u00e7\u00e3o direcionada [&hellip;]<\/p>\n","protected":false},"author":2783,"featured_media":0,"parent":0,"menu_order":0,"comment_status":"closed","ping_status":"closed","template":"","meta":{"footnotes":""},"class_list":["post-225","page","type-page","status-publish","hentry"],"_links":{"self":[{"href":"https:\/\/sociaisaplicadas.ufpr.br\/coordeco\/wp-json\/wp\/v2\/pages\/225","targetHints":{"allow":["GET"]}}],"collection":[{"href":"https:\/\/sociaisaplicadas.ufpr.br\/coordeco\/wp-json\/wp\/v2\/pages"}],"about":[{"href":"https:\/\/sociaisaplicadas.ufpr.br\/coordeco\/wp-json\/wp\/v2\/types\/page"}],"author":[{"embeddable":true,"href":"https:\/\/sociaisaplicadas.ufpr.br\/coordeco\/wp-json\/wp\/v2\/users\/2783"}],"replies":[{"embeddable":true,"href":"https:\/\/sociaisaplicadas.ufpr.br\/coordeco\/wp-json\/wp\/v2\/comments?post=225"}],"version-history":[{"count":18,"href":"https:\/\/sociaisaplicadas.ufpr.br\/coordeco\/wp-json\/wp\/v2\/pages\/225\/revisions"}],"predecessor-version":[{"id":2801,"href":"https:\/\/sociaisaplicadas.ufpr.br\/coordeco\/wp-json\/wp\/v2\/pages\/225\/revisions\/2801"}],"wp:attachment":[{"href":"https:\/\/sociaisaplicadas.ufpr.br\/coordeco\/wp-json\/wp\/v2\/media?parent=225"}],"curies":[{"name":"wp","href":"https:\/\/api.w.org\/{rel}","templated":true}]}}