{"id":2502,"date":"2023-07-06T13:09:44","date_gmt":"2023-07-06T16:09:44","guid":{"rendered":"https:\/\/sociaisaplicadas.ufpr.br\/coordeco\/?page_id=2502"},"modified":"2023-07-12T15:08:18","modified_gmt":"2023-07-12T18:08:18","slug":"principais-datas","status":"publish","type":"page","link":"https:\/\/sociaisaplicadas.ufpr.br\/coordeco\/principais-datas\/","title":{"rendered":"PRINCIPAIS DATAS"},"content":{"rendered":"<p>Segue um resumo das principais datas (e avisos importantes) destacadas pela Coordena\u00e7\u00e3o do Curso, as datas na \u00edntegra devem ser consultadas na Res.-62.22 CEPE \u2013 calend\u00e1rio 2023<\/p>\n<p>O 2\u00ba semestre de 2023 ter\u00e1 in\u00edcio em 24\/julho\/2023 e t\u00e9rmino em 02\/dezembro\/2023.<\/p>\n<p>As aulas ser\u00e3o todas no FORMATO PRESENCIAL (com exce\u00e7\u00e3o de disciplinas que possuem parte da carga hor\u00e1ria previamente registradas no formato EaD, conforme a Ficha 1 da mesma. A Ficha 2 \u00e9 produzida por cada docente a partir da Ficha 1, que \u00e9 de base fixa.<\/p>\n<p>Devido a implementa\u00e7\u00e3o do Novo Curr\u00edculo a partir do 1\u00ba semestre de 2023 TODAS AS DISCIPLINAS SER\u00c3O OFERTADAS EM REGIME SEMESTRAL e ter\u00e3o a devida correspond\u00eancia lan\u00e7ada automaticamente no SIGA para os alunos com GRR anterior a 2022.<\/p>\n<p>Entre os dias 15 a 18\/julho\/2023: acesse seu cadastro no SIGA e registre suas solicita\u00e7\u00f5es de matr\u00edcula nas disciplinas selecionadas.<\/p>\n<p>ATEN\u00c7\u00c3O: Cada estudante precisa se matricular e cursar disciplinas (no m\u00ednimo ter registro de 16 horas-aula por semana). Esse total de horas equivale, por exemplo, a 4 disciplinas de 60h. Esse total n\u00e3o se aplica a estudantes que est\u00e3o na fase final do curso e precisam cursar carga hor\u00e1ria restante que pode ser menor que essa quantidade m\u00ednima. Pode ser que nesses casos n\u00e3o seja poss\u00edvel realizar a matr\u00edcula no SIGA e ser\u00e1 necess\u00e1rio solicitar as matr\u00edculas \u00e0 secretaria da Coordena\u00e7\u00e3o no per\u00edodo de ajuste de matr\u00edculas. Somente nestes casos que a secretaria realizar\u00e1 a matr\u00edcula, durante o per\u00edodo de ajustes.<\/p>\n<p>19 e 20\/julho\/2023: \u2013 PROCESSAMENTO DAS MATR\u00cdCULAS \u2013 procedimento autom\u00e1tico do SIGA. Apenas depois disso, as turmas em que voc\u00ea foi efetivamente matriculada\/o aparecer\u00e3o em sua tela como tal.<\/p>\n<p>22 a 24\/julho\/2023\u2013 Per\u00edodo para solicitar AJUSTE DE SUA MATR\u00cdCULA NO SIGA. IMPORTANTE: Esta \u00e9 uma funcionalidade nova no sistema. N\u00e3o haver\u00e1 interfer\u00eancia da Secretaria neste ajuste. Toda solicita\u00e7\u00e3o de ajuste, neste momento, dever\u00e1 ser realizada no SIGA. Voc\u00ea poder\u00e1 solicitar remo\u00e7\u00e3o ou inclus\u00e3o de matr\u00edcula em disciplina, respeitando sempre a carga hor\u00e1ria m\u00ednima exigida (para remo\u00e7\u00e3o) e a exist\u00eancia de vagas na turma (para inclus\u00e3o).<\/p>\n<p>24\/julho\/2023 \u2013IN\u00cdCIO DO PER\u00cdODO LETIVO<\/p>\n<p>25\/julho\/2023 \u2013 PROCESSAMENTO DO AJUSTE DAS MATR\u00cdCULAS\u2013 procedimento autom\u00e1tico do SIGA. Apenas depois disso, as turmas que voc\u00ea eventualmente tenha cancelado e aquelas em que voc\u00ea foi efetivamente matriculada\/o ap\u00f3s o ajuste aparecer\u00e3o em sua tela como tal.<\/p>\n<p>26\/julho\/2023 a 07\/agosto\/2023 \u2013 CORRE\u00c7\u00c3O RESIDUAL DE MATR\u00cdCULAS PELA COORDENA\u00c7\u00c3O: A Secretaria divulgar\u00e1, em seu tempo, o m\u00e9todo de realiza\u00e7\u00e3o desta corre\u00e7\u00e3o, para eventuais sobras de vagas.<\/p>\n<p>03\/julho\/2023 a 18\/08\/2023\u2013 Prazo para os alunos que n\u00e3o efetuaram matr\u00edcula em disciplinas ofertadas para o 2\u00ba semestre de 2023 protocolarem trancamento de curso via SIGA (Res. 97-A\/15-CEPE; IN 01\/16-PROGRAD,Art. 4)<\/p>\n<p>08\/agosto\/2023 a 29\/setembro\/2023\u2013 Prazo para os alunos que efetuaram matr\u00edcula em disciplinas ofertadas para o 2\u00ba semestre de 2023 protocolarem trancamento de curso via SIGA (Res. 97-A\/15-CEPE; IN 01\/16-PROGRAD,Art. 4)<\/p>\n<p>Sobre MATR\u00cdCULAS nas disciplinas de MONOGRAFIA I e\/ou MONOGRAFIA II: cada estudante \u00e9 respons\u00e1vel por, primeiramente, consultar e obter o aceite do(a) professor(a)<\/p>\n<p>orientador(a), conforme a \u00e1rea de pesquisa de interesse. Ap\u00f3s ter o aceite do(a) docente, cada estudante dever\u00e1 registrar sua matr\u00edcula diretamente no SIGA na respectiva turma do(a) docente que lhe orientar\u00e1. Caso voc\u00ea registre sua matr\u00edcula no SIGA e n\u00e3o tenha obtido aceite\/confirma\u00e7\u00e3o de orienta\u00e7\u00e3o, previamente, do(a) orientador(a), seu nome poder\u00e1 ser exclu\u00eddo da turma a pedido do(a) docente. Por isso \u00e9 fundamental acertar o processo de orienta\u00e7\u00e3o antes de efetuar a matr\u00edcula no SIGA.<\/p>\n<p>Sobre MATR\u00cdCULAS nas turmas de SE635 EXPERI\u00caNCIAS EXTENSIONISTAS II: os discentes DEVEM se matricular na turma do MESMO DOCENTE E PROJETO em que cursaram a SE634 Experi\u00eancias Extensionistas I.<\/p>\n<p>Sobre a OBRIGATORIEDADE NA REALIZA\u00c7\u00c3O DE MATR\u00cdCULAS: Todo(a) estudante precisar\u00e1 se matricular, obrigatoriamente, em disciplinas neste pr\u00f3ximo per\u00edodo letivo. Quem n\u00e3o possuir registro de matr\u00edcula em qualquer disciplina perder\u00e1 o v\u00ednculo com a UFPR ao final deste semestre letivo. Isso \u00e9 extremamente s\u00e9rio e requer sua aten\u00e7\u00e3o. \u00c9 sua obriga\u00e7\u00e3o saber sobre seu dever de manter v\u00ednculo ativo com a UFPR para n\u00e3o perder seu v\u00ednculo. Quem n\u00e3o puder cursar quaisquer disciplinas deve solicitar trancamento de curso, necessariamente (lembrando que o 1\u00ba trancamento n\u00e3o precisa ser justificado, e o direito ao 2\u00ba e 3\u00ba trancamento precisam ser aprovados pelo Colegiado de Curso). Defina as suas matr\u00edculas SEMPRE priorizando as matr\u00edculas em disciplinas OBRIGAT\u00d3RIAS e nas disciplinas em que voc\u00ea est\u00e1 atrasado(a)!<\/p>\n<p>ORIENTA\u00c7\u00c3O IMPORTANT\u00cdSSIMA: a escolha de disciplinas deve priorizar aquelas em que voc\u00ea est\u00e1 atrasado(a), conforme seu per\u00edodo no curso. Ap\u00f3s isso, preencha sua matriz de hor\u00e1rios com outras disciplinas obrigat\u00f3rias alinhadas ao seu momento no curso e em fun\u00e7\u00e3o dos pr\u00e9-requisitos j\u00e1 cumpridos. S\u00f3 ap\u00f3s isso recomendamos encaixar as disciplinas optativas ou disciplinas obrigat\u00f3rias que estejam sendo, possivelmente, adiantadas.<\/p>\n<p>Sobre CANCELAMENTOS DE MATR\u00cdCULAS: acompanhem o prazo oficial para realizar cancelamento de matr\u00edculas diretamente no SIGA e no calend\u00e1rio acad\u00eamico . Ap\u00f3s esse prazo n\u00e3o ser\u00e3o aceitos quaisquer pedidos de cancelamento de matr\u00edcula enviados \u00e0 secretaria da Coordena\u00e7\u00e3o de Curso. At\u00e9 porque o sistema fica bloqueado para a secretaria.<\/p>\n<p>Estudantes que, em alguma hip\u00f3tese, cancelam todas as disciplinas e ficam sem qualquer matr\u00edcula passam a ser classificados(as) como Abandono de curso e perdem o v\u00ednculo com a UFPR no semestre seguinte.<\/p>\n<p>Estudantes que realizam est\u00e1gio n\u00e3o podem cancelar todas as disciplinas e nem trancar o curso, sob o risco de ter o est\u00e1gio invalidado e sofrer penalidades administrativas. E isso poder\u00e1 implicar em indeferimento de novos contratos de est\u00e1gio nos semestres seguintes.<\/p>\n<p>ORIENTA\u00c7\u00c3O IMPORTANT\u00cdSSIMA: lembramos que existem limites para os cancelamentos de matr\u00edcula. Cada estudante s\u00f3 pode cancelar uma vez a mesma disciplina ao longo do curso (ver a Resolu\u00e7\u00e3o CEPE 37\/97 \u2013 Art. 60). N\u00e3o saia cancelando as matr\u00edculas sem pensar nas implica\u00e7\u00f5es de seus atos. Voc\u00ea \u00e9 respons\u00e1vel por ter ci\u00eancia das regras da UFPR e das implica\u00e7\u00f5es de suas decis\u00f5es no gerenciamento de sua vida acad\u00eamica. O cancelamento de disciplinas n\u00e3o pode deixar o(a) estudante com carga hor\u00e1ria semanal abaixo do m\u00ednimo de 16h.<\/p>\n<p>Sobre a ORDEM DE PRIORIDADE NO ATO DA MATR\u00cdCULA: obedece a Resolu\u00e7\u00e3o CEPE 37\/97, conforme esses crit\u00e9rios:<\/p>\n<p>1\u00ba) estudantes periodizados(as) e no mesmo turno em rela\u00e7\u00e3o \u00e0 disciplina solicitada;<\/p>\n<p>2\u00ba) estudantes classificados(as) em situa\u00e7\u00e3o de jubilamento;<\/p>\n<p>3\u00ba) estudantes\u202fdesperiodizados(as) por motivo de reprova\u00e7\u00e3o exclusivamente por nota;<\/p>\n<p>4\u00ba) estudantes desperiodizados(as) por motivo de reprova\u00e7\u00e3o por frequ\u00eancia;<\/p>\n<p>5\u00ba) N\u00famero de per\u00edodos j\u00e1 conclu\u00eddos;<\/p>\n<p>6\u00ba) IRA.<\/p>\n","protected":false},"excerpt":{"rendered":"<p>Segue um resumo das principais datas (e avisos importantes) destacadas pela Coordena\u00e7\u00e3o do Curso, as datas na \u00edntegra devem ser consultadas na Res.-62.22 CEPE \u2013 calend\u00e1rio 2023 O 2\u00ba semestre de 2023 ter\u00e1 in\u00edcio em 24\/julho\/2023 e t\u00e9rmino em 02\/dezembro\/2023. As aulas ser\u00e3o todas no FORMATO PRESENCIAL (com exce\u00e7\u00e3o de disciplinas que possuem parte da [&hellip;]<\/p>\n","protected":false},"author":2793,"featured_media":0,"parent":0,"menu_order":0,"comment_status":"closed","ping_status":"closed","template":"","meta":{"footnotes":""},"class_list":["post-2502","page","type-page","status-publish","hentry"],"_links":{"self":[{"href":"https:\/\/sociaisaplicadas.ufpr.br\/coordeco\/wp-json\/wp\/v2\/pages\/2502","targetHints":{"allow":["GET"]}}],"collection":[{"href":"https:\/\/sociaisaplicadas.ufpr.br\/coordeco\/wp-json\/wp\/v2\/pages"}],"about":[{"href":"https:\/\/sociaisaplicadas.ufpr.br\/coordeco\/wp-json\/wp\/v2\/types\/page"}],"author":[{"embeddable":true,"href":"https:\/\/sociaisaplicadas.ufpr.br\/coordeco\/wp-json\/wp\/v2\/users\/2793"}],"replies":[{"embeddable":true,"href":"https:\/\/sociaisaplicadas.ufpr.br\/coordeco\/wp-json\/wp\/v2\/comments?post=2502"}],"version-history":[{"count":2,"href":"https:\/\/sociaisaplicadas.ufpr.br\/coordeco\/wp-json\/wp\/v2\/pages\/2502\/revisions"}],"predecessor-version":[{"id":2505,"href":"https:\/\/sociaisaplicadas.ufpr.br\/coordeco\/wp-json\/wp\/v2\/pages\/2502\/revisions\/2505"}],"wp:attachment":[{"href":"https:\/\/sociaisaplicadas.ufpr.br\/coordeco\/wp-json\/wp\/v2\/media?parent=2502"}],"curies":[{"name":"wp","href":"https:\/\/api.w.org\/{rel}","templated":true}]}}