{"id":2506,"date":"2023-07-07T12:41:24","date_gmt":"2023-07-07T15:41:24","guid":{"rendered":"https:\/\/sociaisaplicadas.ufpr.br\/coordeco\/?page_id=2506"},"modified":"2023-08-29T11:50:06","modified_gmt":"2023-08-29T14:50:06","slug":"ementas","status":"publish","type":"page","link":"https:\/\/sociaisaplicadas.ufpr.br\/coordeco\/ementas\/","title":{"rendered":"Planejamento das aulas e ementas das disciplinas"},"content":{"rendered":"<p>PRIMEIRO ANO<\/p>\n<p><a href=\"https:\/\/sociaisaplicadas.ufpr.br\/coordeco\/wp-content\/uploads\/sites\/9\/2023\/07\/FEB_2023.docx-ANGELI.pdf\">SE604 &#8211; Forma\u00e7\u00e3o Econ\u00f4mica do Brasil &#8211; turma D e E &#8211; EDUARDO ANGELI<\/a><\/p>\n<p><a href=\"https:\/\/sociaisaplicadas.ufpr.br\/coordeco\/wp-content\/uploads\/sites\/9\/2023\/07\/FEB___ficha_2-KRAJEVSKI.pdf\">SE604 &#8211; Forma\u00e7\u00e3o Econ\u00f4mica do Brasil &#8211; turma N e P &#8211; LUIS CLAUDIO KRAJEVSKI<\/a><\/p>\n<p><a href=\"https:\/\/sociaisaplicadas.ufpr.br\/coordeco\/wp-content\/uploads\/sites\/9\/2023\/07\/Ficha2_SE603a_2023_Analise_de_Investimentos_adaltojL.pdf\">SE603A- An\u00e1lise de Investimentos &#8211; turma D e E &#8211; ADALTO ACIR ALTHAUS JUNIOR<\/a><\/p>\n<p><a href=\"https:\/\/sociaisaplicadas.ufpr.br\/coordeco\/wp-content\/uploads\/sites\/9\/2023\/07\/FICHA2_SE603A_Analise_de_Investimentos_Dayane.pdf\">SE603A- An\u00e1lise de Investimentos &#8211; turma N e P &#8211; DAYANE ROCHA DE PAULI<\/a><\/p>\n<p><a href=\"https:\/\/sociaisaplicadas.ufpr.br\/coordeco\/wp-content\/uploads\/sites\/9\/2023\/08\/FICHA2_SE603A_Analise_de_Investimentos_Jaqueline.pdf\">SE603 &#8211; An\u00e1lise de Investimentos &#8211; turma extra &#8211; JAQUELINE VINSENTIN<\/a><\/p>\n<p><a href=\"https:\/\/sociaisaplicadas.ufpr.br\/coordeco\/wp-content\/uploads\/sites\/9\/2023\/07\/Anexo_SE704___Calculo_Aplicado_a_Economia_II__Diurno_GIAN.pdf\">SE704 &#8211; C\u00e1lculo aplicado \u00e0 Economia II &#8211; turma D e E &#8211; GIAN PAULO SOAVE<\/a><\/p>\n<p><a href=\"https:\/\/sociaisaplicadas.ufpr.br\/coordeco\/wp-content\/uploads\/sites\/9\/2023\/07\/SE704-C\u00e1lculo-Aplicado-\u00e0-Economia-II-Extra.pdf\">SE704 &#8211; C\u00e1lculo aplicado \u00e0 Economia II &#8211; turma EXTRA MATUTINO &#8211; DIEGO FERREIRA<\/a><\/p>\n<p><a href=\"https:\/\/sociaisaplicadas.ufpr.br\/coordeco\/wp-content\/uploads\/sites\/9\/2023\/07\/SE704_Calculo_Aplicado_a_Economia_II-GABARDO-NOTURNO.pdf\">SE704 &#8211; C\u00e1lculo aplicado \u00e0 Economia II &#8211; turma N e P &#8211; FRANCISCO ADILSON GABARDO<\/a><\/p>\n<p>CE009 &#8211; Introdu\u00e7\u00e3o \u00e0 Estat\u00edstica &#8211; turma D e E &#8211; MARIO LUIZ FERREIRA DA SILVA<\/p>\n<p>CE009 &#8211; Introdu\u00e7\u00e3o \u00e0 Estat\u00edstica &#8211; turma N e P &#8211; SANDRA DENISEN DO ROCIO MARCELINO<\/p>\n<p>HSS102 &#8211; Introdu\u00e7\u00e3o \u00e0 Sociologia para Economia &#8211; turmas D e E &#8211; RODOLFO BEZERRA DE MENEZES LOBATO DA COSTA<\/p>\n<p><a href=\"https:\/\/sociaisaplicadas.ufpr.br\/coordeco\/wp-content\/uploads\/sites\/9\/2023\/07\/Calculo_Aplicado_a_Economia_I-JACINTO.pdf\">SE703 &#8211; C\u00e1lculo aplicado \u00e0 Economia I &#8211; EXTRA MATUTINO &#8211; PAULO DE ANDRADE JACINTO<\/a><\/p>\n<p><a href=\"https:\/\/sociaisaplicadas.ufpr.br\/coordeco\/wp-content\/uploads\/sites\/9\/2023\/07\/SE703-C\u00e1lculo-Aplicado-\u00e0-Economia-I-Extra.pdf\">SE703 &#8211; C\u00e1lculo aplicado \u00e0 Economia I &#8211; EXTRA D e E MATUTINO &#8211; DIEGO FERREIRA<\/a><\/p>\n<p><a href=\"https:\/\/sociaisaplicadas.ufpr.br\/coordeco\/wp-content\/uploads\/sites\/9\/2023\/07\/SE703-C\u00e1lculo-Aplic.-a-Economia-I-Extra-noite.pdf\">SE703 &#8211; C\u00e1lculo aplicado \u00e0 Economia I &#8211; EXTRA N e P NOTURNO &#8211; PEDRO COSTA EINLOFT<\/a><\/p>\n<p><a href=\"https:\/\/sociaisaplicadas.ufpr.br\/coordeco\/wp-content\/uploads\/sites\/9\/2023\/08\/FICHA2-Introdu\u00e7\u00e3o-\u00e0-Extens\u00e3o-Universit\u00e1ria-1.pdf\">SE599A &#8211; Introdu\u00e7\u00e3o \u00e0 Extens\u00e3o Universit\u00e1ria turma D , E, N e P &#8211; WELLINGTON DA SILVA PEREIRA<\/a><\/p>\n<p>SEGUNDO ANO<\/p>\n<p><a href=\"https:\/\/sociaisaplicadas.ufpr.br\/coordeco\/wp-content\/uploads\/sites\/9\/2023\/07\/Ficha2_Marcos_Paulo_HPE_II_2023_versao_com_bibliografia_da_ficha_1-FUCK.pdf\">SE611 &#8211; Hist\u00f3ria do Pensamento Econ\u00f4mico II &#8211; turmas D e E 4\u00ba per\u00edodo &#8211; MARCOS PAULO FUCK<\/a><\/p>\n<p><a href=\"https:\/\/sociaisaplicadas.ufpr.br\/coordeco\/wp-content\/uploads\/sites\/9\/2023\/07\/Historia_do_Pensamento_Economico_II___Ficha_2-VICTOR-SILVA.pdf\">SE611 &#8211; Hist\u00f3ria do Pensamento Econ\u00f4mico II &#8211; turmas N e P 4\u00ba per\u00edodo &#8211; VICTOR NUNES LEAL CRUZ E SILVA<\/a><\/p>\n<p><a href=\"https:\/\/sociaisaplicadas.ufpr.br\/coordeco\/wp-content\/uploads\/sites\/9\/2023\/07\/FICHA2___SE612___Teoria_Microeconomica_II-KENIA.pdf\">SE612 &#8211; Teoria Microecon\u00f4mica II turma D e E &#8211; K\u00caNIA BARREIRO DE SOUZA<\/a><\/p>\n<p><a href=\"https:\/\/sociaisaplicadas.ufpr.br\/coordeco\/wp-content\/uploads\/sites\/9\/2023\/07\/Teoria_Microeconomica_Noturno_2_Semestre_Ficha_2_A-ARMANDO.pdf\">SE612 &#8211; Teoria Microecon\u00f4mica II turma N e P &#8211; ARMANDO VAZ SAMPAIO<\/a><\/p>\n<p><a href=\"https:\/\/sociaisaplicadas.ufpr.br\/coordeco\/wp-content\/uploads\/sites\/9\/2023\/07\/Ficha-2-SE610-Macroeconomia-I-Prof-Basilio.pdf\">SE610 &#8211; Teoria Macroecon\u00f4mica I &#8211; turmas D e E &#8211; JO\u00c3O BASILIO PEREIMA NETO<\/a><\/p>\n<p><a href=\"https:\/\/sociaisaplicadas.ufpr.br\/coordeco\/wp-content\/uploads\/sites\/9\/2023\/07\/SE610-MACRO-FERNANDO-MOTTA.pdf\">SE610 &#8211; Teoria Macroecon\u00f4mica I &#8211; turmas N e P &#8211; FERNANDO MOTTA CORREIA<\/a><\/p>\n<p><a href=\"https:\/\/sociaisaplicadas.ufpr.br\/coordeco\/wp-content\/uploads\/sites\/9\/2023\/07\/POLITICA-AQUINO.pdf\">SE613 &#8211; Economia Pol\u00edtica I &#8211; turmas D e E &#8211; DAYANI CRIS DE AQUINO<\/a><\/p>\n<p><a href=\"https:\/\/sociaisaplicadas.ufpr.br\/coordeco\/wp-content\/uploads\/sites\/9\/2023\/07\/FICHA2_Economia_Politica_I__2023_Cipolla.pdf\">SE613 &#8211; Economia Pol\u00edtica I &#8211; turmas N e P &#8211; FRANCISCO PAULO CIPOLLA<\/a><\/p>\n<p><a href=\"https:\/\/sociaisaplicadas.ufpr.br\/coordeco\/wp-content\/uploads\/sites\/9\/2023\/07\/Anexo_SE614_Econometria_I-FLAVIO.pdf\">SE614 &#8211; Econometria I &#8211; turmas D e E &#8211; FLAVIO DE OLIVEIRA GON\u00c7ALVES<\/a><\/p>\n<p><a href=\"https:\/\/sociaisaplicadas.ufpr.br\/coordeco\/wp-content\/uploads\/sites\/9\/2023\/07\/FICHA2__Econometria_I__1_-LEONARDO-NOTURNO.pdf\">SE614 &#8211; Econometria I &#8211; turmas N e P &#8211; LEONARDO MATSUNO DA FROTA<\/a><\/p>\n<p>TERCEIRO ANO<br \/>\n<a href=\"https:\/\/sociaisaplicadas.ufpr.br\/coordeco\/wp-content\/uploads\/sites\/9\/2023\/07\/Ficha_2___Economia_Internacional_II-VINI-VALE.pdf\">SE623 &#8211; Economia Internacional II &#8211; turmas D e E &#8211; VINICIUS DE ALMEIDA VALE<\/a><\/p>\n<p><a href=\"https:\/\/sociaisaplicadas.ufpr.br\/coordeco\/wp-content\/uploads\/sites\/9\/2023\/07\/Ficha_2___Economia_Internacional_II_02_2023-DAYANE-ROCHA.pdf\">SE623 &#8211; Economia Internacional II &#8211; turmas N e P &#8211; LARISSA NAVES DE DEUS DORNELAS<\/a><\/p>\n<p><a href=\"https:\/\/sociaisaplicadas.ufpr.br\/coordeco\/wp-content\/uploads\/sites\/9\/2023\/07\/SEI_23075.029095_2023_70-2-SBICCA.pdf\">SE618 &#8211; Econometria II &#8211; turmas D e E &#8211; ADRIANA SBICCA FERNANDES<\/a><\/p>\n<p><a href=\"https:\/\/sociaisaplicadas.ufpr.br\/coordeco\/wp-content\/uploads\/sites\/9\/2023\/07\/ficha2_se618_econometria_II_2023_noturno-hasegawa.pdf\">SE618 &#8211; Econometria II &#8211; turmas N e P &#8211; MARCOS MINORU HASEGAWA<\/a><\/p>\n<p><a href=\"https:\/\/sociaisaplicadas.ufpr.br\/coordeco\/wp-content\/uploads\/sites\/9\/2023\/07\/SE619_ficha_2_teoria_macroeconomica_II_final-HUGO-1.pdf\">SE619 TEORIA MACROECON\u00d4MICA II turmas D e E HUGO CARCANHOLO IASCO PEREIRA<\/a><\/p>\n<p><a href=\"https:\/\/sociaisaplicadas.ufpr.br\/coordeco\/wp-content\/uploads\/sites\/9\/2023\/07\/ficha2_se_619_noturno_junior_garcia_02_2023-1.pdf\">SE619 TEORIA MACROECON\u00d4MICA II turmas N e P JUNIOR RUIZ GARCIA<\/a><\/p>\n<p><a href=\"https:\/\/sociaisaplicadas.ufpr.br\/coordeco\/wp-content\/uploads\/sites\/9\/2023\/07\/FICHA2_Historia_do_Pensamento_Economico_II_2023_2_Felipe_Alemida_V2.pdf\">SE611- Hist\u00f3ria do Pensamento Econ\u00f4mico II &#8211; turmas D e E 6\u00ba per\u00edodo &#8211; JOSE FELIPE ARAUJO DE ALMEIDA<\/a><\/p>\n<p><a href=\"https:\/\/sociaisaplicadas.ufpr.br\/coordeco\/wp-content\/uploads\/sites\/9\/2023\/07\/Ficha_2___HPE-MARINDIA.pdf\">SE611- Hist\u00f3ria do Pensamento Econ\u00f4mico II &#8211; turmas N e P 6\u00ba per\u00edodo &#8211; MAR\u00cdNDIA BRITES<\/a><\/p>\n<p><a href=\"https:\/\/sociaisaplicadas.ufpr.br\/coordeco\/wp-content\/uploads\/sites\/9\/2023\/07\/FICHA2___Economia_Industrial-BAGATOLI-1.pdf\">SE621A ECONOMIA INDUSTRIAL turmas N e P CAROLINA BAGATTOLLI<\/a><\/p>\n<p><a href=\"https:\/\/sociaisaplicadas.ufpr.br\/coordeco\/wp-content\/uploads\/sites\/9\/2023\/07\/Ficha_2_Economia_Brasileira_Contemporanea_II___Diurno___profa_Jaqueline_Semestre2_2023.pdf\">SE630 &#8211; Economia Brasileira Contempor\u00e2nea II &#8211; turmas D e E &#8211; JAQUELINE COELHO VISENTIN<\/a><\/p>\n<p><a href=\"https:\/\/sociaisaplicadas.ufpr.br\/coordeco\/wp-content\/uploads\/sites\/9\/2023\/07\/SE627-TEC-PESQUISA-RICARDO-TORRES.pdf\">SE627 &#8211; T\u00e9cnicas de Pesquisa em Economia &#8211; turma EXTRA NOTURNO &#8211; RICARDO LOBATO TORRES<\/a><\/p>\n<p>QUARTO ANO<br \/>\n<a href=\"https:\/\/sociaisaplicadas.ufpr.br\/coordeco\/wp-content\/uploads\/sites\/9\/2023\/07\/Ficha_2_ERU_2023_2_Terciane.pdf\">SE632 &#8211; Economia Regional e Urbana &#8211; turma D &#8211; TERCIANE SABADINI CARVALHO<\/a><\/p>\n<p><a href=\"https:\/\/sociaisaplicadas.ufpr.br\/coordeco\/wp-content\/uploads\/sites\/9\/2023\/07\/se629-JOSE-GUILHERME.pdf\">SE629 &#8211; Economia Monet\u00e1ria e Financeira II &#8211; turma D &#8211; JOS\u00c9 GUILHERME SILVA VIEIRA<\/a><\/p>\n<p><a href=\"https:\/\/sociaisaplicadas.ufpr.br\/coordeco\/wp-content\/uploads\/sites\/9\/2023\/07\/FICHA2_Fabiano_Dalto_SE629.pdf\">SE629 &#8211; Economia Monet\u00e1ria e Financeira II &#8211; turmas N e P -FABIANO ABRANCHES SILVA DALTO<\/a><\/p>\n<p><a href=\"https:\/\/sociaisaplicadas.ufpr.br\/coordeco\/wp-content\/uploads\/sites\/9\/2023\/07\/FICHA2_SE631-HUASCAR.pdf\">SE631 &#8211; Desenvolvimento Econ\u00f4mico II &#8211; turma D &#8211; HUASCAR FIALHO PESSALI<\/a><\/p>\n<p><a href=\"https:\/\/sociaisaplicadas.ufpr.br\/coordeco\/wp-content\/uploads\/sites\/9\/2023\/07\/Modelo_FICHA2_SE631_Desenvolvimento_Economico_II_RG-RAQUEL.pdf\">SE631 &#8211; Desenvolvimento Econ\u00f4mico II &#8211; turmas N e P &#8211; RAQUEL RANGEL DE MEIRELES GUIMAR\u00c3ES<\/a><\/p>\n<p><a href=\"https:\/\/sociaisaplicadas.ufpr.br\/coordeco\/wp-content\/uploads\/sites\/9\/2023\/07\/SE622_Ficha02_Elab_Analise_Projetos_II_2023_02-RICARDO-TORRES.pdf\">SE622 &#8211; Elabora\u00e7\u00e3o e An\u00e1lise de Projetos II &#8211; turma D &#8211; RICARDO LOBATO TORRES<\/a><\/p>\n<p><a href=\"https:\/\/sociaisaplicadas.ufpr.br\/coordeco\/wp-content\/uploads\/sites\/9\/2023\/07\/FICHA2_Elaboracao_e_Analise_de_Projetos_II-FRANCOISE.pdf\">SE622 &#8211; Elabora\u00e7\u00e3o e An\u00e1lise de Projetos II &#8211; turmas N e P &#8211; FRAN\u00c7OISE IATSKI DE LIMA<\/a><\/p>\n<p><a href=\"https:\/\/sociaisaplicadas.ufpr.br\/coordeco\/wp-content\/uploads\/sites\/9\/2023\/07\/Modelo_FICHA2_Eco_Setor_Publico__1_.pdf\">SE620 &#8211; Economia do Setor P\u00fablico &#8211; turmas N e P &#8211; VICTOR RODRIGUES DE OLIVEIRA<\/a><\/p>\n<p>OPTATIVAS<br \/>\n<a href=\"https:\/\/sociaisaplicadas.ufpr.br\/coordeco\/wp-content\/uploads\/sites\/9\/2023\/07\/FICHA2_SE688_MATUTINO.pdf\">SE688 &#8211; Startups e Capital de Risco &#8211; Matutino &#8211; VICTOR MANOEL PELAEZ ALVAREZ<\/a><\/p>\n<p><a href=\"https:\/\/sociaisaplicadas.ufpr.br\/coordeco\/wp-content\/uploads\/sites\/9\/2023\/07\/FICHA2_SE688_NOTURNO-1.pdf\">SE688 &#8211; Startups e Capital de Risco &#8211; Noturno &#8211; VICTOR MANOEL PELAEZ ALVAREZ<\/a><\/p>\n<p><a href=\"https:\/\/sociaisaplicadas.ufpr.br\/coordeco\/wp-content\/uploads\/sites\/9\/2023\/07\/Ficha_2_MA_2023_2_Terciane.pdf\">SE656 &#8211; Economia dos Recursos Naturais e Ambientais &#8211; TERCIANE SABADINI CARVALHO<\/a><\/p>\n<p><a href=\"https:\/\/sociaisaplicadas.ufpr.br\/coordeco\/wp-content\/uploads\/sites\/9\/2023\/07\/SE677-JOSE-GUILHERME.pdf\">SE677 &#8211; Mercados Financeiros e de Capitais &#8211; JOS\u00c9 GUILHERME SILVA VIEIRA<\/a><\/p>\n<p><a href=\"https:\/\/sociaisaplicadas.ufpr.br\/coordeco\/wp-content\/uploads\/sites\/9\/2023\/07\/FICHA2_SE651_AL-WELTERS.pdf\">SE651 &#8211; Economia da Am\u00e9rica Latina &#8211; ANGELA WELTERS<\/a><\/p>\n<p><a href=\"https:\/\/sociaisaplicadas.ufpr.br\/coordeco\/wp-content\/uploads\/sites\/9\/2023\/07\/Ficha_2_Analise_de_Insumo_Produto___Noturno___profa_Jaqueline_Semestre2_2023.pdf\">SE636 &#8211; An\u00e1lise Insumo-Produto &#8211; JAQUELINE COELHO VISENTIN<\/a><\/p>\n<p><a href=\"https:\/\/sociaisaplicadas.ufpr.br\/coordeco\/wp-content\/uploads\/sites\/9\/2023\/07\/SHIMA_FICHA_2_em_05_06_2023_SE_685A-SHIMA.pdf\">SE685 &#8211; Pol\u00edtica Industrial e Tecnol\u00f3gica &#8211; WALTER TADAHIRO SHIMA<\/a><\/p>\n<p><a href=\"https:\/\/sociaisaplicadas.ufpr.br\/coordeco\/wp-content\/uploads\/sites\/9\/2023\/07\/SE669___Financas_Corporativas___Optativa.pdf\">SE669 &#8211; Finan\u00e7as Corporativas &#8211; PEDRO COSTA EINLOFT<\/a><\/p>\n<p>EXPERI\u00caNCIAS EXTENSIONISTAS II &#8211; Projetos<br \/>\n<a href=\"https:\/\/sociaisaplicadas.ufpr.br\/coordeco\/wp-content\/uploads\/sites\/9\/2023\/07\/TRADERS-ADALTO.pdf\">Traders Talk &#8211; ADALTO ACIR ALTHAUS JUNIOR\/JOS\u00c9 GUILHERME SILVA VIEIRA<\/a><\/p>\n<p><a href=\"https:\/\/sociaisaplicadas.ufpr.br\/coordeco\/wp-content\/uploads\/sites\/9\/2023\/07\/INTERACOES-DAYANE-ROCHA.pdf\">Intera\u00e7\u00f5es Universidade-Empresa &#8211; ADALTO ACIR ALTHAUS JUNIOR<\/a><\/p>\n<p><a href=\"https:\/\/sociaisaplicadas.ufpr.br\/coordeco\/wp-content\/uploads\/sites\/9\/2023\/07\/INTERACOES-DAYANE-ROCHA.pdf\">Intera\u00e7\u00f5es Universidade-Empresa &#8211; DAYANE ROCHA DE PAULI<\/a><\/p>\n<p><a href=\"https:\/\/sociaisaplicadas.ufpr.br\/coordeco\/wp-content\/uploads\/sites\/9\/2023\/07\/DENTRO-DA-ECONOMIA-LUIS.pdf\">Por Dentro da Economia &#8211; LUIS CLAUDIO KRAJEVSKI<\/a><\/p>\n<p><a href=\"https:\/\/sociaisaplicadas.ufpr.br\/coordeco\/wp-content\/uploads\/sites\/9\/2023\/07\/RELFEXOES-WELLINGTON.pdf\">Reflex\u00f5es sobre o des. socioecon\u00f4mico na intera\u00e7\u00e3o com estudantes de ensino m\u00e9dio &#8211; WELLINGTON DA SILVA PEREIRA<\/a><\/p>\n<p><a href=\"https:\/\/sociaisaplicadas.ufpr.br\/coordeco\/wp-content\/uploads\/sites\/9\/2023\/07\/ECONOMIA-ESCOLAS-LARISSA-VARGAS.pdf\">Economia nas Escolas &#8211; LARISSA NAVES DE DEUS DORNELAS<\/a><\/p>\n<p><a href=\"https:\/\/sociaisaplicadas.ufpr.br\/coordeco\/wp-content\/uploads\/sites\/9\/2023\/07\/MAPEAMENTO-JUNIOR.pdf\">Mapeamento da Desigualdade Social na regi\u00e3o de Curitiba &#8211; JUNIOR RUIZ GARCIA<\/a><\/p>\n<p><a href=\"https:\/\/sociaisaplicadas.ufpr.br\/coordeco\/wp-content\/uploads\/sites\/9\/2023\/07\/DESENVOLVIMENTO-JOAO-BASILIO.pdf\">Desenvolvimento do Litoral do Paran\u00e1 &#8211; JO\u00c3O BASILIO PEREIMA NETO<\/a><\/p>\n<p><a href=\"https:\/\/sociaisaplicadas.ufpr.br\/coordeco\/wp-content\/uploads\/sites\/9\/2023\/07\/ECONOMIA-UNDERGRAOUND-JOSE-FELIPE.pdf\">Economia Underground &#8211; JOSE FELIPE ARAUJO DE ALMEIDA<\/a><\/p>\n<p><a href=\"https:\/\/sociaisaplicadas.ufpr.br\/coordeco\/wp-content\/uploads\/sites\/9\/2023\/07\/CONJUNTURA-VINICIUS-VALE.pdf\">Conjuntura Econ\u00f4mica e Social &#8211; VINICIUS DE ALMEIDA VALE<\/a><\/p>\n<p><a href=\"https:\/\/sociaisaplicadas.ufpr.br\/coordeco\/wp-content\/uploads\/sites\/9\/2023\/07\/CONJUNTURA-VINICIUS-VALE.pdf\">Conjuntura Econ\u00f4mica e Social &#8211; TERCIANE SABADINI CARVALHO<\/a><\/p>\n<p><a href=\"https:\/\/sociaisaplicadas.ufpr.br\/coordeco\/wp-content\/uploads\/sites\/9\/2023\/07\/CONJUNTURA-VINICIUS-VALE.pdf\">Conjuntura Econ\u00f4mica e Social &#8211; K\u00caNIA BARREIRO DE SOUZA<\/a><\/p>\n<p><a href=\"https:\/\/sociaisaplicadas.ufpr.br\/coordeco\/wp-content\/uploads\/sites\/9\/2023\/07\/REDES-TERRITORIAIS-VICTOR-MANOEL.pdf\">Inova\u00e7\u00e3o e Desenvolvimento Territorial &#8211; VICTOR MANOEL PELAEZ ALVAREZ<\/a><\/p>\n","protected":false},"excerpt":{"rendered":"<p>PRIMEIRO ANO SE604 &#8211; Forma\u00e7\u00e3o Econ\u00f4mica do Brasil &#8211; turma D e E &#8211; EDUARDO ANGELI SE604 &#8211; Forma\u00e7\u00e3o Econ\u00f4mica do Brasil &#8211; turma N e P &#8211; LUIS CLAUDIO KRAJEVSKI SE603A- An\u00e1lise de Investimentos &#8211; turma D e E &#8211; ADALTO ACIR ALTHAUS JUNIOR SE603A- An\u00e1lise de Investimentos &#8211; turma N e P &#8211; [&hellip;]<\/p>\n","protected":false},"author":2793,"featured_media":0,"parent":0,"menu_order":0,"comment_status":"closed","ping_status":"closed","template":"","meta":{"footnotes":""},"class_list":["post-2506","page","type-page","status-publish","hentry"],"_links":{"self":[{"href":"https:\/\/sociaisaplicadas.ufpr.br\/coordeco\/wp-json\/wp\/v2\/pages\/2506","targetHints":{"allow":["GET"]}}],"collection":[{"href":"https:\/\/sociaisaplicadas.ufpr.br\/coordeco\/wp-json\/wp\/v2\/pages"}],"about":[{"href":"https:\/\/sociaisaplicadas.ufpr.br\/coordeco\/wp-json\/wp\/v2\/types\/page"}],"author":[{"embeddable":true,"href":"https:\/\/sociaisaplicadas.ufpr.br\/coordeco\/wp-json\/wp\/v2\/users\/2793"}],"replies":[{"embeddable":true,"href":"https:\/\/sociaisaplicadas.ufpr.br\/coordeco\/wp-json\/wp\/v2\/comments?post=2506"}],"version-history":[{"count":76,"href":"https:\/\/sociaisaplicadas.ufpr.br\/coordeco\/wp-json\/wp\/v2\/pages\/2506\/revisions"}],"predecessor-version":[{"id":2527,"href":"https:\/\/sociaisaplicadas.ufpr.br\/coordeco\/wp-json\/wp\/v2\/pages\/2506\/revisions\/2527"}],"wp:attachment":[{"href":"https:\/\/sociaisaplicadas.ufpr.br\/coordeco\/wp-json\/wp\/v2\/media?parent=2506"}],"curies":[{"name":"wp","href":"https:\/\/api.w.org\/{rel}","templated":true}]}}