{"id":2805,"date":"2024-03-06T08:54:07","date_gmt":"2024-03-06T11:54:07","guid":{"rendered":"https:\/\/sociaisaplicadas.ufpr.br\/coordeco\/?page_id=2805"},"modified":"2024-03-07T12:34:22","modified_gmt":"2024-03-07T15:34:22","slug":"acolhimento-2","status":"publish","type":"page","link":"https:\/\/sociaisaplicadas.ufpr.br\/coordeco\/acolhimento-2\/","title":{"rendered":"Acolhimento"},"content":{"rendered":"\n<h5 class=\"wp-block-heading\">\u00d3rg\u00e3os de Acolhimento<\/h5>\n\n\n\n<p>Se voc\u00ea sofreu algum tipo de viol\u00eancia dentro da UFPR, por algu\u00e9m que estude ou trabalhe aqui, voc\u00ea pode denunciar:&nbsp;<a href=\"mailto:acolhe.sipad@ufpr.br\" target=\"_blank\" rel=\"noreferrer noopener\">acolhe.sipad@ufpr.br<\/a>&nbsp;e (41) 3310-2699.<\/p>\n\n\n\n<p>A&nbsp;<a href=\"http:\/\/www.google.com\/url?q=http%3A%2F%2Fwww.sipad.ufpr.br%2Fportal%2Fcontato-10%2F&amp;sa=D&amp;sntz=1&amp;usg=AFQjCNGc1xLMH8QoE90jUFKkpUU86oNKcA\" target=\"_blank\" rel=\"noreferrer noopener\">SIPAD<\/a>&nbsp;\u00e9 a Superintend\u00eancia de Inclus\u00e3o, Pol\u00edticas Afirmativas e Diversidade, e conta com uma equipe de pessoas treinadas para dar suporte \u00e0s v\u00edtimas de diversos tipos de viol\u00eancias.<\/p>\n\n\n\n<p><a href=\"https:\/\/sociaisaplicadas.ufpr.br\/coordeco\/apoio\/\">Para mais tipos de apoio emocional oferecidos pela UFPR para sua comunidade, veja aqui<\/a><\/p>\n\n\n\n<p>Para viol\u00eancias que ocorrem fora do ambiente universit\u00e1rio: em Curitiba h\u00e1:<\/p>\n\n\n\n<ul class=\"wp-block-list\">\n<li><a href=\"http:\/\/www.google.com\/url?q=http%3A%2F%2Fwww.curitiba.pr.gov.br%2Fconteudo%2Fenfrentamento-da-violencia%2F2477&amp;sa=D&amp;sntz=1&amp;usg=AFQjCNEU1ZNtP1Z8A3SVnNrGBvxk66Uniw\" target=\"_blank\" rel=\"noreferrer noopener\">Casa da Mulher Brasileira<\/a><\/li>\n<\/ul>\n\n\n\n<p>Tels. (41) 3221-2701 \/ 3221-2710 \u2013 email:&nbsp;<a href=\"mailto:cmb@cmb.curitiba.pr.gov.br\" target=\"_blank\" rel=\"noreferrer noopener\">cmb@cmb.curitiba.pr.gov.br<\/a>&nbsp;\u2013 End. AV. PARAN\u00c1, 870 \u2013&nbsp;<a href=\"https:\/\/www.google.com\/maps\/search\/?api=1&amp;query=AV.+PARAN%c3%81%2c+870+Cabral%2c+Curitiba+-+PR\" target=\"_blank\" rel=\"noreferrer noopener\"><em>Abrir no Google Maps<\/em><\/a><\/p>\n\n\n\n<ul class=\"wp-block-list\">\n<li><a href=\"https:\/\/www.google.com\/url?q=https%3A%2F%2Fwww.mapadoacolhimento.org&amp;sa=D&amp;sntz=1&amp;usg=AFQjCNFwanBGbnnyVwthNAOwnOBrsolsGQ\" target=\"_blank\" rel=\"noreferrer noopener\">Mapa do Acolhimento<\/a>&nbsp;que \u00e9 uma rede de solidariedade que conecta mulheres que sofrem ou sofreram viol\u00eancia de g\u00eanero a psic\u00f3logas e advogadas dispostas a ajud\u00e1-las de forma volunt\u00e1ria.<\/li>\n<\/ul>\n\n\n\n<p><a href=\"https:\/\/www.google.com\/url?q=https%3A%2F%2Fouvidoria.mdh.gov.br%2F&amp;sa=D&amp;sntz=1&amp;usg=AFQjCNGMA7g-sptk04xKOrz5ByxoOkRRWw\" target=\"_blank\" rel=\"noreferrer noopener\">Ouvidoria Nacional de Direitos Humanos<\/a><\/p>\n\n\n\n<p>Central de Atendimento \u00e0 Mulher: disque 180<\/p>\n\n\n\n<p><a href=\"https:\/\/www.google.com\/url?q=https%3A%2F%2Fwww.policiacivil.pr.gov.br%2FEndereco%2FNUCLEO-DE-%2520PROTECAO-CRIANCA-E-AO-ADOLESCENTE-VITIMAS-%2520DE-CRIMES&amp;sa=D&amp;sntz=1&amp;usg=AFQjCNGkWgPem17D-2lBv-TtCim8_4a2rQ\" target=\"_blank\" rel=\"noreferrer noopener\"><strong>NUCRIA \u2014 N\u00facleo de Prote\u00e7\u00e4o \u00e0 Crian\u00e7a e ao Adolescente V\u00edtimas de Crimes<\/strong><\/a><\/p>\n\n\n\n<p>em Curitiba \u2013 (41) 3270-3370 \u2013 email:&nbsp;<a href=\"mailto:nucria@pc.gov.br\" target=\"_blank\" rel=\"noreferrer noopener\">nucria@pc.gov.br<\/a><\/p>\n\n\n\n<p>em Foz de Igua\u00e7u \u2013 Tel: (45) 35240396 \u2013 Fax: (45) 35240396 \u2013 e-mail: nucriafoziguacu@pc.pr.gov.br<\/p>\n\n\n\n<p><a href=\"https:\/\/www.google.com\/url?q=https%3A%2F%2Fwww.policiacivil.pr.gov.br%2FEndereco%2FDELEGACIA-DO-%2520ADOLESCENTE&amp;sa=D&amp;sntz=1&amp;usg=AFQjCNEKFItzgeRL5WOUoYxyEl96mB9gOg\" target=\"_blank\" rel=\"noreferrer noopener\"><strong>Delegacia do Adolescente \u2013 Curitiba<\/strong><\/a><\/p>\n\n\n\n<p>Tel: (41) 3261-6500 \u2013 Fax: (41) 33656056 \u2013 e-mail: dpadolescentecapital@pc.pr.gov.br Site:<\/p>\n\n\n\n<p><a href=\"https:\/\/www.google.com\/url?q=https%3A%2F%2Fwww.policiacivil.pr.gov.br%2FEndereco%2FDELEGACIA-DO-%2520ADOLESCENTE&amp;sa=D&amp;sntz=1&amp;usg=AFQjCNEKFItzgeRL5WOUoYxyEl96mB9gOg\" target=\"_blank\" rel=\"noreferrer noopener\"><strong>Delegacias de Prote\u00e7\u00e3o \u00e0 Crian\u00e7a e ao Adolescente \u2013 S\u00e3o Jos\u00e9 dos Pinhais<\/strong><\/a><\/p>\n\n\n\n<p>S\u00e3o Jos\u00e9 dos Pinhais \u2013 Tel: (41) 37532050 \u2013 Fax: (41) 3753-2050 \u2013 e-mail: dpmulhersaojosepinhais@pc.pr.gov.br<\/p>\n\n\n\n<p><a href=\"https:\/\/www.google.com\/url?q=https%3A%2F%2Fwww.policiacivil.pr.gov.br%2FEndereco%2FDELEGACIA-DA-%2520MULHER-DE-APUCARANA&amp;sa=D&amp;sntz=1&amp;usg=AFQjCNHJH-zCLkYGtkT26dMlRVLpyM517Q\" target=\"_blank\" rel=\"noreferrer noopener\">Delegacia da Mulher \u2013 Apucarana<\/a><\/p>\n\n\n\n<p>Fax: (43) 34230972 \u2013 e-mail: dpmulherapucarana@pc.pr.gov.br<\/p>\n\n\n\n<p><a href=\"https:\/\/www.google.com\/url?q=https%3A%2F%2Fwww.policiacivil.pr.gov.br%2FEndereco%2FDELEGACIA-DA-MULHER-DE-ARAUCARIA&amp;sa=D&amp;sntz=1&amp;usg=AFQjCNGmVTPDMiOnujxTD5Q9W34TdadgQQ\" target=\"_blank\" rel=\"noreferrer noopener\">Delegacia da Mulher \u2013 Arauc\u00e1ria<\/a><\/p>\n\n\n\n<p>Tel: (41) 36140500 \u2013 e-mail: dpmulheraraucaria@pc.pr.gov.br<\/p>\n\n\n\n<p><a href=\"https:\/\/www.google.com\/url?q=https%3A%2F%2Fwww.policiacivil.pr.gov.br%2FEndereco%2FDELEGACIA-DA-%2520MULHER-DE-CAMPO-MOURAO&amp;sa=D&amp;sntz=1&amp;usg=AFQjCNEEHcklWcVGvgPNtLSIHgivkkLLGw\" target=\"_blank\" rel=\"noreferrer noopener\">Delegacia da Mulher \u2013 Campo Mour\u00e3o<\/a><\/p>\n\n\n\n<p>Tel: (44) 35234250 \u2013 Fax: (44) 35251161 \u2013 e-mail: dpmulhercampomourao@pc.pr.gov.br<\/p>\n\n\n\n<p><a href=\"https:\/\/www.google.com\/url?q=https%3A%2F%2Fwww.policiacivil.pr.gov.br%2FEndereco%2FDELEGACIA-DA-%2520MULHER-DE-CASCA%2520VEL&amp;sa=D&amp;sntz=1&amp;usg=AFQjCNHZvjucWALILB7Yr32K7ROQG_WHlw\" target=\"_blank\" rel=\"noreferrer noopener\">Delegacia da Mulher \u2013 Cascavel<\/a><\/p>\n\n\n\n<p>Tel: (45) 3222-3298 \u2013 e-mail: dmcascavel@pc.pr.gov.br Site:<\/p>\n\n\n\n<p><a href=\"https:\/\/www.google.com\/url?q=https%3A%2F%2Fwww.policiacivil.pr.gov.br%2FEndereco%2FDELEGACIA-DA-%2520MULHER-DA-CAPITAL&amp;sa=D&amp;sntz=1&amp;usg=AFQjCNGoD3Ez9R5cqzLQiz3ezILeNW_sHw\" target=\"_blank\" rel=\"noreferrer noopener\">Delegacia da Mulher \u2013 Curitiba<\/a><\/p>\n\n\n\n<p>Tel: (41) 32198600 \u2013 Fax: (41) 32198600 \u2013 e-mail: dpmulhercapital@pc.pr.gov.br<\/p>\n\n\n\n<p><a href=\"https:\/\/www.google.com\/url?q=https%3A%2F%2Fwww.policiacivil.pr.gov.br%2FEndereco%2FDELEGACIA-DA-MULHER-DE-FOZ-DO-IGUACU&amp;sa=D&amp;sntz=1&amp;usg=AFQjCNHvxhIuMBpiQ_2v9u6YLzufP2TImA\" target=\"_blank\" rel=\"noreferrer noopener\">Delegacia da Mulher \u2013 Foz de Igua\u00e7u<\/a><\/p>\n\n\n\n<p>Tel: (45) 35212151 \u2013 Fax: (45) 35212153 \u2013 e-mail: dpmulherfoziguacu@pc.pr.gov.br<\/p>\n\n\n\n<p><a href=\"https:\/\/www.google.com\/url?q=https%3A%2F%2Fwww.policiacivil.pr.gov.br%2FEndereco%2F14a-%2520SUBDIVISAO-POLICIAL-DE-GUARAPUA%2520V%2520A&amp;sa=D&amp;sntz=1&amp;usg=AFQjCNHAjVTWdofAmdCdQrVP8N50YfRSZg\" target=\"_blank\" rel=\"noreferrer noopener\">Delegacia da Mulher \u2013 Guarapuava<\/a><\/p>\n\n\n\n<p>Tel: (42) 36301700 \u2013 Fax: (42) 36264421 \u2013 e-mail: dpguarapuava@pc.pr.gov.br<\/p>\n\n\n\n<p><a href=\"https:\/\/www.google.com\/url?q=https%3A%2F%2Fwww.policiacivil.pr.gov.br%2FEndereco%2FDELEGACIA-DA-%2520MULHER-DE-LONDRINA&amp;sa=D&amp;sntz=1&amp;usg=AFQjCNFYl7gAR0qe2zFe8l61CwXJJymPZg\" target=\"_blank\" rel=\"noreferrer noopener\">Delegacia da Mulher \u2013 Londrina<\/a><\/p>\n\n\n\n<p>Tel: (43) 33221633 \u2013 e-mail: dpmulherlondrina@pc.pr.gov.br<\/p>\n\n\n\n<p><a href=\"https:\/\/www.google.com\/url?q=https%3A%2F%2Fwww.policiacivil.pr.gov.br%2FEndereco%2FDELEGACIA-DA-MULHER-DE-MARINGA&amp;sa=D&amp;sntz=1&amp;usg=AFQjCNGMlqt02YfcgM9EJwQLHDhcl4N-TQ\" target=\"_blank\" rel=\"noreferrer noopener\">Delegacia da Mulher \u2013 Maring\u00e1<\/a><\/p>\n\n\n\n<p>Tel: (44) 32202500 \u2013 Fax: (44) 32186621 \u2013 e-mail:&nbsp;<a href=\"mailto:dpmulhermaringa@pc.pr.gov.br\" target=\"_blank\" rel=\"noreferrer noopener\">dpmulhermaringa@pc.pr.gov.br<\/a><\/p>\n\n\n\n<p><a href=\"https:\/\/www.google.com\/url?q=https%3A%2F%2Fwww.policiacivil.pr.gov.br%2FEndereco%2FDELEGACIA-DA-%2520MULHER-DE-PATO-BRANCO&amp;sa=D&amp;sntz=1&amp;usg=AFQjCNGrwg9vi3cC1JeNo3uYH3lhH96Q1g\" target=\"_blank\" rel=\"noreferrer noopener\">Delegacia da Mulher \u2013 Pato Branco<\/a><\/p>\n\n\n\n<p>Tel: (46) 32247590 \u2013 Fax: (46) 4632247596 \u2013 e-mail: dpmulherpatobranco@pc.pr.gov.br<\/p>\n\n\n\n<p><a href=\"https:\/\/www.google.com\/url?q=https%3A%2F%2Fwww.policiacivil.pr.gov.br%2FEndereco%2FDELEGACIA-DA-%2520MULHER-DE-PONTA-GROSSA&amp;sa=D&amp;sntz=1&amp;usg=AFQjCNFvtGhep26JIsyCyodvmvsawPty_w\" target=\"_blank\" rel=\"noreferrer noopener\">Delegacia da Mulher \u2013 Ponta Grossa<\/a><\/p>\n\n\n\n<p><strong>Conselho Estadual da Crian\u00e7a<\/strong>&nbsp;\u2014 a sede fica em Curitiba e o contato pode ser realizado atrav\u00e9s do telefone (41) 3210-2608<\/p>\n\n\n\n<p><strong>Conselho Municipal dos Direitos da Mulher<\/strong><\/p>\n\n\n\n<p>e-mail: cmdmctba@curitiba.pr.gov.br<\/p>\n\n\n\n<p><strong>Assessoria de Promo\u00e7\u00e3o e Igualdade Racial:<\/strong><\/p>\n\n\n\n<p>Tel.: (41) 3221-2712 \u2013 e-mail: direitoshumanos@pmc.curitiba.pr.gov.br<\/p>\n\n\n\n<p><a href=\"http:\/\/www.google.com\/url?q=http%3A%2F%2Fwww.vireapagina.com.br&amp;sa=D&amp;sntz=1&amp;usg=AFQjCNEanEYvk3xe6V4sMTwb5qKOfGeJiw\" target=\"_blank\" rel=\"noreferrer noopener\">Assessoria de Direitos Humanos e Pol\u00edtica para Mulheres<\/a>:<\/p>\n\n\n\n<p>Tel.: (41) 3221-2746 \u2013 e-mail:mulher@curitiba.pr.gov.br<\/p>\n\n\n\n<h5 class=\"wp-block-heading\"><strong>Links interessantes sobre o tema:<\/strong><\/h5>\n\n\n\n<p><a href=\"http:\/\/www.google.com\/url?q=http%3A%2F%2Fwww.cidh.org%2Fbasicos%2Fportugues%2Fm.belem.do.para.htm&amp;sa=D&amp;sntz=1&amp;usg=AFQjCNEjm7UxhX7gmPvzLkWd1Kx9nYMszw\" target=\"_blank\" rel=\"noreferrer noopener\">Conven\u00e7\u00e3o Interamericana para Prevenir, Punir e Erradicar a Viol\u00eancia contra a Mulher \u2013 Conven\u00e7\u00e3o de Bel\u00e9m do Par\u00e1 (1994)<\/a><\/p>\n\n\n\n<p><a href=\"https:\/\/www.google.com\/url?q=https%3A%2F%2Fwww.planalto.gov.br%2Fccivil_03%2F_Ato2004-2006%2F2006%2FLei%2FL11340.htm&amp;sa=D&amp;sntz=1&amp;usg=AFQjCNHbBtQE8cU6TqIj94WA_9qe74QSTA\" target=\"_blank\" rel=\"noreferrer noopener\">Lei Maria da Penha<\/a>&nbsp;<a href=\"http:\/\/www.google.com\/url?q=http%3A%2F%2Fportaltj.tjrj.jus.br%2Fweb%2Fguest%2Fobservatorio-judicial-violencia-mulher%2Faplicativo-maria-da-penha-virtual&amp;sa=D&amp;sntz=1&amp;usg=AFQjCNGi3Tyu_2na9dEvNgjm8gXASC8uVg\" target=\"_blank\" rel=\"noreferrer noopener\">Maria da Penha Virtual<\/a><\/p>\n\n\n\n<p><a href=\"https:\/\/www.google.com\/url?q=https%3A%2F%2Fwww.planalto.gov.br%2Fccivil_03%2F_ato2007-2010%2F2008%2Flei%2Fl11829.htm&amp;sa=D&amp;sntz=1&amp;usg=AFQjCNE7pni17RsELVgylnfnTdCfl6YCtw\" target=\"_blank\" rel=\"noreferrer noopener\">Lei da Pedofilia<\/a><\/p>\n\n\n\n<p><a href=\"http:\/\/www.google.com\/url?q=http%3A%2F%2Fwww.planalto.gov.br%2Fccivil_03%2F_ato2011-2014%2F2012%2Flei%2Fl12737.htm&amp;sa=D&amp;sntz=1&amp;usg=AFQjCNFyRfEFiYbHCMpHPGOdL0hqxyUQXw\" target=\"_blank\" rel=\"noreferrer noopener\">Lei Carolina Dieckmann<\/a><\/p>\n\n\n\n<p><a href=\"http:\/\/www.google.com\/url?q=http%3A%2F%2Fwww.planalto.gov.br%2Fccivil_03%2F_ato2015-2018%2F2015%2Flei%2Fl13104.htm&amp;sa=D&amp;sntz=1&amp;usg=AFQjCNHAkIvsn8IiGO5WY0oEb7hsbcdjQA\" target=\"_blank\" rel=\"noreferrer noopener\">Lei do Feminic\u00eddio<\/a><\/p>\n\n\n\n<p><a href=\"http:\/\/www.google.com\/url?q=http%3A%2F%2Fwww.planalto.gov.br%2Fccivil_03%2F_ato2015-%25202018%2F2018%2Flei%2FL13718.htm%23%3A~%3Atext%3DAltera%2520o%2520Decreto%252DLei%2520n%25C2%25BA%2Cestabelece%2520r%2520causas%2520de%2520aumento%2520de&amp;sa=D&amp;sntz=1&amp;usg=AFQjCNG93rsCKM4uAQFr2GgK-ZsHvwAVWg\" target=\"_blank\" rel=\"noreferrer noopener\">Lei da Importuna\u00e7\u00e3o Sexual<\/a><\/p>\n\n\n\n<p><a href=\"http:\/\/www.google.com\/url?q=http%3A%2F%2Fwww.planalto.gov.br%2Fccivil_03%2Fleis%2Fl7716.htm%23%3A~%3Atext%3DLEI%2520N%25C2%25BA%25207.716%252C%2520DE%25205%2520DE%2520JANEIRO%2520DE%25201989.%26text%3DDefine%2520os%2520crimes%2520resultantes%2520de%2Ceu%2520sanciono%2520a%2520seguinte%2520Lei%253A%26text%3D1%25C2%25BA%2520Ser%25C3%25A3o%2520punidos%252C%2520na%2520forma%2Cde%2520ra%25C3%25A7a%2520ou%2520de%2520cor&amp;sa=D&amp;sntz=1&amp;usg=AFQjCNEaAMvs0fH5iqOYKNk9a1R8Q_9nAg\" target=\"_blank\" rel=\"noreferrer noopener\">Lei do Racismo<\/a><\/p>\n\n\n\n<p><a href=\"https:\/\/www.google.com\/url?q=https%3A%2F%2Fufprbr0-my.sharepoint.com%2F%3Ab%3A%2Fg%2Fpersonal%2Fcmat_ufpr_br%2FEQkEFj-Y5y5CmN20qsrp3moBlHZ7ZhtWyo0C24-smPeRUw%3Fe%3Dqi1PaM&amp;sa=D&amp;sntz=1&amp;usg=AFQjCNHNKaNrPS9I4G_aWCFO9JPEIA3E_Q\" target=\"_blank\" rel=\"noreferrer noopener\">Cartilha sobre Ass\u00e9dio Moral<\/a><\/p>\n\n\n\n<p><a href=\"https:\/\/www.google.com\/url?q=https%3A%2F%2Fufprbr0-my.sharepoint.com%2F%3Ab%3A%2Fg%2Fpersonal%2Fcmat_ufpr_br%2FEWq9d_QBEWhJm8pe59_Ca80B_4SVCXOVmD5YmrsM9YphRw%3Fe%3DjwbdSM&amp;sa=D&amp;sntz=1&amp;usg=AFQjCNEzdPxl4aruIrWKNEfSusxFwjLQeA\" target=\"_blank\" rel=\"noreferrer noopener\">Cartilha: O que fazer em caso de Viol\u00eancia LGBTIf\u00f3bica?<\/a><\/p>\n\n\n\n<p><a href=\"https:\/\/sociaisaplicadas.ufpr.br\/coordeco\/acolhimento\/cartilha_violenciagenero\/\">Cartilha viol\u00eancia de G\u00eanero<\/a><\/p>\n\n\n\n<p><a href=\"http:\/\/www.google.com\/url?q=http%3A%2F%2Fapufpr.org.br%2Ffiles%2Fpersonalizado%2F1575.pdf&amp;sa=D&amp;sntz=1&amp;usg=AFQjCNG0fBMHcSo0Dzzgs2Y6QaFgkr7aYg\" target=\"_blank\" rel=\"noreferrer noopener\">Cartilha da APUFPR \u2013 Ass\u00e9dio Moral e Precariza\u00e7\u00e3o do Trabalho<\/a><\/p>\n\n\n\n<p><a href=\"https:\/\/sociaisaplicadas.ufpr.br\/coordeco\/wp-content\/uploads\/sites\/9\/2023\/09\/redes-de-suporte-da-ufpr.pdf\">Cartilha Redes de Suporte UFPR<\/a><\/p>\n\n\n\n<p><a href=\"https:\/\/www.youtube.com\/watch?v=hg3umXU_qWc\" target=\"_blank\" rel=\"noreferrer noopener\">Todos n\u00f3s dever\u00edamos ser feministas | Chimamanda Ngozi Adichie | TEDxEuston<\/a><\/p>\n\n\n\n<p><a href=\"https:\/\/www.youtube.com\/watch?v=BpRyQ_yFjy8\" target=\"_blank\" rel=\"noreferrer noopener\">Chega de Fiu Fiu! Cantada n\u00e3o \u00e9 elogio | Juliana de Faria | TEDxSaoPaulo<\/a><\/p>\n\n\n\n<p><a href=\"https:\/\/www.google.com\/url?q=https%3A%2F%2Flumina.ufrgs.br%2Fcourse%2Fview.php%3Fid%3D100&amp;sa=D&amp;sntz=1&amp;usg=AFQjCNFO3VZRDNIAWP0Sn-f8R2eYhoL7Ug\" target=\"_blank\" rel=\"noreferrer noopener\">FEMINISMOS: Algumas Verdades Inconvenientes<\/a><\/p>\n\n\n\n<p><a href=\"https:\/\/www.google.com\/url?q=https%3A%2F%2Ftmvff.org%2Fchegadefiufiu&amp;sa=D&amp;sntz=1&amp;usg=AFQjCNGYDvA1nkU2y4oxrgyIOiuZBsGEnA\" target=\"_blank\" rel=\"noreferrer noopener\"><strong>Chega de fiu fiu<\/strong><\/a><a href=\"https:\/\/www.google.com\/url?q=https%3A%2F%2Ftmvff.org%2Fchegadefiufiu&amp;sa=D&amp;sntz=1&amp;usg=AFQjCNGYDvA1nkU2y4oxrgyIOiuZBsGEnA\" target=\"_blank\" rel=\"noreferrer noopener\">, o filme no&nbsp;<\/a><a href=\"https:\/\/www.google.com\/url?q=https%3A%2F%2Ftmvff.org%2Fchegadefiufiu&amp;sa=D&amp;sntz=1&amp;usg=AFQjCNGYDvA1nkU2y4oxrgyIOiuZBsGEnA\" target=\"_blank\" rel=\"noreferrer noopener\"><em>The Martha\u2019s Vineyard Festival<\/em><\/a><\/p>\n\n\n\n<p><a href=\"https:\/\/www.google.com\/url?q=https%3A%2F%2Fthinkolga.com&amp;sa=D&amp;sntz=1&amp;usg=AFQjCNELeFwqRuntrFz-MHVDg-Jmxrq3ag\" target=\"_blank\" rel=\"noreferrer noopener\">Think Olga<\/a>&nbsp;<a href=\"https:\/\/www.google.com\/url?q=https%3A%2F%2Fthinkeva.com.br&amp;sa=D&amp;sntz=1&amp;usg=AFQjCNH05MRNC0T6vxVmepcYkKqz5c0_aA\" target=\"_blank\" rel=\"noreferrer noopener\">Think Eva<\/a>&nbsp;<a href=\"https:\/\/www.google.com\/url?q=https%3A%2F%2Fthinkolga.com%2Fwp-content%2Fuploads%2F2020%2F04%2FThinkOlga_Cartilha-Assedio.pdf&amp;sa=D&amp;sntz=1&amp;usg=AFQjCNGuiNXsBWTAqcL8S5c8lzPdPDbA6g\" target=\"_blank\" rel=\"noreferrer noopener\">Think Olga \u2013 Cartilha Ass\u00e9dio<\/a><\/p>\n\n\n\n<p><a href=\"https:\/\/www.google.com\/url?q=https%3A%2F%2Feditoraonline.com.br%2Fhistoria%3Fproduct_id%3D260&amp;sa=D&amp;sntz=1&amp;usg=AFQjCNF_UCKMCNNoZM_5v9CQ7ZFsBRkL0A\" target=\"_blank\" rel=\"noreferrer noopener\">Guia de Mitologia Celta<\/a>&nbsp;a revista conta n\u00e3o s\u00f3 como na civiliza\u00e7\u00e3o Celta as mulheres viviam em igualdade aos homens, mas como tudo isso foi destru\u00eddo com a chegada do Imp\u00e9rio Romano que imp\u00f4s uma mentalidade que perdura at\u00e9 hoje<\/p>\n","protected":false},"excerpt":{"rendered":"<p>\u00d3rg\u00e3os de Acolhimento Se voc\u00ea sofreu algum tipo de viol\u00eancia dentro da UFPR, por algu\u00e9m que estude ou trabalhe aqui, voc\u00ea pode denunciar:&nbsp;acolhe.sipad@ufpr.br&nbsp;e (41) 3310-2699. A&nbsp;SIPAD&nbsp;\u00e9 a Superintend\u00eancia de Inclus\u00e3o, Pol\u00edticas Afirmativas e Diversidade, e conta com uma equipe de pessoas treinadas para dar suporte \u00e0s v\u00edtimas de diversos tipos de viol\u00eancias. Para mais tipos [&hellip;]<\/p>\n","protected":false},"author":2812,"featured_media":0,"parent":0,"menu_order":0,"comment_status":"closed","ping_status":"closed","template":"","meta":{"footnotes":""},"class_list":["post-2805","page","type-page","status-publish","hentry"],"_links":{"self":[{"href":"https:\/\/sociaisaplicadas.ufpr.br\/coordeco\/wp-json\/wp\/v2\/pages\/2805","targetHints":{"allow":["GET"]}}],"collection":[{"href":"https:\/\/sociaisaplicadas.ufpr.br\/coordeco\/wp-json\/wp\/v2\/pages"}],"about":[{"href":"https:\/\/sociaisaplicadas.ufpr.br\/coordeco\/wp-json\/wp\/v2\/types\/page"}],"author":[{"embeddable":true,"href":"https:\/\/sociaisaplicadas.ufpr.br\/coordeco\/wp-json\/wp\/v2\/users\/2812"}],"replies":[{"embeddable":true,"href":"https:\/\/sociaisaplicadas.ufpr.br\/coordeco\/wp-json\/wp\/v2\/comments?post=2805"}],"version-history":[{"count":5,"href":"https:\/\/sociaisaplicadas.ufpr.br\/coordeco\/wp-json\/wp\/v2\/pages\/2805\/revisions"}],"predecessor-version":[{"id":3116,"href":"https:\/\/sociaisaplicadas.ufpr.br\/coordeco\/wp-json\/wp\/v2\/pages\/2805\/revisions\/3116"}],"wp:attachment":[{"href":"https:\/\/sociaisaplicadas.ufpr.br\/coordeco\/wp-json\/wp\/v2\/media?parent=2805"}],"curies":[{"name":"wp","href":"https:\/\/api.w.org\/{rel}","templated":true}]}}