{"id":2950,"date":"2024-03-07T08:27:03","date_gmt":"2024-03-07T11:27:03","guid":{"rendered":"https:\/\/sociaisaplicadas.ufpr.br\/coordeco\/?page_id=2950"},"modified":"2024-03-07T10:41:18","modified_gmt":"2024-03-07T13:41:18","slug":"poa","status":"publish","type":"page","link":"https:\/\/sociaisaplicadas.ufpr.br\/coordeco\/poa\/","title":{"rendered":"POA"},"content":{"rendered":"\n<p>Programa de Orienta\u00e7\u00e3o Acad\u00eamica<\/p>\n\n\n\n<p>Estamos reestruturando nossa p\u00e1gina. O conte\u00fado ser\u00e1 publicado em breve.<\/p>\n","protected":false},"excerpt":{"rendered":"<p>Programa de Orienta\u00e7\u00e3o Acad\u00eamica Estamos reestruturando nossa p\u00e1gina. O conte\u00fado ser\u00e1 publicado em breve.<\/p>\n","protected":false},"author":2812,"featured_media":0,"parent":0,"menu_order":0,"comment_status":"closed","ping_status":"closed","template":"","meta":{"footnotes":""},"class_list":["post-2950","page","type-page","status-publish","hentry"],"_links":{"self":[{"href":"https:\/\/sociaisaplicadas.ufpr.br\/coordeco\/wp-json\/wp\/v2\/pages\/2950","targetHints":{"allow":["GET"]}}],"collection":[{"href":"https:\/\/sociaisaplicadas.ufpr.br\/coordeco\/wp-json\/wp\/v2\/pages"}],"about":[{"href":"https:\/\/sociaisaplicadas.ufpr.br\/coordeco\/wp-json\/wp\/v2\/types\/page"}],"author":[{"embeddable":true,"href":"https:\/\/sociaisaplicadas.ufpr.br\/coordeco\/wp-json\/wp\/v2\/users\/2812"}],"replies":[{"embeddable":true,"href":"https:\/\/sociaisaplicadas.ufpr.br\/coordeco\/wp-json\/wp\/v2\/comments?post=2950"}],"version-history":[{"count":2,"href":"https:\/\/sociaisaplicadas.ufpr.br\/coordeco\/wp-json\/wp\/v2\/pages\/2950\/revisions"}],"predecessor-version":[{"id":3028,"href":"https:\/\/sociaisaplicadas.ufpr.br\/coordeco\/wp-json\/wp\/v2\/pages\/2950\/revisions\/3028"}],"wp:attachment":[{"href":"https:\/\/sociaisaplicadas.ufpr.br\/coordeco\/wp-json\/wp\/v2\/media?parent=2950"}],"curies":[{"name":"wp","href":"https:\/\/api.w.org\/{rel}","templated":true}]}}