{"id":2969,"date":"2024-03-07T08:43:18","date_gmt":"2024-03-07T11:43:18","guid":{"rendered":"https:\/\/sociaisaplicadas.ufpr.br\/coordeco\/?page_id=2969"},"modified":"2024-03-07T08:43:18","modified_gmt":"2024-03-07T11:43:18","slug":"siga","status":"publish","type":"page","link":"https:\/\/sociaisaplicadas.ufpr.br\/coordeco\/siga\/","title":{"rendered":"SIGA"},"content":{"rendered":"\n<p><strong>Acesso ao SIGA<\/strong><\/p>\n\n\n\n<p>1) Digite&nbsp;<a href=\"https:\/\/www.prppg.ufpr.br\/siga\">https:\/\/www.prppg.ufpr.br\/siga<\/a><\/p>\n\n\n\n<p>2) Digite o seu CPF ou Passaporte<\/p>\n\n\n\n<p>3) Digite sua senha<\/p>\n\n\n\n<p>4) Caso ainda n\u00e3o possua senha, clique no link Esqueceu\/N\u00e3o sabe sua senha.<\/p>\n\n\n\n<p>5) Verifique na sua caixa de e-mail se recebeu um&nbsp;<em>e-mail<\/em>&nbsp;com instru\u00e7\u00f5es para redefini\u00e7\u00e3o da senha.<\/p>\n\n\n\n<p>6) Caso n\u00e3o receba o e-mail, solicite corre\u00e7\u00e3o do e-mail cadastrado no SIGA na sua coordena\u00e7\u00e3o de curso<\/p>\n\n\n\n<p><strong>Conhe\u00e7a o SIGA<\/strong>&nbsp;\u2013&nbsp;<a href=\"https:\/\/ufpraberta.ufpr.br\/course\/index.php?categoryid=3\">UFPR Aberta: Todos os cursos<\/a><\/p>\n","protected":false},"excerpt":{"rendered":"<p>Acesso ao SIGA 1) Digite&nbsp;https:\/\/www.prppg.ufpr.br\/siga 2) Digite o seu CPF ou Passaporte 3) Digite sua senha 4) Caso ainda n\u00e3o possua senha, clique no link Esqueceu\/N\u00e3o sabe sua senha. 5) Verifique na sua caixa de e-mail se recebeu um&nbsp;e-mail&nbsp;com instru\u00e7\u00f5es para redefini\u00e7\u00e3o da senha. 6) Caso n\u00e3o receba o e-mail, solicite corre\u00e7\u00e3o do e-mail cadastrado [&hellip;]<\/p>\n","protected":false},"author":2812,"featured_media":0,"parent":0,"menu_order":0,"comment_status":"closed","ping_status":"closed","template":"","meta":{"footnotes":""},"class_list":["post-2969","page","type-page","status-publish","hentry"],"_links":{"self":[{"href":"https:\/\/sociaisaplicadas.ufpr.br\/coordeco\/wp-json\/wp\/v2\/pages\/2969","targetHints":{"allow":["GET"]}}],"collection":[{"href":"https:\/\/sociaisaplicadas.ufpr.br\/coordeco\/wp-json\/wp\/v2\/pages"}],"about":[{"href":"https:\/\/sociaisaplicadas.ufpr.br\/coordeco\/wp-json\/wp\/v2\/types\/page"}],"author":[{"embeddable":true,"href":"https:\/\/sociaisaplicadas.ufpr.br\/coordeco\/wp-json\/wp\/v2\/users\/2812"}],"replies":[{"embeddable":true,"href":"https:\/\/sociaisaplicadas.ufpr.br\/coordeco\/wp-json\/wp\/v2\/comments?post=2969"}],"version-history":[{"count":1,"href":"https:\/\/sociaisaplicadas.ufpr.br\/coordeco\/wp-json\/wp\/v2\/pages\/2969\/revisions"}],"predecessor-version":[{"id":2970,"href":"https:\/\/sociaisaplicadas.ufpr.br\/coordeco\/wp-json\/wp\/v2\/pages\/2969\/revisions\/2970"}],"wp:attachment":[{"href":"https:\/\/sociaisaplicadas.ufpr.br\/coordeco\/wp-json\/wp\/v2\/media?parent=2969"}],"curies":[{"name":"wp","href":"https:\/\/api.w.org\/{rel}","templated":true}]}}