{"id":2980,"date":"2024-03-07T08:59:41","date_gmt":"2024-03-07T11:59:41","guid":{"rendered":"https:\/\/sociaisaplicadas.ufpr.br\/coordeco\/?page_id=2980"},"modified":"2024-03-08T09:57:49","modified_gmt":"2024-03-08T12:57:49","slug":"equivalencia","status":"publish","type":"page","link":"https:\/\/sociaisaplicadas.ufpr.br\/coordeco\/equivalencia\/","title":{"rendered":"Equival\u00eancia"},"content":{"rendered":"\n<p><a href=\"https:\/\/drive.google.com\/file\/d\/1WL79-NtvXXQASBGkUwpjd0FeD26qVsiz\/view?usp=sharing\">Resolu\u00e7\u00e3o n\u00b0 92\/13 \u2013 CEPE<\/a>&nbsp;\u2013 Aprova normas de dispensa de Disciplinas, de Equival\u00eancia de Disciplinas, de Exames de Adiantamento e Aproveitamento de Conhecimento nos cursos de gradua\u00e7\u00e3o da Universidade Federal do Paran\u00e1.<\/p>\n\n\n\n<p>O(a) discente deve formalizar o pedido de Equival\u00eancia pelo SIGA, sempre atento(a) aos prazos definidos no Calend\u00e1rio Acad\u00eamico vigente.<\/p>\n\n\n\n<p>Tutorial para solicita\u00e7\u00e3o de Aproveitamento de Conhecimento no SIGA: <a href=\"https:\/\/ufpraberta.ufpr.br\/course\/view.php?id=9\">clique aqui<\/a><\/p>\n","protected":false},"excerpt":{"rendered":"<p>Resolu\u00e7\u00e3o n\u00b0 92\/13 \u2013 CEPE&nbsp;\u2013 Aprova normas de dispensa de Disciplinas, de Equival\u00eancia de Disciplinas, de Exames de Adiantamento e Aproveitamento de Conhecimento nos cursos de gradua\u00e7\u00e3o da Universidade Federal do Paran\u00e1. O(a) discente deve formalizar o pedido de Equival\u00eancia pelo SIGA, sempre atento(a) aos prazos definidos no Calend\u00e1rio Acad\u00eamico vigente. Tutorial para solicita\u00e7\u00e3o de [&hellip;]<\/p>\n","protected":false},"author":2812,"featured_media":0,"parent":0,"menu_order":0,"comment_status":"closed","ping_status":"closed","template":"","meta":{"footnotes":""},"class_list":["post-2980","page","type-page","status-publish","hentry"],"_links":{"self":[{"href":"https:\/\/sociaisaplicadas.ufpr.br\/coordeco\/wp-json\/wp\/v2\/pages\/2980","targetHints":{"allow":["GET"]}}],"collection":[{"href":"https:\/\/sociaisaplicadas.ufpr.br\/coordeco\/wp-json\/wp\/v2\/pages"}],"about":[{"href":"https:\/\/sociaisaplicadas.ufpr.br\/coordeco\/wp-json\/wp\/v2\/types\/page"}],"author":[{"embeddable":true,"href":"https:\/\/sociaisaplicadas.ufpr.br\/coordeco\/wp-json\/wp\/v2\/users\/2812"}],"replies":[{"embeddable":true,"href":"https:\/\/sociaisaplicadas.ufpr.br\/coordeco\/wp-json\/wp\/v2\/comments?post=2980"}],"version-history":[{"count":3,"href":"https:\/\/sociaisaplicadas.ufpr.br\/coordeco\/wp-json\/wp\/v2\/pages\/2980\/revisions"}],"predecessor-version":[{"id":3148,"href":"https:\/\/sociaisaplicadas.ufpr.br\/coordeco\/wp-json\/wp\/v2\/pages\/2980\/revisions\/3148"}],"wp:attachment":[{"href":"https:\/\/sociaisaplicadas.ufpr.br\/coordeco\/wp-json\/wp\/v2\/media?parent=2980"}],"curies":[{"name":"wp","href":"https:\/\/api.w.org\/{rel}","templated":true}]}}