{"id":2982,"date":"2024-03-07T09:02:06","date_gmt":"2024-03-07T12:02:06","guid":{"rendered":"https:\/\/sociaisaplicadas.ufpr.br\/coordeco\/?page_id=2982"},"modified":"2026-01-29T11:20:35","modified_gmt":"2026-01-29T14:20:35","slug":"diploma","status":"publish","type":"page","link":"https:\/\/sociaisaplicadas.ufpr.br\/coordeco\/diploma\/","title":{"rendered":"Diploma"},"content":{"rendered":"\n<h5 class=\"wp-block-heading\">Acompanhamento de Emiss\u00e3o de Diploma Digital<\/h5>\n\n\n\n<p>O prazo para emiss\u00e3o dos diplomas \u00e9 de<strong>&nbsp;60(sessenta) dias, ap\u00f3s encerramento da Cola\u00e7\u00e3o de Grau, podendo ser prorrogado por mais 60(sessenta) dias<\/strong>.<\/p>\n\n\n\n<p>Para as cola\u00e7\u00f5es ocorridas a partir de 2023 os diplomas&nbsp;<strong>ser\u00e3o&nbsp;exclusivamente&nbsp;emitidos de forma digital<\/strong>, <a href=\"https:\/\/sociaisaplicadas.ufpr.br\/administracao\/wp-content\/uploads\/sites\/4\/2023\/05\/Tutorial_Diploma_Digital___Perfil_Egresso.pdf\">clique aqui<\/a> para orienta\u00e7\u00f5es sobre o acompanhamento da emiss\u00e3o.<\/p>\n\n\n\n<p><\/p>\n\n\n\n<h5 class=\"wp-block-heading\"><strong>Representa\u00e7\u00e3o Visual do Diploma Digital (RVDD)<\/strong><\/h5>\n\n\n\n<p>O Diploma Digital possui uma c\u00f3pia impressa com as mesmas caracter\u00edsticas do diploma f\u00edsico, o que denominamos Representa\u00e7\u00e3o Visual Diploma Digital \u2013 RVDD. Esta RVDD, possui as mesmas caracter\u00edsticas do diploma f\u00edsico que a UFPR adota. A RVDD, apesar de n\u00e3o ser o diploma propriamente dito, \u00e9 a interface para remeter, com aux\u00edlio do QR Code, para onde estar\u00e1 o seu Diploma Digital dentro desse universo eletr\u00f4nico. A Impress\u00e3o de Representa\u00e7\u00e3o Visual do Diploma Digital com a utiliza\u00e7\u00e3o de papel e tratamento gr\u00e1ficos necessita o pagamento de taxa e deve ser feito por meio de Guia de Recolhimento da Uni\u00e3o. O valor da Taxa em 19\/01\/2025 \u00e9 de R$ 75,00 (setenta e cinco reais).<\/p>\n\n\n\n<p>Ap\u00f3s pagamento da taxa, a solicita\u00e7\u00e3o de impress\u00e3o da RVDD poder\u00e1 ser feita presencialmente na Coordena\u00e7\u00e3o de Curso ou por e-mail enviando a guia de recolhimento da uni\u00e3o e o comprovante de pagamento e o requerimento preenchido e assinado.<\/p>\n\n\n\n<p><a href=\"https:\/\/sociaisaplicadas.ufpr.br\/coordeco\/wp-content\/uploads\/sites\/9\/2025\/08\/Requerimento_RVDD.pdf\">https:\/\/sociaisaplicadas.ufpr.br\/coordeco\/wp-content\/uploads\/sites\/9\/2025\/08\/Requerimento_RVDD.pdf<\/a><\/p>\n\n\n\n<p>A retirada de diploma RVDD pelo titular deve ser retirada na Pra\u00e7a Santos Andrade, 50 &#8211; Centro | Curitiba, PR &#8211; Brasil | CEP: 80020-300.<\/p>\n\n\n\n<p>O titular deve apresentar documento de identifica\u00e7\u00e3o com foto.<\/p>\n\n\n\n<h5 class=\"wp-block-heading\">Retirada de Diploma por Procura\u00e7\u00e3o<\/h5>\n\n\n\n<p>Verificar procedimento com: diplomas@ufpr.br<\/p>\n\n\n\n<p><\/p>\n\n\n\n<h5 class=\"wp-block-heading\">Solicita\u00e7\u00e3o de Segunda Via de Diploma<\/h5>\n\n\n\n<p>A emiss\u00e3o de segunda via do diploma \u00e9 especificada pela&nbsp;<a href=\"https:\/\/sociaisaplicadas.ufpr.br\/coordeco\/wp-content\/uploads\/sites\/9\/2025\/08\/RESOLUCAO_N__12_23_COPLAD.pdf\">Resolu\u00e7\u00e3o N\u00ba 12\/23 &#8211; COPLAD<\/a><\/p>\n\n\n\n<p>Informa\u00e7\u00f5es Importantes:<\/p>\n\n\n\n<p>Se voc\u00ea teve seu diploma roubado, perdido ou avariado por qualquer meio, tem direito a pedir uma segunda via do diploma a qualquer momento, mesmo que o curso n\u00e3o seja mais oferecido pela Universidade. *Se houve roubo, \u00e9 preciso anexar um boletim de ocorr\u00eancia. N\u00e3o deixe de fazer isso, \u00e9 para a sua prote\u00e7\u00e3o.<\/p>\n\n\n\n<p>N\u00e3o \u00e9 poss\u00edvel dizer em quanto tempo o diploma fica pronto. Depende da \u00e9poca em que foi feito o pedido e da disponibilidade do departamento emissor. Em m\u00e9dia, um diploma pode levar entre 60 e 120 dias, ent\u00e3o cuidado ao assumir responsabilidades que envolvam a apresenta\u00e7\u00e3o do diploma, porque a Universidade n\u00e3o se responsabilizar\u00e1 por situa\u00e7\u00f5es pessoais nesse sentido, e nem dar\u00e1 prefer\u00eancias a casos especiais.<\/p>\n\n\n\n<p>A primeira via do diploma \u00e9 solicitada pela Coordena\u00e7\u00e3o automaticamente ap\u00f3s a cola\u00e7\u00e3o de grau. Porem, a reemiss\u00e3o tem custo e \u00e9 paga atrav\u00e9s de GRU. <\/p>\n\n\n\n<p>Formul\u00e1rio: <a href=\"https:\/\/ufprbr0-my.sharepoint.com\/:w:\/g\/personal\/coordeco_ufpr_br\/EdoV6dbkQvFPi1bTjcpjKgwBK4RZI3VekRTGEP2cnPoZuQ?e=b8rbS4\">REQUERIMENTO 2\u00aa VIA para COORDENA\u00c7\u00d5ES<\/a><\/p>\n\n\n\n<p>Pagamento GRU: <a href=\"https:\/\/view.officeapps.live.com\/op\/view.aspx?src=https%3A%2F%2Fdireito.ufpr.br%2Fwp-content%2Fuploads%2F2023%2F09%2FORIENTACOES-PARA-PREENCHIMENTO-DA-GRU.docx&amp;wdOrigin=BROWSELINK\">ORIENTACOES-PARA-PREENCHIMENTO-DA-GRU.docx<\/a><\/p>\n\n\n\n<p>Pagamento via PIX: <a href=\"https:\/\/direito.ufpr.br\/wp-content\/uploads\/2025\/01\/Taxas-2a-via-TUTORIAL.pdf\">Taxas-2a-via-TUTORIAL.pdf<\/a><\/p>\n\n\n\n<p><\/p>\n\n\n\n<h2 class=\"wp-block-heading\"><strong>Procedimentos<\/strong><\/h2>\n\n\n\n<p>Cabe ao solicitante:<\/p>\n\n\n\n<ol class=\"wp-block-list\">\n<li>Preencher o requerimento de 2\u00aa via do diploma <a href=\"https:\/\/ufprbr0-my.sharepoint.com\/:w:\/g\/personal\/coordeco_ufpr_br\/EdoV6dbkQvFPi1bTjcpjKgwBK4RZI3VekRTGEP2cnPoZuQ?e=b8rbS4\">REQUERIMENTO 2\u00aa VIA para COORDENA\u00c7\u00d5ES<\/a><\/li>\n\n\n\n<li>Pagar a taxa de emiss\u00e3o de 2\u00aa via do diploma atrav\u00e9s de GRU ou PIX conforme instru\u00e7\u00f5es do requerimento.<\/li>\n\n\n\n<li>Providenciar c\u00f3pia autenticada dos seguintes documentos:<\/li>\n<\/ol>\n\n\n\n<ul class=\"wp-block-list\">\n<li>C\u00f3pia autenticada da Certid\u00e3o de Nascimento ou Casamento.<\/li>\n\n\n\n<li>C\u00f3pia autenticada da Carteira de Identidade (RG).<\/li>\n\n\n\n<li>C\u00f3pia do diploma (frente e verso), se for poss\u00edvel.<\/li>\n\n\n\n<li>Em caso de roubo anexar o Boletim de Ocorr\u00eancia<\/li>\n<\/ul>\n\n\n\n<p>Encaminhar \u00e0 secretaria da Coordena\u00e7\u00e3o do Curso de Ci\u00eancias Econ\u00f4micas, em formato pdf, a GRU paga ou PIX pago, o requerimento devidamente preenchido e assinado e as c\u00f3pias autenticadas dos documentos. E-mail: coordeco@ufpr.br<\/p>\n\n\n\n<p><strong>Importante!!! Caso, o(a) solicitante tenha uma c\u00f3pia ou imagem frente e verso do diploma original dever enviar junto com os demais documentos pois pode agilizar o processo de emiss\u00e3o pela Unidade de Diplomas da UFPR.<\/strong><\/p>\n\n\n\n<p><\/p>\n","protected":false},"excerpt":{"rendered":"<p>Acompanhamento de Emiss\u00e3o de Diploma Digital O prazo para emiss\u00e3o dos diplomas \u00e9 de&nbsp;60(sessenta) dias, ap\u00f3s encerramento da Cola\u00e7\u00e3o de Grau, podendo ser prorrogado por mais 60(sessenta) dias. Para as cola\u00e7\u00f5es ocorridas a partir de 2023 os diplomas&nbsp;ser\u00e3o&nbsp;exclusivamente&nbsp;emitidos de forma digital, clique aqui para orienta\u00e7\u00f5es sobre o acompanhamento da emiss\u00e3o. Representa\u00e7\u00e3o Visual do Diploma Digital [&hellip;]<\/p>\n","protected":false},"author":2812,"featured_media":0,"parent":0,"menu_order":0,"comment_status":"closed","ping_status":"closed","template":"","meta":{"footnotes":""},"class_list":["post-2982","page","type-page","status-publish","hentry"],"_links":{"self":[{"href":"https:\/\/sociaisaplicadas.ufpr.br\/coordeco\/wp-json\/wp\/v2\/pages\/2982","targetHints":{"allow":["GET"]}}],"collection":[{"href":"https:\/\/sociaisaplicadas.ufpr.br\/coordeco\/wp-json\/wp\/v2\/pages"}],"about":[{"href":"https:\/\/sociaisaplicadas.ufpr.br\/coordeco\/wp-json\/wp\/v2\/types\/page"}],"author":[{"embeddable":true,"href":"https:\/\/sociaisaplicadas.ufpr.br\/coordeco\/wp-json\/wp\/v2\/users\/2812"}],"replies":[{"embeddable":true,"href":"https:\/\/sociaisaplicadas.ufpr.br\/coordeco\/wp-json\/wp\/v2\/comments?post=2982"}],"version-history":[{"count":26,"href":"https:\/\/sociaisaplicadas.ufpr.br\/coordeco\/wp-json\/wp\/v2\/pages\/2982\/revisions"}],"predecessor-version":[{"id":3446,"href":"https:\/\/sociaisaplicadas.ufpr.br\/coordeco\/wp-json\/wp\/v2\/pages\/2982\/revisions\/3446"}],"wp:attachment":[{"href":"https:\/\/sociaisaplicadas.ufpr.br\/coordeco\/wp-json\/wp\/v2\/media?parent=2982"}],"curies":[{"name":"wp","href":"https:\/\/api.w.org\/{rel}","templated":true}]}}