{"id":2996,"date":"2024-03-07T09:19:17","date_gmt":"2024-03-07T12:19:17","guid":{"rendered":"https:\/\/sociaisaplicadas.ufpr.br\/coordeco\/?page_id=2996"},"modified":"2024-03-07T09:22:28","modified_gmt":"2024-03-07T12:22:28","slug":"provar","status":"publish","type":"page","link":"https:\/\/sociaisaplicadas.ufpr.br\/coordeco\/provar\/","title":{"rendered":"Provar"},"content":{"rendered":"\n<p>As rotinas administrativas do Processo de Ocupa\u00e7\u00e3o de Vagas Remanescentes s\u00e3o de responsabilidade da Pr\u00f3-reitoria de Gradua\u00e7\u00e3o e do N\u00facleo de Concursos da UFPR. Para mais informa\u00e7\u00f5es: <a href=\"http:\/\/www.prograd.ufpr.br\/portal\/informacoesprovar\/\">clique aqui<\/a><\/p>\n\n\n\n<p>D\u00favidas sobre o PROVAR devem ser encaminhadas para:<\/p>\n\n\n\n<p>PROGRAD: prograd@ufpr.br<br>N\u00facleo de concursos: http:\/\/netuno.nc.ufpr.br\/falenc\/form_solicitacao<\/p>\n\n\n\n<p><\/p>\n\n\n\n<p><\/p>\n\n\n\n<p><\/p>\n","protected":false},"excerpt":{"rendered":"<p>As rotinas administrativas do Processo de Ocupa\u00e7\u00e3o de Vagas Remanescentes s\u00e3o de responsabilidade da Pr\u00f3-reitoria de Gradua\u00e7\u00e3o e do N\u00facleo de Concursos da UFPR. Para mais informa\u00e7\u00f5es: clique aqui D\u00favidas sobre o PROVAR devem ser encaminhadas para: PROGRAD: prograd@ufpr.brN\u00facleo de concursos: http:\/\/netuno.nc.ufpr.br\/falenc\/form_solicitacao<\/p>\n","protected":false},"author":2812,"featured_media":0,"parent":0,"menu_order":0,"comment_status":"closed","ping_status":"closed","template":"","meta":{"footnotes":""},"class_list":["post-2996","page","type-page","status-publish","hentry"],"_links":{"self":[{"href":"https:\/\/sociaisaplicadas.ufpr.br\/coordeco\/wp-json\/wp\/v2\/pages\/2996","targetHints":{"allow":["GET"]}}],"collection":[{"href":"https:\/\/sociaisaplicadas.ufpr.br\/coordeco\/wp-json\/wp\/v2\/pages"}],"about":[{"href":"https:\/\/sociaisaplicadas.ufpr.br\/coordeco\/wp-json\/wp\/v2\/types\/page"}],"author":[{"embeddable":true,"href":"https:\/\/sociaisaplicadas.ufpr.br\/coordeco\/wp-json\/wp\/v2\/users\/2812"}],"replies":[{"embeddable":true,"href":"https:\/\/sociaisaplicadas.ufpr.br\/coordeco\/wp-json\/wp\/v2\/comments?post=2996"}],"version-history":[{"count":4,"href":"https:\/\/sociaisaplicadas.ufpr.br\/coordeco\/wp-json\/wp\/v2\/pages\/2996\/revisions"}],"predecessor-version":[{"id":3000,"href":"https:\/\/sociaisaplicadas.ufpr.br\/coordeco\/wp-json\/wp\/v2\/pages\/2996\/revisions\/3000"}],"wp:attachment":[{"href":"https:\/\/sociaisaplicadas.ufpr.br\/coordeco\/wp-json\/wp\/v2\/media?parent=2996"}],"curies":[{"name":"wp","href":"https:\/\/api.w.org\/{rel}","templated":true}]}}