{"id":3001,"date":"2024-03-07T09:38:08","date_gmt":"2024-03-07T12:38:08","guid":{"rendered":"https:\/\/sociaisaplicadas.ufpr.br\/coordeco\/?page_id=3001"},"modified":"2024-03-08T09:04:37","modified_gmt":"2024-03-08T12:04:37","slug":"centro-academico","status":"publish","type":"page","link":"https:\/\/sociaisaplicadas.ufpr.br\/coordeco\/centro-academico\/","title":{"rendered":"Representa\u00e7\u00e3o Discente"},"content":{"rendered":"\n<p>O CACE &#8211; Centro Acad\u00eamico de Ci\u00eancias Econ\u00f4micas \u00e9 o \u00f3rg\u00e3o de representa\u00e7\u00e3o discente no curso.  Os membros s\u00e3o eleitos atrav\u00e9s de vota\u00e7\u00e3o e tem como fun\u00e7\u00e3o principal representar os discentes e suas demandas no Colegiado do Curso de Ci\u00eancias Econ\u00f4micas.<\/p>\n\n\n\n<p>O contato com a equipe pode ser feito atrav\u00e9s do e-mail: caeconomiaufpr@gmail.com<\/p>\n","protected":false},"excerpt":{"rendered":"<p>O CACE &#8211; Centro Acad\u00eamico de Ci\u00eancias Econ\u00f4micas \u00e9 o \u00f3rg\u00e3o de representa\u00e7\u00e3o discente no curso. Os membros s\u00e3o eleitos atrav\u00e9s de vota\u00e7\u00e3o e tem como fun\u00e7\u00e3o principal representar os discentes e suas demandas no Colegiado do Curso de Ci\u00eancias Econ\u00f4micas. O contato com a equipe pode ser feito atrav\u00e9s do e-mail: caeconomiaufpr@gmail.com<\/p>\n","protected":false},"author":2812,"featured_media":0,"parent":0,"menu_order":0,"comment_status":"closed","ping_status":"closed","template":"","meta":{"footnotes":""},"class_list":["post-3001","page","type-page","status-publish","hentry"],"_links":{"self":[{"href":"https:\/\/sociaisaplicadas.ufpr.br\/coordeco\/wp-json\/wp\/v2\/pages\/3001","targetHints":{"allow":["GET"]}}],"collection":[{"href":"https:\/\/sociaisaplicadas.ufpr.br\/coordeco\/wp-json\/wp\/v2\/pages"}],"about":[{"href":"https:\/\/sociaisaplicadas.ufpr.br\/coordeco\/wp-json\/wp\/v2\/types\/page"}],"author":[{"embeddable":true,"href":"https:\/\/sociaisaplicadas.ufpr.br\/coordeco\/wp-json\/wp\/v2\/users\/2812"}],"replies":[{"embeddable":true,"href":"https:\/\/sociaisaplicadas.ufpr.br\/coordeco\/wp-json\/wp\/v2\/comments?post=3001"}],"version-history":[{"count":4,"href":"https:\/\/sociaisaplicadas.ufpr.br\/coordeco\/wp-json\/wp\/v2\/pages\/3001\/revisions"}],"predecessor-version":[{"id":3140,"href":"https:\/\/sociaisaplicadas.ufpr.br\/coordeco\/wp-json\/wp\/v2\/pages\/3001\/revisions\/3140"}],"wp:attachment":[{"href":"https:\/\/sociaisaplicadas.ufpr.br\/coordeco\/wp-json\/wp\/v2\/media?parent=3001"}],"curies":[{"name":"wp","href":"https:\/\/api.w.org\/{rel}","templated":true}]}}