{"id":3003,"date":"2024-03-07T09:40:27","date_gmt":"2024-03-07T12:40:27","guid":{"rendered":"https:\/\/sociaisaplicadas.ufpr.br\/coordeco\/?page_id=3003"},"modified":"2024-03-07T09:40:34","modified_gmt":"2024-03-07T12:40:34","slug":"alteracao-de-cadastro","status":"publish","type":"page","link":"https:\/\/sociaisaplicadas.ufpr.br\/coordeco\/alteracao-de-cadastro\/","title":{"rendered":"Altera\u00e7\u00e3o de Cadastro"},"content":{"rendered":"\n<p>Rotinas Administrativas da Pr\u00f3-Reitoria de Gradua\u00e7\u00e3o &#8211; PROGRAD. Para informa\u00e7\u00f5es: <a href=\"http:\/\/www.prograd.ufpr.br\/portal\/copap\/formularios\/\">clique aqui<\/a><\/p>\n","protected":false},"excerpt":{"rendered":"<p>Rotinas Administrativas da Pr\u00f3-Reitoria de Gradua\u00e7\u00e3o &#8211; PROGRAD. Para informa\u00e7\u00f5es: clique aqui<\/p>\n","protected":false},"author":2812,"featured_media":0,"parent":0,"menu_order":0,"comment_status":"closed","ping_status":"closed","template":"","meta":{"footnotes":""},"class_list":["post-3003","page","type-page","status-publish","hentry"],"_links":{"self":[{"href":"https:\/\/sociaisaplicadas.ufpr.br\/coordeco\/wp-json\/wp\/v2\/pages\/3003","targetHints":{"allow":["GET"]}}],"collection":[{"href":"https:\/\/sociaisaplicadas.ufpr.br\/coordeco\/wp-json\/wp\/v2\/pages"}],"about":[{"href":"https:\/\/sociaisaplicadas.ufpr.br\/coordeco\/wp-json\/wp\/v2\/types\/page"}],"author":[{"embeddable":true,"href":"https:\/\/sociaisaplicadas.ufpr.br\/coordeco\/wp-json\/wp\/v2\/users\/2812"}],"replies":[{"embeddable":true,"href":"https:\/\/sociaisaplicadas.ufpr.br\/coordeco\/wp-json\/wp\/v2\/comments?post=3003"}],"version-history":[{"count":2,"href":"https:\/\/sociaisaplicadas.ufpr.br\/coordeco\/wp-json\/wp\/v2\/pages\/3003\/revisions"}],"predecessor-version":[{"id":3005,"href":"https:\/\/sociaisaplicadas.ufpr.br\/coordeco\/wp-json\/wp\/v2\/pages\/3003\/revisions\/3005"}],"wp:attachment":[{"href":"https:\/\/sociaisaplicadas.ufpr.br\/coordeco\/wp-json\/wp\/v2\/media?parent=3003"}],"curies":[{"name":"wp","href":"https:\/\/api.w.org\/{rel}","templated":true}]}}