{"id":3012,"date":"2024-03-07T09:54:39","date_gmt":"2024-03-07T12:54:39","guid":{"rendered":"https:\/\/sociaisaplicadas.ufpr.br\/coordeco\/?page_id=3012"},"modified":"2024-03-07T09:57:41","modified_gmt":"2024-03-07T12:57:41","slug":"historico-escolar","status":"publish","type":"page","link":"https:\/\/sociaisaplicadas.ufpr.br\/coordeco\/historico-escolar\/","title":{"rendered":"Hist\u00f3rico Escolar"},"content":{"rendered":"\n<p><\/p>\n\n\n\n<h5 class=\"wp-block-heading\">Discentes do Curso<\/h5>\n\n\n\n<p>Para alunos sem evas\u00e3o (registro ativo, trancamento, mobilidade acad\u00eamica):<\/p>\n\n\n\n<p>Entre no Portal de Sistemas  com seu login e senha.<br>V\u00e1 no menu Acad\u00eamico (Ensino, Pesquisa e Extens\u00e3o) \u2013 SIGA e demais sistemas.<br>Clique na op\u00e7\u00e3o Aluno.<br>Dentro do SIGA v\u00e1 at\u00e9 o menu vertical do lado esquerdo do site e clique em Documentos.<\/p>\n\n\n\n<h5 class=\"wp-block-heading\">Egressos ou com registro de evas\u00e3o<\/h5>\n\n\n\n<p>Para alunos que conclu\u00edram ou evadiram da UFPR (abandono, transfer\u00eancia, jubilamento, etc\u2026):<\/p>\n\n\n\n<p>O hist\u00f3rico escolar dever\u00e1 ser solicitado ao Atendimento da PROGRAD* atrav\u00e9s do email: <a href=\"mailto:atendimento@ufpr.br\">atendimento@ufpr.br<\/a>\u00a0<\/p>\n\n\n\n<p>Para agilizar o atendimento, ao encaminhar sua solicita\u00e7\u00e3o, envie anexo seu documento de identidade (preferencialmente o RG) digitalizado.<\/p>\n","protected":false},"excerpt":{"rendered":"<p>Discentes do Curso Para alunos sem evas\u00e3o (registro ativo, trancamento, mobilidade acad\u00eamica): Entre no Portal de Sistemas com seu login e senha.V\u00e1 no menu Acad\u00eamico (Ensino, Pesquisa e Extens\u00e3o) \u2013 SIGA e demais sistemas.Clique na op\u00e7\u00e3o Aluno.Dentro do SIGA v\u00e1 at\u00e9 o menu vertical do lado esquerdo do site e clique em Documentos. Egressos ou [&hellip;]<\/p>\n","protected":false},"author":2812,"featured_media":0,"parent":0,"menu_order":0,"comment_status":"closed","ping_status":"closed","template":"","meta":{"footnotes":""},"class_list":["post-3012","page","type-page","status-publish","hentry"],"_links":{"self":[{"href":"https:\/\/sociaisaplicadas.ufpr.br\/coordeco\/wp-json\/wp\/v2\/pages\/3012","targetHints":{"allow":["GET"]}}],"collection":[{"href":"https:\/\/sociaisaplicadas.ufpr.br\/coordeco\/wp-json\/wp\/v2\/pages"}],"about":[{"href":"https:\/\/sociaisaplicadas.ufpr.br\/coordeco\/wp-json\/wp\/v2\/types\/page"}],"author":[{"embeddable":true,"href":"https:\/\/sociaisaplicadas.ufpr.br\/coordeco\/wp-json\/wp\/v2\/users\/2812"}],"replies":[{"embeddable":true,"href":"https:\/\/sociaisaplicadas.ufpr.br\/coordeco\/wp-json\/wp\/v2\/comments?post=3012"}],"version-history":[{"count":4,"href":"https:\/\/sociaisaplicadas.ufpr.br\/coordeco\/wp-json\/wp\/v2\/pages\/3012\/revisions"}],"predecessor-version":[{"id":3016,"href":"https:\/\/sociaisaplicadas.ufpr.br\/coordeco\/wp-json\/wp\/v2\/pages\/3012\/revisions\/3016"}],"wp:attachment":[{"href":"https:\/\/sociaisaplicadas.ufpr.br\/coordeco\/wp-json\/wp\/v2\/media?parent=3012"}],"curies":[{"name":"wp","href":"https:\/\/api.w.org\/{rel}","templated":true}]}}