{"id":3019,"date":"2024-03-07T10:07:35","date_gmt":"2024-03-07T13:07:35","guid":{"rendered":"https:\/\/sociaisaplicadas.ufpr.br\/coordeco\/?page_id=3019"},"modified":"2024-03-07T10:07:35","modified_gmt":"2024-03-07T13:07:35","slug":"enade","status":"publish","type":"page","link":"https:\/\/sociaisaplicadas.ufpr.br\/coordeco\/enade\/","title":{"rendered":"ENADE"},"content":{"rendered":"\n<p>Participam do ENADE alunos ingressantes e concluintes dos cursos avaliados, mas apenas os \u00faltimos fazem uma prova de forma\u00e7\u00e3o geral e forma\u00e7\u00e3o espec\u00edfica.<\/p>\n\n\n\n<p>O Exame Nacional de Desempenho dos Estudantes (ENADE), parte integrante do Sistema Nacional de Avalia\u00e7\u00e3o da Educa\u00e7\u00e3o Superior (SINAES), tem como objetivo geral avaliar o desempenho dos estudantes em rela\u00e7\u00e3o aos conte\u00fados program\u00e1ticos previstos nas diretrizes curriculares, as habilidades e compet\u00eancias para a atualiza\u00e7\u00e3o permanente e aos conhecimentos sobre a realidade brasileira e mundial, bem como sobre outras \u00e1reas do conhecimento.<\/p>\n\n\n\n<p>\u00c9 uma forma de avaliar o curso a partir do desempenho do estudante concluinte, entendido aqui como o produto final de todas as condi\u00e7\u00f5es de oferta do curso. Os cursos realizam o ENADE a cada tr\u00eas anos.<\/p>\n\n\n\n<p>O ENADE \u00e9 composto de uma prova (de conhecimentos espec\u00edficos e gerais) e de um \u201cQuestion\u00e1rio do estudante\u201d.&nbsp;<strong>Estes dois componentes do ENADE s\u00e3o obrigat\u00f3rios para os estudantes concluintes<\/strong>&nbsp;e&nbsp;<strong>caso o estudante n\u00e3o compare\u00e7a \u00e0 prova ou n\u00e3o preencha o \u201cQuestion\u00e1rio do Estudante\u201d estar\u00e1 irregular e impedido de colar grau<\/strong>, posto que o ENADE \u00e9 um componente curricular obrigat\u00f3rio. Para ser regularizado, caso n\u00e3o cumpra suas obriga\u00e7\u00f5es com o ENADE, o estudante precisa esperar uma anistia do MEC-INEP, que costuma ocorrer no segundo semestre do ano seguinte \u00e0 realiza\u00e7\u00e3o do ENADE.<\/p>\n\n\n\n<p>Como em todas as institui\u00e7\u00f5es de ensino superior, na UFPR \u00e9 fun\u00e7\u00e3o do Procurador Educacional Institucional orientar e dar suporte \u00e0s coordena\u00e7\u00f5es de curso para a participa\u00e7\u00e3o de nossos estudantes no Enade.<\/p>\n","protected":false},"excerpt":{"rendered":"<p>Participam do ENADE alunos ingressantes e concluintes dos cursos avaliados, mas apenas os \u00faltimos fazem uma prova de forma\u00e7\u00e3o geral e forma\u00e7\u00e3o espec\u00edfica. O Exame Nacional de Desempenho dos Estudantes (ENADE), parte integrante do Sistema Nacional de Avalia\u00e7\u00e3o da Educa\u00e7\u00e3o Superior (SINAES), tem como objetivo geral avaliar o desempenho dos estudantes em rela\u00e7\u00e3o aos conte\u00fados [&hellip;]<\/p>\n","protected":false},"author":2812,"featured_media":0,"parent":0,"menu_order":0,"comment_status":"closed","ping_status":"closed","template":"","meta":{"footnotes":""},"class_list":["post-3019","page","type-page","status-publish","hentry"],"_links":{"self":[{"href":"https:\/\/sociaisaplicadas.ufpr.br\/coordeco\/wp-json\/wp\/v2\/pages\/3019","targetHints":{"allow":["GET"]}}],"collection":[{"href":"https:\/\/sociaisaplicadas.ufpr.br\/coordeco\/wp-json\/wp\/v2\/pages"}],"about":[{"href":"https:\/\/sociaisaplicadas.ufpr.br\/coordeco\/wp-json\/wp\/v2\/types\/page"}],"author":[{"embeddable":true,"href":"https:\/\/sociaisaplicadas.ufpr.br\/coordeco\/wp-json\/wp\/v2\/users\/2812"}],"replies":[{"embeddable":true,"href":"https:\/\/sociaisaplicadas.ufpr.br\/coordeco\/wp-json\/wp\/v2\/comments?post=3019"}],"version-history":[{"count":1,"href":"https:\/\/sociaisaplicadas.ufpr.br\/coordeco\/wp-json\/wp\/v2\/pages\/3019\/revisions"}],"predecessor-version":[{"id":3020,"href":"https:\/\/sociaisaplicadas.ufpr.br\/coordeco\/wp-json\/wp\/v2\/pages\/3019\/revisions\/3020"}],"wp:attachment":[{"href":"https:\/\/sociaisaplicadas.ufpr.br\/coordeco\/wp-json\/wp\/v2\/media?parent=3019"}],"curies":[{"name":"wp","href":"https:\/\/api.w.org\/{rel}","templated":true}]}}